{"id":43803,"date":"2025-12-10T15:45:41","date_gmt":"2025-12-10T08:45:41","guid":{"rendered":"https:\/\/havamall.com\/?post_type=product&#038;p=43803"},"modified":"2025-12-10T15:45:41","modified_gmt":"2025-12-10T08:45:41","slug":"bong-duong-hinh-trai-tim-do-nho-trang-tri-giang-sinh-noel-havafood-hu-100g-mini-heart-candy-sprinkles","status":"publish","type":"product","link":"https:\/\/havamall.com\/en\/shop\/bong-duong-hinh-trai-tim-do-nho-trang-tri-giang-sinh-noel-havafood-hu-100g-mini-heart-candy-sprinkles\/","title":{"rendered":"B\u00f4ng \u0110\u01b0\u1eddng H\u00ecnh Tr\u00e1i Tim \u0110\u1ecf Nh\u1ecf Trang Tr\u00ed Gi\u00e1ng Sinh Noel Havafood H\u1ee7 100g \u2013 Mini Heart Candy Sprinkles"},"content":{"rendered":"","protected":false},"excerpt":{"rendered":"","protected":false},"featured_media":43804,"comment_status":"open","ping_status":"closed","template":"","meta":[],"product_brand":[],"product_cat":[784,255],"product_tag":[],"class_list":{"0":"post-43803","1":"product","2":"type-product","3":"status-publish","4":"has-post-thumbnail","6":"product_cat-nguyen-lieu-trang-tri","7":"product_cat-nguyen-lieu-lam-banh","9":"first","10":"instock","11":"sale","12":"shipping-taxable","13":"purchasable","14":"product-type-simple"},"_links":{"self":[{"href":"https:\/\/havamall.com\/en\/wp-json\/wp\/v2\/product\/43803","targetHints":{"allow":["GET"]}}],"collection":[{"href":"https:\/\/havamall.com\/en\/wp-json\/wp\/v2\/product"}],"about":[{"href":"https:\/\/havamall.com\/en\/wp-json\/wp\/v2\/types\/product"}],"replies":[{"embeddable":true,"href":"https:\/\/havamall.com\/en\/wp-json\/wp\/v2\/comments?post=43803"}],"version-history":[{"count":0,"href":"https:\/\/havamall.com\/en\/wp-json\/wp\/v2\/product\/43803\/revisions"}],"wp:featuredmedia":[{"embeddable":true,"href":"https:\/\/havamall.com\/en\/wp-json\/wp\/v2\/media\/43804"}],"wp:attachment":[{"href":"https:\/\/havamall.com\/en\/wp-json\/wp\/v2\/media?parent=43803"}],"wp:term":[{"taxonomy":"product_brand","embeddable":true,"href":"https:\/\/havamall.com\/en\/wp-json\/wp\/v2\/product_brand?post=43803"},{"taxonomy":"product_cat","embeddable":true,"href":"https:\/\/havamall.com\/en\/wp-json\/wp\/v2\/product_cat?post=43803"},{"taxonomy":"product_tag","embeddable":true,"href":"https:\/\/havamall.com\/en\/wp-json\/wp\/v2\/product_tag?post=43803"}],"curies":[{"name":"wp","href":"https:\/\/api.w.org\/{rel}","templated":true}]}}