{"id":43806,"date":"2025-12-10T16:26:04","date_gmt":"2025-12-10T09:26:04","guid":{"rendered":"https:\/\/havamall.com\/?post_type=product&#038;p=43806"},"modified":"2026-02-26T10:11:39","modified_gmt":"2026-02-26T03:11:39","slug":"gao-hat-dai-basmati-truyen-thong-an-do-daawat-1kg-daawat-traditional-basmati-rice","status":"publish","type":"product","link":"https:\/\/havamall.com\/en\/shop\/gao-hat-dai-basmati-truyen-thong-an-do-daawat-1kg-daawat-traditional-basmati-rice\/","title":{"rendered":"G\u1ea1o H\u1ea1t D\u00e0i Basmati Truy\u1ec1n Th\u1ed1ng \u1ea4n \u0110\u1ed9 Daawat 1kg \u2013 Daawat Traditional Basmati Rice"},"content":{"rendered":"<h3 data-path-to-node=\"6\">TH\u00d4NG TIN S\u1ea2N PH\u1ea8M<\/h3>\n<div class=\"horizontal-scroll-wrapper\">\n<div class=\"table-block-component\">\n<div class=\"table-block has-export-button\">\n<div class=\"table-content not-end-of-paragraph\" data-hveid=\"0\" data-ved=\"0CAAQ3ecQahgKEwi-t6uf6rGRAxUAAAAAHQAAAAAQwwI\">\n<table style=\"width: 56.757%\" data-path-to-node=\"7\">\n<tbody>\n<tr>\n<td><span data-path-to-node=\"7,1,0,0\"><b>Th\u01b0\u01a1ng Hi\u1ec7u<\/b><\/span><\/td>\n<td>Daawat<\/td>\n<\/tr>\n<tr>\n<td><span data-path-to-node=\"7,2,0,0\"><b>Xu\u1ea5t X\u1ee9<\/b><\/span><\/td>\n<td><span data-path-to-node=\"7,2,1,0\">\u1ea4n \u0110\u1ed9<\/span><\/td>\n<\/tr>\n<tr>\n<td><span data-path-to-node=\"7,3,0,0\"><b>Lo\u1ea1i G\u1ea1o<\/b><\/span><\/td>\n<td><span data-path-to-node=\"7,3,1,0\">Basmati tinh khi\u1ebft<\/span><\/td>\n<\/tr>\n<tr>\n<td><span data-path-to-node=\"7,5,0,0\"><b>H\u1ea1n S\u1eed D\u1ee5ng<\/b><\/span><\/td>\n<td><span data-path-to-node=\"7,5,1,0\">24 th\u00e1ng k\u1ec3 t\u1eeb ng\u00e0y s\u1ea3n xu\u1ea5t<\/span><\/td>\n<\/tr>\n<tr>\n<td><span data-path-to-node=\"7,6,0,0\"><b>B\u1ea3o Qu\u1ea3n<\/b><\/span><\/td>\n<td><span data-path-to-node=\"7,6,1,0\">B\u1ea3o qu\u1ea3n n\u01a1i kh\u00f4 r\u00e1o, tho\u00e1ng m\u00e1t, tr\u00e1nh \u1ea9m \u01b0\u1edbt v\u00e0 c\u00f4n tr\u00f9ng<\/span><\/td>\n<\/tr>\n<tr>\n<td><span data-path-to-node=\"7,7,0,0\"><b>C\u00e2n N\u1eb7ng<\/b><\/span><\/td>\n<td>1kg<\/td>\n<\/tr>\n<\/tbody>\n<\/table>\n<p data-path-to-node=\"11\">G\u1ea1o Basmati \u0111\u01b0\u1ee3c m\u1ec7nh danh l\u00e0 &#8220;N\u1eef ho\u00e0ng c\u1ee7a c\u00e1c lo\u1ea1i g\u1ea1o th\u01a1m&#8221; v\u00e0 l\u00e0 lo\u1ea1i ng\u0169 c\u1ed1c qu\u00fd gi\u00e1 nh\u1ea5t tr\u00ean th\u1ebf gi\u1edbi. Basmati c\u00f3 ngu\u1ed3n g\u1ed1c t\u1eeb ch\u00e2n n\u00fai Himalaya, khu v\u1ef1c bi\u00ean gi\u1edbi gi\u1eefa \u1ea4n \u0110\u1ed9 v\u00e0 Pakistan, n\u01a1i \u0111i\u1ec1u ki\u1ec7n kh\u00ed h\u1eadu v\u00e0 th\u1ed5 nh\u01b0\u1ee1ng \u0111\u1eb7c bi\u1ec7t t\u1ea1o n\u00ean h\u01b0\u01a1ng v\u1ecb \u0111\u1ed9c \u0111\u00e1o. \u0110\u1eb7c \u0111i\u1ec3m n\u1ed5i b\u1eadt nh\u1ea5t c\u1ee7a Basmati l\u00e0 h\u1ea1t g\u1ea1o <b>d\u00e0i, m\u1ea3nh, thon<\/b> v\u00e0 c\u00f3 m\u00f9i th\u01a1m t\u1ef1 nhi\u00ean, \u0111\u01b0\u1ee3c v\u00ed nh\u01b0 m\u00f9i h\u1ea1t d\u1ebb.<\/p>\n<p data-path-to-node=\"11\"><img fetchpriority=\"high\" decoding=\"async\" class=\"aligncenter\" src=\"https:\/\/havamall.com\/wp-content\/uploads\/2025\/12\/https3A2F2Fsubstack-post-media.s3.amazonaws.com2Fpublic2Fimages2F5ff7cc96-85a2-44fe-958a-bc6fc0a21ee0_1132x1698.jpg\" alt=\"What is Basmati Rice and How to Cook it? - by Nik Sharma\" width=\"801\" height=\"1202\" \/><\/p>\n<p data-path-to-node=\"7\"><strong>Th\u01b0\u01a1ng hi\u1ec7u Daawat<\/strong>, v\u1edbi l\u1ecbch s\u1eed l\u00e2u \u0111\u1eddi v\u00e0 s\u1ef1 am hi\u1ec3u s\u00e2u s\u1eafc v\u1ec1 n\u00f4ng s\u1ea3n \u1ea4n \u0110\u1ed9, \u0111\u00e3 \u0111\u01b0a quy tr\u00ecnh tuy\u1ec3n ch\u1ecdn g\u1ea1o Basmati l\u00ean m\u1ed9t t\u1ea7m cao m\u1edbi. G\u1ea1o Daawat Traditional l\u00e0 d\u00f2ng g\u1ea1o cao c\u1ea5p nh\u1ea5t, \u0111\u01b0\u1ee3c \u1ee7 (aging) c\u1ea9n th\u1eadn trong m\u1ed9t kho\u1ea3ng th\u1eddi gian d\u00e0i \u0111\u1ec3 tinh b\u1ed9t chuy\u1ec3n h\u00f3a t\u1ed1i \u01b0u, gi\u00fap h\u1ea1t g\u1ea1o \u0111\u1ea1t \u0111\u01b0\u1ee3c \u0111\u1ed9 kh\u00f4 r\u00e1o v\u00e0 h\u01b0\u01a1ng th\u01a1m \u0111\u1eadm \u0111\u00e0 nh\u1ea5t khi n\u1ea5u. \u0110\u00e2y l\u00e0 bi\u1ec3u t\u01b0\u1ee3ng cho s\u1ef1 tinh t\u00fay c\u1ee7a n\u1ec1n v\u0103n h\u00f3a \u1ea9m th\u1ef1c \u1ea4n \u0110\u1ed9, n\u01a1i m\u1ed7i b\u1eefa c\u01a1m kh\u00f4ng ch\u1ec9 \u0111\u1ec3 no b\u1ee5ng m\u00e0 c\u00f2n l\u00e0 s\u1ef1 th\u01b0\u1edfng l\u00e3m v\u1ec1 h\u01b0\u01a1ng v\u00e0 v\u1ecb.<\/p>\n<p data-path-to-node=\"13\"><img decoding=\"async\" class=\"aligncenter\" src=\"https:\/\/havamall.com\/wp-content\/uploads\/2025\/12\/Cook-Basmati-Rice-05.jpg\" alt=\"How to Cook Basmati Rice - Momsdish\" width=\"800\" height=\"1200\" \/><\/p>\n<h4 data-path-to-node=\"14\"><em>\u0110\u1eb6C \u0110I\u1ec2M N\u1ed4I B\u1eacT V\u00c0 GI\u00c1 TR\u1eca DINH D\u01af\u1ee0NG<\/em><\/h4>\n<p data-path-to-node=\"9\">\u2013 H\u00ecnh th\u00e1i: H\u1ea1t g\u1ea1o thon d\u00e0i m\u1ea3nh mai, c\u00f3 m\u00e0u tr\u1eafng ng\u00e0 t\u1ef1 nhi\u00ean. \u0110\u1eb7c bi\u1ec7t, khi n\u1ea5u ch\u00edn, h\u1ea1t g\u1ea1o c\u00f3 th\u1ec3 n\u1edf d\u00e0i g\u1ea5p \u0111\u00f4i, \u0111\u1ea1t k\u00edch th\u01b0\u1edbc l\u00ean t\u1edbi 19mm m\u00e0 kh\u00f4ng h\u1ec1 b\u1ecb n\u00e1t hay b\u1ebft d\u00ednh.<\/p>\n<p data-path-to-node=\"9\">\u2013 H\u01b0\u01a1ng th\u01a1m: S\u1edf h\u1eefu m\u00f9i th\u01a1m n\u1ed3ng n\u00e0n \u0111\u1eb7c tr\u01b0ng gi\u1ed1ng nh\u01b0 m\u00f9i l\u00e1 d\u1ee9a ho\u1eb7c b\u1eafp non, h\u01b0\u01a1ng th\u01a1m n\u00e0y lan t\u1ecfa m\u1ea1nh m\u1ebd ngay t\u1eeb khi n\u01b0\u1edbc b\u1eaft \u0111\u1ea7u s\u00f4i.<\/p>\n<p data-path-to-node=\"9\">\u2013 K\u1ebft c\u1ea5u: H\u1ea1t c\u01a1m sau khi n\u1ea5u xong r\u1ea5t t\u01a1i, x\u1ed1p v\u00e0 kh\u00f4 r\u00e1o, mang l\u1ea1i c\u1ea3m gi\u00e1c nh\u1eb9 nh\u00e0ng khi th\u01b0\u1edfng th\u1ee9c, r\u1ea5t ph\u00f9 h\u1ee3p v\u1edbi c\u00e1c m\u00f3n \u0103n s\u1eed d\u1ee5ng s\u1ed1t ho\u1eb7c c\u00e0 ri.<\/p>\n<p data-path-to-node=\"10\">V\u1ec1 ph\u01b0\u01a1ng di\u1ec7n s\u1ee9c kh\u1ecfe, g\u1ea1o Basmati Daawat l\u00e0 s\u1ef1 l\u1ef1a ch\u1ecdn v\u00e0ng cho nh\u1eefng ng\u01b0\u1eddi quan t\u00e2m \u0111\u1ebfn ch\u1ebf \u0111\u1ed9 \u0103n th\u1ef1c d\u01b0\u1ee1ng v\u00e0 l\u00e0nh m\u1ea1nh. \u0110\u00e2y l\u00e0 lo\u1ea1i g\u1ea1o c\u00f3 ch\u1ec9 s\u1ed1 \u0111\u01b0\u1eddng huy\u1ebft (GI) th\u1ea5p \u0111\u1ebfn trung b\u00ecnh, gi\u00fap gi\u1ea3i ph\u00f3ng n\u0103ng l\u01b0\u1ee3ng t\u1eeb t\u1eeb v\u00e0 \u1ed5n \u0111\u1ecbnh \u0111\u01b0\u1eddng huy\u1ebft, r\u1ea5t t\u1ed1t cho ng\u01b0\u1eddi ti\u1ec3u \u0111\u01b0\u1eddng ho\u1eb7c \u0111ang gi\u1ea3m c\u00e2n. Ngo\u00e0i ra, g\u1ea1o ho\u00e0n to\u00e0n kh\u00f4ng ch\u1ee9a Gluten v\u00e0 Cholesterol, gi\u00e0u ch\u1ea5t x\u01a1 c\u00f9ng c\u00e1c Vitamin nh\u00f3m B, Magie, gi\u00fap h\u1ed7 tr\u1ee3 h\u1ec7 ti\u00eau h\u00f3a v\u00e0 b\u1ea3o v\u1ec7 s\u1ee9c kh\u1ecfe tim m\u1ea1ch m\u1ed9t c\u00e1ch t\u1ef1 nhi\u00ean.<\/p>\n<p data-path-to-node=\"16\"><img decoding=\"async\" class=\"aligncenter\" src=\"https:\/\/havamall.com\/wp-content\/uploads\/2025\/12\/cilantro.lime_.basmati.rice1_butteryum.webp\" alt=\"Cilantro Lime Basmati Rice \u2014 ButterYum \u2014 a tasty little food blog\" width=\"800\" height=\"530\" \/><\/p>\n<blockquote>\n<h4 data-path-to-node=\"17\">C\u00c1CH N\u1ea4U V\u00c0 \u1ee8NG D\u1ee4NG TRONG \u1ea8M TH\u1ef0C<\/h4>\n<\/blockquote>\n<p data-path-to-node=\"19\">\u2212 <b>CHU\u1ea8N B\u1eca:<\/b> R\u1eeda g\u1ea1o d\u01b0\u1edbi v\u00f2i n\u01b0\u1edbc ch\u1ea3y nh\u1eb9 nh\u00e0ng cho \u0111\u1ebfn khi n\u01b0\u1edbc trong. <b>Quan tr\u1ecdng nh\u1ea5t:<\/b> Ng\u00e2m g\u1ea1o Basmati trong n\u01b0\u1edbc s\u1ea1ch kho\u1ea3ng <b>30 ph\u00fat<\/b> tr\u01b0\u1edbc khi n\u1ea5u. B\u01b0\u1edbc ng\u00e2m gi\u00fap h\u1ea1t g\u1ea1o h\u1ea5p th\u1ee5 n\u01b0\u1edbc \u0111\u1ed3ng \u0111\u1ec1u, n\u1edf d\u00e0i h\u01a1n v\u00e0 t\u01a1i h\u01a1n khi n\u1ea5u.<\/p>\n<p data-path-to-node=\"19\">\u2212 <b>T\u1ef6 L\u1ec6 N\u01af\u1edaC CHU\u1ea8N:<\/b> S\u1eed d\u1ee5ng t\u1ef7 l\u1ec7 kho\u1ea3ng <b>1 ph\u1ea7n g\u1ea1o : 1.5 &#8211; 1.75 ph\u1ea7n n\u01b0\u1edbc<\/b>. T\u1ef7 l\u1ec7 n\u00e0y th\u1ea5p h\u01a1n so v\u1edbi g\u1ea1o th\u00f4ng th\u01b0\u1eddng \u0111\u1ec3 \u0111\u1ea3m b\u1ea3o g\u1ea1o kh\u00f4ng b\u1ecb nh\u00e3o.<\/p>\n<p data-path-to-node=\"19\">\u2212 <b>\u1ee8NG D\u1ee4NG \u1ea8M TH\u1ef0C:<\/b> <b>M\u00f3n \u1ea4n \u0110\u1ed9\/Trung \u0110\u00f4ng:<\/b> C\u01a1m Biryani (C\u01a1m tr\u1ed9n gia v\u1ecb), Pulao, C\u01a1m \u0103n k\u00e8m C\u00e0 ri (Curry), Kebab. <b>M\u00f3n \u00c2u\/M\u1ef9:<\/b> D\u00f9ng l\u00e0m c\u01a1m tr\u1ed9n Salad, C\u01a1m Pilaf ho\u1eb7c c\u01a1m \u0103n k\u00e8m c\u00e1c m\u00f3n b\u00edt t\u1ebft.<\/p>\n<p data-path-to-node=\"20\"><b>L\u01afU \u00dd:<\/b> G\u1ea1o Basmati r\u1ea5t d\u1ec5 g\u00e3y sau khi ng\u00e2m. C\u1ea7n khu\u1ea5y nh\u1eb9 nh\u00e0ng trong qu\u00e1 tr\u00ecnh n\u1ea5u \u0111\u1ec3 tr\u00e1nh l\u00e0m v\u1ee1 h\u1ea1t.<\/p>\n<h4 data-path-to-node=\"21\"><img loading=\"lazy\" decoding=\"async\" class=\"aligncenter\" src=\"https:\/\/havamall.com\/wp-content\/uploads\/2025\/12\/IMG_0209.jpg\" alt=\"Indian Butter Chicken Recipe with Scented Basmati Rice | Kitchen Frau\" width=\"801\" height=\"534\" \/><\/h4>\n<p data-path-to-node=\"22\">G\u1ea1o Basmati Cao C\u1ea5p India Gate Super l\u00e0 m\u1ed9t s\u1ea3n ph\u1ea9m th\u1ec3 hi\u1ec7n s\u1ef1 tinh t\u00fay c\u1ee7a g\u1ea1o Basmati \u1ee7 k\u1ef9. S\u1ea3n ph\u1ea9m kh\u00f4ng ch\u1ec9 n\u00e2ng t\u1ea7m h\u01b0\u01a1ng v\u1ecb c\u1ee7a m\u1ecdi m\u00f3n \u0103n m\u00e0 c\u00f2n mang l\u1ea1i l\u1ee3i \u00edch v\u1ec1 dinh d\u01b0\u1ee1ng. Hi\u1ec7n s\u1ea3n ph\u1ea9m \u0111ang \u0111\u01b0\u1ee3c b\u00e1n t\u1ea1i <b>Havamall<\/b>.<\/p>\n<\/div>\n<\/div>\n<\/div>\n<\/div>","protected":false},"excerpt":{"rendered":"<p>TH\u00d4NG TIN S\u1ea2N PH\u1ea8M Th\u01b0\u01a1ng Hi\u1ec7u Daawat Xu\u1ea5t X\u1ee9 \u1ea4n \u0110\u1ed9 Lo\u1ea1i G\u1ea1o Basmati tinh khi\u1ebft H\u1ea1n S\u1eed D\u1ee5ng 24<\/p>","protected":false},"featured_media":44874,"comment_status":"open","ping_status":"closed","template":"","meta":[],"product_brand":[],"product_cat":[731,707,134],"product_tag":[],"class_list":{"0":"post-43806","1":"product","2":"type-product","3":"status-publish","4":"has-post-thumbnail","6":"product_cat-nhap-khau-an-do","7":"product_cat-nui-mi-y-pasta","8":"product_cat-thucpham-saykho","10":"first","11":"instock","12":"sale","13":"shipping-taxable","14":"purchasable","15":"product-type-simple"},"_links":{"self":[{"href":"https:\/\/havamall.com\/en\/wp-json\/wp\/v2\/product\/43806","targetHints":{"allow":["GET"]}}],"collection":[{"href":"https:\/\/havamall.com\/en\/wp-json\/wp\/v2\/product"}],"about":[{"href":"https:\/\/havamall.com\/en\/wp-json\/wp\/v2\/types\/product"}],"replies":[{"embeddable":true,"href":"https:\/\/havamall.com\/en\/wp-json\/wp\/v2\/comments?post=43806"}],"version-history":[{"count":0,"href":"https:\/\/havamall.com\/en\/wp-json\/wp\/v2\/product\/43806\/revisions"}],"wp:featuredmedia":[{"embeddable":true,"href":"https:\/\/havamall.com\/en\/wp-json\/wp\/v2\/media\/44874"}],"wp:attachment":[{"href":"https:\/\/havamall.com\/en\/wp-json\/wp\/v2\/media?parent=43806"}],"wp:term":[{"taxonomy":"product_brand","embeddable":true,"href":"https:\/\/havamall.com\/en\/wp-json\/wp\/v2\/product_brand?post=43806"},{"taxonomy":"product_cat","embeddable":true,"href":"https:\/\/havamall.com\/en\/wp-json\/wp\/v2\/product_cat?post=43806"},{"taxonomy":"product_tag","embeddable":true,"href":"https:\/\/havamall.com\/en\/wp-json\/wp\/v2\/product_tag?post=43806"}],"curies":[{"name":"wp","href":"https:\/\/api.w.org\/{rel}","templated":true}]}}