{"id":43864,"date":"2025-12-13T09:16:45","date_gmt":"2025-12-13T02:16:45","guid":{"rendered":"https:\/\/havamall.com\/?post_type=product&#038;p=43864"},"modified":"2025-12-13T09:16:48","modified_gmt":"2025-12-13T02:16:48","slug":"hat-xa-vai-huong-tra-trang-lenor-aroma-jewel-pg-420ml-aroma-jewel-white-tea-softener","status":"publish","type":"product","link":"https:\/\/havamall.com\/en\/shop\/hat-xa-vai-huong-tra-trang-lenor-aroma-jewel-pg-420ml-aroma-jewel-white-tea-softener\/","title":{"rendered":"H\u1ea1t X\u1ea3 V\u1ea3i H\u01b0\u01a1ng Tr\u00e0 Tr\u1eafng Lenor Aroma Jewel P&#038;G 420ml \u2013 Aroma Jewel White Tea Softener"},"content":{"rendered":"<h2 data-path-to-node=\"13\">TH\u00d4NG TIN S\u1ea2N PH\u1ea8M<\/h2>\n<div class=\"horizontal-scroll-wrapper\">\n<div class=\"table-block-component\">\n<div class=\"table-block has-export-button\">\n<div class=\"table-content not-end-of-paragraph\" data-hveid=\"0\" data-ved=\"0CAAQ3ecQahgKEwi-t6uf6rGRAxUAAAAAHQAAAAAQhwc\">\n<table style=\"width: 70.0729%; height: 217px;\" data-path-to-node=\"14\">\n<tbody>\n<tr style=\"height: 24px;\">\n<td style=\"height: 24px;\"><span data-path-to-node=\"14,1,0,0\"><b>Th\u01b0\u01a1ng Hi\u1ec7u<\/b><\/span><\/td>\n<td style=\"height: 24px;\"><span data-path-to-node=\"14,1,1,0\">Aroma Jewel<\/span><\/td>\n<\/tr>\n<tr style=\"height: 24px;\">\n<td style=\"height: 24px;\"><span data-path-to-node=\"14,2,0,0\"><b>Xu\u1ea5t X\u1ee9\u00a0<\/b><\/span><\/td>\n<td style=\"height: 24px;\"><span data-path-to-node=\"14,2,1,0\">Nh\u1eadt B\u1ea3n<\/span><\/td>\n<\/tr>\n<tr style=\"height: 24px;\">\n<td style=\"height: 24px;\"><span data-path-to-node=\"14,3,0,0\"><b>Th\u1ec3 T\u00edch\u00a0<\/b><\/span><\/td>\n<td style=\"height: 24px;\"><span data-path-to-node=\"14,3,1,0\">420ml<\/span><\/td>\n<\/tr>\n<tr style=\"height: 48px;\">\n<td style=\"height: 48px;\"><span data-path-to-node=\"14,4,0,0\"><b>Th\u00e0nh Ph\u1ea7n\u00a0<\/b><\/span><\/td>\n<td style=\"height: 48px;\"><span data-path-to-node=\"14,4,1,0\">Ch\u1ea5t ho\u1ea1t \u0111\u1ed9ng b\u1ec1 m\u1eb7t (Di-long-chain alkyl ammonium salt), H\u01b0\u01a1ng li\u1ec7u (Fragrance), Ch\u1ea5t \u1ed5n \u0111\u1ecbnh<\/span><\/td>\n<\/tr>\n<tr style=\"height: 24px;\">\n<td style=\"height: 24px;\"><span data-path-to-node=\"14,5,0,0\"><b>H\u1ea1n S\u1eed D\u1ee5ng<\/b><\/span><\/td>\n<td style=\"height: 24px;\"><span data-path-to-node=\"14,5,1,0\">03 n\u0103m k\u1ec3 t\u1eeb Ng\u00e0y S\u1ea3n Xu\u1ea5t\u00a0<\/span><\/td>\n<\/tr>\n<tr style=\"height: 24px;\">\n<td style=\"height: 24px;\"><span data-path-to-node=\"14,6,0,0\"><b>B\u1ea3o Qu\u1ea3n<\/b><\/span><\/td>\n<td style=\"height: 24px;\"><span data-path-to-node=\"14,6,1,0\">N\u01a1i kh\u00f4 r\u00e1o, tho\u00e1ng m\u00e1t, tr\u00e1nh xa t\u1ea7m tay tr\u1ebb em v\u00e0 \u00e1nh n\u1eafng m\u1eb7t tr\u1eddi<\/span><\/td>\n<\/tr>\n<\/tbody>\n<\/table>\n<p data-path-to-node=\"19\">D\u00f2ng s\u1ea3n ph\u1ea9m\u00a0<b>Aroma Jewel<\/b>\u00a0\u0111\u01b0\u1ee3c P&amp;G Nh\u1eadt B\u1ea3n t\u1ea1o ra v\u1edbi s\u1ee9 m\u1ec7nh mang \u0111\u1ebfn tr\u1ea3i nghi\u1ec7m h\u01b0\u01a1ng th\u01a1m sang tr\u1ecdng, l\u01b0u l\u1ea1i d\u00e0i l\u00e2u tr\u00ean qu\u1ea7n \u00e1o, n\u00e2ng t\u1ea7m vi\u1ec7c gi\u1eb7t gi\u0169 t\u1eeb c\u00f4ng vi\u1ec7c h\u00e0ng ng\u00e0y th\u00e0nh m\u1ed9t nghi th\u1ee9c ch\u0103m s\u00f3c b\u1ea3n th\u00e2n. D\u00f2ng\u00a0<b>Hotel 5 Star Collection<\/b>\u00a0l\u00e0 phi\u00ean b\u1ea3n \u0111\u1eb7c bi\u1ec7t, m\u00f4 ph\u1ecfng l\u1ea1i nh\u1eefng h\u01b0\u01a1ng th\u01a1m \u0111\u01b0\u1ee3c s\u1eed d\u1ee5ng t\u1ea1i c\u00e1c kh\u00e1ch s\u1ea1n n\u0103m sao cao c\u1ea5p tr\u00ean th\u1ebf gi\u1edbi, nh\u1eb1m t\u00e1i t\u1ea1o c\u1ea3m gi\u00e1c th\u01b0 th\u00e1i v\u00e0 \u0111\u1eb3ng c\u1ea5p ngay t\u1ea1i nh\u00e0.<\/p>\n<p data-path-to-node=\"19\"><img fetchpriority=\"high\" decoding=\"async\" class=\"aligncenter\" src=\"https:\/\/havamall.com\/wp-content\/uploads\/2025\/12\/SKU-X63TA6K4_1764571142484_rajf2cxnhrb.jpg\" alt=\"Foryoupiece - Premium E-commerce\" width=\"801\" height=\"801\" \/><\/p>\n<h3 data-path-to-node=\"20\">\u0110\u1eb6C \u0110I\u1ec2M N\u1ed4I B\u1eacT V\u00c0 C\u00d4NG NGH\u1ec6 CH\u0102M S\u00d3C V\u1ea2I V\u00d3C<\/h3>\n<p>\u2013 <b>C\u00f4ng ngh\u1ec7 Si\u00eau Th\u1ea5m H\u00fat:\u00a0<\/b>Aroma Jewel \u0111\u01b0\u1ee3c nghi\u00ean c\u1ee9u \u0111\u1ec3 gi\u00fap qu\u1ea7n \u00e1o <b>v\u1eabn gi\u1eef \u0111\u01b0\u1ee3c \u0111\u1ed9 m\u1ec1m m\u1ea1i<\/b>\u00a0v\u01b0\u1ee3t tr\u1ed9i h\u01a1n c\u1ea3 n\u01b0\u1edbc x\u1ea3 th\u00f4ng th\u01b0\u1eddng, \u0111\u1ed3ng th\u1eddi t\u0103ng c\u01b0\u1eddng\u00a0<b>kh\u1ea3 n\u0103ng h\u00fat \u1ea9m v\u00e0 m\u1ed3 h\u00f4i<\/b>\u00a0g\u1ea5p nhi\u1ec1u l\u1ea7n, mang l\u1ea1i c\u1ea3m gi\u00e1c kh\u00f4 tho\u00e1ng, d\u1ec5 ch\u1ecbu cho ng\u01b0\u1eddi m\u1eb7c, \u0111\u1eb7c bi\u1ec7t quan tr\u1ecdng trong \u0111i\u1ec1u ki\u1ec7n th\u1eddi ti\u1ebft n\u00f3ng \u1ea9m.<\/p>\n<p>\u2013 <b>H\u01b0\u01a1ng Tr\u00e0 Tr\u1eafng Tinh T\u1ebf: <\/b> C\u00f3 m\u00f9i h\u01b0\u01a1ng nh\u1eb9 nh\u00e0ng, tinh khi\u1ebft, g\u1ee3i l\u00ean s\u1ef1 s\u1ea1ch s\u1ebd v\u00e0 thanh l\u1ecbch. H\u01b0\u01a1ng th\u01a1m n\u00e0y c\u00f3 ba t\u1ea7ng h\u01b0\u01a1ng ph\u1ee9c t\u1ea1p\u00a0<b>\u2013<\/b>\u00a0h\u01b0\u01a1ng \u0111\u1ea7u s\u1ea3ng kho\u00e1i, h\u01b0\u01a1ng gi\u1eefa \u1ea5m \u00e1p c\u1ee7a Tr\u00e0 Tr\u1eafng v\u00e0 h\u01b0\u01a1ng cu\u1ed1i l\u01b0u luy\u1ebfn k\u00e9o d\u00e0i.<\/p>\n<p>\u2013 <b>L\u01b0u H\u01b0\u01a1ng \u0110\u1eadm \u0110\u1eb7c:<\/b> C\u00f4ng th\u1ee9c c\u1ee7a Aroma Jewel \u0111\u1ea3m b\u1ea3o h\u01b0\u01a1ng th\u01a1m kh\u00f4ng ch\u1ec9 ng\u1eedi th\u1ea5y \u0111\u01b0\u1ee3c ngay sau khi gi\u1eb7t m\u00e0 c\u00f2n l\u01b0u l\u1ea1i tr\u00ean v\u1ea3i trong th\u1eddi gian d\u00e0i, th\u1eadm ch\u00ed c\u1ea3 khi qu\u1ea7n \u00e1o \u0111\u00e3 \u0111\u01b0\u1ee3c c\u1ea5t trong t\u1ee7.<\/p>\n<p><img decoding=\"async\" class=\"aligncenter\" src=\"https:\/\/havamall.com\/wp-content\/uploads\/2025\/12\/s-l1200.jpg\" alt=\"Lenor Happiness Aroma Jewel Scented Beads White Tea Clothing Fragrances  420mL | eBay\" width=\"802\" height=\"826\" \/><\/p>\n<\/div>\n<\/div>\n<\/div>\n<\/div>\n<h3 data-path-to-node=\"23\">C\u00d4NG D\u1ee4NG V\u00c0 C\u00c1CH S\u1eec D\u1ee4NG<\/h3>\n<p>\u2013 <b>L\u00e0m M\u1ec1m V\u1ea3i T\u1ed1i \u01afu:<\/b> Gi\u00fap s\u1ee3i v\u1ea3i tr\u1edf n\u00ean m\u1ec1m m\u1ea1i, gi\u1ea3m ma s\u00e1t, b\u1ea3o v\u1ec7 qu\u1ea7n \u00e1o kh\u1ecfi b\u1ecb x\u00f9 l\u00f4ng hay bi\u1ebfn d\u1ea1ng sau nhi\u1ec1u l\u1ea7n gi\u1eb7t.<\/p>\n<p>\u2013 <b>D\u1ec5 \u1ee6i H\u01a1n:<\/b> Gi\u1ea3m thi\u1ec3u c\u00e1c n\u1ebfp nh\u0103n tr\u00ean v\u1ea3i, gi\u00fap qu\u00e1 tr\u00ecnh \u1ee7i \u0111\u1ed3 tr\u1edf n\u00ean nhanh ch\u00f3ng v\u00e0 d\u1ec5 d\u00e0ng h\u01a1n.<\/p>\n<p>\u2013 <b>Kh\u1eed M\u00f9i Hi\u1ec7u Qu\u1ea3:<\/b> Kh\u1eed c\u00e1c m\u00f9i h\u00f4i kh\u00f3 ch\u1ecbu b\u00e1m tr\u00ean qu\u1ea7n \u00e1o, thay th\u1ebf b\u1eb1ng h\u01b0\u01a1ng th\u01a1m Tr\u00e0 Tr\u1eafng thanh l\u1ecbch, \u0111\u1eb7c bi\u1ec7t h\u1eefu \u00edch cho qu\u1ea7n \u00e1o th\u1ec3 thao ho\u1eb7c kh\u0103n t\u1eafm c\u1ea7n \u0111\u1ed9 th\u1ea5m h\u00fat cao.<\/p>\n<p><img decoding=\"async\" class=\"aligncenter\" src=\"https:\/\/havamall.com\/wp-content\/uploads\/2025\/12\/itsumomart_1-re-228802_10_d_20240408160415.jpg\" alt=\"\u30ec\u30ce\u30a2 \u30ec\u30ce\u30a2\u30a2\u30ed\u30de\u30b8\u30e5\u30a8\u30eb \u30db\u30ef\u30a4\u30c8\u30c6\u30a3\u30fc\u306e\u9999\u308a \u8a70\u66ff\u3048\u7528 \u8a70\u3081\u66ff\u3048\u7528 365mL \u6d88\u81ed \u6297\u83cc \u67d4\u8edf\u5264 \u90e8\u5c4b\u5e72\u3057 \u8863\u985e \u8a70\u66ff \u9999\u308a : itsumo  mart - \u901a\u8ca9 - Yahoo!\u30b7\u30e7\u30c3\u30d4\u30f3\u30b0\" width=\"800\" height=\"800\" \/><\/p>\n<blockquote><p><strong><em><span style=\"font-size: 14pt;\">C\u00c1CH S\u1eec D\u1ee4NG:<\/span><\/em><\/strong><\/p><\/blockquote>\n<p>\u2013 <b>Gi\u1eb7t M\u00e1y:<\/b>\u00a0\u0110\u1ed5 m\u1ed9t l\u01b0\u1ee3ng v\u1eeba \u0111\u1ee7 (kho\u1ea3ng\u00a0<span class=\"math-inline\" data-math=\"20 \\text{ml}\"><span class=\"katex\"><span class=\"katex-html\" aria-hidden=\"true\"><span class=\"base\"><span class=\"mord\">20<\/span><span class=\"mord text\"><span class=\"mord\">ml<\/span><\/span><\/span><\/span><\/span><\/span>\u00a0\u0111\u1ebfn\u00a0<span class=\"math-inline\" data-math=\"40 \\text{ml}\"><span class=\"katex\"><span class=\"katex-html\" aria-hidden=\"true\"><span class=\"base\"><span class=\"mord\">40<\/span><span class=\"mord text\"><span class=\"mord\">ml<\/span><\/span><\/span><\/span><\/span><\/span>\u00a0cho\u00a0<span class=\"math-inline\" data-math=\"6 \\text{kg}\"><span class=\"katex\"><span class=\"katex-html\" aria-hidden=\"true\"><span class=\"base\"><span class=\"mord\">6<\/span><span class=\"mord text\"><span class=\"mord\">kg<\/span><\/span><\/span><\/span><\/span><\/span>\u00a0qu\u1ea7n \u00e1o, t\u00f9y theo m\u1ee9c \u0111\u1ed9 \u0111\u1eadm m\u00f9i mong mu\u1ed1n) v\u00e0o ng\u0103n ch\u1ee9a n\u01b0\u1edbc x\u1ea3 c\u1ee7a m\u00e1y gi\u1eb7t.<\/p>\n<p>\u2013 <b>Gi\u1eb7t Tay:<\/b>\u00a0H\u00f2a tan m\u1ed9t l\u01b0\u1ee3ng nh\u1ecf s\u1ea3n ph\u1ea9m v\u00e0o n\u01b0\u1edbc s\u1ea1ch, ng\u00e2m qu\u1ea7n \u00e1o \u0111\u00e3 gi\u1eb7t s\u1ea1ch trong kho\u1ea3ng\u00a0<span class=\"math-inline\" data-math=\"5\"><span class=\"katex\"><span class=\"katex-html\" aria-hidden=\"true\"><span class=\"base\"><span class=\"mord\">5<\/span><\/span><\/span><\/span><\/span>\u00a0\u0111\u1ebfn\u00a0<span class=\"math-inline\" data-math=\"10\"><span class=\"katex\"><span class=\"katex-html\" aria-hidden=\"true\"><span class=\"base\"><span class=\"mord\">10<\/span><\/span><\/span><\/span><\/span>\u00a0ph\u00fat, sau \u0111\u00f3 v\u1eaft nh\u1eb9 v\u00e0 ph\u01a1i kh\u00f4 (kh\u00f4ng c\u1ea7n x\u1ea3 l\u1ea1i b\u1eb1ng n\u01b0\u1edbc).<\/p>\n<p data-path-to-node=\"25,3,1,2,0\"><b>L\u01b0u \u00fd:<\/b>\u00a0Kh\u00f4ng \u0111\u1ed5 tr\u1ef1c ti\u1ebfp n\u01b0\u1edbc x\u1ea3 l\u00ean qu\u1ea7n \u00e1o. S\u1eed d\u1ee5ng \u0111\u00fang li\u1ec1u l\u01b0\u1ee3ng \u0111\u1ec3 \u0111\u1ea1t hi\u1ec7u qu\u1ea3 l\u01b0u h\u01b0\u01a1ng v\u00e0 th\u1ea5m h\u00fat t\u1ed1t nh\u1ea5t.<\/p>\n<p data-path-to-node=\"25,3,1,2,0\"><img loading=\"lazy\" decoding=\"async\" class=\"aligncenter  wp-image-43867\" src=\"https:\/\/havamall.com\/wp-content\/uploads\/2025\/12\/446793775_7705584096154265_3093809807319739634_n.jpg\" alt=\"\" width=\"800\" height=\"800\" srcset=\"https:\/\/havamall.com\/wp-content\/uploads\/2025\/12\/446793775_7705584096154265_3093809807319739634_n.jpg 1440w, https:\/\/havamall.com\/wp-content\/uploads\/2025\/12\/446793775_7705584096154265_3093809807319739634_n-12x12.jpg 12w, https:\/\/havamall.com\/wp-content\/uploads\/2025\/12\/446793775_7705584096154265_3093809807319739634_n-600x600.jpg 600w, https:\/\/havamall.com\/wp-content\/uploads\/2025\/12\/446793775_7705584096154265_3093809807319739634_n-1200x1200.jpg 1200w, https:\/\/havamall.com\/wp-content\/uploads\/2025\/12\/446793775_7705584096154265_3093809807319739634_n-150x150.jpg 150w\" sizes=\"(max-width: 800px) 100vw, 800px\" \/><\/p>\n<p data-path-to-node=\"30\">N\u01b0\u1edbc X\u1ea3 V\u1ea3i H\u01b0\u01a1ng Tr\u00e0 Tr\u1eafng Si\u00eau Th\u1ea5m H\u00fat Aroma Jewel Hotel 5 Star Collection P&amp;G 420ml \u2013 Aroma Jewel White Tea Softener l\u00e0 s\u1ef1 k\u1ebft h\u1ee3p ho\u00e0n h\u1ea3o gi\u1eefa c\u00f4ng ngh\u1ec7\u00a0<b>Si\u00eau Th\u1ea5m H\u00fat<\/b> \u0111\u1ed9c \u0111\u00e1o c\u1ee7a P&amp;G Nh\u1eadt B\u1ea3n v\u00e0 h\u01b0\u01a1ng th\u01a1m Tr\u00e0 Tr\u1eafng sang tr\u1ecdng, tinh t\u1ebf nh\u01b0 kh\u00f4ng gian kh\u00e1ch s\u1ea1n n\u0103m sao. S\u1ea3n ph\u1ea9m cao c\u1ea5p n\u00e0y hi\u1ec7n \u0111ang \u0111\u01b0\u1ee3c b\u00e1n t\u1ea1i\u00a0<b>Havamall.<\/b><\/p>","protected":false},"excerpt":{"rendered":"<p>TH\u00d4NG TIN S\u1ea2N PH\u1ea8M Th\u01b0\u01a1ng Hi\u1ec7u Aroma Jewel Xu\u1ea5t X\u1ee9\u00a0 Nh\u1eadt B\u1ea3n Th\u1ec3 T\u00edch\u00a0 420ml Th\u00e0nh Ph\u1ea7n\u00a0 Ch\u1ea5t ho\u1ea1t \u0111\u1ed9ng<\/p>","protected":false},"featured_media":43865,"comment_status":"open","ping_status":"closed","template":"","meta":[],"product_brand":[],"product_cat":[35,722,396],"product_tag":[],"class_list":{"0":"post-43864","1":"product","2":"type-product","3":"status-publish","4":"has-post-thumbnail","6":"product_cat-nha-cua-doi-song","7":"product_cat-nhap-khau-nhat-ban","8":"product_cat-suc-khoe-lam-dep","10":"first","11":"instock","12":"sale","13":"shipping-taxable","14":"purchasable","15":"product-type-simple"},"_links":{"self":[{"href":"https:\/\/havamall.com\/en\/wp-json\/wp\/v2\/product\/43864","targetHints":{"allow":["GET"]}}],"collection":[{"href":"https:\/\/havamall.com\/en\/wp-json\/wp\/v2\/product"}],"about":[{"href":"https:\/\/havamall.com\/en\/wp-json\/wp\/v2\/types\/product"}],"replies":[{"embeddable":true,"href":"https:\/\/havamall.com\/en\/wp-json\/wp\/v2\/comments?post=43864"}],"version-history":[{"count":0,"href":"https:\/\/havamall.com\/en\/wp-json\/wp\/v2\/product\/43864\/revisions"}],"wp:featuredmedia":[{"embeddable":true,"href":"https:\/\/havamall.com\/en\/wp-json\/wp\/v2\/media\/43865"}],"wp:attachment":[{"href":"https:\/\/havamall.com\/en\/wp-json\/wp\/v2\/media?parent=43864"}],"wp:term":[{"taxonomy":"product_brand","embeddable":true,"href":"https:\/\/havamall.com\/en\/wp-json\/wp\/v2\/product_brand?post=43864"},{"taxonomy":"product_cat","embeddable":true,"href":"https:\/\/havamall.com\/en\/wp-json\/wp\/v2\/product_cat?post=43864"},{"taxonomy":"product_tag","embeddable":true,"href":"https:\/\/havamall.com\/en\/wp-json\/wp\/v2\/product_tag?post=43864"}],"curies":[{"name":"wp","href":"https:\/\/api.w.org\/{rel}","templated":true}]}}