{"id":43885,"date":"2025-12-15T11:36:21","date_gmt":"2025-12-15T04:36:21","guid":{"rendered":"https:\/\/havamall.com\/?post_type=product&#038;p=43885"},"modified":"2025-12-15T11:36:22","modified_gmt":"2025-12-15T04:36:22","slug":"vien-giat-xa-bold-gel-ball-pg-nhat-ban-huong-hoa-anh-dao-mua-xuan-hop-11-vien-bold-gel-ball-up-happiness-spring-blossom","status":"publish","type":"product","link":"https:\/\/havamall.com\/en\/shop\/vien-giat-xa-bold-gel-ball-pg-nhat-ban-huong-hoa-anh-dao-mua-xuan-hop-11-vien-bold-gel-ball-up-happiness-spring-blossom\/","title":{"rendered":"Vi\u00ean Gi\u1eb7t X\u1ea3 Bold Gel Ball P&#038;G Nh\u1eadt B\u1ea3n H\u01b0\u01a1ng Hoa Anh \u0110\u00e0o &#038; M\u00f9a Xu\u00e2n H\u1ed9p 11 Vi\u00ean \u2013 Bold Gel Ball Up Happiness Spring Blossom"},"content":{"rendered":"<h2 data-path-to-node=\"13\">TH\u00d4NG TIN CHI TI\u1ebeT S\u1ea2N PH\u1ea8M<\/h2>\n<div class=\"horizontal-scroll-wrapper\">\n<div class=\"table-block-component\">\n<div class=\"table-block has-export-button\">\n<div class=\"table-content not-end-of-paragraph\" data-hveid=\"0\" data-ved=\"0CAAQ3ecQahgKEwi-t6uf6rGRAxUAAAAAHQAAAAAQiQk\">\n<table style=\"width: 80.073%; height: 163px;\" data-path-to-node=\"14\">\n<tbody>\n<tr style=\"height: 24px;\">\n<td style=\"width: 14.9241%; height: 24px;\"><span data-path-to-node=\"14,1,0,0\"><b>Th\u01b0\u01a1ng Hi\u1ec7u<\/b><\/span><\/td>\n<td style=\"width: 84.4013%; height: 24px;\"><span data-path-to-node=\"14,1,1,0\">Bold Gel Ball (Thu\u1ed9c T\u1eadp \u0111o\u00e0n P&amp;G Nh\u1eadt B\u1ea3n)<\/span><\/td>\n<\/tr>\n<tr style=\"height: 24px;\">\n<td style=\"width: 14.9241%; height: 24px;\"><span data-path-to-node=\"14,2,0,0\"><b>Xu\u1ea5t X\u1ee9\u00a0<\/b><\/span><\/td>\n<td style=\"width: 84.4013%; height: 24px;\"><span data-path-to-node=\"14,2,1,0\">Nh\u1eadt B\u1ea3n<\/span><\/td>\n<\/tr>\n<tr style=\"height: 24px;\">\n<td style=\"width: 14.9241%; height: 24px;\"><span data-path-to-node=\"14,4,0,0\"><b>Th\u00e0nh Ph\u1ea7n Ch\u00ednh<\/b><\/span><\/td>\n<td style=\"width: 84.4013%; height: 24px;\"><span data-path-to-node=\"14,4,1,0\">Ch\u1ea5t ho\u1ea1t \u0111\u1ed9ng b\u1ec1 m\u1eb7t (chi\u1ebfm 65%), Ch\u1ea5t \u1ed5n \u0111\u1ecbnh, H\u01b0\u01a1ng li\u1ec7u (Fragrance), Enzyme, Ch\u1ea5t l\u00e0m m\u1ec1m v\u1ea3i, Ch\u1ea5t l\u00e0m tr\u1eafng quang h\u1ecdc<\/span><\/td>\n<\/tr>\n<tr style=\"height: 24px;\">\n<td style=\"width: 14.9241%; height: 24px;\"><span data-path-to-node=\"14,5,0,0\"><b>H\u1ea1n S\u1eed D\u1ee5ng<\/b><\/span><\/td>\n<td style=\"width: 84.4013%; height: 24px;\"><span data-path-to-node=\"14,5,1,0\">03 n\u0103m k\u1ec3 t\u1eeb Ng\u00e0y S\u1ea3n Xu\u1ea5t\u00a0<\/span><\/td>\n<\/tr>\n<tr style=\"height: 24px;\">\n<td style=\"width: 14.9241%; height: 24px;\"><span data-path-to-node=\"14,6,0,0\"><b>B\u1ea3o Qu\u1ea3n<\/b><\/span><\/td>\n<td style=\"width: 84.4013%; height: 24px;\"><span data-path-to-node=\"14,6,1,0\">N\u01a1i kh\u00f4 r\u00e1o, tho\u00e1ng m\u00e1t, tr\u00e1nh xa t\u1ea7m tay tr\u1ebb em, tr\u00e1nh \u00e1nh n\u1eafng tr\u1ef1c ti\u1ebfp v\u00e0 nhi\u1ec7t \u0111\u1ed9 cao<\/span><\/td>\n<\/tr>\n<\/tbody>\n<\/table>\n<p data-path-to-node=\"19\">Phi\u00ean b\u1ea3n \u0111\u1eb7c bi\u1ec7t n\u00e0y, \u0111\u01b0\u1ee3c d\u00e1n nh\u00e3n <b>&#8220;Up Happiness&#8221;<\/b>, nh\u1ea5n m\u1ea1nh v\u00e0o kh\u1ea3 n\u0103ng <b>duy tr\u00ec h\u01b0\u01a1ng th\u01a1m l\u00e2u d\u00e0i<\/b> v\u00e0 <b>t\u0103ng c\u01b0\u1eddng s\u1ef1 s\u1ea3ng kho\u00e1i<\/b> cho qu\u1ea7n \u00e1o sau khi gi\u1eb7t. \u0110i\u1ec1u n\u00e0y th\u1ec3 hi\u1ec7n s\u1ef1 th\u1ea5u hi\u1ec3u s\u00e2u s\u1eafc c\u1ee7a P&amp;G \u0111\u1ed1i v\u1edbi nhu c\u1ea7u c\u1ee7a ng\u01b0\u1eddi ti\u00eau d\u00f9ng Nh\u1eadt B\u1ea3n v\u1ec1 ch\u1ea5t l\u01b0\u1ee3ng cu\u1ed9c s\u1ed1ng, n\u01a1i h\u01b0\u01a1ng th\u01a1m v\u00e0 c\u1ea3m gi\u00e1c s\u1ea1ch s\u1ebd \u0111\u00f3ng vai tr\u00f2 quan tr\u1ecdng trong tinh th\u1ea7n h\u00e0ng ng\u00e0y. Bold Gel Ball lo\u1ea1i b\u1ecf ho\u00e0n to\u00e0n vi\u1ec7c \u0111ong \u0111\u1ebfm ph\u1ee9c t\u1ea1p, gi\u00fap t\u1ed1i \u01b0u h\u00f3a th\u1eddi gian v\u00e0 n\u0103ng l\u01b0\u1ee3ng cho c\u00f4ng vi\u1ec7c nh\u00e0.<\/p>\n<p data-path-to-node=\"19\"><img fetchpriority=\"high\" decoding=\"async\" class=\"aligncenter\" src=\"https:\/\/havamall.com\/wp-content\/uploads\/2025\/12\/p-g-vien-giat-xa-4in1-gelball-hop-12-vien-mau-hong-huong-hoa.jpg\" width=\"801\" height=\"801\" \/><\/p>\n<h3 data-path-to-node=\"20\">\u0110\u1eb6C \u0110I\u1ec2M N\u1ed4I B\u1eacT V\u1edaI C\u1ea2M GI\u00c1C S\u1ea2NG KHO\u00c1I NH\u01af<\/h3>\n<p data-path-to-node=\"22\">\u2013\u00a0<b>S\u1ea3ng Kho\u00e1i Tuy\u1ec7t \u0110\u1ed1i: <\/b>Ngay c\u1ea3 khi qu\u1ea7n \u00e1o \u0111\u01b0\u1ee3c ph\u01a1i trong nh\u00e0, \u0111\u1eb7c bi\u1ec7t trong nh\u1eefng ng\u00e0y m\u01b0a ho\u1eb7c m\u00f4i tr\u01b0\u1eddng thi\u1ebfu kh\u00f4ng gian ph\u01a1i, c\u00f4ng th\u1ee9c \u0111\u1ed9c quy\u1ec1n c\u1ee7a Bold v\u1eabn \u0111\u1ea3m b\u1ea3o qu\u1ea7n \u00e1o kh\u00f4ng b\u1ecb \u00e1m m\u00f9i \u1ea9m m\u1ed1c, thay v\u00e0o \u0111\u00f3 l\u00e0 c\u1ea3m gi\u00e1c kh\u00f4 tho\u00e1ng, s\u1ea1ch s\u1ebd v\u00e0 tr\u00e0n \u0111\u1ea7y n\u0103ng l\u01b0\u1ee3ng nh\u01b0 \u0111\u01b0\u1ee3c s\u1ea5y kh\u00f4 d\u01b0\u1edbi \u00e1nh n\u1eafng t\u1ef1 nhi\u00ean. C\u00f4ng ngh\u1ec7 n\u00e0y \u0111\u1eb7c bi\u1ec7t quan tr\u1ecdng trong \u0111\u1eddi s\u1ed1ng \u0111\u00f4 th\u1ecb Nh\u1eadt B\u1ea3n, n\u01a1i vi\u1ec7c ph\u01a1i qu\u1ea7n \u00e1o trong nh\u00e0 l\u00e0 ph\u1ed5 bi\u1ebfn.<\/p>\n<p data-path-to-node=\"23\">\u2013\u00a0<b>S\u1ee9c M\u1ea1nh Kh\u1eed M\u00f9i K\u00e9p: <\/b>Vi\u00ean gi\u1eb7t Bold \u0111\u01b0\u1ee3c t\u0103ng c\u01b0\u1eddng kh\u1ea3 n\u0103ng kh\u1eed m\u00f9i h\u00f4i kh\u00f3 ch\u1ecbu, bao g\u1ed3m c\u1ea3 m\u00f9i m\u1ed3 h\u00f4i, m\u00f9i th\u1ee9c \u0103n v\u00e0 m\u00f9i \u1ea9m m\u1ed1c t\u1eeb l\u1ed3ng gi\u1eb7t. C\u00e1c th\u00e0nh ph\u1ea7n enzyme v\u00e0 ch\u1ea5t ho\u1ea1t \u0111\u1ed9ng b\u1ec1 m\u1eb7t \u0111\u1eadm \u0111\u1eb7c (65%) ho\u1ea1t \u0111\u1ed9ng m\u1ea1nh m\u1ebd \u0111\u1ec3 ph\u00e1 v\u1ee1 c\u00e1c ph\u00e2n t\u1eed g\u00e2y m\u00f9i ngay t\u1eeb khi b\u1eaft \u0111\u1ea7u chu tr\u00ecnh gi\u1eb7t.<\/p>\n<p data-path-to-node=\"24\">\u2013\u00a0<b>L\u00e0m M\u1ec1m V\u1ea3i T\u1ef1 Nhi\u00ean: <\/b>Vi\u00ean Gel Ball t\u00edch h\u1ee3p ch\u1ea5t l\u00e0m m\u1ec1m v\u1ea3i (Softener) gi\u00fap l\u00e0m m\u1ec1m s\u1ee3i v\u1ea3i. V\u1ea3i m\u1ec1m m\u1ea1i kh\u00f4ng ch\u1ec9 mang l\u1ea1i c\u1ea3m gi\u00e1c tho\u1ea3i m\u00e1i khi ti\u1ebfp x\u00fac v\u1edbi da m\u00e0 c\u00f2n gi\u00fap gi\u1ea3m thi\u1ec3u n\u1ebfp nh\u0103n v\u00e0 b\u1ea3o v\u1ec7 c\u1ea5u tr\u00fac qu\u1ea7n \u00e1o trong su\u1ed1t qu\u00e1 tr\u00ecnh gi\u1eb7t.<\/p>\n<p data-path-to-node=\"24\"><img decoding=\"async\" class=\"aligncenter\" src=\"https:\/\/havamall.com\/wp-content\/uploads\/2025\/12\/z3565452151989-c611f1812fac267744f3e12ad3edd45e.jpg\" width=\"800\" height=\"800\" \/><\/p>\n<\/div>\n<h3 data-path-to-node=\"25\">H\u01af\u01a0NG TH\u01a0M HOA ANH \u0110\u00c0O &amp; M\u00d9A XU\u00c2N (SPRING BLOSSOM)<\/h3>\n<p data-path-to-node=\"27\">\u2013\u00a0<b>H\u01b0\u01a1ng Hoa Anh \u0110\u00e0o Tinh T\u1ebf: <\/b>H\u01b0\u01a1ng hoa anh \u0111\u00e0o (Sakura) l\u00e0 bi\u1ec3u t\u01b0\u1ee3ng c\u1ee7a m\u00f9a xu\u00e2n v\u00e0 s\u1ef1 tinh khi\u1ebft t\u1ea1i Nh\u1eadt B\u1ea3n. H\u01b0\u01a1ng th\u01a1m n\u00e0y mang l\u1ea1i c\u1ea3m gi\u00e1c nh\u1eb9 nh\u00e0ng, th\u01b0 th\u00e1i, t\u01b0\u01a1i m\u1edbi v\u00e0 l\u00e3ng m\u1ea1n.<\/p>\n<p data-path-to-node=\"28\">\u2013\u00a0<b>L\u01b0u H\u01b0\u01a1ng K\u00e9o D\u00e0i: <\/b>V\u1edbi c\u00f4ng ngh\u1ec7\u00a0<b>&#8220;Th\u00eam H\u01b0\u01a1ng Th\u01a1m K\u00e9o D\u00e0i&#8221;<\/b>\u00a0(\u305a\u3063\u3069\u9999\u308a\u30d7\u30e9\u30b9), c\u00e1c h\u1ea1t h\u01b0\u01a1ng th\u01a1m s\u1ebd b\u00e1m s\u00e2u v\u00e0o s\u1ee3i v\u1ea3i, gi\u1ea3i ph\u00f3ng m\u00f9i h\u01b0\u01a1ng t\u1eeb t\u1eeb, \u0111\u1ea3m b\u1ea3o qu\u1ea7n \u00e1o lu\u00f4n th\u01a1m m\u00e1t ngay c\u1ea3 sau khi \u0111\u01b0\u1ee3c c\u1ea5t gi\u1eef trong t\u1ee7 trong nhi\u1ec1u ng\u00e0y.<\/p>\n<p data-path-to-node=\"28\"><img decoding=\"async\" class=\"aligncenter\" src=\"https:\/\/havamall.com\/wp-content\/uploads\/2025\/12\/vn-11134207-7qukw-lgyrmt35udir7a.jpg\" width=\"810\" height=\"810\" \/><\/p>\n<\/div>\n<h3 data-path-to-node=\"30\">C\u00c1CH S\u1eec D\u1ee4NG CH\u00cdNH X\u00c1C V\u00c0 HI\u1ec6U QU\u1ea2 T\u1ed0I \u0110A<\/h3>\n<p data-path-to-node=\"32\">\u2013\u00a0<b>Li\u1ec1u L\u01b0\u1ee3ng \u0110\u1ec1 Xu\u1ea5t: <\/b>S\u1eed d\u1ee5ng\u00a0<b>1 vi\u00ean<\/b>\u00a0cho m\u1ed7i l\u1ea7n gi\u1eb7t ti\u00eau chu\u1ea9n, \u00e1p d\u1ee5ng cho l\u01b0\u1ee3ng qu\u1ea7n \u00e1o t\u1eeb\u00a0<span class=\"math-inline\" data-math=\"2 \\text{kg}\"><span class=\"katex\"><span class=\"katex-html\" aria-hidden=\"true\"><span class=\"base\"><span class=\"mord\">2<\/span><span class=\"mord text\"><span class=\"mord\">kg<\/span><\/span><\/span><\/span><\/span><\/span>\u00a0\u0111\u1ebfn\u00a0<span class=\"math-inline\" data-math=\"6 \\text{kg}\"><span class=\"katex\"><span class=\"katex-html\" aria-hidden=\"true\"><span class=\"base\"><span class=\"mord\">6<\/span><span class=\"mord text\"><span class=\"mord\">kg<\/span><\/span><\/span><\/span><\/span><\/span>\u00a0ho\u1eb7c l\u01b0\u1ee3ng n\u01b0\u1edbc gi\u1eb7t t\u1eeb\u00a0<span class=\"math-inline\" data-math=\"30 \\text{L}\"><span class=\"katex\"><span class=\"katex-html\" aria-hidden=\"true\"><span class=\"base\"><span class=\"mord\">30<\/span><span class=\"mord text\"><span class=\"mord\">L<\/span><\/span><\/span><\/span><\/span><\/span>\u00a0\u0111\u1ebfn\u00a0<span class=\"math-inline\" data-math=\"65 \\text{L}\"><span class=\"katex\"><span class=\"katex-html\" aria-hidden=\"true\"><span class=\"base\"><span class=\"mord\">65<\/span><span class=\"mord text\"><span class=\"mord\">L<\/span><\/span><\/span><\/span><\/span><\/span>.<\/p>\n<p data-path-to-node=\"33\">\u2013\u00a0<b>Gi\u1eb7t T\u1ea3i Tr\u1ecdng L\u1edbn: <\/b>\u0110\u1ed1i v\u1edbi c\u00e1c m\u00e1y gi\u1eb7t c\u00f4ng nghi\u1ec7p, kh\u1ed1i l\u01b0\u1ee3ng qu\u1ea7n \u00e1o tr\u00ean\u00a0<span class=\"math-inline\" data-math=\"6 \\text{kg}\"><span class=\"katex\"><span class=\"katex-html\" aria-hidden=\"true\"><span class=\"base\"><span class=\"mord\">6<\/span><span class=\"mord text\"><span class=\"mord\">kg<\/span><\/span><\/span><\/span><\/span><\/span>\u00a0ho\u1eb7c qu\u1ea7n \u00e1o qu\u00e1 d\u01a1, c\u00f3 th\u1ec3 s\u1eed d\u1ee5ng\u00a0<b>2 vi\u00ean<\/b>\u00a0\u0111\u1ec3 \u0111\u1ea3m b\u1ea3o hi\u1ec7u qu\u1ea3 l\u00e0m s\u1ea1ch tri\u1ec7t \u0111\u1ec3.<\/p>\n<p data-path-to-node=\"34\">\u2013\u00a0<b>Quy Tr\u00ecnh Gi\u1eb7t: <\/b>Ch\u1ec9 c\u1ea7n th\u1ea3 tr\u1ef1c ti\u1ebfp vi\u00ean gi\u1eb7t x\u1ea3 v\u00e0o\u00a0<b>\u0111\u00e1y l\u1ed3ng gi\u1eb7t<\/b>\u00a0tr\u01b0\u1edbc khi cho qu\u1ea7n \u00e1o v\u00e0o v\u00e0 kh\u1edfi \u0111\u1ed9ng m\u00e1y. Kh\u00f4ng c\u1ea7n \u0111ong \u0111\u1ebfm hay th\u00eam b\u1ea5t k\u1ef3 n\u01b0\u1edbc x\u1ea3 v\u1ea3i n\u00e0o kh\u00e1c.<\/p>\n<p data-path-to-node=\"35\">\u2013\u00a0<b>L\u01b0u \u00dd An To\u00e0n: <\/b>Kh\u00f4ng ch\u1ea1m v\u00e0o vi\u00ean gi\u1eb7t b\u1eb1ng tay \u01b0\u1edbt v\u00ec l\u1edbp m\u00e0ng phim b\u00ean ngo\u00e0i r\u1ea5t nh\u1ea1y c\u1ea3m v\u1edbi n\u01b0\u1edbc v\u00e0 s\u1ebd b\u1ecb h\u00f2a tan ngay l\u1eadp t\u1ee9c.<\/p>\n<h3 data-path-to-node=\"36\"><img loading=\"lazy\" decoding=\"async\" class=\"aligncenter\" src=\"https:\/\/havamall.com\/wp-content\/uploads\/2025\/12\/4987176292377_0006_l.jpg\" width=\"799\" height=\"600\" \/><\/h3>\n<p data-path-to-node=\"37\">Vi\u00ean Gi\u1eb7t X\u1ea3 Bold Gel Ball P&amp;G Nh\u1eadt B\u1ea3n S\u1ea3ng Kho\u00e1i Nh\u01b0 Ph\u01a1i N\u1eafng H\u01b0\u01a1ng Hoa Anh \u0110\u00e0o &amp; M\u00f9a Xu\u00e2n l\u00e0 s\u1ef1 l\u1ef1a ch\u1ecdn ho\u00e0n h\u1ea3o cho nh\u1eefng gia \u0111\u00ecnh t\u00ecm ki\u1ebfm s\u1ef1 ti\u1ec7n l\u1ee3i, hi\u1ec7u su\u1ea5t l\u00e0m s\u1ea1ch m\u1ea1nh m\u1ebd, c\u00f9ng h\u01b0\u01a1ng th\u01a1m tinh t\u1ebf mang l\u1ea1i c\u1ea3m gi\u00e1c s\u1ea3ng kho\u00e1i nh\u01b0 \u0111\u01b0\u1ee3c ph\u01a1i n\u1eafng t\u1ef1 nhi\u00ean.<\/p>\n<p data-path-to-node=\"38\">S\u1ea3n ph\u1ea9m ch\u1ea5t l\u01b0\u1ee3ng cao n\u00e0y hi\u1ec7n \u0111ang \u0111\u01b0\u1ee3c ph\u00e2n ph\u1ed1i t\u1ea1i\u00a0<b>Havamall<\/b>, \u0111\u01a1n v\u1ecb chuy\u00ean nh\u1eadp kh\u1ea9u c\u00e1c m\u1eb7t h\u00e0ng ti\u00eau d\u00f9ng v\u00e0 th\u1ef1c ph\u1ea9m ch\u1ea5t l\u01b0\u1ee3ng cao t\u1eeb Nh\u1eadt B\u1ea3n.<\/p>\n<\/div>\n<\/div>","protected":false},"excerpt":{"rendered":"<p>TH\u00d4NG TIN CHI TI\u1ebeT S\u1ea2N PH\u1ea8M Th\u01b0\u01a1ng Hi\u1ec7u Bold Gel Ball (Thu\u1ed9c T\u1eadp \u0111o\u00e0n P&amp;G Nh\u1eadt B\u1ea3n) Xu\u1ea5t X\u1ee9\u00a0 Nh\u1eadt<\/p>","protected":false},"featured_media":43886,"comment_status":"open","ping_status":"closed","template":"","meta":[],"product_brand":[],"product_cat":[722,35,396],"product_tag":[],"class_list":{"0":"post-43885","1":"product","2":"type-product","3":"status-publish","4":"has-post-thumbnail","6":"product_cat-nhap-khau-nhat-ban","7":"product_cat-nha-cua-doi-song","8":"product_cat-suc-khoe-lam-dep","10":"first","11":"instock","12":"sale","13":"shipping-taxable","14":"purchasable","15":"product-type-simple"},"_links":{"self":[{"href":"https:\/\/havamall.com\/en\/wp-json\/wp\/v2\/product\/43885","targetHints":{"allow":["GET"]}}],"collection":[{"href":"https:\/\/havamall.com\/en\/wp-json\/wp\/v2\/product"}],"about":[{"href":"https:\/\/havamall.com\/en\/wp-json\/wp\/v2\/types\/product"}],"replies":[{"embeddable":true,"href":"https:\/\/havamall.com\/en\/wp-json\/wp\/v2\/comments?post=43885"}],"version-history":[{"count":0,"href":"https:\/\/havamall.com\/en\/wp-json\/wp\/v2\/product\/43885\/revisions"}],"wp:featuredmedia":[{"embeddable":true,"href":"https:\/\/havamall.com\/en\/wp-json\/wp\/v2\/media\/43886"}],"wp:attachment":[{"href":"https:\/\/havamall.com\/en\/wp-json\/wp\/v2\/media?parent=43885"}],"wp:term":[{"taxonomy":"product_brand","embeddable":true,"href":"https:\/\/havamall.com\/en\/wp-json\/wp\/v2\/product_brand?post=43885"},{"taxonomy":"product_cat","embeddable":true,"href":"https:\/\/havamall.com\/en\/wp-json\/wp\/v2\/product_cat?post=43885"},{"taxonomy":"product_tag","embeddable":true,"href":"https:\/\/havamall.com\/en\/wp-json\/wp\/v2\/product_tag?post=43885"}],"curies":[{"name":"wp","href":"https:\/\/api.w.org\/{rel}","templated":true}]}}