{"id":43935,"date":"2025-12-18T16:21:36","date_gmt":"2025-12-18T09:21:36","guid":{"rendered":"https:\/\/havamall.com\/?post_type=product&#038;p=43935"},"modified":"2025-12-18T16:21:40","modified_gmt":"2025-12-18T09:21:40","slug":"hat-mac-ca-vi-vanilla-happy-nut-australia-goi-225g-the-original-australian-happy-nut-vanilla-macadamias","status":"publish","type":"product","link":"https:\/\/havamall.com\/en\/shop\/hat-mac-ca-vi-vanilla-happy-nut-australia-goi-225g-the-original-australian-happy-nut-vanilla-macadamias\/","title":{"rendered":"H\u1ea1t M\u1eafc Ca V\u1ecb Vanilla Happy Nut Australia G\u00f3i 225G \u2013 The Original Australian Happy Nut Vanilla Macadamias"},"content":{"rendered":"<h2 data-path-to-node=\"5\">TH\u00d4NG TIN S\u1ea2N PH\u1ea8M<\/h2>\n<div class=\"horizontal-scroll-wrapper\">\n<div class=\"table-block-component\">\n<div class=\"table-block has-export-button\">\n<div class=\"table-content not-end-of-paragraph\" data-hveid=\"0\" data-ved=\"0CAAQ3ecQahgKEwi-t6uf6rGRAxUAAAAAHQAAAAAQmA0\">\n<table style=\"width: 41.8292%;\" data-path-to-node=\"6\">\n<tbody>\n<tr>\n<td style=\"width: 134px;\"><span data-path-to-node=\"6,1,0,0\"><b>Th\u01b0\u01a1ng Hi\u1ec7u<\/b><\/span><\/td>\n<td style=\"width: 433px;\"><span data-path-to-node=\"6,1,1,0\">Happy Nut\u00a0<\/span><\/td>\n<\/tr>\n<tr>\n<td style=\"width: 134px;\"><span data-path-to-node=\"6,2,0,0\"><b>Xu\u1ea5t X\u1ee9<\/b><\/span><\/td>\n<td style=\"width: 433px;\"><span data-path-to-node=\"6,2,1,0\">\u00dac<\/span><\/td>\n<\/tr>\n<tr>\n<td style=\"width: 134px;\"><span data-path-to-node=\"6,3,0,0\"><b>Kh\u1ed1i L\u01b0\u1ee3ng\u00a0<\/b><\/span><\/td>\n<td style=\"width: 433px;\"><span data-path-to-node=\"6,3,1,0\">225 gram<\/span><\/td>\n<\/tr>\n<tr>\n<td style=\"width: 134px;\"><span data-path-to-node=\"6,4,0,0\"><b>Th\u00e0nh Ph\u1ea7n<\/b><\/span><\/td>\n<td style=\"width: 433px;\"><span data-path-to-node=\"6,4,1,0\">H\u1ea1t m\u1eafc ca nguy\u00ean v\u1ecf, h\u01b0\u01a1ng vanilla t\u1ef1 nhi\u00ean, \u0111\u01b0\u1eddng, mu\u1ed1i<\/span><\/td>\n<\/tr>\n<tr>\n<td style=\"width: 134px;\"><span data-path-to-node=\"6,7,0,0\"><b>B\u1ea3o Qu\u1ea3n<\/b><\/span><\/td>\n<td style=\"width: 433px;\"><span data-path-to-node=\"6,7,1,0\">N\u01a1i kh\u00f4 r\u00e1o, tho\u00e1ng m\u00e1t, \u0111\u1eady k\u00edn sau khi m\u1edf bao b\u00ec<\/span><\/td>\n<\/tr>\n<tr>\n<td style=\"width: 134px;\"><span data-path-to-node=\"6,8,0,0\"><b>H\u1ea1n S\u1eed D\u1ee5ng<\/b><\/span><\/td>\n<td style=\"width: 433px;\">\u00a02 n\u0103m<\/td>\n<\/tr>\n<\/tbody>\n<\/table>\n<p>H\u1ea1t m\u1eafc ca (Macadamia) l\u00e0 lo\u00e0i c\u00e2y \u0111\u00f2i h\u1ecfi \u0111i\u1ec1u ki\u1ec7n kh\u00ed h\u1eadu kh\u1eaft khe v\u00e0 th\u1eddi gian sinh tr\u01b0\u1edfng l\u00e2u d\u00e0i, ph\u1ea3i m\u1ea5t nhi\u1ec1u th\u1eadp k\u1ef7 nghi\u00ean c\u1ee9u v\u1ec1 k\u1ef9 thu\u1eadt gh\u00e9p c\u00e0nh v\u00e0 ch\u1ecdn gi\u1ed1ng, ng\u00e0nh c\u00f4ng nghi\u1ec7p m\u1eafc ca m\u1edbi th\u1ef1c s\u1ef1 b\u00f9ng n\u1ed5, bi\u1ebfn Australia th\u00e0nh v\u00f9ng \u0111\u1ea5t th\u00e1nh c\u1ee7a lo\u1ea1i n\u00f4ng s\u1ea3n cao c\u1ea5p n\u00e0y.<\/p>\n<p><img fetchpriority=\"high\" decoding=\"async\" class=\"aligncenter\" src=\"https:\/\/havamall.com\/wp-content\/uploads\/2025\/12\/Macadamia20Nut20Live20Plant-Photoroom.jpg\" alt=\"Buy Macadamia Nut (Macadamia integrifolia) Live Plant Online - IndNursery\" width=\"800\" height=\"800\" \/><\/p>\n<p>\u0110i\u1ec3m kh\u00e1c bi\u1ec7t khi\u1ebfn m\u1eafc ca \u0111\u1ee9ng tr\u00ean \u0111\u1ec9nh cao c\u1ee7a th\u1ebf gi\u1edbi h\u1ea1t kh\u00f4 ch\u00ednh l\u00e0 c\u1ea5u tr\u00fac dinh d\u01b0\u1ee1ng \u0111\u1ed9c nh\u1ea5t v\u00f4 nh\u1ecb v\u1edbi h\u00e0m l\u01b0\u1ee3ng ch\u1ea5t b\u00e9o kh\u00f4ng b\u00e3o h\u00f2a \u0111\u01a1n c\u1ef1c cao, mang l\u1ea1i l\u1ee3i \u00edch to l\u1edbn cho tim m\u1ea1ch. Vi\u1ec7c th\u01b0\u1edfng th\u1ee9c m\u1ed9t h\u1ea1t m\u1eafc ca ng\u00e0y nay kh\u00f4ng ch\u1ec9 \u0111\u01a1n thu\u1ea7n l\u00e0 \u0103n m\u1ed9t m\u00f3n \u0103n v\u1eb7t, m\u00e0 l\u00e0 s\u1ef1 ti\u1ebfp n\u1ed1i c\u1ee7a m\u1ed9t di s\u1ea3n thi\u00ean nhi\u00ean t\u1eeb v\u00f9ng \u0111\u1ea5t Nam B\u00e1n C\u1ea7u, n\u01a1i nh\u1eefng c\u00e2y c\u1ed5 th\u1ee5 v\u1eabn \u0111ang \u00e2m th\u1ea7m ch\u1eaft l\u1ecdc tinh t\u00fay t\u1eeb l\u00f2ng \u0111\u1ea5t m\u1eb9.<\/p>\n<\/div>\n<p><img decoding=\"async\" class=\"aligncenter\" src=\"https:\/\/havamall.com\/wp-content\/uploads\/2025\/12\/banh-ngu-coc-an-kieng-baker-baking-blog-313.jpg\" width=\"801\" height=\"601\" \/><\/p>\n<p data-path-to-node=\"13\">N\u1ebfu nh\u01b0 h\u1ea1t m\u1eafc ca truy\u1ec1n th\u1ed1ng (lo\u1ea1i s\u1ea5y t\u1ef1 nhi\u00ean ho\u1eb7c rang mu\u1ed1i) t\u1eadp trung ho\u00e0n to\u00e0n v\u00e0o v\u1ecb b\u00e9o ng\u1eady thu\u1ea7n t\u00fay, th\u00ec phi\u00ean b\u1ea3n\u00a0<b>Happy Nut Vanilla Macadamias<\/b>\u00a0l\u1ea1i l\u00e0 m\u1ed9t cu\u1ed9c c\u00e1ch m\u1ea1ng v\u1ec1 tr\u1ea3i nghi\u1ec7m v\u1ecb gi\u00e1c. S\u1ef1 kh\u00e1c bi\u1ec7t n\u00e0y kh\u00f4ng ch\u1ec9 d\u1eebng l\u1ea1i \u1edf h\u01b0\u01a1ng th\u01a1m m\u00e0 c\u00f2n n\u1eb1m \u1edf s\u1ef1 t\u01b0\u01a1ng t\u00e1c ph\u1ee9c h\u1ee3p gi\u1eefa c\u00e1c t\u1ea7ng v\u1ecb:<\/p>\n<p data-path-to-node=\"13\">\u2013\u00a0<b>S\u1ef1 K\u1ebft H\u1ee3p H\u01b0\u01a1ng Th\u01a1m Tinh T\u1ebf<\/b>: D\u00f2ng Happy Nut \u0111\u01b0\u1ee3c t\u1ea9m \u01b0\u1edbp h\u01b0\u01a1ng vanilla t\u1ef1 nhi\u00ean th\u1ea5m s\u00e2u v\u00e0o t\u1eebng th\u1edb h\u1ea1t qua khe n\u1ee9t. Khi v\u1eeba m\u1edf bao b\u00ec, m\u1ed9t l\u00e0n h\u01b0\u01a1ng ng\u1ecdt ng\u00e0o, \u1ea5m \u00e1p \u0111\u1eb7c tr\u01b0ng c\u1ee7a vanilla s\u1ebd lan t\u1ecfa, t\u1ea1o ra s\u1ef1 th\u01b0 th\u00e1i ngay t\u1eeb kh\u1ee9u gi\u00e1c tr\u01b0\u1edbc khi ch\u1ea1m \u0111\u1ebfn \u0111\u1ea7u l\u01b0\u1ee1i.<\/p>\n<p data-path-to-node=\"13\">\u2013\u00a0<b>Bi\u1ebfn T\u1ea5u V\u1ecb Gi\u00e1c \u0110a T\u1ea7ng<\/b>: M\u1eafc ca nguy\u00ean b\u1ea3n th\u01b0\u1eddng c\u00f3 v\u1ecb ng\u1ecdt thanh r\u1ea5t nh\u1eb9 c\u1ee7a tinh b\u1ed9t v\u00e0 b\u00e9o n\u1ed3ng c\u1ee7a tinh d\u1ea7u. \u1ede \u0111\u00e2y, v\u1ecb ng\u1ecdt \u0111\u01b0\u1ee3c \u0111\u1ea9y l\u00ean r\u00f5 n\u00e9t h\u01a1n nh\u01b0ng kh\u00f4ng g\u1eaft, nh\u1edd s\u1ef1 c\u1ed9ng h\u01b0\u1edfng gi\u1eefa \u0111\u01b0\u1eddng t\u1ef1 nhi\u00ean v\u00e0 h\u01b0\u01a1ng vanilla.<\/p>\n<p data-path-to-node=\"13\">\u2013\u00a0<b>C\u1ea5u Tr\u00fac H\u1ea1t V\u00e0 L\u1edbp Ph\u1ee7<\/b>: C\u00e1c h\u1ea1t m\u1eafc ca Happy Nut \u0111\u01b0\u1ee3c tuy\u1ec3n ch\u1ecdn v\u1edbi k\u00edch c\u1ee1 \u0111\u1ed3ng \u0111\u1ec1u, sau \u0111\u00f3 \u0111\u01b0\u1ee3c x\u1eed l\u00fd nhi\u1ec7t c\u00f9ng h\u01b0\u01a1ng li\u1ec7u theo c\u00f4ng th\u1ee9c ri\u00eang gi\u00fap l\u1edbp h\u01b0\u01a1ng vanilla b\u00e1m ch\u1eb7t v\u00e0o b\u1ec1 m\u1eb7t h\u1ea1t b\u00ean trong v\u1ecf, trong khi h\u1ea1t truy\u1ec1n th\u1ed1ng th\u01b0\u1eddng ch\u1ec9 \u0111\u01b0\u1ee3c s\u1ea5y kh\u00f4 \u0111\u01a1n thu\u1ea7n.<\/p>\n<\/div>\n<p data-path-to-node=\"13\"><img decoding=\"async\" class=\"aligncenter\" src=\"https:\/\/havamall.com\/wp-content\/uploads\/2025\/12\/ffab17a09f4788bad7970830564472_0af154b657f04d0998c445ca09d26afc_master_b2620852c7564ac2bbe7b2c70d12ccd8.jpg\" alt=\"H\u1ea1t maca nguy\u00ean c\u1ecf Macadamias Australia since 1958- g\u00f3i 225g\" width=\"800\" height=\"800\" \/><\/p>\n<p data-path-to-node=\"20\">\u0110\u1ec3 c\u1ea3m nh\u1eadn r\u00f5 nh\u1ea5t h\u01b0\u01a1ng vanilla, h\u1ea1t n\u00ean \u0111\u01b0\u1ee3c th\u01b0\u1edfng th\u1ee9c \u1edf nhi\u1ec7t \u0111\u1ed9 ph\u00f2ng. Vi\u1ec7c d\u00f9ng k\u00e8m m\u1ed9t t\u00e1ch tr\u00e0 \u0111en ho\u1eb7c tr\u00e0 Oolong n\u00f3ng s\u1ebd l\u00e0 s\u1ef1 k\u1ebft h\u1ee3p ho\u00e0n h\u1ea3o, v\u00ec v\u1ecb ch\u00e1t nh\u1eb9 v\u00e0 nhi\u1ec7t \u0111\u1ed9 c\u1ee7a tr\u00e0 s\u1ebd gi\u00fap gi\u1ea3i ph\u00f3ng ho\u00e0n to\u00e0n l\u1edbp tinh d\u1ea7u b\u00e9o b\u00f9i v\u00e0 h\u01b0\u01a1ng th\u01a1m vanilla, l\u00e0m s\u1ea1ch v\u00f2m mi\u1ec7ng \u0111\u1ec3 chu\u1ea9n b\u1ecb cho h\u1ea1t ti\u1ebfp theo.<\/p>\n<p data-path-to-node=\"21\">Ngo\u00e0i vi\u1ec7c \u0103n tr\u1ef1c ti\u1ebfp, nh\u00e2n m\u1eafc ca v\u1ecb vanilla c\u00f2n c\u00f3 th\u1ec3 nghi\u1ec1n nh\u1ecf \u0111\u1ec3 r\u1eafc l\u00ean c\u00e1c m\u00f3n salad tr\u00e1i c\u00e2y ho\u1eb7c \u0103n c\u00f9ng s\u1eefa chua kh\u00f4ng \u0111\u01b0\u1eddng. V\u1ecb ng\u1ecdt th\u01a1m c\u1ee7a h\u1ea1t s\u1ebd thay th\u1ebf ho\u00e0n to\u00e0n cho c\u00e1c lo\u1ea1i ch\u1ea5t t\u1ea1o ng\u1ecdt nh\u00e2n t\u1ea1o, mang l\u1ea1i b\u1eefa \u0103n l\u00e0nh m\u1ea1nh nh\u01b0ng v\u1eabn \u0111\u1ea7y c\u1ea3m h\u1ee9ng.<\/p>\n<p data-path-to-node=\"21\"><img loading=\"lazy\" decoding=\"async\" class=\"aligncenter\" src=\"https:\/\/havamall.com\/wp-content\/uploads\/2025\/12\/2110-Macadamia-and-watermelon-salad-4-scaled.jpg\" alt=\"Watermelon and macadamia salad\" width=\"801\" height=\"534\" \/><\/p>\n<p data-path-to-node=\"21\"><b>H\u1ea1t M\u1eafc Ca V\u1ecb Vanilla Happy Nut Australia<\/b> kh\u00f4ng ch\u1ec9 l\u00e0 m\u1ed9t m\u00f3n \u0103n v\u1eb7t gi\u00e0u dinh d\u01b0\u1ee1ng m\u00e0 c\u00f2n l\u00e0 m\u00f3n qu\u00e0 tinh t\u00fay t\u1eeb thi\u00ean nhi\u00ean Australia, k\u1ebft h\u1ee3p gi\u1eefa l\u1ecbch s\u1eed l\u00e2u \u0111\u1eddi v\u00e0 ngh\u1ec7 thu\u1eadt t\u1ea9m \u01b0\u1edbp hi\u1ec7n \u0111\u1ea1i, hi\u1ec7n \u0111ang \u0111\u01b0\u1ee3c b\u00e1n t\u1ea1i t\u1ea1i Havamall.<\/p>\n<\/div>\n<\/div>","protected":false},"excerpt":{"rendered":"<p>TH\u00d4NG TIN S\u1ea2N PH\u1ea8M Th\u01b0\u01a1ng Hi\u1ec7u Happy Nut\u00a0 Xu\u1ea5t X\u1ee9 \u00dac Kh\u1ed1i L\u01b0\u1ee3ng\u00a0 225 gram Th\u00e0nh Ph\u1ea7n H\u1ea1t m\u1eafc ca<\/p>","protected":false},"featured_media":43937,"comment_status":"open","ping_status":"closed","template":"","meta":[],"product_brand":[],"product_cat":[734,133],"product_tag":[],"class_list":{"0":"post-43935","1":"product","2":"type-product","3":"status-publish","4":"has-post-thumbnail","6":"product_cat-nhap-khau-uc","7":"product_cat-banh-keo-chocolate","9":"first","10":"instock","11":"sale","12":"shipping-taxable","13":"purchasable","14":"product-type-simple"},"_links":{"self":[{"href":"https:\/\/havamall.com\/en\/wp-json\/wp\/v2\/product\/43935","targetHints":{"allow":["GET"]}}],"collection":[{"href":"https:\/\/havamall.com\/en\/wp-json\/wp\/v2\/product"}],"about":[{"href":"https:\/\/havamall.com\/en\/wp-json\/wp\/v2\/types\/product"}],"replies":[{"embeddable":true,"href":"https:\/\/havamall.com\/en\/wp-json\/wp\/v2\/comments?post=43935"}],"version-history":[{"count":0,"href":"https:\/\/havamall.com\/en\/wp-json\/wp\/v2\/product\/43935\/revisions"}],"wp:featuredmedia":[{"embeddable":true,"href":"https:\/\/havamall.com\/en\/wp-json\/wp\/v2\/media\/43937"}],"wp:attachment":[{"href":"https:\/\/havamall.com\/en\/wp-json\/wp\/v2\/media?parent=43935"}],"wp:term":[{"taxonomy":"product_brand","embeddable":true,"href":"https:\/\/havamall.com\/en\/wp-json\/wp\/v2\/product_brand?post=43935"},{"taxonomy":"product_cat","embeddable":true,"href":"https:\/\/havamall.com\/en\/wp-json\/wp\/v2\/product_cat?post=43935"},{"taxonomy":"product_tag","embeddable":true,"href":"https:\/\/havamall.com\/en\/wp-json\/wp\/v2\/product_tag?post=43935"}],"curies":[{"name":"wp","href":"https:\/\/api.w.org\/{rel}","templated":true}]}}