{"id":43950,"date":"2025-12-19T11:47:57","date_gmt":"2025-12-19T04:47:57","guid":{"rendered":"https:\/\/havamall.com\/?post_type=product&#038;p=43950"},"modified":"2026-02-24T15:27:07","modified_gmt":"2026-02-24T08:27:07","slug":"bot-chien-gion-tempura-lobo-goi-100g-lobo-tempura-batter-mix","status":"publish","type":"product","link":"https:\/\/havamall.com\/en\/shop\/bot-chien-gion-tempura-lobo-goi-100g-lobo-tempura-batter-mix\/","title":{"rendered":"B\u1ed9t Chi\u00ean Gi\u00f2n Tempura Lobo G\u00f3i 100G \u2013 Lobo Tempura Batter Mix"},"content":{"rendered":"<h2 data-path-to-node=\"6\">TH\u00d4NG TIN S\u1ea2N PH\u1ea8M<\/h2>\n<div class=\"horizontal-scroll-wrapper\">\n<div class=\"table-block-component\">\n<div class=\"table-block has-export-button\">\n<div class=\"table-content not-end-of-paragraph\" data-hveid=\"0\" data-ved=\"0CAAQ3ecQahgKEwi-t6uf6rGRAxUAAAAAHQAAAAAQ4g0\">\n<table style=\"width: 70.9741%;height: 288px\" data-path-to-node=\"7\">\n<tbody>\n<tr>\n<td style=\"width: 134px\"><span data-path-to-node=\"7,1,0,0\"><b>Th\u01b0\u01a1ng Hi\u1ec7u<\/b><\/span><\/td>\n<td style=\"width: 356px\"><span data-path-to-node=\"7,1,1,0\">Lobo (Globo Foods Ltd.)<\/span><\/td>\n<\/tr>\n<tr>\n<td style=\"width: 134px\"><span data-path-to-node=\"7,2,0,0\"><b>Xu\u1ea5t X\u1ee9<\/b><\/span><\/td>\n<td style=\"width: 356px\"><span data-path-to-node=\"7,2,1,0\">Th\u00e1i Lan<\/span><\/td>\n<\/tr>\n<tr>\n<td style=\"width: 134px\"><span data-path-to-node=\"7,3,0,0\"><b>Kh\u1ed1i L\u01b0\u1ee3ng T\u1ecbnh<\/b><\/span><\/td>\n<td style=\"width: 356px\"><span data-path-to-node=\"7,3,1,0\"><span class=\"math-inline\" data-math=\"100\\text{g}\"><span class=\"katex\"><span class=\"katex-html\" aria-hidden=\"true\"><span class=\"base\"><span class=\"mord\">100<\/span><span class=\"mord text\"><span class=\"mord\">g<\/span><\/span><\/span><\/span><\/span><\/span><\/span><\/td>\n<\/tr>\n<tr>\n<td style=\"width: 134px\"><span data-path-to-node=\"7,4,0,0\"><b>Th\u00e0nh Ph\u1ea7n<\/b><\/span><\/td>\n<td style=\"width: 356px\"><span data-path-to-node=\"7,4,1,0\">B\u1ed9t m\u00ec, Tinh b\u1ed9t b\u1eafp, B\u1ed9t g\u1ea1o, Ch\u1ea5t t\u1ea1o x\u1ed1p, Mu\u1ed1i<\/span><\/td>\n<\/tr>\n<tr>\n<td style=\"width: 134px\"><span data-path-to-node=\"7,5,0,0\"><b>Ch\u1ee9ng Nh\u1eadn<\/b><\/span><\/td>\n<td style=\"width: 356px\"><span data-path-to-node=\"7,5,1,0\">Halal, Kh\u00f4ng ph\u1ea9m m\u00e0u, Kh\u00f4ng ch\u1ea5t b\u1ea3o qu\u1ea3n<\/span><\/td>\n<\/tr>\n<tr>\n<td style=\"width: 134px\"><span data-path-to-node=\"7,6,0,0\"><b>B\u1ea3o Qu\u1ea3n<\/b><\/span><\/td>\n<td style=\"width: 356px\"><span data-path-to-node=\"7,6,1,0\">N\u01a1i kh\u00f4 r\u00e1o, tho\u00e1ng m\u00e1t, tr\u00e1nh \u00e1nh n\u1eafng tr\u1ef1c ti\u1ebfp<\/span><\/td>\n<\/tr>\n<tr>\n<td style=\"width: 134px\"><span data-path-to-node=\"7,7,0,0\"><b>H\u1ea1n S\u1eed D\u1ee5ng<\/b><\/span><\/td>\n<td style=\"width: 356px\"><span data-path-to-node=\"7,7,1,0\">24 th\u00e1ng k\u1ec3 t\u1eeb ng\u00e0y s\u1ea3n xu\u1ea5t<\/span><\/td>\n<\/tr>\n<\/tbody>\n<\/table>\n<p>Ng\u00e0y nay Tempura \u0111\u01b0\u1ee3c coi l\u00e0 qu\u1ed1c h\u1ed3n qu\u1ed1c t\u00fay c\u1ee7a Nh\u1eadt B\u1ea3n, nh\u01b0ng ngu\u1ed3n g\u1ed1c th\u1ef1c s\u1ef1 c\u1ee7a k\u1ef9 thu\u1eadt chi\u00ean n\u00e0y l\u1ea1i b\u1eaft ngu\u1ed3n t\u1eeb nh\u1eefng nh\u00e0 truy\u1ec1n gi\u00e1o v\u00e0 th\u01b0\u01a1ng nh\u00e2n B\u1ed3 \u0110\u00e0o Nha v\u00e0o th\u1ebf k\u1ef7 16. T\u00ean g\u1ecdi &#8220;Tempura&#8221; \u0111\u01b0\u1ee3c cho l\u00e0 xu\u1ea5t ph\u00e1t t\u1eeb ti\u1ebfng Latinh <b>&#8220;Tempora&#8221;<\/b>, d\u00f9ng \u0111\u1ec3 ch\u1ec9 c\u00e1c giai \u0111o\u1ea1n \u0103n chay c\u1ee7a ng\u01b0\u1eddi C\u00f4ng gi\u00e1o khi h\u1ecd kh\u00f4ng \u0111\u01b0\u1ee3c \u0103n th\u1ecbt v\u00e0 ph\u1ea3i thay th\u1ebf b\u1eb1ng c\u00e1c m\u00f3n h\u1ea3i s\u1ea3n ho\u1eb7c rau c\u1ee7 chi\u00ean t\u1ea9m b\u1ed9t.<\/p>\n<p><img fetchpriority=\"high\" decoding=\"async\" class=\"aligncenter\" src=\"https:\/\/havamall.com\/wp-content\/uploads\/2025\/12\/tom-chien-tempura-9-jpeg.jpg\" width=\"801\" height=\"534\" \/><\/p>\n<p>Khi du nh\u1eadp v\u00e0o Nh\u1eadt B\u1ea3n, thay v\u00ec gi\u1eef nguy\u00ean l\u1edbp b\u1ed9t d\u00e0y v\u00e0 n\u1eb7ng ki\u1ec3u ph\u01b0\u01a1ng T\u00e2y, c\u00e1c \u0111\u1ea7u b\u1ebfp x\u1ee9 Ph\u00f9 Tang \u0111\u00e3 tinh t\u1ebf bi\u1ebfn \u0111\u1ed5i c\u00f4ng th\u1ee9c \u0111\u1ec3 t\u1ea1o ra m\u1ed9t l\u1edbp v\u1ecf m\u1ecfng nh\u1eb9, thanh tao nh\u01b0 m\u00e2y. Th\u1eddi k\u1ef3 Edo (1603\u20131867) \u0111\u00e1nh d\u1ea5u s\u1ef1 b\u00f9ng n\u1ed5 c\u1ee7a Tempura khi n\u00f3 tr\u1edf th\u00e0nh m\u00f3n \u0103n \u0111\u01b0\u1eddng ph\u1ed1 ph\u1ed5 bi\u1ebfn, ph\u1ee5c v\u1ee5 t\u1ea7ng l\u1edbp lao \u0111\u1ed9ng t\u1ea1i c\u00e1c gian h\u00e0ng ven s\u00f4ng. S\u1ef1 ph\u00e1t tri\u1ec3n n\u00e0y \u0111\u00f2i h\u1ecfi m\u1ed9t lo\u1ea1i b\u1ed9t c\u00f3 kh\u1ea3 n\u0103ng b\u00e1m d\u00ednh t\u1ed1t nh\u01b0ng v\u1eabn ph\u1ea3i gi\u1eef \u0111\u01b0\u1ee3c \u0111\u1ed9 x\u1ed1p nh\u1eb9 sau khi ti\u1ebfp x\u00fac v\u1edbi d\u1ea7u n\u00f3ng.<\/p>\n<p><img decoding=\"async\" class=\"aligncenter\" src=\"https:\/\/japan.recipetineats.com\/wp-content\/uploads\/2016\/10\/Tempura_1.jpg\" width=\"800\" height=\"1120\" \/><\/p>\n<p data-path-to-node=\"14\"><em>S\u1ef1 kh\u00e1c bi\u1ec7t c\u1ee7a\u00a0<b>B\u1ed9t Chi\u00ean X\u00f9 Tempura Lobo<\/b>\u00a0so v\u1edbi c\u00e1c lo\u1ea1i b\u1ed9t chi\u00ean th\u00f4ng th\u01b0\u1eddng n\u1eb1m \u1edf c\u1ea5u tr\u00fac h\u00f3a l\u00fd c\u1ee7a h\u1ed7n h\u1ee3p th\u00e0nh ph\u1ea7n, gi\u00fap t\u1ea1o ra l\u1edbp v\u1ecf c\u00f3 t\u00ednh ch\u1ea5t ho\u00e0n to\u00e0n ri\u00eang bi\u1ec7t:<\/em><\/p>\n<p data-path-to-node=\"15\">\u2013\u00a0<b>C\u1ea5u Tr\u00fac \u0110a T\u1ea7ng T\u1eeb Ba Lo\u1ea1i B\u1ed9t: <\/b>S\u1ef1 k\u1ebft h\u1ee3p gi\u1eefa b\u1ed9t m\u00ec, tinh b\u1ed9t b\u1eafp v\u00e0 b\u1ed9t g\u1ea1o t\u1ea1o n\u00ean m\u1ed9t k\u1ebft c\u1ea5u v\u1eefng ch\u1eafc nh\u01b0ng kh\u00f4ng c\u1ee9ng. B\u1ed9t m\u00ec cung c\u1ea5p \u0111\u1ed9 d\u1ebbo dai \u0111\u1ec3 b\u00e1m v\u00e0o th\u1ef1c ph\u1ea9m, trong khi tinh b\u1ed9t b\u1eafp v\u00e0 b\u1ed9t g\u1ea1o \u0111\u00f3ng vai tr\u00f2 t\u1ea1o \u0111\u1ed9 gi\u00f2n tan v\u00e0 ng\u0103n ch\u1eb7n vi\u1ec7c h\u00fat qu\u00e1 nhi\u1ec1u d\u1ea7u, gi\u00fap m\u00f3n chi\u00ean lu\u00f4n gi\u1eef \u0111\u01b0\u1ee3c s\u1ef1 nh\u1eb9 nh\u00e0ng, kh\u00f4ng g\u00e2y ng\u1ea5y.<\/p>\n<p data-path-to-node=\"16\">\u2013\u00a0<b>Kh\u1ea3 N\u0103ng Gi\u1eef \u0110\u1ed9 Gi\u00f2n L\u00e2u D\u00e0i<\/b>: t\u1ec9 l\u1ec7 pha tr\u1ed9n ch\u00ednh x\u00e1c c\u1ee7a c\u00e1c ch\u1ea5t t\u1ea1o x\u1ed1p t\u1ef1 nhi\u00ean, l\u1edbp v\u1ecf b\u1ed9t h\u00ecnh th\u00e0nh nh\u1eefng kho\u1ea3ng kh\u00f4ng li ti b\u00ean trong, gi\u00fap tho\u00e1t h\u01a1i n\u01b0\u1edbc hi\u1ec7u qu\u1ea3 v\u00e0 tr\u00e1nh t\u00ecnh tr\u1ea1ng v\u1ecf b\u00e1nh b\u1ecb m\u1ec1m nh\u0169n do \u0111\u1ed9 \u1ea9m t\u1eeb th\u1ef1c ph\u1ea9m th\u1ea5m ra.<\/p>\n<p data-path-to-node=\"16\"><img decoding=\"async\" class=\"aligncenter\" src=\"https:\/\/havamall.com\/wp-content\/uploads\/2026\/02\/5704-1665207649.jpg\" width=\"800\" height=\"537\" \/><\/p>\n<p data-path-to-node=\"17\">\u2013\u00a0<b>M\u00e0u V\u00e0ng \u00d3ng T\u1ef1 Nhi\u00ean<\/b>: D\u00f9 kh\u00f4ng s\u1eed d\u1ee5ng ph\u1ea9m m\u00e0u nh\u00e2n t\u1ea1o, l\u1edbp b\u1ed9t Lobo khi chi\u00ean \u1edf nhi\u1ec7t \u0111\u1ed9 chu\u1ea9n s\u1ebd chuy\u1ec3n sang m\u00e0u v\u00e0ng nh\u1ea1t sang tr\u1ecdng, l\u00e0m t\u00f4n l\u00ean v\u1ebb t\u01b0\u01a1i ngon c\u1ee7a nguy\u00ean li\u1ec7u b\u00ean trong nh\u01b0 t\u00f4m, m\u1ef1c hay rau c\u1ee7 t\u01b0\u01a1i.<\/p>\n<p data-path-to-node=\"18\">\u2013\u00a0<b>H\u01b0\u01a1ng V\u1ecb Trung T\u00ednh:<\/b> Kh\u00e1c v\u1edbi c\u00e1c lo\u1ea1i b\u1ed9t t\u1ea9m \u01b0\u1edbp s\u1eb5n nhi\u1ec1u gia v\u1ecb, b\u1ed9t Tempura Lobo gi\u1eef m\u1ed9t h\u01b0\u01a1ng v\u1ecb thanh nh\u1eb9, ch\u1ec9 b\u1ed5 sung m\u1ed9t ch\u00fat mu\u1ed1i \u0111\u1ec3 k\u00edch th\u00edch v\u1ecb gi\u00e1c gi\u00fap h\u01b0\u01a1ng v\u1ecb nguy\u00ean b\u1ea3n c\u1ee7a nguy\u00ean li\u1ec7u ch\u00ednh \u0111\u01b0\u1ee3c t\u1ecfa s\u00e1ng, \u0111\u00fang v\u1edbi tri\u1ebft l\u00fd t\u00f4n tr\u1ecdng th\u1ef1c ph\u1ea9m c\u1ee7a \u1ea9m th\u1ef1c Nh\u1eadt B\u1ea3n.<\/p>\n<p data-path-to-node=\"18\"><img loading=\"lazy\" decoding=\"async\" class=\"aligncenter\" src=\"https:\/\/havamall.com\/wp-content\/uploads\/2025\/12\/img_1853_5974c7ba187449d4bebff9ad6b35f9c3_master.jpg\" width=\"800\" height=\"800\" \/><\/p>\n<h3 data-path-to-node=\"19\">B\u00cd QUY\u1ebeT CH\u1ebe BI\u1ebeN\u00a0T\u1ea0O N\u00caN \u0110\u1ed8 GI\u00d2N HO\u00c0N H\u1ea2O<\/h3>\n<p data-path-to-node=\"21\">\u2013\u00a0<b>Nguy\u00ean T\u1eafc &#8220;N\u01b0\u1edbc \u0110\u00e1 L\u1ea1nh&#8221;<\/b>\u00a0\u2013 B\u00ed quy\u1ebft quan tr\u1ecdng nh\u1ea5t khi s\u1eed d\u1ee5ng b\u1ed9t Tempura Lobo l\u00e0 pha b\u1ed9t v\u1edbi n\u01b0\u1edbc th\u1eadt l\u1ea1nh (<span class=\"math-inline\" data-math=\"160\\text{ml}\"><span class=\"katex\"><span class=\"katex-html\" aria-hidden=\"true\"><span class=\"base\"><span class=\"mord\">160<\/span><span class=\"mord text\"><span class=\"mord\">ml<\/span><\/span><\/span><\/span><\/span><\/span>\u00a0n\u01b0\u1edbc cho\u00a0<span class=\"math-inline\" data-math=\"100\\text{g}\"><span class=\"katex\"><span class=\"katex-html\" aria-hidden=\"true\"><span class=\"base\"><span class=\"mord\">100<\/span><span class=\"mord text\"><span class=\"mord\">g<\/span><\/span><\/span><\/span><\/span><\/span> b\u1ed9t). Nhi\u1ec7t \u0111\u1ed9 th\u1ea5p c\u1ee7a n\u01b0\u1edbc gi\u00fap h\u1ea1n ch\u1ebf s\u1ef1 h\u00ecnh th\u00e0nh Gluten trong b\u1ed9t m\u00ec, ng\u0103n v\u1ecf b\u00e1nh b\u1ecb dai v\u00e0 \u0111\u1ea3m b\u1ea3o \u0111\u1ed9 gi\u00f2n x\u1ed1p t\u1ed1i \u0111a khi ti\u1ebfp x\u00fac v\u1edbi d\u1ea7u n\u00f3ng.<\/p>\n<p data-path-to-node=\"22\">\u2013\u00a0<b>K\u1ef9 Thu\u1eadt Khu\u1ea5y B\u1ed9t S\u01a1 S\u00e0i<\/b>\u00a0\u2013 Kh\u00f4ng n\u00ean \u0111\u00e1nh b\u1ed9t qu\u00e1 k\u1ef9. Vi\u1ec7c \u0111\u1ec3 l\u1ea1i m\u1ed9t v\u00e0i c\u1ee5c b\u1ed9t nh\u1ecf li ti trong h\u1ed7n h\u1ee3p s\u1ebd gi\u00fap t\u1ea1o ra nh\u1eefng &#8220;v\u1ea3y gi\u00f2n&#8221; (Tenkasu) b\u00e1m quanh th\u1ef1c ph\u1ea9m, l\u00e0m t\u0103ng di\u1ec7n t\u00edch b\u1ec1 m\u1eb7t v\u00e0 \u0111\u1ed9 h\u1ea5p d\u1eabn cho m\u00f3n \u0103n.<\/p>\n<p data-path-to-node=\"22\"><img loading=\"lazy\" decoding=\"async\" class=\"aligncenter\" src=\"https:\/\/havamall.com\/wp-content\/uploads\/2025\/12\/prawn-tempura-cooking-process-02.jpg\" width=\"800\" height=\"900\" \/><\/p>\n<p data-path-to-node=\"23\">\u2013\u00a0<b>Nhi\u1ec7t \u0110\u1ed9 D\u1ea7u Chu\u1ea9n X\u00e1c<\/b>\u00a0\u2013 D\u1ea7u chi\u00ean c\u1ea7n \u0111\u01b0\u1ee3c duy tr\u00ec \u1edf m\u1ee9c\u00a0<span class=\"math-inline\" data-math=\"170\\text{\u00b0C}\"><span class=\"katex\"><span class=\"katex-html\" aria-hidden=\"true\"><span class=\"base\"><span class=\"mord\">170<\/span><span class=\"mord text\"><span class=\"mord\">\u00b0C<\/span><\/span><\/span><\/span><\/span><\/span>\u00a0\u0111\u1ebfn\u00a0<span class=\"math-inline\" data-math=\"180\\text{\u00b0C}\"><span class=\"katex\"><span class=\"katex-html\" aria-hidden=\"true\"><span class=\"base\"><span class=\"mord\">180<\/span><span class=\"mord text\"><span class=\"mord\">\u00b0C<\/span><\/span><\/span><\/span><\/span><\/span>. \u1ede nhi\u1ec7t \u0111\u1ed9 n\u00e0y, l\u1edbp v\u1ecf s\u1ebd ngay l\u1eadp t\u1ee9c ph\u1ed3ng n\u1edf v\u00e0 kh\u00f4 l\u1ea1i, t\u1ea1o ra m\u1ed9t l\u1edbp m\u00e0ng ng\u0103n d\u1ea7u th\u1ea5m v\u00e0o b\u00ean trong nguy\u00ean li\u1ec7u, gi\u1eef cho t\u00f4m ho\u1eb7c rau c\u1ee7 b\u00ean trong lu\u00f4n m\u1ecdng n\u01b0\u1edbc v\u00e0 ng\u1ecdt thanh.<\/p>\n<p data-path-to-node=\"24\">\u2013\u00a0<b>Ngh\u1ec7 Thu\u1eadt Th\u01b0\u1edfng Th\u1ee9c<\/b>\u00a0\u2013 Tempura ngon nh\u1ea5t khi d\u00f9ng ngay sau khi chi\u00ean, ch\u1ea5m c\u00f9ng n\u01b0\u1edbc t\u01b0\u01a1ng s\u00fap (Tentsuyu) c\u00f3 pha g\u1eebng v\u00e0 c\u1ee7 c\u1ea3i tr\u1eafng b\u00e0o m\u1ecbn \u0111\u1ec3 t\u1ea1o s\u1ef1 c\u00e2n b\u1eb1ng v\u1ecb gi\u00e1c ho\u00e0n h\u1ea3o.<\/p>\n<p data-path-to-node=\"24\"><img loading=\"lazy\" decoding=\"async\" class=\"aligncenter\" src=\"https:\/\/havamall.com\/wp-content\/uploads\/2025\/12\/frying-shrimp-tempura.jpg\" width=\"800\" height=\"533\" \/><\/p>\n<p data-path-to-node=\"24\"><img loading=\"lazy\" decoding=\"async\" class=\"aligncenter\" src=\"https:\/\/havamall.com\/wp-content\/uploads\/2025\/12\/tempura-dipping-sauce.jpg\" alt=\"Tempura Dipping Sauce Recipe (Tentsuyu) - Hungry Huy\" width=\"802\" height=\"534\" \/><\/p>\n<p data-path-to-node=\"26\"><b>B\u1ed9t Chi\u00ean X\u00f9 Tempura Lobo 100G<\/b> l\u00e0 gi\u1ea3i ph\u00e1p ho\u00e0n h\u1ea3o \u0111\u1ec3 bi\u1ebfn nh\u1eefng nguy\u00ean li\u1ec7u \u0111\u01a1n gi\u1ea3n h\u1eb1ng ng\u00e0y th\u00e0nh nh\u1eefng t\u00e1c ph\u1ea9m ngh\u1ec7 thu\u1eadt \u1ea9m th\u1ef1c gi\u00f2n tan, chu\u1ea9n v\u1ecb Nh\u1eadt B\u1ea3n. S\u1ea3n ph\u1ea9m \u0111\u01b0\u1ee3c\u00a0<b>Havamall<\/b>\u00a0cung c\u1ea5p cam k\u1ebft l\u00e0\u00a0<b>h\u00e0ng ch\u00ednh h\u00e3ng 100%<\/b>\u00a0t\u1eeb Th\u00e1i Lan, c\u00f3 \u0111\u1ea7y \u0111\u1ee7 ch\u1ee9ng nh\u1eadn Halal v\u00e0 an to\u00e0n v\u1ec7 sinh th\u1ef1c ph\u1ea9m.<\/p>\n<\/div>\n<\/div>\n<\/div>\n<\/div>","protected":false},"excerpt":{"rendered":"<p>TH\u00d4NG TIN S\u1ea2N PH\u1ea8M Th\u01b0\u01a1ng Hi\u1ec7u Lobo (Globo Foods Ltd.) Xu\u1ea5t X\u1ee9 Th\u00e1i Lan Kh\u1ed1i L\u01b0\u1ee3ng T\u1ecbnh 100g Th\u00e0nh Ph\u1ea7n<\/p>","protected":false},"featured_media":43951,"comment_status":"open","ping_status":"closed","template":"","meta":[],"product_brand":[],"product_cat":[730,154,595,134],"product_tag":[],"class_list":{"0":"post-43950","1":"product","2":"type-product","3":"status-publish","4":"has-post-thumbnail","6":"product_cat-cac-nuoc-khac","7":"product_cat-gia-vi","8":"product_cat-gia-vi-va-che-bien","9":"product_cat-thucpham-saykho","10":"pa_brand-lobo","12":"first","13":"instock","14":"sale","15":"shipping-taxable","16":"purchasable","17":"product-type-simple"},"_links":{"self":[{"href":"https:\/\/havamall.com\/en\/wp-json\/wp\/v2\/product\/43950","targetHints":{"allow":["GET"]}}],"collection":[{"href":"https:\/\/havamall.com\/en\/wp-json\/wp\/v2\/product"}],"about":[{"href":"https:\/\/havamall.com\/en\/wp-json\/wp\/v2\/types\/product"}],"replies":[{"embeddable":true,"href":"https:\/\/havamall.com\/en\/wp-json\/wp\/v2\/comments?post=43950"}],"version-history":[{"count":0,"href":"https:\/\/havamall.com\/en\/wp-json\/wp\/v2\/product\/43950\/revisions"}],"wp:featuredmedia":[{"embeddable":true,"href":"https:\/\/havamall.com\/en\/wp-json\/wp\/v2\/media\/43951"}],"wp:attachment":[{"href":"https:\/\/havamall.com\/en\/wp-json\/wp\/v2\/media?parent=43950"}],"wp:term":[{"taxonomy":"product_brand","embeddable":true,"href":"https:\/\/havamall.com\/en\/wp-json\/wp\/v2\/product_brand?post=43950"},{"taxonomy":"product_cat","embeddable":true,"href":"https:\/\/havamall.com\/en\/wp-json\/wp\/v2\/product_cat?post=43950"},{"taxonomy":"product_tag","embeddable":true,"href":"https:\/\/havamall.com\/en\/wp-json\/wp\/v2\/product_tag?post=43950"}],"curies":[{"name":"wp","href":"https:\/\/api.w.org\/{rel}","templated":true}]}}