{"id":4398,"date":"2018-05-22T21:12:55","date_gmt":"2018-05-22T14:12:55","guid":{"rendered":"https:\/\/havamall.com\/?post_type=product&#038;p=4398"},"modified":"2025-12-03T04:24:03","modified_gmt":"2025-12-02T21:24:03","slug":"dao-tuoi-dole-lon-820g","status":"publish","type":"product","link":"https:\/\/havamall.com\/en\/shop\/dao-tuoi-dole-lon-820g\/","title":{"rendered":"\u0110\u00e0o t\u01b0\u01a1i Dole lon 820g"},"content":{"rendered":"<div id=\"js-product-classifications\" class=\"col-sm-12 product-info\">\n<div class=\"panel panel-product-detail\">\n<div class=\"panel-body product-classifications product-detail__specs-modal\">\n<h3 class=\"product-detail__specs-title\"><strong>Th\u00f4ng tin s\u1ea3n ph\u1ea9m<span class=\"panel-serial-number\">\u00a0<\/span><\/strong><\/h3>\n<div id=\"js-product-detail__specs\" class=\"product-detail__specs\">\n<div class=\"row\">\n<div class=\"col-sm-12\">\n<div class=\"product-specs__table\">\n<table>\n<tbody>\n<tr>\n<td class=\"specs-table__property\">H\u1ea1n s\u1eed d\u1ee5ng<\/td>\n<td class=\"specs-table__value\">36 th\u00e1ng<\/td>\n<\/tr>\n<tr>\n<td class=\"specs-table__property\">Quy c\u00e1ch \u0111\u00f3ng g\u00f3i (s\u1ec9)<\/td>\n<td class=\"specs-table__value\">12 Lon<\/td>\n<\/tr>\n<tr>\n<td class=\"specs-table__property\">Kh\u1ed1i l\u01b0\u1ee3ng<\/td>\n<td class=\"specs-table__value\">820g<\/td>\n<\/tr>\n<tr>\n<td class=\"specs-table__property\">H\u01b0\u1edbng d\u1eabn s\u1eed d\u1ee5ng<\/td>\n<td class=\"specs-table__value\">D\u00f9ng tr\u1ef1c ti\u1ebfp ho\u1eb7c d\u00f9ng \u0111\u1ec3 ch\u1ebf bi\u1ebfn tr\u00e0 \u0111\u00e0o v\u00e0 c\u00e1c m\u00f3n tr\u00e1ng mi\u1ec7ng<\/td>\n<\/tr>\n<tr>\n<td class=\"specs-table__property\">Th\u00e0nh ph\u1ea7n nguy\u00ean li\u1ec7u<\/td>\n<td class=\"specs-table__value\">\u0110\u00e0o, n\u01b0\u1edbc, \u0111\u01b0\u1eddng, ch\u1ea5t \u0111i\u1ec1u ch\u1ec9nh \u0111\u1ed9 chua<\/td>\n<\/tr>\n<tr>\n<td class=\"specs-table__property\">H\u01b0\u1edbng d\u1eabn b\u1ea3o qu\u1ea3n<\/td>\n<td class=\"specs-table__value\">B\u1ea3o qu\u1ea3n n\u01a1i kh\u00f4 r\u00e1o tho\u00e1ng m\u00e1t. Sau khi m\u1edf, b\u1ea3o qu\u1ea3n l\u1ea1nh trong \u0111\u1ed3 \u0111\u1ef1ng b\u1eb1ng th\u1ee7y tinh ho\u1eb7c nh\u1ef1a v\u00e0 s\u1eed d\u1ee5ng trong 3 ng\u00e0y<\/td>\n<\/tr>\n<tr>\n<td class=\"specs-table__property\">Xu\u1ea5t x\u1ee9<\/td>\n<td class=\"specs-table__value\">Philippine<\/td>\n<\/tr>\n<\/tbody>\n<\/table>\n<\/div>\n<\/div>\n<\/div>\n<\/div>\n<\/div>\n<\/div>\n<\/div>\n<div class=\"col-sm-12 detail__info\">\n<div>\n<p><img fetchpriority=\"high\" decoding=\"async\" class=\"wp-image-25091 aligncenter\" src=\"https:\/\/havamall.com\/wp-content\/uploads\/2018\/05\/dao-tuoi-dole-820g-1-300x225.png\" alt=\"\" width=\"562\" height=\"423\" \/><\/p>\n<\/div>\n<div class=\"panel panel-product-detail\">\n<div class=\"panel-heading\"><strong>\u0110\u00e0o t\u01b0\u01a1i Dole<\/strong>\u00a0\u0111\u01b0\u1ee3c s\u1ea3n xu\u1ea5t theo c\u00f4ng ngh\u1ec7 hi\u1ec7n \u0111\u1ea1i, m\u1ecdi kh\u00e2u t\u1eeb tuy\u1ec3n ch\u1ecdn nguy\u00ean li\u1ec7u t\u1edbi ch\u1ebf bi\u1ebfn, \u0111\u00f3ng bao b\u00ec \u0111\u1ec1u di\u1ec5n ra kh\u00e9p k\u00edn d\u01b0\u1edbi s\u1ef1 gi\u00e1m s\u00e1t v\u00e0 ki\u1ec3m tra nghi\u00eam ng\u1eb7t. S\u1ea3n ph\u1ea9m kh\u00f4ng ch\u1ee9a h\u00f3a ch\u1ea5t, ch\u1ea5t b\u1ea3o qu\u1ea3n \u0111\u1ed9c h\u1ea1i, \u0111\u1ea3m b\u1ea3o an to\u00e0n cho s\u1ee9c kh\u1ecfe ng\u01b0\u1eddi ti\u00eau d\u00f9ng. S\u1ea3n ph\u1ea9m c\u00f3 h\u01b0\u01a1ng v\u1ecb th\u01a1m ngon c\u1ee7a nh\u1eefng nguy\u00ean li\u1ec7u t\u1ef1 nhi\u00ean \u0111\u01b0\u1ee3c ch\u1ecdn l\u1ecdc k\u1ef9 c\u00e0ng, s\u1ebd mang l\u1ea1i cho b\u1ea1n nh\u1eefng ph\u00fat gi\u1ea3i tr\u00ed v\u00e0 th\u01b0\u1edfng th\u1ee9c th\u1eadt tuy\u1ec7t v\u1eddi b\u00ean c\u1ea1nh b\u1ea1n b\u00e8 ho\u1eb7c ng\u01b0\u1eddi th\u00e2n.<\/div>\n<div><img decoding=\"async\" class=\"wp-image-25090 aligncenter\" src=\"https:\/\/havamall.com\/wp-content\/uploads\/2018\/05\/80276176_129711-300x200.png\" alt=\"\" width=\"581\" height=\"387\" \/><\/div>\n<div class=\"panel-body\">\n<div id=\"js-product-detail__description\" class=\"product-detail__description\">\n<p><strong>\u0110\u00e0o t\u01b0\u01a1i Dole\u00a0<\/strong>\u0111\u01b0\u1ee3c \u0111\u00f3ng lon\u00a0ti\u1ec7n d\u1ee5ng, d\u1ec5 b\u1ea3o qu\u1ea3n v\u00e0 d\u00f9ng \u0111\u01b0\u1ee3c l\u00e2u. B\u1ea1n c\u0169ng c\u00f3 th\u1ec3 mang theo d\u1ec5 d\u00e0ng trong nh\u1eefng chuy\u1ebfn \u0111i ch\u01a1i, picnic \u0111\u1ec3 c\u00f9ng chia s\u1ebb v\u1edbi m\u1ecdi ng\u01b0\u1eddi hay d\u00e0nh l\u00e0m qu\u00e0 t\u1eb7ng cho b\u1ea1n b\u00e8, ng\u01b0\u1eddi th\u00e2n.\u00a0S\u1ea3n ph\u1ea9m do Havamall ph\u00e2n ph\u1ed1i lu\u00f4n mang \u0111\u1ebfn ch\u1ea5t l\u01b0\u1ee3ng\u00a0t\u1ed1t nh\u1ea5t cho ng\u01b0\u1eddi ti\u00eau d\u00f9ng.<\/p>\n<p>\u0110\u00e0o ng\u00e2m Dole l\u00e0 nguy\u00ean li\u1ec7u ch\u00ednh d\u00f9ng \u0111\u1ec3 pha ch\u1ebf tr\u00e0 \u0111\u00e0o Hot nh\u1ea5t hi\u1ec7n nay. Mi\u1ebfng \u0111\u00e0o gi\u00f2n, chua nh\u1eb9 k\u1ebft h\u1ee3p v\u1edbi tr\u00e0 \u0111\u00e0o m\u00e1t l\u1ea1nh l\u00e0 m\u00f3n gi\u1ea3i kh\u00e1t b\u00e1n ch\u1ea1y nh\u1ea5t t\u1eeb caf\u00e9 sang tr\u1ecdng \u0111\u1ebfn h\u00e0ng qu\u00e1n v\u1ec9a h\u00e8<\/p>\n<p><img decoding=\"async\" class=\"wp-image-25088 aligncenter\" src=\"https:\/\/havamall.com\/wp-content\/uploads\/2018\/05\/50422490_105891108-283x300.png\" alt=\"\" width=\"584\" height=\"619\" \/><\/p>\n<p><em>S\u1eed d\u1ee5ng \u0111\u00e0o ng\u00e2m Dole \u0111\u1ec3 pha tr\u00e0 \u0111\u00e0o:\u00a0<\/em>Sau khi l\u1ecdc tr\u00e0 \u0111\u00e0o l\u1ea5y n\u01b0\u1edbc th\u00ec \u0111\u1ec3 mi\u1ebfng \u0111\u00e0o ng\u00e2m Dole l\u00ean tr\u00ean trang tr\u00ed (c\u00f3 th\u1ec3 \u0111\u1ec3 nguy\u00ean mi\u1ebfng ho\u1eb7c c\u1eaft m\u1ecfng t\u00f9y theo h\u00ecnh th\u1ee9c trang tr\u00ed). B\u1ecf th\u00eam 1 mu\u1ed7ng l\u1edbn sir\u00f4 trong h\u1ed9p v\u00e0o \u0111\u1ec3 t\u0103ng th\u00eam v\u1ecb \u0111\u00e0o<\/p>\n<p><em>C\u00e1ch b\u1ea3o qu\u1ea3n \u0111\u00e0o h\u1ed9p Dole:<\/em>\u00a0\u0110\u00f3ng h\u1ed9p ch\u1eafc ch\u1eafn n\u00ean c\u00f3 th\u1ec3 b\u1ea3o qu\u1ea3n b\u1ea5t c\u1ee9 \u0111\u00e2u. Tr\u00e1nh \u00e1nh n\u1eafng chi\u1ebfu tr\u1ef1c ti\u1ebfp v\u00e0o h\u1ed9p \u0111\u00e0o s\u1ebd l\u00e0m h\u1ed9p n\u00f3ng l\u00ean v\u00e0 c\u00f3 th\u1ec3 b\u1ecb h\u01b0. H\u1ed9p \u0111\u00e3 m\u1edf ra b\u1ea3o qu\u1ea3n t\u1ee7 m\u00e1t n\u1ebfu \u0111\u1ec3 s\u1eed d\u1ee5ng tr\u00ean 24h<\/p>\n<\/div>\n<\/div>\n<\/div>\n<\/div>","protected":false},"excerpt":{"rendered":"<p>Th\u00f4ng tin s\u1ea3n ph\u1ea9m\u00a0 H\u1ea1n s\u1eed d\u1ee5ng 36 th\u00e1ng Quy c\u00e1ch \u0111\u00f3ng g\u00f3i (s\u1ec9) 12 Lon Kh\u1ed1i l\u01b0\u1ee3ng 820g H\u01b0\u1edbng<\/p>","protected":false},"featured_media":29339,"comment_status":"open","ping_status":"closed","template":"","meta":[],"product_brand":[],"product_cat":[135,36,143],"product_tag":[],"class_list":{"0":"post-4398","1":"product","2":"type-product","3":"status-publish","4":"has-post-thumbnail","6":"product_cat-sua-do-uong","7":"product_cat-thuc-pham-tieu-dung","8":"product_cat-thuc-pham-dong-hop","9":"pa_brand-dole","11":"first","12":"instock","13":"sale","14":"shipping-taxable","15":"purchasable","16":"product-type-simple"},"_links":{"self":[{"href":"https:\/\/havamall.com\/en\/wp-json\/wp\/v2\/product\/4398","targetHints":{"allow":["GET"]}}],"collection":[{"href":"https:\/\/havamall.com\/en\/wp-json\/wp\/v2\/product"}],"about":[{"href":"https:\/\/havamall.com\/en\/wp-json\/wp\/v2\/types\/product"}],"replies":[{"embeddable":true,"href":"https:\/\/havamall.com\/en\/wp-json\/wp\/v2\/comments?post=4398"}],"version-history":[{"count":0,"href":"https:\/\/havamall.com\/en\/wp-json\/wp\/v2\/product\/4398\/revisions"}],"wp:featuredmedia":[{"embeddable":true,"href":"https:\/\/havamall.com\/en\/wp-json\/wp\/v2\/media\/29339"}],"wp:attachment":[{"href":"https:\/\/havamall.com\/en\/wp-json\/wp\/v2\/media?parent=4398"}],"wp:term":[{"taxonomy":"product_brand","embeddable":true,"href":"https:\/\/havamall.com\/en\/wp-json\/wp\/v2\/product_brand?post=4398"},{"taxonomy":"product_cat","embeddable":true,"href":"https:\/\/havamall.com\/en\/wp-json\/wp\/v2\/product_cat?post=4398"},{"taxonomy":"product_tag","embeddable":true,"href":"https:\/\/havamall.com\/en\/wp-json\/wp\/v2\/product_tag?post=4398"}],"curies":[{"name":"wp","href":"https:\/\/api.w.org\/{rel}","templated":true}]}}