{"id":44022,"date":"2025-12-23T15:42:18","date_gmt":"2025-12-23T08:42:18","guid":{"rendered":"https:\/\/havamall.com\/?post_type=product&#038;p=44022"},"modified":"2025-12-23T15:42:21","modified_gmt":"2025-12-23T08:42:21","slug":"ga-vien-nugget-nhan-pho-mai-miratorg-nhap-khau-nga-250g-miratorg-chicken-nuggets-with-cheese","status":"publish","type":"product","link":"https:\/\/havamall.com\/en\/shop\/ga-vien-nugget-nhan-pho-mai-miratorg-nhap-khau-nga-250g-miratorg-chicken-nuggets-with-cheese\/","title":{"rendered":"G\u00e0 Vi\u00ean Nugget Nh\u00e2n Ph\u00f4 Mai Miratorg Nh\u1eadp Kh\u1ea9u Nga 250g \u2013 Miratorg Chicken Nuggets With Cheese"},"content":{"rendered":"<h2 data-start=\"184\" data-end=\"214\"><strong data-start=\"187\" data-end=\"214\">TH\u00d4NG TIN S\u1ea2N PH\u1ea8M<\/strong><\/h2>\n<div class=\"TyagGW_tableContainer\">\n<div class=\"group TyagGW_tableWrapper flex w-fit flex-col-reverse\" tabindex=\"-1\">\n<table style=\"width: 69.7797%; height: 145px;\" data-path-to-node=\"2\">\n<tbody>\n<tr>\n<td><span data-path-to-node=\"2,1,0,0\"><b data-path-to-node=\"2,1,0,0\" data-index-in-node=\"0\">Th\u01b0\u01a1ng hi\u1ec7u<\/b><\/span><\/td>\n<td><span data-path-to-node=\"2,1,1,0\">Miratorg<\/span><\/td>\n<\/tr>\n<tr>\n<td><span data-path-to-node=\"2,2,0,0\"><b data-path-to-node=\"2,2,0,0\" data-index-in-node=\"0\">Xu\u1ea5t x\u1ee9<\/b><\/span><\/td>\n<td><span data-path-to-node=\"2,2,1,0\">Nga<\/span><\/td>\n<\/tr>\n<tr>\n<td><span data-path-to-node=\"2,3,0,0\"><b data-path-to-node=\"2,3,0,0\" data-index-in-node=\"0\">Th\u00e0nh ph\u1ea7n<\/b><\/span><\/td>\n<td><span data-path-to-node=\"2,3,1,0\">Th\u1ecbt \u1ee9c g\u00e0, ph\u00f4 mai mi\u1ebfng, b\u1ed9t chi\u00ean x\u00f9, n\u01b0\u1edbc, d\u1ea7u th\u1ef1c v\u1eadt, mu\u1ed1i, gia v\u1ecb t\u1ef1 nhi\u00ean.<\/span><\/td>\n<\/tr>\n<tr>\n<td><span data-path-to-node=\"2,4,0,0\"><b data-path-to-node=\"2,4,0,0\" data-index-in-node=\"0\">H\u1ea1n s\u1eed d\u1ee5ng<\/b><\/span><\/td>\n<td><span data-path-to-node=\"2,4,1,0\">12 th\u00e1ng k\u1ec3 t\u1eeb ng\u00e0y s\u1ea3n xu\u1ea5t (b\u1ea3o qu\u1ea3n \u0111\u00f4ng l\u1ea1nh)<\/span><\/td>\n<\/tr>\n<tr>\n<td><span data-path-to-node=\"2,5,0,0\"><b data-path-to-node=\"2,5,0,0\" data-index-in-node=\"0\">B\u1ea3o qu\u1ea3n<\/b><\/span><\/td>\n<td><span data-path-to-node=\"2,5,1,0\">Ng\u0103n \u0111\u00f4ng t\u1ee7 l\u1ea1nh \u1edf nhi\u1ec7t \u0111\u1ed9 -18\u00b0C<\/span><\/td>\n<\/tr>\n<tr>\n<td><span data-path-to-node=\"2,6,0,0\"><b data-path-to-node=\"2,6,0,0\" data-index-in-node=\"0\">Kh\u1ed1i l\u01b0\u1ee3ng<\/b><\/span><\/td>\n<td><span data-path-to-node=\"2,6,1,0\">250g<\/span><\/td>\n<\/tr>\n<\/tbody>\n<\/table>\n<p>Miratorg t\u1eeb l\u00e2u \u0111\u00e3 kh\u1eb3ng \u0111\u1ecbnh v\u1ecb th\u1ebf l\u00e0 nh\u00e0 s\u1ea3n xu\u1ea5t th\u1ecbt h\u00e0ng \u0111\u1ea7u t\u1ea1i Nga v\u1edbi quy tr\u00ecnh ch\u0103n nu\u00f4i v\u00e0 ch\u1ebf bi\u1ebfn kh\u00e9p k\u00edn hi\u1ec7n \u0111\u1ea1i. G\u00e0 vi\u00ean Nugget nh\u00e2n ph\u00f4 mai kh\u00f4ng ch\u1ec9 \u0111\u01a1n thu\u1ea7n l\u00e0 m\u1ed9t m\u00f3n \u0103n nh\u1eb9, m\u00e0 c\u00f2n l\u00e0 s\u1ef1 k\u1ebft tinh c\u1ee7a ti\u00eau chu\u1ea9n ch\u1ea5t l\u01b0\u1ee3ng ch\u00e2u \u00c2u. Kh\u00e1c v\u1edbi nh\u1eefng d\u00f2ng Nugget th\u00f4ng th\u01b0\u1eddng s\u1eed d\u1ee5ng th\u1ecbt xay h\u1ed7n h\u1ee3p, Miratorg ch\u00fa tr\u1ecdng s\u1eed d\u1ee5ng ph\u1ea7n th\u1ecbt \u1ee9c g\u00e0 t\u01b0\u01a1i ngon, gi\u00fap gi\u1eef tr\u1ecdn \u0111\u1ed9 ng\u1ecdt v\u00e0 h\u00e0m l\u01b0\u1ee3ng dinh d\u01b0\u1ee1ng cao nh\u1ea5t trong t\u1eebng mi\u1ebfng b\u00e1nh.<\/p>\n<p><img fetchpriority=\"high\" decoding=\"async\" class=\"aligncenter\" src=\"https:\/\/havamall.com\/wp-content\/uploads\/2025\/12\/orig.jpg\" width=\"801\" height=\"1000\" \/><\/p>\n<\/div>\n<p>G\u00e0 vi\u00ean c\u00f3 h\u00ecnh d\u1ea1ng vi\u00ean tr\u00f2n d\u1eb9t, k\u00edch th\u01b0\u1edbc v\u1eeba mi\u1ec7ng, \u0111\u01b0\u1ee3c bao ph\u1ee7 ho\u00e0n to\u00e0n b\u1edfi m\u1ed9t l\u1edbp b\u1ed9t chi\u00ean x\u00f9 h\u1ea1t nh\u1ecf, \u0111\u1ed3ng nh\u1ea5t v\u1ec1 m\u00e0u s\u1eafc. Khi ch\u01b0a ch\u1ebf bi\u1ebfn, l\u1edbp b\u1ed9t c\u00f3 m\u00e0u v\u00e0ng nh\u1ea1t v\u00e0 b\u00e1m ch\u1eafc v\u00e0o ph\u1ea7n th\u1ecbt, kh\u00f4ng b\u1ecb r\u01a1i v\u1ee5n trong bao b\u00ec.<\/p>\n<p><img decoding=\"async\" class=\"aligncenter size-full wp-image-44024\" src=\"https:\/\/havamall.com\/wp-content\/uploads\/2025\/12\/4y8Sbg4nj5R0f7SmPhFMBQ.jpg\" alt=\"\" width=\"897\" height=\"1187\" srcset=\"https:\/\/havamall.com\/wp-content\/uploads\/2025\/12\/4y8Sbg4nj5R0f7SmPhFMBQ.jpg 897w, https:\/\/havamall.com\/wp-content\/uploads\/2025\/12\/4y8Sbg4nj5R0f7SmPhFMBQ-9x12.jpg 9w, https:\/\/havamall.com\/wp-content\/uploads\/2025\/12\/4y8Sbg4nj5R0f7SmPhFMBQ-600x794.jpg 600w, https:\/\/havamall.com\/wp-content\/uploads\/2025\/12\/4y8Sbg4nj5R0f7SmPhFMBQ-150x198.jpg 150w\" sizes=\"(max-width: 897px) 100vw, 897px\" \/><\/p>\n<p>\u2013 L\u1edbp v\u1ecf ngo\u00e0i: Sau khi chi\u00ean ho\u1eb7c n\u01b0\u1edbng, l\u1edbp b\u1ed9t x\u00f9 chuy\u1ec3n sang m\u00e0u v\u00e0ng s\u1eadm, t\u1ea1o th\u00e0nh m\u1ed9t l\u1edbp ng\u0103n c\u00e1ch m\u1ecfng nh\u01b0ng c\u00f3 \u0111\u1ed9 gi\u00f2n c\u1ee9ng r\u00f5 r\u1ec7t. L\u1edbp v\u1ecf n\u00e0y c\u00f3 \u0111\u1eb7c t\u00ednh \u00edt th\u1ea5m h\u00fat d\u1ea7u, gi\u00fap mi\u1ebfng g\u00e0 kh\u00f4 r\u00e1o v\u00e0 gi\u1eef \u0111\u01b0\u1ee3c \u0111\u1ed9 gi\u00f2n l\u00e2u sau khi l\u1ea5y ra kh\u1ecfi nhi\u1ec7t.<\/p>\n<p>\u2013 Ph\u1ea7n th\u1ecbt g\u00e0: N\u1eb1m ngay d\u01b0\u1edbi l\u1edbp v\u1ecf l\u00e0 ph\u1ea7n th\u1ecbt \u1ee9c g\u00e0 c\u00f3 m\u00e0u tr\u1eafng \u0111\u1eb7c tr\u01b0ng, k\u1ebft c\u1ea5u th\u1ecbt ch\u1eafc v\u00e0 gi\u1eef \u0111\u01b0\u1ee3c \u0111\u1ed9 \u1ea9m t\u1ef1 nhi\u00ean, kh\u00f4ng b\u1ecb kh\u00f4 hay b\u1edf. Khi \u0103n, ng\u01b0\u1eddi d\u00f9ng c\u00f3 th\u1ec3 c\u1ea3m nh\u1eadn \u0111\u01b0\u1ee3c \u0111\u1ed9 \u0111\u00e0n h\u1ed3i c\u1ee7a s\u1ee3i th\u1ecbt g\u00e0 t\u01b0\u01a1i ch\u1ee9 kh\u00f4ng ph\u1ea3i d\u1ea1ng b\u1ed9t m\u1ecbn.<\/p>\n<p><img decoding=\"async\" class=\"aligncenter\" src=\"https:\/\/instagram.fsgn19-1.fna.fbcdn.net\/v\/t51.82787-15\/527302338_18070140773276910_1537532531659866698_n.jpg?stp=dst-jpegr_e35_tt6&amp;_nc_cat=102&amp;ig_cache_key=MzY5MTI0ODEzNDAyNzQxNDg3Mw%3D%3D.3-ccb7-5&amp;ccb=7-5&amp;_nc_sid=58cdad&amp;efg=eyJ2ZW5jb2RlX3RhZyI6InhwaWRzLjE0NDB4MTQ0MC5oZHIuQzMifQ%3D%3D&amp;_nc_ohc=J5CSeD96RA4Q7kNvwF-Ojxw&amp;_nc_oc=AdlP1TNvelvjkIxs1P8KT_mswrhX_a_7tNlNekJGY8IJsghUXxQmUdZ7k44UVPp_bgedn7eSqsq7MoWzei-GSfo0&amp;_nc_ad=z-m&amp;_nc_cid=0&amp;_nc_zt=23&amp;_nc_ht=instagram.fsgn19-1.fna&amp;_nc_gid=U3KqDR2QwhZeiGrvMwQ0tA&amp;oh=00_Afkm2YOfQEjiPFJFT_zhvQtrbCoUmZqDJdQNrMKeQn4k4Q&amp;oe=694FBE00\" width=\"800\" height=\"800\" \/><\/p>\n<p>\u2013 Nh\u00e2n ph\u00f4 mai: L\u00e0 m\u1ed9t l\u00f5i ph\u00f4 mai \u0111\u1eadm \u0111\u1eb7c. Khi \u0111\u1ea1t \u0111\u1ee7 nhi\u1ec7t \u0111\u1ed9, ph\u00f4 mai chuy\u1ec3n sang tr\u1ea1ng th\u00e1i l\u1ecfng s\u1ec7t, c\u00f3 m\u00e0u v\u00e0ng t\u01b0\u01a1i v\u00e0 c\u00f3 kh\u1ea3 n\u0103ng k\u00e9o s\u1ee3i nh\u1eb9. V\u1ecb ph\u00f4 mai c\u00f3 \u0111\u1ed9 m\u1eb7n nh\u1eb9 v\u00e0 m\u00f9i th\u01a1m \u0111\u1eb7c tr\u01b0ng c\u1ee7a s\u1eefa, quy\u1ec7n tr\u1ef1c ti\u1ebfp v\u00e0o ph\u1ea7n th\u1ecbt g\u00e0 t\u1ea1o n\u00ean \u0111\u1ed9 m\u1ec1m m\u1ecbn khi nhai.<\/p>\n<\/div>\n<p data-path-to-node=\"11\">V\u1edbi th\u00e0nh ph\u1ea7n ch\u1ee7 \u0111\u1ea1o l\u00e0 th\u1ecbt \u1ee9c g\u00e0, s\u1ea3n ph\u1ea9m cung c\u1ea5p h\u00e0m l\u01b0\u1ee3ng \u0111\u1ea1m cao v\u00e0 \u00edt ch\u1ea5t b\u00e9o x\u1ea5u, ph\u00f9 h\u1ee3p cho kh\u1ea9u ph\u1ea7n \u0103n c\u1ee7a tr\u1ebb em v\u00e0 ng\u01b0\u1eddi c\u1ea7n b\u1ed5 sung n\u0103ng l\u01b0\u1ee3ng. S\u1ef1 k\u1ebft h\u1ee3p gi\u1eefa th\u1ecbt v\u00e0 ph\u00f4 mai gi\u00fap m\u00f3n \u0103n c\u00f3 \u0111\u1ea7y \u0111\u1ee7 nh\u00f3m ch\u1ea5t c\u01a1 b\u1ea3n, h\u1ed7 tr\u1ee3 b\u1eefa \u0103n th\u00eam phong ph\u00fa.<\/p>\n<p data-path-to-node=\"11\"><img loading=\"lazy\" decoding=\"async\" class=\"aligncenter\" src=\"https:\/\/havamall.com\/wp-content\/uploads\/2025\/12\/leon-jack-wings.jpg\" alt=\"Fast food chain Leon to launch vegan ice cream and plant-based 'cheesy'  nuggets | The Independent | The Independent\" width=\"800\" height=\"533\" \/><\/p>\n<h3 data-path-to-node=\"10\">C\u00c1CH CH\u1ebe BI\u1ebeN:<\/h3>\n<p>\u2013 N\u1ed3i chi\u00ean kh\u00f4ng d\u1ea7u: S\u1eafp x\u1ebfp c\u00e1c vi\u00ean g\u00e0 kh\u00f4ng ch\u1ed3ng l\u00ean nhau, set nhi\u1ec7t 180\u00b0C &#8211; 200\u00b0C trong kho\u1ea3ng 6 \u2013 8 ph\u00fat cho \u0111\u1ebfn khi v\u1ecf b\u00e1nh ph\u1ed3ng nh\u1eb9 v\u00e0 v\u00e0ng \u0111\u1ec1u.<\/p>\n<p>\u2013 Chi\u00ean ng\u1eadp d\u1ea7u: \u0110un d\u1ea7u n\u00f3ng gi\u00e0, cho g\u00e0 v\u00e0o chi\u00ean trong kho\u1ea3ng 3 \u2013 5 ph\u00fat. Ph\u01b0\u01a1ng ph\u00e1p n\u00e0y s\u1ebd l\u00e0m ph\u1ea7n nh\u00e2n ph\u00f4 mai b\u00ean trong tan ch\u1ea3y m\u1ea1nh nh\u1ea5t.<\/p>\n<p>\u2013 S\u1eed d\u1ee5ng k\u00e8m: S\u1ea3n ph\u1ea9m ngon nh\u1ea5t khi d\u00f9ng n\u00f3ng, ch\u1ea5m c\u00f9ng t\u01b0\u01a1ng c\u00e0, t\u01b0\u01a1ng \u1edbt ho\u1eb7c x\u1ed1t m\u00f9 t\u1ea1t m\u1eadt ong \u0111\u1ec3 c\u00e2n b\u1eb1ng v\u1ecb b\u00e9o c\u1ee7a ph\u00f4 mai.<\/p>\n<p><img loading=\"lazy\" decoding=\"async\" class=\"aligncenter\" src=\"https:\/\/havamall.com\/wp-content\/uploads\/2025\/12\/IHP_BBQChickenNugget_HERO.jpg\" alt=\"BBQ Chicken Nuggets with Mac and Cheese\" width=\"801\" height=\"534\" \/><\/p>\n<p data-path-to-node=\"14\">S\u1ea3n ph\u1ea9m G\u00e0 Vi\u00ean Nugget Nh\u00e2n Ph\u00f4 Mai Miratorg \u0111\u01b0\u1ee3c nh\u1eadp kh\u1ea9u tr\u1ef1c ti\u1ebfp t\u1eeb Nga v\u1edbi \u0111\u1ea7y \u0111\u1ee7 gi\u1ea5y t\u1edd ki\u1ec3m duy\u1ec7t v\u00e0 tem ph\u1ee5 ti\u1ebfng Vi\u1ec7t theo quy \u0111\u1ecbnh. Bao b\u00ec \u0111\u00f3ng g\u00f3i ch\u1eafc ch\u1eafn, th\u00f4ng tin r\u00f5 r\u00e0ng, \u0111\u1ea3m b\u1ea3o quy tr\u00ecnh b\u1ea3o qu\u1ea3n l\u1ea1nh xuy\u00ean su\u1ed1t t\u1eeb nh\u00e0 m\u00e1y v\u1ec1 \u0111\u1ebfn tay kh\u00e1ch h\u00e0ng, hi\u1ec7n \u0111ang \u0111\u01b0\u1ee3c b\u00e1n t\u1ea1i Havamall, \u0111\u01a1n v\u1ecb chuy\u00ean ph\u00e2n ph\u1ed1i th\u1ef1c ph\u1ea9m nh\u1eadp kh\u1ea9u uy t\u00edn, cam k\u1ebft h\u00e0ng ch\u00ednh h\u00e3ng 100%.<\/p>","protected":false},"excerpt":{"rendered":"<p>TH\u00d4NG TIN S\u1ea2N PH\u1ea8M Th\u01b0\u01a1ng hi\u1ec7u Miratorg Xu\u1ea5t x\u1ee9 Nga Th\u00e0nh ph\u1ea7n Th\u1ecbt \u1ee9c g\u00e0, ph\u00f4 mai mi\u1ebfng, b\u1ed9t chi\u00ean<\/p>","protected":false},"featured_media":44023,"comment_status":"open","ping_status":"closed","template":"","meta":[],"product_brand":[],"product_cat":[729,275],"product_tag":[],"class_list":{"0":"post-44022","1":"product","2":"type-product","3":"status-publish","4":"has-post-thumbnail","6":"product_cat-nhap-khau-nga","7":"product_cat-thuc-pham-dong-lanh","9":"first","10":"instock","11":"sale","12":"shipping-taxable","13":"purchasable","14":"product-type-simple"},"_links":{"self":[{"href":"https:\/\/havamall.com\/en\/wp-json\/wp\/v2\/product\/44022","targetHints":{"allow":["GET"]}}],"collection":[{"href":"https:\/\/havamall.com\/en\/wp-json\/wp\/v2\/product"}],"about":[{"href":"https:\/\/havamall.com\/en\/wp-json\/wp\/v2\/types\/product"}],"replies":[{"embeddable":true,"href":"https:\/\/havamall.com\/en\/wp-json\/wp\/v2\/comments?post=44022"}],"version-history":[{"count":0,"href":"https:\/\/havamall.com\/en\/wp-json\/wp\/v2\/product\/44022\/revisions"}],"wp:featuredmedia":[{"embeddable":true,"href":"https:\/\/havamall.com\/en\/wp-json\/wp\/v2\/media\/44023"}],"wp:attachment":[{"href":"https:\/\/havamall.com\/en\/wp-json\/wp\/v2\/media?parent=44022"}],"wp:term":[{"taxonomy":"product_brand","embeddable":true,"href":"https:\/\/havamall.com\/en\/wp-json\/wp\/v2\/product_brand?post=44022"},{"taxonomy":"product_cat","embeddable":true,"href":"https:\/\/havamall.com\/en\/wp-json\/wp\/v2\/product_cat?post=44022"},{"taxonomy":"product_tag","embeddable":true,"href":"https:\/\/havamall.com\/en\/wp-json\/wp\/v2\/product_tag?post=44022"}],"curies":[{"name":"wp","href":"https:\/\/api.w.org\/{rel}","templated":true}]}}