{"id":44060,"date":"2025-12-26T15:28:12","date_gmt":"2025-12-26T08:28:12","guid":{"rendered":"https:\/\/havamall.com\/?post_type=product&#038;p=44060"},"modified":"2026-02-08T14:38:49","modified_gmt":"2026-02-08T07:38:49","slug":"keo-sua-nen-truyen-thong-vi-sua-va-dau-nhap-khau-y-galatine-lon-thiec-150g-galatine-the-original-milk-candy-tablet","status":"publish","type":"product","link":"https:\/\/havamall.com\/en\/shop\/keo-sua-nen-truyen-thong-vi-sua-va-dau-nhap-khau-y-galatine-lon-thiec-150g-galatine-the-original-milk-candy-tablet\/","title":{"rendered":"K\u1eb9o S\u1eefa N\u00e9n Truy\u1ec1n Th\u1ed1ng V\u1ecb S\u1eefa V\u00e0 D\u00e2u Nh\u1eadp Kh\u1ea9u \u00dd Galatine Lon Thi\u1ebfc 150g \u2013 Galatine The Original Milk Candy Tablet"},"content":{"rendered":"<h2 data-pm-slice=\"1 3 []\">TH\u00d4NG TIN S\u1ea2N PH\u1ea8M<\/h2>\n<table data-path-to-node=\"5\">\n<tbody>\n<tr>\n<td><span data-path-to-node=\"5,1,0,0\"><b data-path-to-node=\"5,1,0,0\" data-index-in-node=\"0\">Th\u01b0\u01a1ng hi\u1ec7u<\/b><\/span><\/td>\n<td><span data-path-to-node=\"5,1,1,0\">Galatine (Sperlari)<\/span><\/td>\n<\/tr>\n<tr>\n<td><span data-path-to-node=\"5,2,0,0\"><b data-path-to-node=\"5,2,0,0\" data-index-in-node=\"0\">Xu\u1ea5t x\u1ee9<\/b><\/span><\/td>\n<td><span data-path-to-node=\"5,2,1,0\">\u00dd (Italy)<\/span><\/td>\n<\/tr>\n<tr>\n<td><span data-path-to-node=\"5,3,0,0\"><b data-path-to-node=\"5,3,0,0\" data-index-in-node=\"0\">Th\u00e0nh ph\u1ea7n<\/b><\/span><\/td>\n<td><span data-path-to-node=\"5,3,1,0\">S\u1eefa t\u01b0\u01a1i ti\u1ec7t tr\u00f9ng, s\u1eefa b\u1ed9t t\u00e1ch b\u00e9o, \u0111\u01b0\u1eddng, siro glucose, m\u1eadt ong, socola (\u0111\u1ed1i v\u1edbi d\u00f2ng socola), h\u01b0\u01a1ng t\u1ef1 nhi\u00ean.<\/span><\/td>\n<\/tr>\n<tr>\n<td><span data-path-to-node=\"5,4,0,0\"><b data-path-to-node=\"5,4,0,0\" data-index-in-node=\"0\">H\u1ea1n s\u1eed d\u1ee5ng<\/b><\/span><\/td>\n<td><span data-path-to-node=\"5,4,1,0\">24 th\u00e1ng k\u1ec3 t\u1eeb ng\u00e0y s\u1ea3n xu\u1ea5t<\/span><\/td>\n<\/tr>\n<tr>\n<td><span data-path-to-node=\"5,5,0,0\"><b data-path-to-node=\"5,5,0,0\" data-index-in-node=\"0\">B\u1ea3o qu\u1ea3n<\/b><\/span><\/td>\n<td><span data-path-to-node=\"5,5,1,0\">N\u01a1i kh\u00f4 r\u00e1o, tho\u00e1ng m\u00e1t, tr\u00e1nh \u00e1nh n\u1eafng tr\u1ef1c ti\u1ebfp v\u00e0 nhi\u1ec7t \u0111\u1ed9 cao<\/span><\/td>\n<\/tr>\n<tr>\n<td><span data-path-to-node=\"5,6,0,0\"><b data-path-to-node=\"5,6,0,0\" data-index-in-node=\"0\">Kh\u1ed1i l\u01b0\u1ee3ng<\/b><\/span><\/td>\n<td><span data-path-to-node=\"5,6,1,0\">150g<\/span><\/td>\n<\/tr>\n<\/tbody>\n<\/table>\n<p>Ra \u0111\u1eddi t\u1eeb n\u0103m 1956 t\u1ea1i \u00dd, Galatine kh\u00f4ng ch\u1ec9 \u0111\u01a1n thu\u1ea7n l\u00e0 m\u1ed9t lo\u1ea1i k\u1eb9o m\u00e0 \u0111\u00e3 tr\u1edf th\u00e0nh &#8220;bi\u1ec3u t\u01b0\u1ee3ng qu\u1ed1c d\u00e2n&#8221; g\u1eafn li\u1ec1n v\u1edbi tu\u1ed5i th\u01a1 c\u1ee7a nhi\u1ec1u th\u1ebf h\u1ec7 ng\u01b0\u1eddi d\u00e2n x\u1ee9 s\u1edf h\u00ecnh chi\u1ebfc \u1ee7ng. Th\u01b0\u01a1ng hi\u1ec7u n\u00e0y thu\u1ed9c s\u1edf h\u1eefu c\u1ee7a Sperlari \u2013 m\u1ed9t trong nh\u1eefng t\u1eadp \u0111o\u00e0n s\u1ea3n xu\u1ea5t b\u00e1nh k\u1eb9o l\u00e2u \u0111\u1eddi v\u00e0 uy t\u00edn nh\u1ea5t n\u01b0\u1edbc \u00dd. \u0110i\u1ec3m l\u00e0m n\u00ean s\u1ef1 kh\u00e1c bi\u1ec7t c\u1ee7a Galatine ch\u00ednh l\u00e0 tri\u1ebft l\u00fd s\u1ea3n xu\u1ea5t &#8220;Simple &amp; Natural&#8221;. Thay v\u00ec s\u1eed d\u1ee5ng h\u01b0\u01a1ng li\u1ec7u h\u00f3a h\u1ecdc, m\u1ed7i vi\u00ean k\u1eb9o l\u00e0 s\u1ef1 k\u1ebft tinh t\u1eeb s\u1eefa t\u01b0\u01a1i th\u01b0\u1ee3ng h\u1ea1ng, m\u1eadt ong t\u1ef1 nhi\u00ean v\u00e0 s\u1eefa chua. V\u1edbi thi\u1ebft k\u1ebf lon thi\u1ebfc h\u00ecnh b\u00ecnh \u0111\u1ef1ng s\u1eefa c\u1ed5 \u0111i\u1ec3n v\u00f4 c\u00f9ng sang tr\u1ecdng, \u0111\u00e2y kh\u00f4ng ch\u1ec9 l\u00e0 m\u00f3n \u0103n v\u1eb7t ch\u1ea5t l\u01b0\u1ee3ng m\u00e0 c\u00f2n l\u00e0 m\u00f3n qu\u00e0 tinh t\u1ebf cho s\u1ee9c kh\u1ecfe.<\/p>\n<p><img fetchpriority=\"high\" decoding=\"async\" class=\"aligncenter wp-image-44062\" src=\"https:\/\/havamall.com\/wp-content\/uploads\/2025\/12\/z7367200907022_e4b715a13bf2335282241e14f548f67d.jpg\" alt=\"\" width=\"800\" height=\"800\" srcset=\"https:\/\/havamall.com\/wp-content\/uploads\/2025\/12\/z7367200907022_e4b715a13bf2335282241e14f548f67d.jpg 1926w, https:\/\/havamall.com\/wp-content\/uploads\/2025\/12\/z7367200907022_e4b715a13bf2335282241e14f548f67d-12x12.jpg 12w, https:\/\/havamall.com\/wp-content\/uploads\/2025\/12\/z7367200907022_e4b715a13bf2335282241e14f548f67d-600x600.jpg 600w, https:\/\/havamall.com\/wp-content\/uploads\/2025\/12\/z7367200907022_e4b715a13bf2335282241e14f548f67d-1200x1200.jpg 1200w\" sizes=\"(max-width: 800px) 100vw, 800px\" \/><\/p>\n<h3 data-path-to-node=\"10\">\u0110\u1eb6C \u0110I\u1ec2M N\u1ed4I B\u1eacT<\/h3>\n<p data-path-to-node=\"13\">S\u1ef1 kh\u00e1c bi\u1ec7t c\u1ee7a Galatine n\u1eb1m \u1edf k\u1ebft c\u1ea5u vi\u00ean n\u00e9n \u0111\u1ed9c b\u1ea3n, kh\u00f4ng gi\u1ed1ng v\u1edbi b\u1ea5t k\u1ef3 lo\u1ea1i k\u1eb9o s\u1eefa d\u1ebbo hay k\u1eb9o c\u1ee9ng n\u00e0o tr\u00ean th\u1ecb tr\u01b0\u1eddng. Khi c\u1ea7m tr\u00ean tay, vi\u00ean k\u1eb9o c\u00f3 \u0111\u1ed9 c\u1ee9ng c\u00e1p, b\u1ec1 m\u1eb7t \u0111\u01b0\u1ee3c n\u00e9n ph\u1eb3ng m\u1ecbn, kh\u00f4 r\u00e1o v\u00e0 kh\u00f4ng h\u1ec1 g\u00e2y c\u1ea3m gi\u00e1c d\u00ednh tay hay \u0111\u1ec3 l\u1ea1i l\u1edbp b\u1ed9t d\u01b0 th\u1eeba.<\/p>\n<p data-path-to-node=\"13\">\u2013\u00a0<b data-path-to-node=\"4\" data-index-in-node=\"2\">V\u1ec1 h\u00ecnh th\u00e1i:<\/b>\u00a0Nh\u1eefng vi\u00ean k\u1eb9o h\u00ecnh tr\u00f2n d\u1eb9t nh\u01b0 m\u1ed9t chi\u1ebfc b\u00e1nh quy thu nh\u1ecf. D\u00f2ng truy\u1ec1n th\u1ed1ng mang m\u00e0u tr\u1eafng \u0111\u1ee5c c\u1ee7a s\u1eefa t\u01b0\u01a1i nguy\u00ean b\u1ea3n, trong khi d\u00f2ng v\u1ecb d\u00e2u s\u1edf h\u1eefu s\u1eafc h\u1ed3ng pastel nh\u1eb9 nh\u00e0ng, \u0111i\u1ec3m xuy\u1ebft nh\u1eefng h\u1ea1t tinh ch\u1ea5t d\u00e2u li ti \u1ea9n hi\u1ec7n tr\u00ean b\u1ec1 m\u1eb7t, t\u1ea1o n\u00ean c\u1ea3m gi\u00e1c r\u1ea5t t\u1ef1 nhi\u00ean v\u00e0 ngon m\u1eaft.<\/p>\n<p data-path-to-node=\"13\">\u2013\u00a0<b data-path-to-node=\"4\" data-index-in-node=\"302\">V\u1ec1 h\u01b0\u01a1ng v\u1ecb v\u00e0 tr\u1ea3i nghi\u1ec7m v\u1ecb gi\u00e1c:<\/b><\/p>\n<p data-path-to-node=\"13\"><b data-path-to-node=\"4\" data-index-in-node=\"340\">K\u1eb9o s\u1eefa n\u00e9n truy\u1ec1n th\u1ed1ng:<\/b> Ngay khi m\u1edf l\u1edbp v\u1ecf gi\u1ea5y b\u1ea1c, m\u00f9i th\u01a1m b\u00e9o ng\u1eady c\u1ee7a s\u1eefa t\u01b0\u01a1i v\u00f9ng \u0110\u1ecba Trung H\u1ea3i lan t\u1ecfa ngay l\u1eadp t\u1ee9c. Khi \u0111\u1eb7t vi\u00ean k\u1eb9o v\u00e0o mi\u1ec7ng, c\u1ea3m gi\u00e1c \u0111\u1ea7u ti\u00ean l\u00e0 \u0111\u1ed9 ch\u1eafc c\u1ee7a vi\u00ean n\u00e9n, nh\u01b0ng ch\u1ec9 sau v\u00e0i gi\u00e2y ti\u1ebfp x\u00fac v\u1edbi nhi\u1ec7t \u0111\u1ed9 khoang mi\u1ec7ng, vi\u00ean k\u1eb9o b\u1eaft \u0111\u1ea7u tan ra m\u1ed9t c\u00e1ch m\u01b0\u1ee3t m\u00e0. V\u1ecb ng\u1ecdt thanh t\u1eeb m\u1eadt ong v\u00e0 s\u1eefa chua s\u1ebd d\u1ea7n chi\u1ebfm l\u1ea5y v\u1ecb gi\u00e1c, t\u1ea1o n\u00ean m\u1ed9t l\u1edbp x\u1ed1t s\u1eefa m\u1ecbn m\u00e0ng bao ph\u1ee7 l\u1ea5y l\u01b0\u1ee1i. H\u1eadu v\u1ecb c\u1ee7a k\u1eb9o r\u1ea5t s\u1ea1ch, kh\u00f4ng \u0111\u1ec3 l\u1ea1i c\u1ea3m gi\u00e1c nh\u1edbt hay qu\u00e1 ng\u1ecdt g\u1eaft, thay v\u00e0o \u0111\u00f3 l\u00e0 v\u1ecb ng\u1eady b\u00e9o k\u00e9o d\u00e0i r\u1ea5t d\u1ec5 ch\u1ecbu.<\/p>\n<p data-path-to-node=\"13\"><img decoding=\"async\" class=\"aligncenter\" src=\"https:\/\/havamall.com\/wp-content\/uploads\/2025\/12\/keo-sua-galatine-goi-100g-202105310844320485.jpg\" width=\"800\" height=\"600\" \/><\/p>\n<p data-path-to-node=\"13\"><b data-path-to-node=\"4\" data-index-in-node=\"873\">K\u1eb9o s\u1eefa n\u00e9n v\u1ecb d\u00e2u:<\/b>\u00a0Tr\u1ea3i nghi\u1ec7m b\u1eaft \u0111\u1ea7u v\u1edbi m\u00f9i h\u01b0\u01a1ng d\u00e2u t\u00e2y ch\u00edn m\u1ecdng \u0111\u1ea7y s\u1ea3ng kho\u00e1i. S\u1ef1 tinh t\u1ebf n\u1eb1m \u1edf ch\u1ed7 v\u1ecb d\u00e2u kh\u00f4ng h\u1ec1 l\u1ea5n \u00e1t v\u1ecb s\u1eefa m\u00e0 h\u00f2a quy\u1ec7n c\u00f9ng nhau. Th\u1ef1c kh\u00e1ch s\u1ebd c\u1ea3m nh\u1eadn \u0111\u01b0\u1ee3c v\u1ecb chua thanh nh\u1eb9 nh\u00e0ng t\u1eeb n\u01b0\u1edbc \u00e9p d\u00e2u t\u1ef1 nhi\u00ean gi\u00fap trung h\u00f2a \u0111\u1ed9 b\u00e9o c\u1ee7a s\u1eefa, khi\u1ebfn m\u00f3n k\u1eb9o tr\u1edf n\u00ean thanh tao v\u00e0 kh\u00f4ng g\u00e2y ng\u00e1n. Khi tan h\u1ebft, h\u01b0\u01a1ng d\u00e2u d\u1ecbu nh\u1eb9 v\u1eabn c\u00f2n \u0111\u1ecdng l\u1ea1i n\u1ed3ng n\u00e0n n\u01a1i c\u00e1nh m\u0169i.<\/p>\n<h3 data-path-to-node=\"14\"><img decoding=\"async\" class=\"aligncenter\" src=\"https:\/\/havamall.com\/wp-content\/uploads\/2025\/12\/keo-sua-vi-dau-galatine-goi-100g-202105310843097551.jpg\" width=\"800\" height=\"600\" \/><\/h3>\n<h3 data-path-to-node=\"14\">DINH D\u01af\u1ee0NG V\u01af\u1ee2T TR\u1ed8I<\/h3>\n<p data-path-to-node=\"16\">\u0110i\u1ec3m c\u1ed9ng l\u1edbn nh\u1ea5t c\u1ee7a Galatine ch\u00ednh l\u00e0 h\u00e0m l\u01b0\u1ee3ng canxi c\u1ef1c cao, h\u1ed7 tr\u1ee3 \u0111\u1eafc l\u1ef1c cho s\u1ef1 ph\u00e1t tri\u1ec3n x\u01b0\u01a1ng v\u00e0 r\u0103ng. S\u1ea3n ph\u1ea9m ho\u00e0n to\u00e0n kh\u00f4ng ch\u1ee9a ph\u1ea9m m\u00e0u nh\u00e2n t\u1ea1o v\u00e0 kh\u00f4ng ch\u1ea5t b\u1ea3o qu\u1ea3n, c\u1ef1c k\u1ef3 l\u00e0nh t\u00ednh.<\/p>\n<p data-path-to-node=\"17\">\u2013 L\u00e0 gi\u1ea3i ph\u00e1p b\u1ed5 sung canxi v\u00e0 n\u0103ng l\u01b0\u1ee3ng t\u1ee9c th\u00ec cho tr\u1ebb em, \u0111\u1eb7c bi\u1ec7t l\u00e0 nh\u1eefng tr\u1ebb l\u01b0\u1eddi u\u1ed1ng s\u1eefa t\u01b0\u01a1i.<\/p>\n<p data-path-to-node=\"17\">\u2013 M\u00f3n \u0103n v\u1eb7t l\u00fd t\u01b0\u1edfng cho d\u00e2n v\u0103n ph\u00f2ng, ng\u01b0\u1eddi l\u1edbn tu\u1ed5i ho\u1eb7c nh\u1eefng ai y\u00eau th\u00edch h\u01b0\u01a1ng v\u1ecb s\u1eefa nguy\u00ean b\u1ea3n.<\/p>\n<p data-path-to-node=\"17\">\u2013 Kh\u1ea9u ph\u1ea7n s\u1eed d\u1ee5ng: Thi\u1ebft k\u1ebf vi\u00ean k\u1eb9o n\u00e9n nh\u1ecf g\u1ecdn cho ph\u00e9p ki\u1ec3m so\u00e1t l\u01b0\u1ee3ng calo n\u1ea1p v\u00e0o c\u01a1 th\u1ec3 m\u1ed9t c\u00e1ch d\u1ec5 d\u00e0ng, ph\u00f9 h\u1ee3p l\u00e0m m\u00f3n tr\u00e1ng mi\u1ec7ng sau b\u1eefa \u0103n ho\u1eb7c nh\u00e2m nhi khi th\u01b0 gi\u00e3n.<\/p>\n<p data-path-to-node=\"17\"><img loading=\"lazy\" decoding=\"async\" class=\"aligncenter wp-image-44067\" src=\"https:\/\/havamall.com\/wp-content\/uploads\/2025\/12\/z7367586109029_fd1991499a8bfb593dac8a56e3cb4b7e.jpg\" alt=\"\" width=\"801\" height=\"801\" srcset=\"https:\/\/havamall.com\/wp-content\/uploads\/2025\/12\/z7367586109029_fd1991499a8bfb593dac8a56e3cb4b7e.jpg 1880w, https:\/\/havamall.com\/wp-content\/uploads\/2025\/12\/z7367586109029_fd1991499a8bfb593dac8a56e3cb4b7e-12x12.jpg 12w, https:\/\/havamall.com\/wp-content\/uploads\/2025\/12\/z7367586109029_fd1991499a8bfb593dac8a56e3cb4b7e-600x600.jpg 600w, https:\/\/havamall.com\/wp-content\/uploads\/2025\/12\/z7367586109029_fd1991499a8bfb593dac8a56e3cb4b7e-1200x1200.jpg 1200w\" sizes=\"(max-width: 801px) 100vw, 801px\" \/><\/p>\n<p data-path-to-node=\"17\">S\u1ea3n ph\u1ea9m k\u1eb9o s\u1eefa Galatine hi\u1ec7n \u0111ang c\u00f3 m\u1eb7t t\u1ea1i Havamall v\u1edbi c\u1ea3 hai phi\u00ean b\u1ea3n: v\u1ecb truy\u1ec1n th\u1ed1ng lon v\u00e0ng sang tr\u1ecdng v\u00e0 v\u1ecb socola lon \u0111\u1ecf \u1ea5m \u00e1p.<\/p>","protected":false},"excerpt":{"rendered":"<p>TH\u00d4NG TIN S\u1ea2N PH\u1ea8M Th\u01b0\u01a1ng hi\u1ec7u Galatine (Sperlari) Xu\u1ea5t x\u1ee9 \u00dd (Italy) Th\u00e0nh ph\u1ea7n S\u1eefa t\u01b0\u01a1i ti\u1ec7t tr\u00f9ng, s\u1eefa b\u1ed9t<\/p>","protected":false},"featured_media":44073,"comment_status":"open","ping_status":"closed","template":"","meta":[],"product_brand":[],"product_cat":[724,133],"product_tag":[],"class_list":{"0":"post-44060","1":"product","2":"type-product","3":"status-publish","4":"has-post-thumbnail","6":"product_cat-nhap-khau-y","7":"product_cat-banh-keo-chocolate","9":"first","10":"outofstock","11":"sale","12":"shipping-taxable","13":"purchasable","14":"product-type-simple"},"_links":{"self":[{"href":"https:\/\/havamall.com\/en\/wp-json\/wp\/v2\/product\/44060","targetHints":{"allow":["GET"]}}],"collection":[{"href":"https:\/\/havamall.com\/en\/wp-json\/wp\/v2\/product"}],"about":[{"href":"https:\/\/havamall.com\/en\/wp-json\/wp\/v2\/types\/product"}],"replies":[{"embeddable":true,"href":"https:\/\/havamall.com\/en\/wp-json\/wp\/v2\/comments?post=44060"}],"version-history":[{"count":0,"href":"https:\/\/havamall.com\/en\/wp-json\/wp\/v2\/product\/44060\/revisions"}],"wp:featuredmedia":[{"embeddable":true,"href":"https:\/\/havamall.com\/en\/wp-json\/wp\/v2\/media\/44073"}],"wp:attachment":[{"href":"https:\/\/havamall.com\/en\/wp-json\/wp\/v2\/media?parent=44060"}],"wp:term":[{"taxonomy":"product_brand","embeddable":true,"href":"https:\/\/havamall.com\/en\/wp-json\/wp\/v2\/product_brand?post=44060"},{"taxonomy":"product_cat","embeddable":true,"href":"https:\/\/havamall.com\/en\/wp-json\/wp\/v2\/product_cat?post=44060"},{"taxonomy":"product_tag","embeddable":true,"href":"https:\/\/havamall.com\/en\/wp-json\/wp\/v2\/product_tag?post=44060"}],"curies":[{"name":"wp","href":"https:\/\/api.w.org\/{rel}","templated":true}]}}