{"id":44084,"date":"2025-12-28T08:53:29","date_gmt":"2025-12-28T01:53:29","guid":{"rendered":"https:\/\/havamall.com\/?post_type=product&#038;p=44084"},"modified":"2026-03-18T14:26:31","modified_gmt":"2026-03-18T07:26:31","slug":"keo-deo-trai-cay-hon-hop-nhap-khau-y-sperlari-gran-gelees-lon-thiec-150g-sperlari-gran-gelees-fruit-jelly-candy","status":"publish","type":"product","link":"https:\/\/havamall.com\/en\/shop\/keo-deo-trai-cay-hon-hop-nhap-khau-y-sperlari-gran-gelees-lon-thiec-150g-sperlari-gran-gelees-fruit-jelly-candy\/","title":{"rendered":"K\u1eb9o D\u1ebbo Tr\u00e1i C\u00e2y H\u1ed7n H\u1ee3p Nh\u1eadp Kh\u1ea9u \u00dd Sperlari Gran Gel\u00e9es Lon Thi\u1ebfc 150g \u2013 Sperlari Gran Gel\u00e9es Fruit Jelly Candy"},"content":{"rendered":"<h2 data-path-to-node=\"5\">TH\u00d4NG TIN S\u1ea2N PH\u1ea8M<\/h2>\n<table style=\"width: 63.9468%; height: 179px;\" data-path-to-node=\"6\">\n<tbody>\n<tr>\n<td><span data-path-to-node=\"6,1,0,0\"><b data-path-to-node=\"6,1,0,0\" data-index-in-node=\"0\">Th\u01b0\u01a1ng hi\u1ec7u<\/b><\/span><\/td>\n<td><span data-path-to-node=\"6,1,1,0\">Sperlari<\/span><\/td>\n<\/tr>\n<tr>\n<td><span data-path-to-node=\"6,2,0,0\"><b data-path-to-node=\"6,2,0,0\" data-index-in-node=\"0\">Xu\u1ea5t x\u1ee9<\/b><\/span><\/td>\n<td><span data-path-to-node=\"6,2,1,0\">\u00dd (Italy)<\/span><\/td>\n<\/tr>\n<tr>\n<td><span data-path-to-node=\"6,3,0,0\"><b data-path-to-node=\"6,3,0,0\" data-index-in-node=\"0\">Th\u00e0nh ph\u1ea7n<\/b><\/span><\/td>\n<td><span data-path-to-node=\"6,3,1,0\">\u0110\u01b0\u1eddng, siro glucose, n\u01b0\u1edbc \u00e9p tr\u00e1i c\u00e2y c\u00f4 \u0111\u1eb7c (cam, qu\u00fdt, d\u00e2u, l\u00ea, \u0111\u00e0o), pectin, h\u01b0\u01a1ng t\u1ef1 nhi\u00ean.<\/span><\/td>\n<\/tr>\n<tr>\n<td><span data-path-to-node=\"6,4,0,0\"><b data-path-to-node=\"6,4,0,0\" data-index-in-node=\"0\">H\u1ea1n s\u1eed d\u1ee5ng<\/b><\/span><\/td>\n<td><span data-path-to-node=\"6,4,1,0\">24 th\u00e1ng k\u1ec3 t\u1eeb ng\u00e0y s\u1ea3n xu\u1ea5t<\/span><\/td>\n<\/tr>\n<tr>\n<td><span data-path-to-node=\"6,5,0,0\"><b data-path-to-node=\"6,5,0,0\" data-index-in-node=\"0\">B\u1ea3o qu\u1ea3n<\/b><\/span><\/td>\n<td><span data-path-to-node=\"6,5,1,0\">N\u01a1i kh\u00f4 r\u00e1o, tho\u00e1ng m\u00e1t, tr\u00e1nh \u00e1nh n\u1eafng tr\u1ef1c ti\u1ebfp<\/span><\/td>\n<\/tr>\n<tr>\n<td><span data-path-to-node=\"6,6,0,0\"><b data-path-to-node=\"6,6,0,0\" data-index-in-node=\"0\">Kh\u1ed1i l\u01b0\u1ee3ng<\/b><\/span><\/td>\n<td><span data-path-to-node=\"6,6,1,0\">150g<\/span><\/td>\n<\/tr>\n<\/tbody>\n<\/table>\n<p data-path-to-node=\"10\">Sperlari l\u00e0 bi\u1ec3u t\u01b0\u1ee3ng l\u00e2u \u0111\u1eddi c\u1ee7a ng\u00e0nh b\u00e1nh k\u1eb9o \u00dd, \u0111\u01b0\u1ee3c th\u00e0nh l\u1eadp t\u1eeb n\u0103m 1836 t\u1ea1i Cremona. V\u1edbi l\u1ecbch s\u1eed tr\u1ea3i d\u00e0i g\u1ea7n hai th\u1ebf k\u1ef7, Sperlari \u0111\u00e3 n\u00e2ng t\u1ea7m nh\u1eefng vi\u00ean k\u1eb9o d\u1ebbo b\u00ecnh th\u01b0\u1eddng th\u00e0nh m\u1ed9t lo\u1ea1i ngh\u1ec7 thu\u1eadt \u1ea9m th\u1ef1c tinh t\u1ebf. D\u00f2ng k\u1eb9o Gran Gel\u00e9es \u0111\u1ea1i di\u1ec7n cho tinh th\u1ea7n c\u1ee7a v\u00f9ng \u0110\u1ecba Trung H\u1ea3i khi s\u1eed d\u1ee5ng ngu\u1ed3n nguy\u00ean li\u1ec7u tr\u00e1i c\u00e2y t\u01b0\u01a1i ngon nh\u1ea5t. T\u1ea1i \u00dd, th\u01b0\u01a1ng hi\u1ec7u n\u00e0y lu\u00f4n \u0111\u01b0\u1ee3c \u01b0u ti\u00ean l\u1ef1a ch\u1ecdn trong c\u00e1c d\u1ecbp l\u1ec5 h\u1ed9i v\u00e0 qu\u00e0 t\u1eb7ng sang tr\u1ecdng nh\u1edd quy tr\u00ecnh s\u1ea3n xu\u1ea5t nghi\u00eam ng\u1eb7t v\u00e0 c\u00f4ng th\u1ee9c gi\u1eef nguy\u00ean v\u1eb9n h\u01b0\u01a1ng v\u1ecb t\u1ef1 nhi\u00ean c\u1ee7a hoa qu\u1ea3 t\u01b0\u01a1i, kh\u00f4ng ch\u1ee9a ph\u1ea9m m\u00e0u h\u00f3a h\u1ecdc \u0111\u1ed9c h\u1ea1i.<\/p>\n<p data-path-to-node=\"10\"><img fetchpriority=\"high\" decoding=\"async\" class=\"aligncenter\" src=\"https:\/\/havamall.com\/wp-content\/uploads\/2025\/12\/124d430ab63e695a912d6dabf58c64a7.jpg\" alt=\"K\u1eb9o th\u1ea1ch v\u1ecb tr\u00e1i c\u00e2y k\u1ebft h\u1ee3p Sperlari Gel\u00e9es h\u1ed9p 175g K\u1eb9o Th\u1ea1ch Nh\u1eadp Kh\u1ea9u T\u1eeb \u00dd - Lazada | Lazada.vn\" width=\"800\" height=\"1065\" \/><\/p>\n<h2 data-path-to-node=\"11\">\u0110\u1eb6C \u0110I\u1ec2M N\u1ed4I B\u1eacT<\/h2>\n<p data-path-to-node=\"13\">K\u1eb9o Gran Gel\u00e9es s\u1edf h\u1eefu k\u1ebft c\u1ea5u &#8220;Gel\u00e9e&#8221; \u0111\u1eb7c tr\u01b0ng c\u1ee7a \u00dd \u2013 m\u1ed9t d\u1ea1ng k\u1eb9o d\u1ebbo m\u1ecbn t\u1eeb pectin tr\u00e1i c\u00e2y, kh\u00e1c bi\u1ec7t ho\u00e0n to\u00e0n v\u1edbi lo\u1ea1i k\u1eb9o d\u1ebbo s\u1eed d\u1ee5ng gelatin c\u00f4ng nghi\u1ec7p th\u00f4ng th\u01b0\u1eddng.<\/p>\n<p data-path-to-node=\"14\">\u2013 H\u00ecnh th\u00e1i th\u1ef1c t\u1ebf: Nh\u1eefng vi\u00ean k\u1eb9o c\u00f3 d\u1ea1ng kh\u1ed1i vu\u00f4ng nh\u1ecf nh\u1eafn v\u1edbi c\u00e1c g\u00f3c bo tr\u00f2n m\u1ec1m m\u1ea1i. Bao ph\u1ee7 b\u00ean ngo\u00e0i l\u00e0 m\u1ed9t l\u1edbp \u0111\u01b0\u1eddng h\u1ea1t m\u1ecbn li ti, l\u1ea5p l\u00e1nh nh\u01b0 nh\u1eefng h\u1ea1t s\u01b0\u01a1ng, gi\u00fap c\u00e1c vi\u00ean k\u1eb9o kh\u00f4ng b\u1ecb d\u00ednh v\u00e0o nhau v\u00e0 t\u1ea1o \u0111\u1ed9 gi\u00f2n nh\u1eb9 khi v\u1eeba ch\u1ea1m v\u00e0o l\u01b0\u1ee1i.<\/p>\n<p data-path-to-node=\"14\"><img decoding=\"async\" class=\"aligncenter size-full wp-image-44087\" src=\"https:\/\/havamall.com\/wp-content\/uploads\/2025\/12\/2_a29259318dc048c5952fab946e5ee470.jpg\" alt=\"\" width=\"800\" height=\"800\" srcset=\"https:\/\/havamall.com\/wp-content\/uploads\/2025\/12\/2_a29259318dc048c5952fab946e5ee470.jpg 800w, https:\/\/havamall.com\/wp-content\/uploads\/2025\/12\/2_a29259318dc048c5952fab946e5ee470-12x12.jpg 12w, https:\/\/havamall.com\/wp-content\/uploads\/2025\/12\/2_a29259318dc048c5952fab946e5ee470-600x600.jpg 600w\" sizes=\"(max-width: 800px) 100vw, 800px\" \/><\/p>\n<p data-path-to-node=\"14\">\u2013 K\u1ebft c\u1ea5u \u0111a t\u1ea7ng: Khi c\u1eafn nh\u1eb9, ng\u01b0\u1eddi d\u00f9ng s\u1ebd c\u1ea3m nh\u1eadn \u0111\u01b0\u1ee3c \u0111\u1ed9 d\u1ebbo c\u1ef1c k\u1ef3 m\u1ec1m m\u1ea1i, tan nhanh trong mi\u1ec7ng m\u00e0 kh\u00f4ng g\u00e2y d\u00ednh r\u0103ng. Kh\u00e1c v\u1edbi k\u1eb9o d\u1ebbo dai c\u1ee9ng, Gran Gel\u00e9es c\u00f3 c\u1ea5u tr\u00fac m\u1ecdng n\u01b0\u1edbc (juicy), mang l\u1ea1i c\u1ea3m gi\u00e1c nh\u01b0 \u0111ang th\u01b0\u1edfng th\u1ee9c nh\u1eefng mi\u1ebfng th\u1ea1ch tr\u00e1i c\u00e2y c\u00f4 \u0111\u1eb7c \u0111\u1eadm \u0111\u00e0.<\/p>\n<p data-path-to-node=\"14\"><img decoding=\"async\" class=\"aligncenter\" src=\"https:\/\/havamall.com\/wp-content\/uploads\/2025\/12\/keo-thach-vi-trai-cay-ket-hop-sperlari-gelees-hop-175g-202211150916401135.jpg\" width=\"800\" height=\"600\" \/><\/p>\n<p data-path-to-node=\"14\">\u2013 H\u01b0\u01a1ng v\u1ecb th\u1ef1c t\u1ebf: M\u1ed7i lon ch\u1ee9a h\u1ed7n h\u1ee3p nhi\u1ec1u v\u1ecb tr\u00e1i c\u00e2y \u0111\u1eb7c tr\u01b0ng c\u1ee7a n\u01b0\u1edbc \u00dd nh\u01b0 cam, qu\u00fdt, d\u00e2u t\u00e2y, l\u00ea v\u00e0 \u0111\u00e0o. V\u1ecb ng\u1ecdt c\u1ee7a k\u1eb9o \u0111\u01b0\u1ee3c c\u00e2n b\u1eb1ng ho\u00e0n h\u1ea3o b\u1edfi v\u1ecb chua thanh nh\u1eb9 t\u1ef1 nhi\u00ean c\u1ee7a n\u01b0\u1edbc \u00e9p tr\u00e1i c\u00e2y th\u1eadt. M\u00f9i h\u01b0\u01a1ng khi m\u1edf n\u1eafp lon r\u1ea5t t\u1ef1 nhi\u00ean, n\u1ed3ng n\u00e0n v\u1ecb tr\u00e1i c\u00e2y ch\u00edn m\u1ecdng, mang l\u1ea1i c\u1ea3m gi\u00e1c t\u01b0\u01a1i m\u00e1t t\u1ee9c th\u00ec.<\/p>\n<p data-path-to-node=\"14\"><img loading=\"lazy\" decoding=\"async\" class=\"aligncenter\" src=\"https:\/\/havamall.com\/wp-content\/uploads\/2025\/12\/2e3a06af-a5f7-400a-a24b-7dcc58360609.__CR00970600_PT0_SX970_V1.png\" width=\"800\" height=\"495\" \/><\/p>\n<p data-path-to-node=\"17\">S\u1ea3n ph\u1ea9m s\u1eed d\u1ee5ng pectin chi\u1ebft xu\u1ea5t t\u1eeb th\u1ef1c v\u1eadt v\u00e0 n\u01b0\u1edbc \u00e9p tr\u00e1i c\u00e2y nguy\u00ean ch\u1ea5t, cung c\u1ea5p ngu\u1ed3n n\u0103ng l\u01b0\u1ee3ng s\u1ea1ch v\u00e0 vitamin t\u1ef1 nhi\u00ean cho c\u01a1 th\u1ec3. K\u1eb9o ho\u00e0n to\u00e0n kh\u00f4ng ch\u1ee9a gluten, an to\u00e0n cho c\u1ea3 tr\u1ebb nh\u1ecf v\u00e0 nh\u1eefng ng\u01b0\u1eddi c\u00f3 h\u1ec7 ti\u00eau h\u00f3a nh\u1ea1y c\u1ea3m.<\/p>\n<p data-path-to-node=\"18\">\u2013 Thi\u1ebft k\u1ebf lon thi\u1ebfc sang tr\u1ecdng: Lon thi\u1ebfc h\u00ecnh tr\u00f2n v\u1edbi m\u00e0u \u0111\u1ecf \u0111\u1eb7c tr\u01b0ng c\u1ee7a Sperlari kh\u00f4ng ch\u1ec9 b\u1ea3o qu\u1ea3n k\u1eb9o kh\u1ecfi \u0111\u1ed9 \u1ea9m v\u00e0 \u00e1nh s\u00e1ng m\u00e0 c\u00f2n c\u1ef1c k\u1ef3 ph\u00f9 h\u1ee3p \u0111\u1ec3 trang tr\u00ed ph\u00f2ng kh\u00e1ch ho\u1eb7c l\u00e0m qu\u00e0 bi\u1ebfu t\u1eb7ng tinh t\u1ebf.<\/p>\n<p data-path-to-node=\"18\">\u2013 \u0110a d\u1ea1ng m\u1ee5c \u0111\u00edch s\u1eed d\u1ee5ng: \u0110\u00e2y l\u00e0 m\u00f3n \u0103n v\u1eb7t l\u00fd t\u01b0\u1edfng cho c\u00e1c bu\u1ed5i ti\u1ec7c tr\u00e0, nh\u00e2m nhi c\u00f9ng b\u1ea1n b\u00e8 ho\u1eb7c d\u00f9ng \u0111\u1ec3 b\u1ed5 sung \u0111\u01b0\u1eddng nhanh ch\u00f3ng khi c\u01a1 th\u1ec3 m\u1ec7t m\u1ecfi. V\u1ecb tr\u00e1i c\u00e2y \u0111a d\u1ea1ng trong c\u00f9ng m\u1ed9t lon gi\u00fap thay \u0111\u1ed5i kh\u1ea9u v\u1ecb li\u00ean t\u1ee5c, kh\u00f4ng g\u00e2y nh\u00e0m ch\u00e1n.<\/p>\n<p data-path-to-node=\"18\"><img loading=\"lazy\" decoding=\"async\" class=\"aligncenter wp-image-44088\" src=\"https:\/\/havamall.com\/wp-content\/uploads\/2025\/12\/hop-keo-thach-vi-trai-cay-gelees-sperlari-350g-3.jpg\" alt=\"\" width=\"800\" height=\"800\" srcset=\"https:\/\/havamall.com\/wp-content\/uploads\/2025\/12\/hop-keo-thach-vi-trai-cay-gelees-sperlari-350g-3.jpg 634w, https:\/\/havamall.com\/wp-content\/uploads\/2025\/12\/hop-keo-thach-vi-trai-cay-gelees-sperlari-350g-3-12x12.jpg 12w, https:\/\/havamall.com\/wp-content\/uploads\/2025\/12\/hop-keo-thach-vi-trai-cay-gelees-sperlari-350g-3-600x600.jpg 600w\" sizes=\"(max-width: 800px) 100vw, 800px\" \/><\/p>\n<p data-path-to-node=\"18\">K\u1eb9o d\u1ebbo tr\u00e1i c\u00e2y h\u1ed7n h\u1ee3p Sperlari Gran Gel\u00e9es lon 175g hi\u1ec7n \u0111ang \u0111\u01b0\u1ee3c b\u00e1n t\u1ea1i Havamall.<\/p>","protected":false},"excerpt":{"rendered":"<p>TH\u00d4NG TIN S\u1ea2N PH\u1ea8M Th\u01b0\u01a1ng hi\u1ec7u Sperlari Xu\u1ea5t x\u1ee9 \u00dd (Italy) Th\u00e0nh ph\u1ea7n \u0110\u01b0\u1eddng, siro glucose, n\u01b0\u1edbc \u00e9p tr\u00e1i c\u00e2y<\/p>","protected":false},"featured_media":44093,"comment_status":"open","ping_status":"closed","template":"","meta":[],"product_brand":[],"product_cat":[724,133],"product_tag":[],"class_list":{"0":"post-44084","1":"product","2":"type-product","3":"status-publish","4":"has-post-thumbnail","6":"product_cat-nhap-khau-y","7":"product_cat-banh-keo-chocolate","9":"first","10":"outofstock","11":"sale","12":"shipping-taxable","13":"purchasable","14":"product-type-simple"},"_links":{"self":[{"href":"https:\/\/havamall.com\/en\/wp-json\/wp\/v2\/product\/44084","targetHints":{"allow":["GET"]}}],"collection":[{"href":"https:\/\/havamall.com\/en\/wp-json\/wp\/v2\/product"}],"about":[{"href":"https:\/\/havamall.com\/en\/wp-json\/wp\/v2\/types\/product"}],"replies":[{"embeddable":true,"href":"https:\/\/havamall.com\/en\/wp-json\/wp\/v2\/comments?post=44084"}],"version-history":[{"count":0,"href":"https:\/\/havamall.com\/en\/wp-json\/wp\/v2\/product\/44084\/revisions"}],"wp:featuredmedia":[{"embeddable":true,"href":"https:\/\/havamall.com\/en\/wp-json\/wp\/v2\/media\/44093"}],"wp:attachment":[{"href":"https:\/\/havamall.com\/en\/wp-json\/wp\/v2\/media?parent=44084"}],"wp:term":[{"taxonomy":"product_brand","embeddable":true,"href":"https:\/\/havamall.com\/en\/wp-json\/wp\/v2\/product_brand?post=44084"},{"taxonomy":"product_cat","embeddable":true,"href":"https:\/\/havamall.com\/en\/wp-json\/wp\/v2\/product_cat?post=44084"},{"taxonomy":"product_tag","embeddable":true,"href":"https:\/\/havamall.com\/en\/wp-json\/wp\/v2\/product_tag?post=44084"}],"curies":[{"name":"wp","href":"https:\/\/api.w.org\/{rel}","templated":true}]}}