{"id":44102,"date":"2025-12-28T12:03:41","date_gmt":"2025-12-28T05:03:41","guid":{"rendered":"https:\/\/havamall.com\/?post_type=product&#038;p=44102"},"modified":"2026-03-18T14:18:55","modified_gmt":"2026-03-18T07:18:55","slug":"keo-hanh-nhan-phu-socola-nhap-khau-y-sperlari-morbidelli-hop-165g-sperlari-morbidelli-soft-nougat-coated-with-chocolate","status":"publish","type":"product","link":"https:\/\/havamall.com\/en\/shop\/keo-hanh-nhan-phu-socola-nhap-khau-y-sperlari-morbidelli-hop-165g-sperlari-morbidelli-soft-nougat-coated-with-chocolate\/","title":{"rendered":"K\u1eb9o H\u1ea1nh Nh\u00e2n Ph\u1ee7 Socola Nh\u1eadp Kh\u1ea9u \u00dd Sperlari Morbidelli H\u1ed9p 165g \u2013 Sperlari Morbidelli Soft Nougat Coated With Chocolate"},"content":{"rendered":"<h2 data-path-to-node=\"5\">TH\u00d4NG TIN S\u1ea2N PH\u1ea8M<\/h2>\n<div class=\"horizontal-scroll-wrapper\">\n<div class=\"table-block-component\">\n<div class=\"table-block has-export-button new-table-style\">\n<div class=\"table-content not-end-of-paragraph\" data-hveid=\"0\" data-ved=\"0CAAQ3ecQahgKEwi1gb_Cn9CRAxUAAAAAHQAAAAAQxgc\">\n<table data-path-to-node=\"6\">\n<tbody>\n<tr>\n<td><span data-path-to-node=\"6,1,0,0\"><b data-path-to-node=\"6,1,0,0\" data-index-in-node=\"0\">Th\u01b0\u01a1ng hi\u1ec7u<\/b><\/span><\/td>\n<td><span data-path-to-node=\"6,1,1,0\">Sperlari<\/span><\/td>\n<\/tr>\n<tr>\n<td><span data-path-to-node=\"6,2,0,0\"><b data-path-to-node=\"6,2,0,0\" data-index-in-node=\"0\">Xu\u1ea5t x\u1ee9<\/b><\/span><\/td>\n<td><span data-path-to-node=\"6,2,1,0\">\u00dd (Italy)<\/span><\/td>\n<\/tr>\n<tr>\n<td><span data-path-to-node=\"6,3,0,0\"><b data-path-to-node=\"6,3,0,0\" data-index-in-node=\"0\">Th\u00e0nh ph\u1ea7n<\/b><\/span><\/td>\n<td><span data-path-to-node=\"6,3,1,0\">H\u1ea1nh nh\u00e2n (Almonds), \u0111\u01b0\u1eddng, m\u1eadt ong, l\u00f2ng tr\u1eafng tr\u1ee9ng, socola \u0111en, socola tr\u1eafng.<\/span><\/td>\n<\/tr>\n<tr>\n<td><span data-path-to-node=\"6,4,0,0\"><b data-path-to-node=\"6,4,0,0\" data-index-in-node=\"0\">H\u1ea1n s\u1eed d\u1ee5ng<\/b><\/span><\/td>\n<td><span data-path-to-node=\"6,4,1,0\">18 th\u00e1ng k\u1ec3 t\u1eeb ng\u00e0y s\u1ea3n xu\u1ea5t<\/span><\/td>\n<\/tr>\n<tr>\n<td><span data-path-to-node=\"6,5,0,0\"><b data-path-to-node=\"6,5,0,0\" data-index-in-node=\"0\">B\u1ea3o qu\u1ea3n<\/b><\/span><\/td>\n<td><span data-path-to-node=\"6,5,1,0\">N\u01a1i kh\u00f4 r\u00e1o, tho\u00e1ng m\u00e1t, tr\u00e1nh \u00e1nh n\u1eafng tr\u1ef1c ti\u1ebfp<\/span><\/td>\n<\/tr>\n<tr>\n<td><span data-path-to-node=\"6,6,0,0\"><b data-path-to-node=\"6,6,0,0\" data-index-in-node=\"0\">Kh\u1ed1i l\u01b0\u1ee3ng<\/b><\/span><\/td>\n<td><span data-path-to-node=\"6,6,1,0\">165g<\/span><\/td>\n<\/tr>\n<\/tbody>\n<\/table>\n<p>Sperlari kh\u00f4ng ch\u1ec9 l\u00e0 m\u1ed9t th\u01b0\u01a1ng hi\u1ec7u, m\u00e0 l\u00e0 di s\u1ea3n \u1ea9m th\u1ef1c c\u1ee7a th\u00e0nh ph\u1ed1 Cremona n\u01b0\u1edbc \u00dd v\u1edbi h\u01a1n 180 n\u0103m l\u1ecbch s\u1eed. Morbidelli l\u00e0 d\u00f2ng k\u1eb9o Nougat (k\u1eb9o h\u1ea1nh nh\u00e2n) cao c\u1ea5p nh\u1ea5t c\u1ee7a h\u00e3ng, mang trong m\u00ecnh c\u00f4ng th\u1ee9c b\u00ed truy\u1ec1n t\u1eeb th\u1ebf k\u1ef7 19. T\u1ea1i \u00dd, Nougat Sperlari l\u00e0 m\u00f3n \u0103n kh\u00f4ng th\u1ec3 thi\u1ebfu trong c\u00e1c d\u1ecbp l\u1ec5 quan tr\u1ecdng, \u0111\u1ea1i di\u1ec7n cho s\u1ef1 th\u1ecbnh v\u01b0\u1ee3ng v\u00e0 tinh t\u1ebf. T\u1eebng vi\u00ean k\u1eb9o \u0111\u01b0\u1ee3c ch\u1ebf bi\u1ebfn t\u1eeb nh\u1eefng h\u1ea1t h\u1ea1nh nh\u00e2n tuy\u1ec3n ch\u1ecdn, m\u1eadt ong h\u1ea3o h\u1ea1ng v\u00e0 l\u00f2ng tr\u1eafng tr\u1ee9ng \u0111\u00e1nh b\u00f4ng theo quy tr\u00ecnh th\u1ee7 c\u00f4ng k\u1ebft h\u1ee3p hi\u1ec7n \u0111\u1ea1i, t\u1ea1o n\u00ean m\u1ed9t chu\u1ea9n m\u1ef1c th\u01b0\u1ee3ng l\u01b0u cho d\u00f2ng k\u1eb9o h\u1ea1nh nh\u00e2n th\u1ebf gi\u1edbi.<\/p>\n<p><img fetchpriority=\"high\" decoding=\"async\" class=\"aligncenter\" src=\"https:\/\/havamall.com\/wp-content\/uploads\/2026\/03\/so-co-la-den-va-trang-nhan-nougat-sperlari-hop-165g-202201110942555859.jpg\" alt=\"Socola nh\u00e2n nougat Sperlari 165g B\u00e1ch h\u00f3a XANH\" width=\"801\" height=\"601\" \/><\/p>\n<h2 data-path-to-node=\"11\">\u0110\u1eb6C \u0110I\u1ec2M N\u1ed4I B\u1eacT<\/h2>\n<p data-path-to-node=\"13\">D\u00f2ng Morbidelli n\u1ed5i ti\u1ebfng v\u1edbi c\u1ea5u tr\u00fac &#8220;Soft Nougat&#8221; \u2013 lo\u1ea1i k\u1eb9o m\u1ec1m m\u1ecbn ch\u1ee9 kh\u00f4ng c\u1ee9ng g\u1eaft, t\u1ea1o n\u00ean tr\u1ea3i nghi\u1ec7m \u0111a t\u1ea7ng khi k\u1ebft h\u1ee3p c\u00f9ng l\u1edbp ph\u1ee7 socola cao c\u1ea5p.<\/p>\n<p data-path-to-node=\"14\">\u2013 H\u00ecnh th\u00e1i th\u1ef1c t\u1ebf: S\u1ea3n ph\u1ea9m \u0111\u01b0\u1ee3c \u0111\u00f3ng g\u00f3i trong h\u1ed9p gi\u1ea5y m\u00e0u \u0111\u1ecf r\u1ef1c r\u1ee1, sang tr\u1ecdng v\u1edbi c\u1eeda s\u1ed5 b\u00f3ng k\u00ednh \u0111\u1ec3 l\u1ed9 nh\u1eefng vi\u00ean k\u1eb9o b\u1ecdc gi\u1ea5y thi\u1ebfc v\u00e0ng v\u00e0 \u0111\u1ecf l\u1ea5p l\u00e1nh. M\u1ed7i vi\u00ean k\u1eb9o c\u00f3 h\u00ecnh kh\u1ed1i ch\u1eef nh\u1eadt thu\u00f4n d\u00e0i, k\u00edch th\u01b0\u1edbc v\u1eeba v\u1eb7n m\u1ed9t l\u1ea7n th\u01b0\u1edfng th\u1ee9c.<\/p>\n<p data-path-to-node=\"14\"><img decoding=\"async\" class=\"aligncenter\" src=\"https:\/\/havamall.com\/wp-content\/uploads\/2025\/12\/so-co-la-den-va-trang-nhan-nougat-sperlari-hop-165g-202201110942562084.jpg\" width=\"799\" height=\"599\" \/><\/p>\n<p data-path-to-node=\"14\">\u2013 K\u1ebft c\u1ea5u \u0111a t\u1ea7ng: Khi c\u1eafn nh\u1eb9, l\u1edbp v\u1ecf socola b\u00ean ngo\u00e0i gi\u00f2n r\u1ee5m s\u1ebd v\u1ee1 ra, \u0111\u1ec3 l\u1ed9 ph\u1ea7n nh\u00e2n Nougat tr\u1eafng m\u1ecbn b\u00ean trong. \u0110i\u1ec3m \u0111\u1eb7c bi\u1ec7t nh\u1ea5t l\u00e0 s\u1ef1 xu\u1ea5t hi\u1ec7n c\u1ee7a nh\u1eefng h\u1ea1t h\u1ea1nh nh\u00e2n nguy\u00ean h\u1ea1t \u0111\u01b0\u1ee3c rang v\u00e0ng th\u01a1m n\u1ee9c, \u0111an xen d\u00e0y \u0111\u1eb7c trong nh\u00e2n k\u1eb9o, t\u1ea1o n\u00ean \u0111\u1ed9 gi\u00f2n s\u1ea7n s\u1eadt \u0111\u1ed1i l\u1eadp v\u1edbi s\u1ef1 m\u1ec1m m\u1ea1i c\u1ee7a ph\u1ea7n k\u1eb9o tr\u1eafng.<\/p>\n<p data-path-to-node=\"14\"><img decoding=\"async\" class=\"aligncenter\" src=\"https:\/\/havamall.com\/wp-content\/uploads\/2025\/12\/so-co-la-den-va-trang-nhan-nougat-sperlari-hop-165g-202201110942559296.jpg\" width=\"801\" height=\"601\" \/><\/p>\n<p data-path-to-node=\"14\">Ph\u00e2n lo\u1ea1i h\u01b0\u01a1ng v\u1ecb trong h\u1ed9p:<\/p>\n<p data-path-to-node=\"14\">\u2013 Vi\u00ean b\u1ecdc \u0111\u1ecf: Nh\u00e2n h\u1ea1nh nh\u00e2n m\u1ec1m ph\u1ee7 socola \u0111en nguy\u00ean ch\u1ea5t \u0111\u1eadm \u0111\u00e0, v\u1ecb \u0111\u1eafng nh\u1eb9 c\u1ee7a cacao quy\u1ec7n c\u00f9ng \u0111\u1ed9 b\u00e9o c\u1ee7a h\u1ea1nh nh\u00e2n.<\/p>\n<p data-path-to-node=\"14\">\u2013 Vi\u00ean b\u1ecdc v\u00e0ng: Nh\u00e2n h\u1ea1nh nh\u00e2n m\u1ec1m ph\u1ee7 socola tr\u1eafng m\u1ecbn m\u00e0ng, mang l\u1ea1i v\u1ecb ng\u1ecdt d\u1ecbu v\u00e0 m\u00f9i th\u01a1m b\u01a1 s\u1eefa n\u1ed3ng n\u00e0n.<\/p>\n<p data-path-to-node=\"14\">\u2013 Tr\u1ea3i nghi\u1ec7m v\u1ecb gi\u00e1c: K\u1eb9o c\u00f3 \u0111\u1ed9 ng\u1ecdt v\u1eeba ph\u1ea3i nh\u1edd s\u1eed d\u1ee5ng m\u1eadt ong t\u1ef1 nhi\u00ean. S\u1ef1 h\u00f2a quy\u1ec7n gi\u1eefa socola, k\u1eb9o nuga m\u1ec1m v\u00e0 h\u1ea1nh nh\u00e2n gi\u00f2n t\u1ea1o n\u00ean m\u1ed9t b\u1ea3n giao h\u01b0\u1edfng v\u1ecb gi\u00e1c v\u00f4 c\u00f9ng b\u1eaft mi\u1ec7ng, ho\u00e0n to\u00e0n kh\u00f4ng g\u00e2y d\u00ednh r\u0103ng khi nhai.<\/p>\n<p data-path-to-node=\"14\"><img loading=\"lazy\" decoding=\"async\" class=\"aligncenter\" src=\"https:\/\/havamall.com\/wp-content\/uploads\/2025\/12\/so-co-la-den-va-trang-nhan-nougat-sperlari-hop-165g-202201110942565363.jpg\" width=\"801\" height=\"601\" \/><\/p>\n<h2 data-path-to-node=\"15\">GI\u00c1 TR\u1eca DINH D\u01af\u1ee0NG V\u00c0 L\u1ef0A CH\u1eccN QU\u00c0 T\u1eb6NG \u0110\u1eb2NG C\u1ea4P<\/h2>\n<p data-path-to-node=\"17\">\u2013 V\u1edbi th\u00e0nh ph\u1ea7n ch\u00ednh l\u00e0 h\u1ea1nh nh\u00e2n \u2013 lo\u1ea1i h\u1ea1t ch\u1ee9a nhi\u1ec1u Vitamin E, Protein v\u00e0 ch\u1ea5t b\u00e9o l\u00e0nh m\u1ea1nh, Morbidelli kh\u00f4ng ch\u1ec9 l\u00e0 m\u00f3n k\u1eb9o ng\u1ecdt m\u00e0 c\u00f2n l\u00e0 ngu\u1ed3n b\u1ed5 sung d\u01b0\u1ee1ng ch\u1ea5t t\u1ed1t cho tim m\u1ea1ch v\u00e0 tr\u00ed n\u00e3o.<\/p>\n<p data-path-to-node=\"17\">\u2013 Th\u01b0\u1edfng th\u1ee9c tinh t\u1ebf: S\u1ea3n ph\u1ea9m \u0111\u1eb7c bi\u1ec7t ngon khi d\u00f9ng k\u00e8m v\u1edbi r\u01b0\u1ee3u vang ng\u1ecdt (Vin Santo) ho\u1eb7c m\u1ed9t t\u00e1ch tr\u00e0 \u0111en \u0111\u1eadm v\u1ecb \u0111\u1ec3 c\u00e2n b\u1eb1ng \u0111\u1ed9 b\u00e9o v\u00e0 l\u00e0m d\u1eady m\u00f9i th\u01a1m c\u1ee7a h\u1ea1t d\u1ebb, m\u1eadt ong.<\/p>\n<p data-path-to-node=\"17\">K\u1eb9o h\u1ea1nh nh\u00e2n Morbidelli Sperlari h\u1ed9p 117g hi\u1ec7n \u0111ang c\u00f3 m\u1eb7t ch\u00ednh th\u1ee9c t\u1ea1i Havamall.<\/p>\n<\/div>\n<\/div>\n<\/div>\n<\/div>","protected":false},"excerpt":{"rendered":"<p>TH\u00d4NG TIN S\u1ea2N PH\u1ea8M Th\u01b0\u01a1ng hi\u1ec7u Sperlari Xu\u1ea5t x\u1ee9 \u00dd (Italy) Th\u00e0nh ph\u1ea7n H\u1ea1nh nh\u00e2n (Almonds), \u0111\u01b0\u1eddng, m\u1eadt ong, l\u00f2ng<\/p>","protected":false},"featured_media":44103,"comment_status":"open","ping_status":"closed","template":"","meta":[],"product_brand":[],"product_cat":[724,133,130],"product_tag":[],"class_list":{"0":"post-44102","1":"product","2":"type-product","3":"status-publish","4":"has-post-thumbnail","6":"product_cat-nhap-khau-y","7":"product_cat-banh-keo-chocolate","8":"product_cat-khuyen-mai","10":"first","11":"instock","12":"sale","13":"shipping-taxable","14":"purchasable","15":"product-type-simple"},"_links":{"self":[{"href":"https:\/\/havamall.com\/en\/wp-json\/wp\/v2\/product\/44102","targetHints":{"allow":["GET"]}}],"collection":[{"href":"https:\/\/havamall.com\/en\/wp-json\/wp\/v2\/product"}],"about":[{"href":"https:\/\/havamall.com\/en\/wp-json\/wp\/v2\/types\/product"}],"replies":[{"embeddable":true,"href":"https:\/\/havamall.com\/en\/wp-json\/wp\/v2\/comments?post=44102"}],"version-history":[{"count":0,"href":"https:\/\/havamall.com\/en\/wp-json\/wp\/v2\/product\/44102\/revisions"}],"wp:featuredmedia":[{"embeddable":true,"href":"https:\/\/havamall.com\/en\/wp-json\/wp\/v2\/media\/44103"}],"wp:attachment":[{"href":"https:\/\/havamall.com\/en\/wp-json\/wp\/v2\/media?parent=44102"}],"wp:term":[{"taxonomy":"product_brand","embeddable":true,"href":"https:\/\/havamall.com\/en\/wp-json\/wp\/v2\/product_brand?post=44102"},{"taxonomy":"product_cat","embeddable":true,"href":"https:\/\/havamall.com\/en\/wp-json\/wp\/v2\/product_cat?post=44102"},{"taxonomy":"product_tag","embeddable":true,"href":"https:\/\/havamall.com\/en\/wp-json\/wp\/v2\/product_tag?post=44102"}],"curies":[{"name":"wp","href":"https:\/\/api.w.org\/{rel}","templated":true}]}}