{"id":44111,"date":"2025-12-29T09:53:48","date_gmt":"2025-12-29T02:53:48","guid":{"rendered":"https:\/\/havamall.com\/?post_type=product&#038;p=44111"},"modified":"2025-12-29T09:53:54","modified_gmt":"2025-12-29T02:53:54","slug":"oliu-xanh-tach-hat-nhap-khau-y-mazza-340g-mazza-pitted-green-olives","status":"publish","type":"product","link":"https:\/\/havamall.com\/en\/shop\/oliu-xanh-tach-hat-nhap-khau-y-mazza-340g-mazza-pitted-green-olives\/","title":{"rendered":"Oliu Xanh T\u00e1ch H\u1ea1t Nh\u1eadp Kh\u1ea9u \u00dd Mazza 340g \u2013 Mazza Pitted Green Olives"},"content":{"rendered":"<h3 data-path-to-node=\"1\">TH\u00d4NG TIN S\u1ea2N PH\u1ea8M<\/h3>\n<div class=\"horizontal-scroll-wrapper\">\n<div class=\"table-block-component\">\n<div class=\"table-block has-export-button new-table-style\">\n<div class=\"table-content not-end-of-paragraph\" data-hveid=\"0\" data-ved=\"0CAAQ3ecQahgKEwi1gb_Cn9CRAxUAAAAAHQAAAAAQxgo\">\n<table style=\"width: 67.0929%; height: 196px;\" data-path-to-node=\"2\">\n<tbody>\n<tr>\n<td><span data-path-to-node=\"2,1,0,0\"><b data-path-to-node=\"2,1,0,0\" data-index-in-node=\"0\">Th\u01b0\u01a1ng hi\u1ec7u<\/b><\/span><\/td>\n<td><span data-path-to-node=\"2,1,1,0\">Mazza<\/span><\/td>\n<\/tr>\n<tr>\n<td><span data-path-to-node=\"2,2,0,0\"><b data-path-to-node=\"2,2,0,0\" data-index-in-node=\"0\">Xu\u1ea5t x\u1ee9<\/b><\/span><\/td>\n<td><span data-path-to-node=\"2,2,1,0\">\u00dd (Nh\u00e0 s\u1ea3n xu\u1ea5t: Mazza Alimentari S.r.l)<\/span><\/td>\n<\/tr>\n<tr>\n<td><span data-path-to-node=\"2,3,0,0\"><b data-path-to-node=\"2,3,0,0\" data-index-in-node=\"0\">Th\u00e0nh ph\u1ea7n<\/b><\/span><\/td>\n<td><span data-path-to-node=\"2,3,1,0\">Qu\u1ea3 \u00f4 liu xanh t\u00e1ch h\u1ea1t, n\u01b0\u1edbc, mu\u1ed1i, ch\u1ea5t \u0111i\u1ec1u ch\u1ec9nh \u0111\u1ed9 acid (Acid citric &#8211; E330)<\/span><\/td>\n<\/tr>\n<tr>\n<td><span data-path-to-node=\"2,4,0,0\"><b data-path-to-node=\"2,4,0,0\" data-index-in-node=\"0\">H\u1ea1n s\u1eed d\u1ee5ng<\/b><\/span><\/td>\n<td><span data-path-to-node=\"2,4,1,0\">24 &#8211; 36 th\u00e1ng k\u1ec3 t\u1eeb ng\u00e0y s\u1ea3n xu\u1ea5t<\/span><\/td>\n<\/tr>\n<tr>\n<td><span data-path-to-node=\"2,5,0,0\"><b data-path-to-node=\"2,5,0,0\" data-index-in-node=\"0\">B\u1ea3o qu\u1ea3n<\/b><\/span><\/td>\n<td><span data-path-to-node=\"2,5,1,0\">N\u01a1i kh\u00f4 r\u00e1o, tho\u00e1ng m\u00e1t. Sau khi m\u1edf n\u1eafp, b\u1ea3o qu\u1ea3n trong ng\u0103n m\u00e1t t\u1ee7 l\u1ea1nh v\u00e0 d\u00f9ng h\u1ebft trong 15 ng\u00e0y<\/span><\/td>\n<\/tr>\n<tr>\n<td><span data-path-to-node=\"2,6,0,0\"><b data-path-to-node=\"2,6,0,0\" data-index-in-node=\"0\">Kh\u1ed1i l\u01b0\u1ee3ng<\/b><\/span><\/td>\n<td><span data-path-to-node=\"2,6,1,0\">Kh\u1ed1i l\u01b0\u1ee3ng t\u1ecbnh: 340g; Kh\u1ed1i l\u01b0\u1ee3ng c\u00e1i: 170g<\/span><\/td>\n<\/tr>\n<\/tbody>\n<\/table>\n<p data-path-to-node=\"5\">L\u1ecbch s\u1eed c\u1ee7a th\u01b0\u01a1ng hi\u1ec7u <strong>Mazza<\/strong> b\u1eaft \u0111\u1ea7u t\u1eeb n\u0103m 1946 t\u1ea1i v\u00f9ng Brescia, \u00dd, d\u01b0\u1edbi s\u1ef1 d\u1eabn d\u1eaft c\u1ee7a ng\u00e0i Giovanni Mazza. Tr\u1ea3i qua h\u01a1n 75 n\u0103m h\u00ecnh th\u00e0nh v\u00e0 ph\u00e1t tri\u1ec3n, Mazza \u0111\u00e3 chuy\u1ec3n m\u00ecnh t\u1eeb m\u1ed9t doanh nghi\u1ec7p gia \u0111\u00ecnh \u0111\u1ecba ph\u01b0\u01a1ng th\u00e0nh bi\u1ec3u t\u01b0\u1ee3ng to\u00e0n c\u1ea7u c\u1ee7a n\u1ec1n \u1ea9m th\u1ef1c \u0110\u1ecba Trung H\u1ea3i. Tri\u1ebft l\u00fd kinh doanh c\u1ee7a h\u1ecd lu\u00f4n xoay quanh ba tr\u1ee5 c\u1ed9t c\u1ed1t l\u00f5i: Truy\u1ec1n th\u1ed1ng, Ch\u1ea5t l\u01b0\u1ee3ng v\u00e0 S\u1ef1 t\u1eadn t\u00e2m. M\u1ed7i qu\u1ea3 oliu \u0111\u01b0\u1ee3c Mazza tuy\u1ec3n ch\u1ecdn \u0111\u1ec1u l\u00e0 k\u1ebft tinh c\u1ee7a kinh nghi\u1ec7m canh t\u00e1c l\u00e2u \u0111\u1eddi, k\u1ebft h\u1ee3p c\u00f9ng c\u00f4ng ngh\u1ec7 \u0111\u00f3ng g\u00f3i hi\u1ec7n \u0111\u1ea1i \u0111\u1ec3 gi\u1eef tr\u1ecdn v\u1eb9n h\u01b0\u01a1ng v\u1ecb nguy\u00ean b\u1ea3n c\u1ee7a v\u00f9ng \u0111\u1ea5t Italy \u0111\u1ea7y n\u1eafng gi\u00f3.<\/p>\n<p data-path-to-node=\"5\"><img fetchpriority=\"high\" decoding=\"async\" class=\"aligncenter\" src=\"https:\/\/havamall.com\/wp-content\/uploads\/2025\/12\/1300316480.jpg\" width=\"801\" height=\"801\" \/><\/p>\n<p data-path-to-node=\"6\"><strong>\u0110\u1eb6C \u0110I\u1ec2M N\u1ed4I B\u1eacT<\/strong><\/p>\n<p data-path-to-node=\"7\">Oliu xanh Mazza \u0111\u01b0\u1ee3c thu ho\u1ea1ch ngay khi qu\u1ea3 v\u1eeba \u0111\u1ea1t \u0111\u1ed9 ch\u00edn l\u00fd t\u01b0\u1edfng, mang m\u00e0u xanh l\u1ee5c t\u01b0\u01a1i s\u00e1ng v\u00e0 gi\u1eef \u0111\u01b0\u1ee3c \u0111\u1ed9 gi\u00f2n \u0111\u1eb7c tr\u01b0ng. Kh\u00e1c v\u1edbi oliu \u0111en ch\u00edn m\u1ecdng, lo\u1ea1i qu\u1ea3 xanh n\u00e0y s\u1edf h\u1eefu v\u1ecb chua thanh, ch\u00e1t nh\u1eb9 v\u00e0 h\u1eadu v\u1ecb b\u00e9o ng\u1eady v\u00f4 c\u00f9ng tinh t\u1ebf. Qu\u00e1 tr\u00ecnh t\u00e1ch h\u1ea1t \u0111\u01b0\u1ee3c th\u1ef1c hi\u1ec7n t\u1ec9 m\u1ec9 b\u1eb1ng m\u00e1y m\u00f3c c\u00f4ng ngh\u1ec7 cao, gi\u00fap gi\u1eef nguy\u00ean h\u00ecnh d\u00e1ng tr\u00f2n \u0111\u1ea7y c\u1ee7a qu\u1ea3, t\u1ea1o s\u1ef1 thu\u1eadn ti\u1ec7n t\u1ed1i \u0111a trong vi\u1ec7c ch\u1ebf bi\u1ebfn m\u00e0 kh\u00f4ng l\u00e0m m\u1ea5t \u0111i l\u1edbp th\u1ecbt qu\u1ea3 m\u1ecdng n\u01b0\u1edbc b\u00ean trong.<\/p>\n<p data-path-to-node=\"7\"><img decoding=\"async\" class=\"aligncenter\" src=\"https:\/\/khairatlebanon.com\/storage\/1662\/conversions\/01K77ESK80T6TJQ00JJ5TP691P-HD.png\" alt=\"Fresh Local Green Olives - Perfect Quality &amp; Flavor | AED24 per kg -  Khairat Lebanon\" width=\"800\" height=\"800\" \/><\/p>\n<p data-path-to-node=\"8\"><strong>GI\u00c1 TR\u1eca DINH D\u01af\u1ee0NG V\u00c0 L\u1ee2I \u00cdCH CHO S\u1ee8C KH\u1eceE<\/strong><\/p>\n<p data-path-to-node=\"9\">\u1ea8m th\u1ef1c \u0110\u1ecba Trung H\u1ea3i lu\u00f4n \u0111\u01b0\u1ee3c th\u1ebf gi\u1edbi ng\u01b0\u1ee1ng m\u1ed9 nh\u1edd s\u1ef1 l\u00e0nh m\u1ea1nh, v\u00e0 qu\u1ea3 oliu ch\u00ednh l\u00e0 &#8220;linh h\u1ed3n&#8221; trong ch\u1ebf \u0111\u1ed9 \u0103n u\u1ed1ng n\u00e0y. Oliu xanh ch\u1ee9a h\u00e0m l\u01b0\u1ee3ng cao axit oleic \u2013 m\u1ed9t lo\u1ea1i ch\u1ea5t b\u00e9o kh\u00f4ng b\u00e3o h\u00f2a \u0111\u01a1n c\u1ef1c k\u1ef3 c\u00f3 l\u1ee3i cho tim m\u1ea1ch, gi\u00fap gi\u1ea3m l\u01b0\u1ee3ng cholesterol x\u1ea5u v\u00e0 b\u1ea3o v\u1ec7 th\u00e0nh m\u1ea1ch. B\u00ean c\u1ea1nh \u0111\u00f3, \u0111\u00e2y c\u00f2n l\u00e0 ngu\u1ed3n cung c\u1ea5p Vitamin E d\u1ed3i d\u00e0o, \u0111\u00f3ng vai tr\u00f2 nh\u01b0 ch\u1ea5t ch\u1ed1ng oxy h\u00f3a m\u1ea1nh m\u1ebd gi\u00fap ng\u0103n ng\u1eeba l\u00e3o h\u00f3a t\u1ebf b\u00e0o v\u00e0 t\u0103ng c\u01b0\u1eddng h\u1ec7 mi\u1ec5n d\u1ecbch. C\u00e1c kho\u00e1ng ch\u1ea5t thi\u1ebft y\u1ebfu nh\u01b0 s\u1eaft, canxi v\u00e0 \u0111\u1ed3ng c\u00f3 trong qu\u1ea3 c\u0169ng g\u00f3p ph\u1ea7n c\u1ea3i thi\u1ec7n s\u1ee9c kh\u1ecfe x\u01b0\u01a1ng kh\u1edbp v\u00e0 th\u1ecb l\u1ef1c.<\/p>\n<p data-path-to-node=\"9\"><img decoding=\"async\" class=\"aligncenter\" src=\"https:\/\/havamall.com\/wp-content\/uploads\/2025\/12\/250522.green_.olive_.tapenade-4910.jpg\" alt=\"5-Minute Green Olive Tapenade (No Anchovies Option) | Fork in the Kitchen\" width=\"800\" height=\"1200\" \/><\/p>\n<p data-path-to-node=\"10\"><strong>C\u00d4NG D\u1ee4NG V\u00c0 NGH\u1ec6 THU\u1eacT CH\u1ebe BI\u1ebeN<\/strong><\/p>\n<p data-path-to-node=\"11\">Nh\u1edd \u0111\u1eb7c t\u00ednh \u0111\u00e3 \u0111\u01b0\u1ee3c t\u00e1ch h\u1ea1t s\u1eb5n, d\u00f2ng s\u1ea3n ph\u1ea9m n\u00e0y tr\u1edf th\u00e0nh nguy\u00ean li\u1ec7u c\u1ef1c k\u1ef3 \u0111a n\u0103ng cho c\u00e1c b\u1eefa \u0103n h\u00e0ng ng\u00e0y:<\/p>\n<p data-path-to-node=\"11\">\u2013 Khai v\u1ecb ho\u00e0n h\u1ea3o: C\u00f3 th\u1ec3 d\u00f9ng tr\u1ef1c ti\u1ebfp nh\u01b0 m\u1ed9t m\u00f3n nh\u1eafm nh\u1eb9 nh\u00e0ng (tapas), \u0103n k\u00e8m v\u1edbi ph\u00f4 mai, th\u1ecbt ngu\u1ed9i (cold cuts) v\u00e0 m\u1ed9t ch\u00fat r\u01b0\u1ee3u vang \u0111\u1ec3 \u0111\u00e1nh th\u1ee9c v\u1ecb gi\u00e1c.<\/p>\n<p data-path-to-node=\"11\">\u2013 N\u00e2ng t\u1ea7m m\u00f3n Salad: Nh\u1eefng l\u00e1t oliu xanh th\u00e1i m\u1ecfng s\u1ebd mang l\u1ea1i \u0111\u1ed9 gi\u00f2n s\u1ea7n s\u1eadt v\u00e0 v\u1ecb m\u1eb7n thanh tao, k\u1ebft h\u1ee3p tuy\u1ec7t v\u1eddi c\u00f9ng x\u00e0 l\u00e1ch, c\u00e0 chua bi v\u00e0 d\u1ea7u gi\u1ea5m.<\/p>\n<p data-path-to-node=\"11\">\u2013 Gia v\u1ecb cho m\u00f3n n\u01b0\u1edbng v\u00e0 h\u1ea7m: Th\u00eam oliu v\u00e0o c\u00e1c m\u00f3n g\u00e0 h\u1ea7m, c\u00e1 n\u01b0\u1edbng ho\u1eb7c s\u1ed1t m\u1ef3 \u00dd s\u1ebd t\u1ea1o n\u00ean t\u1ea7ng h\u01b0\u01a1ng v\u1ecb \u0111\u1eadm \u0111\u00e0, mang \u0111\u1eadm phong c\u00e1ch \u1ea9m th\u1ef1c \u00dd truy\u1ec1n th\u1ed1ng.<\/p>\n<p data-path-to-node=\"11\">\u2013 Nh\u00e2n b\u00e1nh Pizza v\u00e0 Sandwich: Oliu xanh l\u00e0 th\u00e0nh ph\u1ea7n kh\u00f4ng th\u1ec3 thi\u1ebfu \u0111\u1ec3 t\u1ea1o n\u00ean h\u01b0\u01a1ng th\u01a1m \u0111\u1eb7c tr\u01b0ng cho c\u00e1c lo\u1ea1i b\u00e1nh n\u01b0\u1edbng, gi\u00fap m\u00f3n \u0103n kh\u00f4ng b\u1ecb ng\u1ea5y v\u00e0 th\u00eam ph\u1ea7n b\u1eaft m\u1eaft.<\/p>\n<p data-path-to-node=\"11\"><img loading=\"lazy\" decoding=\"async\" class=\"aligncenter\" src=\"https:\/\/zaatarandzaytoun.com\/wp-content\/uploads\/2024\/06\/chicken-olives-59-scaled.jpg\" alt=\"Chicken with olives by Zaatar and Zaytoun - Lebanese Recipes\" width=\"800\" height=\"534\" \/><\/p>\n<p data-path-to-node=\"12\">V\u1edbi cam k\u1ebft mang \u0111\u1ebfn nh\u1eefng gi\u00e1 tr\u1ecb th\u1ef1c ph\u1ea9m ch\u1ea5t l\u01b0\u1ee3ng nh\u1ea5t, Oliu xanh t\u00e1ch h\u1ea1t Mazza hi\u1ec7n \u0111ang \u0111\u01b0\u1ee3c b\u00e1n ch\u00ednh h\u00e3ng t\u1ea1i Havamall.<\/p>\n<\/div>\n<\/div>\n<\/div>\n<\/div>","protected":false},"excerpt":{"rendered":"<p>TH\u00d4NG TIN S\u1ea2N PH\u1ea8M Th\u01b0\u01a1ng hi\u1ec7u Mazza Xu\u1ea5t x\u1ee9 \u00dd (Nh\u00e0 s\u1ea3n xu\u1ea5t: Mazza Alimentari S.r.l) Th\u00e0nh ph\u1ea7n Qu\u1ea3 \u00f4<\/p>","protected":false},"featured_media":44112,"comment_status":"open","ping_status":"closed","template":"","meta":[],"product_brand":[],"product_cat":[724,705,143],"product_tag":[],"class_list":{"0":"post-44111","1":"product","2":"type-product","3":"status-publish","4":"has-post-thumbnail","6":"product_cat-nhap-khau-y","7":"product_cat-sot-do-hop","8":"product_cat-thuc-pham-dong-hop","10":"first","11":"instock","12":"sale","13":"shipping-taxable","14":"purchasable","15":"product-type-simple"},"_links":{"self":[{"href":"https:\/\/havamall.com\/en\/wp-json\/wp\/v2\/product\/44111","targetHints":{"allow":["GET"]}}],"collection":[{"href":"https:\/\/havamall.com\/en\/wp-json\/wp\/v2\/product"}],"about":[{"href":"https:\/\/havamall.com\/en\/wp-json\/wp\/v2\/types\/product"}],"replies":[{"embeddable":true,"href":"https:\/\/havamall.com\/en\/wp-json\/wp\/v2\/comments?post=44111"}],"version-history":[{"count":0,"href":"https:\/\/havamall.com\/en\/wp-json\/wp\/v2\/product\/44111\/revisions"}],"wp:featuredmedia":[{"embeddable":true,"href":"https:\/\/havamall.com\/en\/wp-json\/wp\/v2\/media\/44112"}],"wp:attachment":[{"href":"https:\/\/havamall.com\/en\/wp-json\/wp\/v2\/media?parent=44111"}],"wp:term":[{"taxonomy":"product_brand","embeddable":true,"href":"https:\/\/havamall.com\/en\/wp-json\/wp\/v2\/product_brand?post=44111"},{"taxonomy":"product_cat","embeddable":true,"href":"https:\/\/havamall.com\/en\/wp-json\/wp\/v2\/product_cat?post=44111"},{"taxonomy":"product_tag","embeddable":true,"href":"https:\/\/havamall.com\/en\/wp-json\/wp\/v2\/product_tag?post=44111"}],"curies":[{"name":"wp","href":"https:\/\/api.w.org\/{rel}","templated":true}]}}