{"id":44118,"date":"2025-12-29T10:35:47","date_gmt":"2025-12-29T03:35:47","guid":{"rendered":"https:\/\/havamall.com\/?post_type=product&#038;p=44118"},"modified":"2025-12-29T11:00:08","modified_gmt":"2025-12-29T04:00:08","slug":"oliu-den-tach-hat-nhap-khau-y-mazza-340g-mazza-pitted-black-olives","status":"publish","type":"product","link":"https:\/\/havamall.com\/en\/shop\/oliu-den-tach-hat-nhap-khau-y-mazza-340g-mazza-pitted-black-olives\/","title":{"rendered":"Oliu \u0110en T\u00e1ch H\u1ea1t Nh\u1eadp Kh\u1ea9u \u00dd Mazza 340g \u2013 Mazza Pitted Black Olives"},"content":{"rendered":"<h3 data-path-to-node=\"1\">TH\u00d4NG TIN S\u1ea2N PH\u1ea8M<\/h3>\n<div class=\"horizontal-scroll-wrapper\">\n<div class=\"table-block-component\">\n<div class=\"table-block has-export-button new-table-style\">\n<div class=\"table-content not-end-of-paragraph\" data-hveid=\"0\" data-ved=\"0CAAQ3ecQahgKEwi1gb_Cn9CRAxUAAAAAHQAAAAAQnQs\">\n<table data-path-to-node=\"2\">\n<tbody>\n<tr>\n<td><span data-path-to-node=\"2,1,0,0\"><b data-path-to-node=\"2,1,0,0\" data-index-in-node=\"0\">Th\u01b0\u01a1ng hi\u1ec7u<\/b><\/span><\/td>\n<td><span data-path-to-node=\"2,1,1,0\">Mazza<\/span><\/td>\n<\/tr>\n<tr>\n<td><span data-path-to-node=\"2,2,0,0\"><b data-path-to-node=\"2,2,0,0\" data-index-in-node=\"0\">Xu\u1ea5t x\u1ee9<\/b><\/span><\/td>\n<td><span data-path-to-node=\"2,2,1,0\">\u00dd (Nh\u00e0 s\u1ea3n xu\u1ea5t: Mazza Alimentari S.r.l)<\/span><\/td>\n<\/tr>\n<tr>\n<td><span data-path-to-node=\"2,3,0,0\"><b data-path-to-node=\"2,3,0,0\" data-index-in-node=\"0\">Th\u00e0nh ph\u1ea7n<\/b><\/span><\/td>\n<td><span data-path-to-node=\"2,3,1,0\">Qu\u1ea3 \u00f4 liu \u0111en t\u00e1ch h\u1ea1t, n\u01b0\u1edbc, mu\u1ed1i, ch\u1ea5t \u1ed5n \u0111\u1ecbnh m\u00e0u (S\u1eaft gluconat &#8211; E579)<\/span><\/td>\n<\/tr>\n<tr>\n<td><span data-path-to-node=\"2,4,0,0\"><b data-path-to-node=\"2,4,0,0\" data-index-in-node=\"0\">H\u1ea1n s\u1eed d\u1ee5ng<\/b><\/span><\/td>\n<td><span data-path-to-node=\"2,4,1,0\">36 th\u00e1ng k\u1ec3 t\u1eeb ng\u00e0y s\u1ea3n xu\u1ea5t<\/span><\/td>\n<\/tr>\n<tr>\n<td><span data-path-to-node=\"2,5,0,0\"><b data-path-to-node=\"2,5,0,0\" data-index-in-node=\"0\">B\u1ea3o qu\u1ea3n<\/b><\/span><\/td>\n<td><span data-path-to-node=\"2,5,1,0\">N\u01a1i kh\u00f4 r\u00e1o, tho\u00e1ng m\u00e1t. Sau khi m\u1edf n\u1eafp, b\u1ea3o qu\u1ea3n l\u1ea1nh trong h\u1ed9p phi kim lo\u1ea1i v\u00e0 d\u00f9ng h\u1ebft trong 3 ng\u00e0y<\/span><\/td>\n<\/tr>\n<tr>\n<td><span data-path-to-node=\"2,6,0,0\"><b data-path-to-node=\"2,6,0,0\" data-index-in-node=\"0\">Kh\u1ed1i l\u01b0\u1ee3ng<\/b><\/span><\/td>\n<td><span data-path-to-node=\"2,6,1,0\">Kh\u1ed1i l\u01b0\u1ee3ng t\u1ecbnh: 340g; Kh\u1ed1i l\u01b0\u1ee3ng c\u00e1i: 150g<\/span><\/td>\n<\/tr>\n<\/tbody>\n<\/table>\n<p data-path-to-node=\"5\">Khi nh\u1eafc \u0111\u1ebfn bi\u1ec3u t\u01b0\u1ee3ng c\u1ee7a s\u1ef1 tr\u01b0\u1eddng th\u1ecd v\u00e0 h\u00f2a b\u00ecnh trong v\u0103n h\u00f3a ph\u01b0\u01a1ng T\u00e2y, kh\u00f4ng th\u1ec3 kh\u00f4ng nh\u1eafc \u0111\u1ebfn c\u00e2y oliu. Th\u01b0\u01a1ng hi\u1ec7u Mazza, v\u1edbi b\u1ec1 d\u00e0y l\u1ecbch s\u1eed t\u1eeb n\u0103m 1946 t\u1ea1i v\u00f9ng Brescia tr\u00f9 ph\u00fa c\u1ee7a n\u01b0\u1edbc \u00dd, \u0111\u00e3 d\u00e0nh h\u01a1n b\u1ea3y th\u1eadp k\u1ef7 \u0111\u1ec3 tinh l\u1ecdc nh\u1eefng gi\u00e1 tr\u1ecb tinh t\u00fay nh\u1ea5t t\u1eeb lo\u1ea1i qu\u1ea3 n\u00e0y. Oliu \u0111en Mazza kh\u00f4ng ch\u1ec9 \u0111\u01a1n thu\u1ea7n l\u00e0 m\u1ed9t lo\u1ea1i th\u1ef1c ph\u1ea9m \u0111\u00f3ng h\u1ed9p, m\u00e0 c\u00f2n l\u00e0 k\u1ebft tinh c\u1ee7a m\u1ed9t quy tr\u00ecnh canh t\u00e1c nghi\u00eam ng\u1eb7t v\u00e0 ni\u1ec1m t\u1ef1 h\u00e0o v\u1ec1 di s\u1ea3n \u1ea9m th\u1ef1c Italy. Nh\u1eefng qu\u1ea3 oliu \u0111en \u0111\u1ea1t \u0111\u1ed9 ch\u00edn mu\u1ed3i ho\u00e0n h\u1ea3o \u0111\u01b0\u1ee3c thu ho\u1ea1ch v\u00e0 ch\u1ebf bi\u1ebfn theo ph\u01b0\u01a1ng ph\u00e1p truy\u1ec1n th\u1ed1ng, gi\u1eef tr\u1ecdn v\u1eb9n b\u1ea3n s\u1eafc v\u00f9ng \u0110\u1ecba Trung H\u1ea3i trong t\u1eebng l\u1edbp th\u1ecbt qu\u1ea3.<\/p>\n<p data-path-to-node=\"5\"><img fetchpriority=\"high\" decoding=\"async\" class=\"aligncenter\" src=\"https:\/\/havamall.com\/wp-content\/uploads\/2025\/12\/133889089.jpg\" width=\"800\" height=\"800\" \/><\/p>\n<p data-path-to-node=\"6\"><span style=\"font-size: 14pt;\"><strong>\u0110\u1eb6C \u0110I\u1ec2M N\u1ed4I B\u1eacT<\/strong><\/span><\/p>\n<p data-path-to-node=\"6\">Kh\u00e1c v\u1edbi nh\u1eefng qu\u1ea3 oliu xanh \u0111\u01b0\u1ee3c h\u00e1i s\u1edbm, oliu \u0111en Mazza l\u00e0 nh\u1eefng qu\u1ea3 \u0111\u00e3 \u0111\u1ea1t \u0111\u1ebfn \u0111\u1ed9 ch\u00edn t\u1ef1 nhi\u00ean t\u1ed1i \u0111a tr\u00ean c\u00e2y. Ch\u00ednh v\u00ec v\u1eady, h\u00ecnh th\u00e1i c\u1ee7a qu\u1ea3 mang s\u1eafc \u0111en b\u00f3ng b\u1ea9y, k\u1ebft c\u1ea5u th\u1ecbt qu\u1ea3 m\u1ec1m m\u01b0\u1ee3t v\u00e0 m\u1ecdng n\u01b0\u1edbc h\u01a1n h\u1eb3n. V\u1ecb m\u1eb7n c\u1ee7a mu\u1ed1i k\u1ebft h\u1ee3p c\u00f9ng v\u1ecb b\u00e9o ng\u1eady \u0111\u1eb7c tr\u01b0ng t\u1ea1o n\u00ean m\u1ed9t t\u1ea7ng h\u01b0\u01a1ng v\u1ecb \u0111\u1eadm \u0111\u00e0, d\u1ecbu ng\u1ecdt v\u00e0 \u00edt ch\u00e1t h\u01a1n so v\u1edbi lo\u1ea1i oliu xanh. C\u00f4ng ngh\u1ec7 t\u00e1ch h\u1ea1t hi\u1ec7n \u0111\u1ea1i c\u1ee7a Mazza \u0111\u1ea3m b\u1ea3o qu\u1ea3 v\u1eabn gi\u1eef nguy\u00ean v\u1eb9n c\u1ea5u tr\u00fac h\u00ecnh tr\u00f2n \u0111\u1eb9p m\u1eaft, t\u1ea1o n\u00ean s\u1ef1 thu\u1eadn ti\u1ec7n tuy\u1ec7t \u0111\u1ed1i cho vi\u1ec7c tr\u00ecnh b\u00e0y v\u00e0 th\u01b0\u1edfng th\u1ee9c m\u00e0 kh\u00f4ng c\u1ea7n t\u1ed1n th\u1eddi gian s\u01a1 ch\u1ebf h\u1ea1t.<\/p>\n<p data-path-to-node=\"6\"><img decoding=\"async\" class=\"aligncenter\" src=\"https:\/\/havamall.com\/wp-content\/uploads\/2025\/12\/052.jpg\" alt=\"Ripening: olives show their true colours | Notes from a Tuscan Olive Grove\" width=\"800\" height=\"535\" \/><\/p>\n<p data-path-to-node=\"8\"><strong><span style=\"font-size: 14pt;\">NGU\u1ed2N DINH D\u01af\u1ee0NG V\u00c0NG CHO C\u01a0 TH\u1ec2<\/span><\/strong><\/p>\n<p data-path-to-node=\"9\">Oliu \u0111en \u0111\u01b0\u1ee3c v\u00ed nh\u01b0 &#8220;vi\u00ean ng\u1ecdc \u0111en&#8221; c\u1ee7a s\u1ee9c kh\u1ecfe nh\u1edd h\u00e0m l\u01b0\u1ee3ng dinh d\u01b0\u1ee1ng v\u01b0\u1ee3t tr\u1ed9i. Trong m\u1ed7i qu\u1ea3 ch\u1ee9a \u0111\u1ef1ng l\u01b0\u1ee3ng axit b\u00e9o kh\u00f4ng b\u00e3o h\u00f2a \u0111\u01a1n l\u00e0nh m\u1ea1nh, \u0111\u1eb7c bi\u1ec7t l\u00e0 axit oleic, c\u00f3 kh\u1ea3 n\u0103ng h\u1ed7 tr\u1ee3 s\u1ee9c kh\u1ecfe tim m\u1ea1ch b\u1eb1ng c\u00e1ch ki\u1ec3m so\u00e1t m\u1ee9c cholesterol trong m\u00e1u. \u0110\u1eb7c bi\u1ec7t, oliu \u0111en r\u1ea5t gi\u00e0u s\u1eaft \u2013 m\u1ed9t kho\u00e1ng ch\u1ea5t thi\u1ebft y\u1ebfu cho qu\u00e1 tr\u00ecnh t\u00e1i t\u1ea1o h\u1ed3ng c\u1ea7u v\u00e0 v\u1eadn chuy\u1ec3n oxy trong c\u01a1 th\u1ec3. H\u00e0m l\u01b0\u1ee3ng ch\u1ea5t ch\u1ed1ng oxy h\u00f3a cao c\u00f9ng c\u00e1c lo\u1ea1i Vitamin A, E gi\u00fap b\u1ea3o v\u1ec7 t\u1ebf b\u00e0o kh\u1ecfi s\u1ef1 t\u1ea5n c\u00f4ng c\u1ee7a c\u00e1c g\u1ed1c t\u1ef1 do, h\u1ed7 tr\u1ee3 th\u1ecb l\u1ef1c v\u00e0 nu\u00f4i d\u01b0\u1ee1ng l\u00e0n da kh\u1ecfe m\u1ea1nh t\u1eeb b\u00ean trong.<\/p>\n<p data-path-to-node=\"9\"><img decoding=\"async\" class=\"aligncenter\" src=\"https:\/\/havamall.com\/wp-content\/uploads\/2025\/12\/Complete-Guide-to-Olives-3.jpg\" alt=\"Your Complete Guide to Black &amp; Green Olives - The Matbakh\" width=\"801\" height=\"1202\" \/><\/p>\n<p data-path-to-node=\"10\"><span style=\"font-size: 14pt;\"><strong>NGH\u1ec6 THU\u1eacT CH\u1ebe BI\u1ebeN<\/strong><\/span><\/p>\n<p data-path-to-node=\"11\">V\u1edbi s\u1ef1 ti\u1ec7n l\u1ee3i t\u1eeb vi\u1ec7c \u0111\u00e3 \u0111\u01b0\u1ee3c t\u00e1ch h\u1ea1t s\u1eb5n, oliu \u0111en Mazza tr\u1edf th\u00e0nh ngu\u1ed3n c\u1ea3m h\u1ee9ng b\u1ea5t t\u1eadn cho c\u00e1c \u0111\u1ea7u b\u1ebfp t\u1ea1i gia:<\/p>\n<p data-path-to-node=\"11\">\u2013 \u0110i\u1ec3m nh\u1ea5n cho Pizza v\u00e0 m\u1ef3 \u00dd: Nh\u1eefng l\u00e1t oliu \u0111en c\u1eaft khoanh kh\u00f4ng ch\u1ec9 t\u1ea1o m\u00e0u s\u1eafc t\u01b0\u01a1ng ph\u1ea3n b\u1eaft m\u1eaft m\u00e0 c\u00f2n mang l\u1ea1i h\u01b0\u01a1ng v\u1ecb \u0111\u1eadm \u0111\u00e0, \u0111\u1eb7c tr\u01b0ng cho c\u00e1c m\u00f3n n\u01b0\u1edbng v\u00e0 s\u1ed1t c\u00e0 chua.<\/p>\n<p data-path-to-node=\"11\">\u2013 Th\u00e0nh ph\u1ea7n kh\u00f4ng th\u1ec3 thi\u1ebfu trong Salad Hy L\u1ea1p: V\u1ecb m\u1eb7n b\u00e9o c\u1ee7a oliu \u0111en k\u1ebft h\u1ee3p c\u00f9ng ph\u00f4 mai Feta v\u00e0 rau c\u1ee7 t\u01b0\u01a1i s\u1ebd t\u1ea1o n\u00ean m\u1ed9t m\u00f3n \u0103n thanh m\u00e1t, \u0111\u1ea7y \u0111\u1ee7 d\u01b0\u1ee1ng ch\u1ea5t.<\/p>\n<p data-path-to-node=\"11\">\u2013 M\u00f3n khai v\u1ecb sang tr\u1ecdng: S\u1eafp x\u1ebfp oliu \u0111en c\u00f9ng c\u00e1c lo\u1ea1i th\u1ecbt ngu\u1ed9i, x\u00fac x\u00edch salami v\u00e0 c\u00e1c lo\u1ea1i h\u1ea1t tr\u00ean khay \u0111\u1ed3 ngu\u1ed9i (charcuterie board) \u0111\u1ec3 t\u1ea1o n\u00ean m\u1ed9t kh\u00f4ng gian ti\u1ec7c chu\u1ea9n phong c\u00e1ch Ch\u00e2u \u00c2u. \u2013 Gia v\u1ecb cho c\u00e1c m\u00f3n b\u00e1nh: Oliu \u0111en b\u0103m nh\u1ecf c\u00f3 th\u1ec3 \u0111\u01b0\u1ee3c tr\u1ed9n v\u00e0o b\u1ed9t b\u00e1nh m\u1ef3 ho\u1eb7c b\u00e1nh m\u1eb7n, t\u1ea1o n\u00ean m\u00f9i th\u01a1m quy\u1ebfn r\u0169 v\u00e0 v\u1ecb l\u1ea1 mi\u1ec7ng khi th\u01b0\u1edfng th\u1ee9c.<\/p>\n<p data-path-to-node=\"11\"><img loading=\"lazy\" decoding=\"async\" class=\"aligncenter\" src=\"https:\/\/havamall.com\/wp-content\/uploads\/2025\/12\/11recipehealth-superJumbo-v2.jpg\" width=\"800\" height=\"528\" \/><\/p>\n<p data-path-to-node=\"12\">S\u1ea3n ph\u1ea9m Oliu \u0111en t\u00e1ch h\u1ea1t Mazza hi\u1ec7n \u0111ang \u0111\u01b0\u1ee3c b\u00e1n t\u1ea1i Havamall.<\/p>\n<\/div>\n<\/div>\n<\/div>\n<\/div>","protected":false},"excerpt":{"rendered":"<p>TH\u00d4NG TIN S\u1ea2N PH\u1ea8M Th\u01b0\u01a1ng hi\u1ec7u Mazza Xu\u1ea5t x\u1ee9 \u00dd (Nh\u00e0 s\u1ea3n xu\u1ea5t: Mazza Alimentari S.r.l) Th\u00e0nh ph\u1ea7n Qu\u1ea3 \u00f4<\/p>","protected":false},"featured_media":44119,"comment_status":"open","ping_status":"closed","template":"","meta":[],"product_brand":[],"product_cat":[724,705,143],"product_tag":[],"class_list":{"0":"post-44118","1":"product","2":"type-product","3":"status-publish","4":"has-post-thumbnail","6":"product_cat-nhap-khau-y","7":"product_cat-sot-do-hop","8":"product_cat-thuc-pham-dong-hop","10":"first","11":"instock","12":"sale","13":"shipping-taxable","14":"purchasable","15":"product-type-simple"},"_links":{"self":[{"href":"https:\/\/havamall.com\/en\/wp-json\/wp\/v2\/product\/44118","targetHints":{"allow":["GET"]}}],"collection":[{"href":"https:\/\/havamall.com\/en\/wp-json\/wp\/v2\/product"}],"about":[{"href":"https:\/\/havamall.com\/en\/wp-json\/wp\/v2\/types\/product"}],"replies":[{"embeddable":true,"href":"https:\/\/havamall.com\/en\/wp-json\/wp\/v2\/comments?post=44118"}],"version-history":[{"count":0,"href":"https:\/\/havamall.com\/en\/wp-json\/wp\/v2\/product\/44118\/revisions"}],"wp:featuredmedia":[{"embeddable":true,"href":"https:\/\/havamall.com\/en\/wp-json\/wp\/v2\/media\/44119"}],"wp:attachment":[{"href":"https:\/\/havamall.com\/en\/wp-json\/wp\/v2\/media?parent=44118"}],"wp:term":[{"taxonomy":"product_brand","embeddable":true,"href":"https:\/\/havamall.com\/en\/wp-json\/wp\/v2\/product_brand?post=44118"},{"taxonomy":"product_cat","embeddable":true,"href":"https:\/\/havamall.com\/en\/wp-json\/wp\/v2\/product_cat?post=44118"},{"taxonomy":"product_tag","embeddable":true,"href":"https:\/\/havamall.com\/en\/wp-json\/wp\/v2\/product_tag?post=44118"}],"curies":[{"name":"wp","href":"https:\/\/api.w.org\/{rel}","templated":true}]}}