{"id":44200,"date":"2025-12-29T16:58:43","date_gmt":"2025-12-29T09:58:43","guid":{"rendered":"https:\/\/havamall.com\/?post_type=product&#038;p=44200"},"modified":"2025-12-29T16:58:43","modified_gmt":"2025-12-29T09:58:43","slug":"hv651-hop-nam-cham-2-canh-pho-dinh","status":"publish","type":"product","link":"https:\/\/havamall.com\/en\/shop\/hv651-hop-nam-cham-2-canh-pho-dinh\/","title":{"rendered":"HV651 &#8211; H\u1ed9p Nam Ch\u00e2m 2 C\u00e1nh Ph\u1ed5 \u0110\u00ecnh"},"content":{"rendered":"<p>Gi\u00e1 l\u1ebb: 1.880<\/p>\n<p>Gi\u00e1 s\u1ec9: 1530<\/p>","protected":false},"excerpt":{"rendered":"<p>Gi\u00e1 l\u1ebb: 1.880 Gi\u00e1 s\u1ec9: 1530<\/p>","protected":false},"featured_media":44201,"comment_status":"open","ping_status":"closed","template":"","meta":[],"product_brand":[],"product_cat":[789],"product_tag":[],"class_list":{"0":"post-44200","1":"product","2":"type-product","3":"status-publish","4":"has-post-thumbnail","6":"product_cat-gio-qua-tet-hamper","8":"first","9":"instock","10":"sale","11":"shipping-taxable","12":"purchasable","13":"product-type-simple"},"_links":{"self":[{"href":"https:\/\/havamall.com\/en\/wp-json\/wp\/v2\/product\/44200","targetHints":{"allow":["GET"]}}],"collection":[{"href":"https:\/\/havamall.com\/en\/wp-json\/wp\/v2\/product"}],"about":[{"href":"https:\/\/havamall.com\/en\/wp-json\/wp\/v2\/types\/product"}],"replies":[{"embeddable":true,"href":"https:\/\/havamall.com\/en\/wp-json\/wp\/v2\/comments?post=44200"}],"version-history":[{"count":0,"href":"https:\/\/havamall.com\/en\/wp-json\/wp\/v2\/product\/44200\/revisions"}],"wp:featuredmedia":[{"embeddable":true,"href":"https:\/\/havamall.com\/en\/wp-json\/wp\/v2\/media\/44201"}],"wp:attachment":[{"href":"https:\/\/havamall.com\/en\/wp-json\/wp\/v2\/media?parent=44200"}],"wp:term":[{"taxonomy":"product_brand","embeddable":true,"href":"https:\/\/havamall.com\/en\/wp-json\/wp\/v2\/product_brand?post=44200"},{"taxonomy":"product_cat","embeddable":true,"href":"https:\/\/havamall.com\/en\/wp-json\/wp\/v2\/product_cat?post=44200"},{"taxonomy":"product_tag","embeddable":true,"href":"https:\/\/havamall.com\/en\/wp-json\/wp\/v2\/product_tag?post=44200"}],"curies":[{"name":"wp","href":"https:\/\/api.w.org\/{rel}","templated":true}]}}