{"id":44211,"date":"2025-12-31T09:32:09","date_gmt":"2025-12-31T02:32:09","guid":{"rendered":"https:\/\/havamall.com\/?post_type=product&#038;p=44211"},"modified":"2026-02-07T11:46:17","modified_gmt":"2026-02-07T04:46:17","slug":"rong-bien-muoi-tsumago-nhap-khau-nhat-ban-kaneryo-500g-kaneryo-tsumago-salted-seaweed","status":"publish","type":"product","link":"https:\/\/havamall.com\/en\/shop\/rong-bien-muoi-tsumago-nhap-khau-nhat-ban-kaneryo-500g-kaneryo-tsumago-salted-seaweed\/","title":{"rendered":"Rong Bi\u1ec3n Mu\u1ed1i Tsumago Nh\u1eadp Kh\u1ea9u Nh\u1eadt B\u1ea3n Kaneryo 500g \u2013 Kaneryo Tsumago Salted Seaweed"},"content":{"rendered":"<h3 data-path-to-node=\"1\">TH\u00d4NG TIN S\u1ea2N PH\u1ea8M<\/h3>\n<div class=\"horizontal-scroll-wrapper\">\n<div class=\"table-block-component\">\n<div class=\"table-block has-export-button new-table-style\">\n<div class=\"table-content not-end-of-paragraph\" data-hveid=\"0\" data-ved=\"0CAAQ3ecQahgKEwi1gb_Cn9CRAxUAAAAAHQAAAAAQkA0\">\n<table style=\"width: 56.6562%;height: 153px\" data-path-to-node=\"2\">\n<tbody>\n<tr>\n<td><span data-path-to-node=\"2,1,0,0\"><b data-path-to-node=\"2,1,0,0\" data-index-in-node=\"0\">Th\u01b0\u01a1ng hi\u1ec7u<\/b><\/span><\/td>\n<td><span data-path-to-node=\"2,1,1,0\">Kaneryo<\/span><\/td>\n<\/tr>\n<tr>\n<td><span data-path-to-node=\"2,2,0,0\"><b data-path-to-node=\"2,2,0,0\" data-index-in-node=\"0\">Xu\u1ea5t x\u1ee9<\/b><\/span><\/td>\n<td><span data-path-to-node=\"2,2,1,0\">Nh\u1eadt B\u1ea3n<\/span><\/td>\n<\/tr>\n<tr>\n<td><span data-path-to-node=\"2,3,0,0\"><b data-path-to-node=\"2,3,0,0\" data-index-in-node=\"0\">Th\u00e0nh ph\u1ea7n<\/b><\/span><\/td>\n<td><span data-path-to-node=\"2,3,1,0\">Rong bi\u1ec3n t\u01b0\u01a1i, mu\u1ed1i \u0103n<\/span><\/td>\n<\/tr>\n<tr>\n<td><span data-path-to-node=\"2,4,0,0\"><b data-path-to-node=\"2,4,0,0\" data-index-in-node=\"0\">H\u1ea1n s\u1eed d\u1ee5ng<\/b><\/span><\/td>\n<td><span data-path-to-node=\"2,4,1,0\">12 th\u00e1ng k\u1ec3 t\u1eeb ng\u00e0y s\u1ea3n xu\u1ea5t<\/span><\/td>\n<\/tr>\n<tr>\n<td><span data-path-to-node=\"2,5,0,0\"><b data-path-to-node=\"2,5,0,0\" data-index-in-node=\"0\">B\u1ea3o qu\u1ea3n<\/b><\/span><\/td>\n<td><span data-path-to-node=\"2,5,1,0\">B\u1ea3o qu\u1ea3n l\u1ea1nh \u1edf nhi\u1ec7t \u0111\u1ed9 t\u1eeb 0\u00b0C \u0111\u1ebfn 10\u00b0C ho\u1eb7c ng\u0103n \u0111\u00f4ng \u0111\u1ec3 gi\u1eef \u0111\u1ed9 t\u01b0\u01a1i l\u00e2u h\u01a1n<\/span><\/td>\n<\/tr>\n<\/tbody>\n<\/table>\n<p>Nh\u1eadt B\u1ea3n v\u1ed1n n\u1ed5i ti\u1ebfng th\u1ebf gi\u1edbi v\u1edbi tri\u1ebft l\u00fd \u1ea9m th\u1ef1c ch\u00fa tr\u1ecdng s\u1ef1 thu\u1ea7n khi\u1ebft v\u00e0 t\u01b0\u01a1i n gon tuy\u1ec7t \u0111\u1ed1i t\u1eeb thi\u00ean nhi\u00ean. Trong \u0111\u00f3, rong bi\u1ec3n \u0111\u01b0\u1ee3c xem l\u00e0 &#8220;rau c\u1ee7a bi\u1ec3n c\u1ea3&#8221;, m\u1ed9t th\u00e0nh ph\u1ea7n kh\u00f4ng th\u1ec3 thi\u1ebfu trong ch\u1ebf \u0111\u1ed9 \u0103n u\u1ed1ng tr\u01b0\u1eddng th\u1ecd c\u1ee7a ng\u01b0\u1eddi d\u00e2n x\u1ee9 s\u1edf Ph\u00f9 Tang. Th\u01b0\u01a1ng hi\u1ec7u Kaneryo, v\u1edbi l\u1ecbch s\u1eed h\u00ecnh th\u00e0nh v\u00e0 ph\u00e1t tri\u1ec3n l\u00e2u \u0111\u1eddi t\u1eeb v\u00f9ng Kumamoto, \u0111\u00e3 tr\u1edf th\u00e0nh chuy\u00ean gia h\u00e0ng \u0111\u1ea7u trong l\u0129nh v\u1ef1c ch\u1ebf bi\u1ebfn c\u00e1c lo\u1ea1i th\u1ef1c v\u1eadt bi\u1ec3n. Rong bi\u1ec3n mu\u1ed1i Tsumago c\u1ee7a Kaneryo kh\u00f4ng ch\u1ec9 l\u00e0 m\u1ed9t nguy\u00ean li\u1ec7u n\u1ea5u \u0103n, m\u00e0 c\u00f2n mang trong m\u00ecnh c\u1ea3 t\u00e2m huy\u1ebft c\u1ee7a nh\u1eefng ng\u01b0\u1eddi th\u1ee3 l\u00e0nh ngh\u1ec1, mong mu\u1ed1n mang h\u01b0\u01a1ng v\u1ecb m\u1eb7n m\u00f2i, t\u01b0\u01a1i m\u1edbi c\u1ee7a \u0111\u1ea1i d\u01b0\u01a1ng Nh\u1eadt B\u1ea3n \u0111\u1ebfn v\u1edbi m\u1ecdi gian b\u1ebfp.<\/p>\n<p><img fetchpriority=\"high\" decoding=\"async\" class=\"aligncenter\" src=\"https:\/\/havamall.com\/wp-content\/uploads\/2025\/12\/02_201380.jpg\" width=\"800\" height=\"600\" \/><\/p>\n<p>Rong bi\u1ec3n Tsumago (th\u01b0\u1eddng \u0111\u01b0\u1ee3c bi\u1ebft \u0111\u1ebfn l\u00e0 lo\u1ea1i rong bi\u1ec3n s\u1ee3i m\u1ea3nh) s\u1edf h\u1eefu h\u00ecnh th\u00e1i v\u00f4 c\u00f9ng \u0111\u1ed9c \u0111\u00e1o v\u1edbi nh\u1eefng s\u1ee3i rong xanh m\u01b0\u1edbt, m\u1ea3nh mai nh\u01b0ng l\u1ea1i c\u00f3 \u0111\u1ed9 dai gi\u00f2n t\u1ef1 nhi\u00ean r\u1ea5t \u0111\u1eb7c tr\u01b0ng. \u0110i\u1ec3m kh\u00e1c bi\u1ec7t l\u1edbn nh\u1ea5t c\u1ee7a d\u00f2ng s\u1ea3n ph\u1ea9m n\u00e0y ch\u00ednh l\u00e0 ph\u01b0\u01a1ng ph\u00e1p b\u1ea3o qu\u1ea3n b\u1eb1ng mu\u1ed1i t\u01b0\u01a1i ngay sau khi thu ho\u1ea1ch. Quy tr\u00ecnh n\u00e0y gi\u00fap t\u1eebng t\u1ebf b\u00e0o rong bi\u1ec3n \u0111\u01b0\u1ee3c &#8220;kh\u00f3a ch\u1eb7t&#8221; \u0111\u1ed9 t\u01b0\u01a1i, gi\u1eef nguy\u00ean c\u1ea5u tr\u00fac s\u1ea7n s\u1eadt v\u00e0 m\u00e0u s\u1eafc t\u1ef1 nhi\u00ean m\u00e0 kh\u00f4ng c\u1ea7n \u0111\u1ebfn b\u1ea5t k\u1ef3 lo\u1ea1i h\u00f3a ch\u1ea5t b\u1ea3o qu\u1ea3n hay ph\u1ea9m m\u00e0u n\u00e0o. Khi \u0111\u01b0\u1ee3c ng\u00e2m r\u1eeda s\u1ea1ch mu\u1ed1i, rong bi\u1ec3n s\u1ebd n\u1edf \u0111\u1ec1u, tr\u1edf l\u1ea1i tr\u1ea1ng th\u00e1i t\u01b0\u01a1i m\u1edbi nh\u01b0 v\u1eeba \u0111\u01b0\u1ee3c h\u00e1i l\u00ean t\u1eeb nh\u1eefng v\u00f9ng bi\u1ec3n s\u1ea1ch c\u1ee7a Nh\u1eadt B\u1ea3n.<\/p>\n<p><img decoding=\"async\" class=\"aligncenter\" src=\"https:\/\/havamall.com\/wp-content\/uploads\/2025\/12\/68ff0f3e92f2f06afd9759e1a5d45854-scaled.jpg\" width=\"801\" height=\"534\" \/><\/p>\n<p data-path-to-node=\"8\"><span style=\"font-size: 14pt\"><strong>GI\u00c1 TR\u1eca DINH D\u01af\u1ee0NG V\u00c0 C\u00d4NG D\u1ee4NG CHO S\u1ee8C KH\u1eceE<\/strong><\/span><\/p>\n<p data-path-to-node=\"8\">\u2013 Ngu\u1ed3n kho\u00e1ng ch\u1ea5t d\u1ed3i d\u00e0o: Cung c\u1ea5p l\u01b0\u1ee3ng l\u1edbn I-\u1ed1t, Canxi, Magie v\u00e0 S\u1eaft, h\u1ed7 tr\u1ee3 ch\u1ee9c n\u0103ng tuy\u1ebfn gi\u00e1p, gi\u00fap x\u01b0\u01a1ng ch\u1eafc kh\u1ecfe v\u00e0 c\u1ea3i thi\u1ec7n qu\u00e1 tr\u00ecnh l\u01b0u th\u00f4ng m\u00e1u.<\/p>\n<p data-path-to-node=\"8\">\u2013 Gi\u00e0u ch\u1ea5t x\u01a1 h\u00f2a tan: H\u1ed7 tr\u1ee3 h\u1ec7 ti\u00eau h\u00f3a ho\u1ea1t \u0111\u1ed9ng tr\u01a1n tru, t\u1ea1o c\u1ea3m gi\u00e1c no l\u00e2u, r\u1ea5t ph\u00f9 h\u1ee3p cho nh\u1eefng ng\u01b0\u1eddi \u0111ang \u00e1p d\u1ee5ng ch\u1ebf \u0111\u1ed9 \u0103n ki\u00eang ho\u1eb7c Eat Clean.<\/p>\n<p data-path-to-node=\"8\">\u2013 Vitamin v\u00e0 ch\u1ea5t ch\u1ed1ng oxy h\u00f3a: Ch\u1ee9a nhi\u1ec1u Vitamin A, C, E v\u00e0 c\u00e1c h\u1ee3p ch\u1ea5t th\u1ef1c v\u1eadt gi\u00fap ng\u0103n ng\u1eeba l\u00e3o h\u00f3a, t\u0103ng c\u01b0\u1eddng s\u1ee9c \u0111\u1ec1 kh\u00e1ng v\u00e0 nu\u00f4i d\u01b0\u1ee1ng l\u00e0n da kh\u1ecfe m\u1ea1nh.<\/p>\n<p data-path-to-node=\"8\">\u2013 Th\u1ea3i \u0111\u1ed9c c\u01a1 th\u1ec3: Axit alginic c\u00f3 trong rong bi\u1ec3n gi\u00fap h\u1ed7 tr\u1ee3 lo\u1ea1i b\u1ecf c\u00e1c \u0111\u1ed9c t\u1ed1 v\u00e0 kim lo\u1ea1i n\u1eb7ng ra kh\u1ecfi c\u01a1 th\u1ec3 m\u1ed9t c\u00e1ch t\u1ef1 nhi\u00ean.<\/p>\n<p data-path-to-node=\"8\"><img decoding=\"async\" class=\"aligncenter\" src=\"https:\/\/havamall.com\/wp-content\/uploads\/2025\/12\/13_E3818AE38194E381AEE3828A-E9AF9BE382ABE383ABE38391E38383E38381E383A7.jpg\" width=\"800\" height=\"533\" \/><\/p>\n<p data-path-to-node=\"10\"><span style=\"font-size: 14pt\"><strong>C\u00c1CH S\u01a0 CH\u1ebe V\u00c0 BI\u1ebeN T\u1ea4U M\u00d3N \u0102N \u0110A D\u1ea0NG<\/strong><\/span><\/p>\n<p data-path-to-node=\"10\">\u2013 B\u01b0\u1edbc s\u01a1 ch\u1ebf: L\u1ea5y m\u1ed9t l\u01b0\u1ee3ng rong bi\u1ec3n v\u1eeba \u0111\u1ee7, r\u1eeda s\u1ea1ch l\u1edbp mu\u1ed1i b\u00ean ngo\u00e0i d\u01b0\u1edbi v\u00f2i n\u01b0\u1edbc l\u1ea1nh. Sau \u0111\u00f3, ng\u00e2m rong trong n\u01b0\u1edbc s\u1ea1ch kho\u1ea3ng 5 &#8211; 10 ph\u00fat \u0111\u1ec3 rong n\u1edf ho\u00e0n to\u00e0n v\u00e0 nh\u1ea3 b\u1edbt v\u1ecb m\u1eb7n, r\u1ed3i v\u1edbt ra \u0111\u1ec3 r\u00e1o.<\/p>\n<p data-path-to-node=\"10\">\u2013 M\u00f3n Salad rong bi\u1ec3n (Sunomono): Tr\u1ed9n rong bi\u1ec3n c\u00f9ng d\u01b0a chu\u1ed9t, t\u00f4m ho\u1eb7c m\u1ef1c, r\u01b0\u1edbi th\u00eam s\u1ed1t gi\u1ea5m chua ng\u1ecdt v\u00e0 h\u1ea1t m\u00e8 rang. \u0110\u00e2y l\u00e0 m\u00f3n khai v\u1ecb thanh m\u00e1t, gi\u1ea3i nhi\u1ec7t c\u1ef1c t\u1ed1t cho nh\u1eefng ng\u00e0y h\u00e8.<\/p>\n<p data-path-to-node=\"10\">\u2013 N\u1ea5u canh v\u00e0 s\u00fap: Th\u00eam rong bi\u1ec3n v\u00e0o ph\u00fat cu\u1ed1i khi n\u1ea5u canh miso ho\u1eb7c s\u00fap h\u1ea3i s\u1ea3n \u0111\u1ec3 gi\u1eef \u0111\u01b0\u1ee3c \u0111\u1ed9 gi\u00f2n v\u00e0 m\u00e0u xanh \u0111\u1eb9p m\u1eaft.<\/p>\n<p data-path-to-node=\"10\">\u2013 \u0102n k\u00e8m Sashimi v\u00e0 Sushi: S\u1ee3i rong bi\u1ec3n m\u1ea3nh, gi\u00f2n l\u00e0 ng\u01b0\u1eddi b\u1ea1n \u0111\u1ed3ng h\u00e0nh tuy\u1ec7t v\u1eddi gi\u00fap c\u00e2n b\u1eb1ng v\u1ecb b\u00e9o c\u1ee7a c\u00e1 s\u1ed1ng, t\u1ea1o n\u00ean s\u1ef1 h\u00e0i h\u00f2a chu\u1ea9n v\u1ecb Nh\u1eadt.<\/p>\n<p data-path-to-node=\"10\">\u2013 M\u00f3n x\u00e0o v\u00e0 tr\u1ed9n: C\u00f3 th\u1ec3 d\u00f9ng rong bi\u1ec3n \u0111\u1ec3 x\u00e0o c\u00f9ng th\u1ecbt b\u00f2, \u0111\u1eadu ph\u1ee5 ho\u1eb7c tr\u1ed9n c\u00f9ng c\u01a1m tr\u1eafng \u0111\u1ec3 t\u0103ng th\u00eam h\u01b0\u01a1ng v\u1ecb \u0111\u1ea1i d\u01b0\u01a1ng cho b\u1eefa \u0103n h\u00e0ng ng\u00e0y.<\/p>\n<p data-path-to-node=\"10\"><img loading=\"lazy\" decoding=\"async\" class=\"aligncenter\" src=\"https:\/\/havamall.com\/wp-content\/uploads\/2025\/12\/IMG_8199.jpg\" width=\"800\" height=\"600\" \/><\/p>\n<p data-path-to-node=\"10\">Rong bi\u1ec3n mu\u1ed1i Tsumago Kaneryo 500g hi\u1ec7n \u0111ang \u0111\u01b0\u1ee3c <strong>b\u00e1n tr\u1ef1c ti\u1ebfp v\u00e0 qua c\u00e1c k\u00eanh online c\u1ee7a Havamall.<\/strong><\/p>\n<\/div>\n<\/div>\n<\/div>\n<\/div>","protected":false},"excerpt":{"rendered":"<p>TH\u00d4NG TIN S\u1ea2N PH\u1ea8M Th\u01b0\u01a1ng hi\u1ec7u Kaneryo Xu\u1ea5t x\u1ee9 Nh\u1eadt B\u1ea3n Th\u00e0nh ph\u1ea7n Rong bi\u1ec3n t\u01b0\u01a1i, mu\u1ed1i \u0103n H\u1ea1n s\u1eed<\/p>","protected":false},"featured_media":44212,"comment_status":"open","ping_status":"closed","template":"","meta":[],"product_brand":[],"product_cat":[722,275],"product_tag":[],"class_list":{"0":"post-44211","1":"product","2":"type-product","3":"status-publish","4":"has-post-thumbnail","6":"product_cat-nhap-khau-nhat-ban","7":"product_cat-thuc-pham-dong-lanh","9":"first","10":"instock","11":"sale","12":"shipping-taxable","13":"purchasable","14":"product-type-simple"},"_links":{"self":[{"href":"https:\/\/havamall.com\/en\/wp-json\/wp\/v2\/product\/44211","targetHints":{"allow":["GET"]}}],"collection":[{"href":"https:\/\/havamall.com\/en\/wp-json\/wp\/v2\/product"}],"about":[{"href":"https:\/\/havamall.com\/en\/wp-json\/wp\/v2\/types\/product"}],"replies":[{"embeddable":true,"href":"https:\/\/havamall.com\/en\/wp-json\/wp\/v2\/comments?post=44211"}],"version-history":[{"count":0,"href":"https:\/\/havamall.com\/en\/wp-json\/wp\/v2\/product\/44211\/revisions"}],"wp:featuredmedia":[{"embeddable":true,"href":"https:\/\/havamall.com\/en\/wp-json\/wp\/v2\/media\/44212"}],"wp:attachment":[{"href":"https:\/\/havamall.com\/en\/wp-json\/wp\/v2\/media?parent=44211"}],"wp:term":[{"taxonomy":"product_brand","embeddable":true,"href":"https:\/\/havamall.com\/en\/wp-json\/wp\/v2\/product_brand?post=44211"},{"taxonomy":"product_cat","embeddable":true,"href":"https:\/\/havamall.com\/en\/wp-json\/wp\/v2\/product_cat?post=44211"},{"taxonomy":"product_tag","embeddable":true,"href":"https:\/\/havamall.com\/en\/wp-json\/wp\/v2\/product_tag?post=44211"}],"curies":[{"name":"wp","href":"https:\/\/api.w.org\/{rel}","templated":true}]}}