{"id":44219,"date":"2025-12-30T18:05:03","date_gmt":"2025-12-30T11:05:03","guid":{"rendered":"https:\/\/havamall.com\/?post_type=product&#038;p=44219"},"modified":"2025-12-30T18:05:03","modified_gmt":"2025-12-30T11:05:03","slug":"hv450-vang-apella","status":"publish","type":"product","link":"https:\/\/havamall.com\/en\/shop\/hv450-vang-apella\/","title":{"rendered":"HV450 &#8211; V\u00e0ng Apella"},"content":{"rendered":"<p>Set g\u1ed3m 13 m\u00f3n to \u00fa \u1ee5<br \/>\nTiramisu chocolate<br \/>\nK\u1eb9o tr\u00e1i c\u00e2y l\u1ee5c gi\u00e1c ( si\u00eau ngon )<br \/>\nScl tr\u00e1i tim<br \/>\nTr\u00e0 Nature Special<br \/>\nB\u00e1nh qu\u1ebf l\u1ee5c gi\u00e1c<br \/>\nB\u00e1nh qu\u1ebf Ritaz thi\u1ebfc<br \/>\nB\u00e1nh que ticky<br \/>\nB\u00e1nh quy l\u1ee5c gi\u00e1c<br \/>\nB\u00e1nh quy Nh\u1eadt<br \/>\nXo\u00e0i s\u1ea5y d\u1ebbo<br \/>\nB\u00e1nh ch\u1ed1ng l\u01b0ng Capella<br \/>\nB\u00e1nh ch\u1ed1ng l\u01b0ng x\u1ed1p Th\u00e1i<br \/>\nR\u01b0\u1ee3u vang Agostino<\/p>\n<p>Gi\u00e1 l\u1ebb: 1.350<\/p>\n<p>Gi\u00e1 s\u1ec9 t\u1eeb 5 set: 999<\/p>","protected":false},"excerpt":{"rendered":"<p>Set g\u1ed3m 13 m\u00f3n to \u00fa \u1ee5 Tiramisu chocolate K\u1eb9o tr\u00e1i c\u00e2y l\u1ee5c gi\u00e1c ( si\u00eau ngon ) Scl tr\u00e1i<\/p>","protected":false},"featured_media":44220,"comment_status":"open","ping_status":"closed","template":"","meta":[],"product_brand":[],"product_cat":[789],"product_tag":[],"class_list":{"0":"post-44219","1":"product","2":"type-product","3":"status-publish","4":"has-post-thumbnail","6":"product_cat-gio-qua-tet-hamper","8":"first","9":"instock","10":"sale","11":"shipping-taxable","12":"purchasable","13":"product-type-simple"},"_links":{"self":[{"href":"https:\/\/havamall.com\/en\/wp-json\/wp\/v2\/product\/44219","targetHints":{"allow":["GET"]}}],"collection":[{"href":"https:\/\/havamall.com\/en\/wp-json\/wp\/v2\/product"}],"about":[{"href":"https:\/\/havamall.com\/en\/wp-json\/wp\/v2\/types\/product"}],"replies":[{"embeddable":true,"href":"https:\/\/havamall.com\/en\/wp-json\/wp\/v2\/comments?post=44219"}],"version-history":[{"count":0,"href":"https:\/\/havamall.com\/en\/wp-json\/wp\/v2\/product\/44219\/revisions"}],"wp:featuredmedia":[{"embeddable":true,"href":"https:\/\/havamall.com\/en\/wp-json\/wp\/v2\/media\/44220"}],"wp:attachment":[{"href":"https:\/\/havamall.com\/en\/wp-json\/wp\/v2\/media?parent=44219"}],"wp:term":[{"taxonomy":"product_brand","embeddable":true,"href":"https:\/\/havamall.com\/en\/wp-json\/wp\/v2\/product_brand?post=44219"},{"taxonomy":"product_cat","embeddable":true,"href":"https:\/\/havamall.com\/en\/wp-json\/wp\/v2\/product_cat?post=44219"},{"taxonomy":"product_tag","embeddable":true,"href":"https:\/\/havamall.com\/en\/wp-json\/wp\/v2\/product_tag?post=44219"}],"curies":[{"name":"wp","href":"https:\/\/api.w.org\/{rel}","templated":true}]}}