{"id":44230,"date":"2025-12-31T11:28:20","date_gmt":"2025-12-31T04:28:20","guid":{"rendered":"https:\/\/havamall.com\/?post_type=product&#038;p=44230"},"modified":"2026-03-18T13:25:29","modified_gmt":"2026-03-18T06:25:29","slug":"keo-cam-thao-nhan-thach-nhap-khau-y-saila-75g-saila-confetti-jelly-liquirizia","status":"publish","type":"product","link":"https:\/\/havamall.com\/en\/shop\/keo-cam-thao-nhan-thach-nhap-khau-y-saila-75g-saila-confetti-jelly-liquirizia\/","title":{"rendered":"K\u1eb9o Cam Th\u1ea3o Nh\u00e2n Th\u1ea1ch Nh\u1eadp Kh\u1ea9u \u00dd Saila 75g \u2013 Saila Confetti Jelly Liquirizia"},"content":{"rendered":"<h3 data-path-to-node=\"1\">TH\u00d4NG TIN S\u1ea2N PH\u1ea8M<\/h3>\n<div class=\"horizontal-scroll-wrapper\">\n<div class=\"table-block-component\">\n<div class=\"table-block has-export-button new-table-style\">\n<div class=\"table-content not-end-of-paragraph\" data-hveid=\"0\" data-ved=\"0CAAQ3ecQahgKEwi1gb_Cn9CRAxUAAAAAHQAAAAAQyg0\">\n<table data-path-to-node=\"2\">\n<tbody>\n<tr>\n<td><span data-path-to-node=\"2,1,0,0\"><b data-path-to-node=\"2,1,0,0\" data-index-in-node=\"0\">Th\u01b0\u01a1ng hi\u1ec7u<\/b><\/span><\/td>\n<td><span data-path-to-node=\"2,1,1,0\">Saila<\/span><\/td>\n<\/tr>\n<tr>\n<td><span data-path-to-node=\"2,2,0,0\"><b data-path-to-node=\"2,2,0,0\" data-index-in-node=\"0\">Xu\u1ea5t x\u1ee9<\/b><\/span><\/td>\n<td><span data-path-to-node=\"2,2,1,0\">\u00dd (Italy)<\/span><\/td>\n<\/tr>\n<tr>\n<td><span data-path-to-node=\"2,3,0,0\"><b data-path-to-node=\"2,3,0,0\" data-index-in-node=\"0\">Th\u00e0nh ph\u1ea7n<\/b><\/span><\/td>\n<td><span data-path-to-node=\"2,3,1,0\">\u0110\u01b0\u1eddng, siro glucose, tinh b\u1ed9t bi\u1ebfn t\u00ednh, n\u01b0\u1edbc \u00e9p cam th\u1ea3o (5%), gelatin, h\u01b0\u01a1ng li\u1ec7u t\u1ef1 nhi\u00ean, ch\u1ea5t l\u00e0m b\u00f3ng<\/span><\/td>\n<\/tr>\n<tr>\n<td><span data-path-to-node=\"2,4,0,0\"><b data-path-to-node=\"2,4,0,0\" data-index-in-node=\"0\">H\u1ea1n s\u1eed d\u1ee5ng<\/b><\/span><\/td>\n<td><span data-path-to-node=\"2,4,1,0\">24 th\u00e1ng k\u1ec3 t\u1eeb ng\u00e0y s\u1ea3n xu\u1ea5t<\/span><\/td>\n<\/tr>\n<tr>\n<td><span data-path-to-node=\"2,5,0,0\"><b data-path-to-node=\"2,5,0,0\" data-index-in-node=\"0\">B\u1ea3o qu\u1ea3n<\/b><\/span><\/td>\n<td><span data-path-to-node=\"2,5,1,0\">N\u01a1i kh\u00f4 r\u00e1o, tho\u00e1ng m\u00e1t, tr\u00e1nh \u00e1nh n\u1eafng tr\u1ef1c ti\u1ebfp v\u00e0 nhi\u1ec7t \u0111\u1ed9 cao<\/span><\/td>\n<\/tr>\n<tr>\n<td><span data-path-to-node=\"2,6,0,0\"><b data-path-to-node=\"2,6,0,0\" data-index-in-node=\"0\">Kh\u1ed1i l\u01b0\u1ee3ng<\/b><\/span><\/td>\n<td><span data-path-to-node=\"2,6,1,0\">75g<\/span><\/td>\n<\/tr>\n<\/tbody>\n<\/table>\n<p>T\u00ean g\u1ecdi Saila l\u00e0 ch\u1eef vi\u1ebft t\u1eaft c\u1ee7a &#8220;Societ\u00e0 Anonima Industriale Liquirizia Abruzzese&#8221;, th\u1ec3 hi\u1ec7n ni\u1ec1m t\u1ef1 h\u00e0o v\u1ec1 ngu\u1ed3n nguy\u00ean li\u1ec7u cam th\u1ea3o tr\u1ee9 danh t\u1ea1i \u0111\u1ecba ph\u01b0\u01a1ng. V\u1edbi g\u1ea7n m\u1ed9t th\u1ebf k\u1ef7 kinh nghi\u1ec7m, Saila \u0111\u00e3 kh\u00e9o l\u00e9o g\u00ecn gi\u1eef b\u00ed quy\u1ebft truy\u1ec1n th\u1ed1ng k\u1ebft h\u1ee3p c\u00f9ng t\u01b0 duy hi\u1ec7n \u0111\u1ea1i \u0111\u1ec3 t\u1ea1o ra nh\u1eefng vi\u00ean k\u1eb9o kh\u00f4ng ch\u1ec9 ngon mi\u1ec7ng m\u00e0 c\u00f2n mang \u0111\u1eadm h\u01a1i th\u1edf v\u0103n h\u00f3a v\u00e0 l\u1ecbch s\u1eed c\u1ee7a v\u00f9ng \u0111\u1ea5t \u0110\u1ecba Trung H\u1ea3i.<\/p>\n<p><img fetchpriority=\"high\" decoding=\"async\" class=\"aligncenter wp-image-44232\" src=\"https:\/\/havamall.com\/wp-content\/uploads\/2025\/12\/banh_keo_tet_hyperion__22__grande.png\" alt=\"\" width=\"800\" height=\"533\" srcset=\"https:\/\/havamall.com\/wp-content\/uploads\/2025\/12\/banh_keo_tet_hyperion__22__grande.png 600w, https:\/\/havamall.com\/wp-content\/uploads\/2025\/12\/banh_keo_tet_hyperion__22__grande-18x12.png 18w\" sizes=\"(max-width: 800px) 100vw, 800px\" \/><\/p>\n<p>S\u1ef1 kh\u00e1c bi\u1ec7t l\u1edbn nh\u1ea5t t\u1ea1o n\u00ean s\u1ee9c h\u00fat c\u1ee7a d\u00f2ng Saila Confetti Jelly ch\u00ednh l\u00e0 s\u1ef1 k\u1ebft h\u1ee3p t\u00e1o b\u1ea1o gi\u1eefa l\u1edbp v\u1ecf ngo\u00e0i c\u1ee9ng c\u00e1p v\u00e0 ph\u1ea7n nh\u00e2n m\u1ec1m m\u1ea1i b\u00ean trong. Nh\u1eefng vi\u00ean k\u1eb9o nh\u1ecf xinh \u0111\u01b0\u1ee3c bao ph\u1ee7 b\u1edfi m\u1ed9t l\u1edbp \u0111\u01b0\u1eddng m\u1ecbn m\u00e0ng theo k\u1ef9 thu\u1eadt &#8220;confetti&#8221; truy\u1ec1n th\u1ed1ng c\u1ee7a \u00dd, mang \u0111\u1ebfn c\u1ea3m gi\u00e1c gi\u00f2n tan ngay khi ch\u1ea1m v\u00e0o \u0111\u1ea7u l\u01b0\u1ee1i. N\u1eb1m \u1edf b\u00ean trong l\u00e0 l\u1edbp nh\u00e2n th\u1ea1ch (jelly) d\u1ebbo m\u01b0\u1edbt ph\u00eda sau, n\u01a1i chi\u1ebft xu\u1ea5t cam th\u1ea3o nguy\u00ean ch\u1ea5t bung t\u1ecfa h\u01b0\u01a1ng v\u1ecb \u0111\u1eadm \u0111\u00e0. S\u1ef1 \u0111\u1ed1i l\u1eadp gi\u1eefa \u0111\u1ed9 gi\u00f2n c\u1ee7a v\u1ecf v\u00e0 \u0111\u1ed9 d\u1ebbo c\u1ee7a nh\u00e2n t\u1ea1o n\u00ean m\u1ed9t cu\u1ed9c d\u1ea1o ch\u01a1i v\u1ecb gi\u00e1c th\u00fa v\u1ecb, khi\u1ebfn ng\u01b0\u1eddi th\u01b0\u1edfng th\u1ee9c mu\u1ed1n nh\u1ea5m nh\u00e1p m\u00e3i kh\u00f4ng th\u00f4i.<\/p>\n<p><img decoding=\"async\" class=\"aligncenter size-full wp-image-44233\" src=\"https:\/\/havamall.com\/wp-content\/uploads\/2025\/12\/bh.png\" alt=\"\" width=\"800\" height=\"800\" srcset=\"https:\/\/havamall.com\/wp-content\/uploads\/2025\/12\/bh.png 800w, https:\/\/havamall.com\/wp-content\/uploads\/2025\/12\/bh-12x12.png 12w, https:\/\/havamall.com\/wp-content\/uploads\/2025\/12\/bh-600x600.png 600w\" sizes=\"(max-width: 800px) 100vw, 800px\" \/><\/p>\n<p data-path-to-node=\"8\"><strong><span style=\"font-size: 14pt;\">\u0110\u1eb6C \u0110I\u1ec2M N\u1ed4I B\u1eacT V\u00c0 C\u00d4NG D\u1ee4NG CHO S\u1ee8C KH\u1eceE<\/span><\/strong><\/p>\n<p data-path-to-node=\"8\">\u2013 L\u00e0m s\u1ea1ch khoang mi\u1ec7ng: Tinh ch\u1ea5t cam th\u1ea3o c\u00f3 kh\u1ea3 n\u0103ng kh\u00e1ng khu\u1ea9n t\u1ef1 nhi\u00ean, gi\u00fap l\u00e0m s\u1ea1ch v\u00f2m h\u1ecdng v\u00e0 mang l\u1ea1i h\u01a1i th\u1edf th\u01a1m m\u00e1t t\u1ee9c th\u00ec sau khi s\u1eed d\u1ee5ng.<\/p>\n<p data-path-to-node=\"8\">\u2013 H\u1ed7 tr\u1ee3 l\u00e0m d\u1ecbu c\u1ed5 h\u1ecdng: Trong nh\u1eefng ng\u00e0y th\u1eddi ti\u1ebft thay \u0111\u1ed5i ho\u1eb7c khi c\u1ed5 h\u1ecdng c\u00f3 c\u1ea3m gi\u00e1c kh\u00f4 r\u00e1t, vi\u1ec7c ng\u1eadm m\u1ed9t vi\u00ean k\u1eb9o cam th\u1ea3o s\u1ebd gi\u00fap k\u00edch th\u00edch ti\u1ebft n\u01b0\u1edbc b\u1ecdt, l\u00e0m d\u1ecbu v\u00f9ng h\u1ecdng m\u1ed9t c\u00e1ch nh\u1eb9 nh\u00e0ng v\u00e0 hi\u1ec7u qu\u1ea3.<\/p>\n<p data-path-to-node=\"8\">\u2013 Gi\u1ea3i t\u1ecfa c\u0103ng th\u1eb3ng: H\u01b0\u01a1ng th\u01a1m n\u1ed3ng n\u00e0n \u0111\u1eb7c tr\u01b0ng c\u1ee7a cam th\u1ea3o k\u1ebft h\u1ee3p c\u00f9ng v\u1ecb ng\u1ecdt thanh khi\u1ebft gi\u00fap tinh th\u1ea7n tr\u1edf n\u00ean th\u01b0 th\u00e1i, gi\u1ea3m b\u1edbt \u00e1p l\u1ef1c trong nh\u1eefng gi\u1edd l\u00e0m vi\u1ec7c m\u1ec7t m\u1ecfi.<\/p>\n<p data-path-to-node=\"8\">\u2013 Th\u00e0nh ph\u1ea7n ch\u1ecdn l\u1ecdc: S\u1ea3n ph\u1ea9m s\u1eed d\u1ee5ng chi\u1ebft xu\u1ea5t t\u1eeb r\u1ec5 c\u00e2y cam th\u1ea3o \u0111\u1ea1t chu\u1ea9n ch\u1ea5t l\u01b0\u1ee3ng \u00dd, kh\u00f4ng ch\u1ee9a c\u00e1c h\u01b0\u01a1ng li\u1ec7u nh\u00e2n t\u1ea1o g\u1eaft n\u1ed3ng, \u0111\u1ea3m b\u1ea3o v\u1ecb ng\u1ecdt h\u1eadu \u0111\u1eb7c tr\u01b0ng k\u00e9o d\u00e0i.<\/p>\n<p data-path-to-node=\"8\"><img decoding=\"async\" class=\"aligncenter size-full wp-image-44234\" src=\"https:\/\/havamall.com\/wp-content\/uploads\/2025\/12\/dsdf.png\" alt=\"\" width=\"800\" height=\"800\" srcset=\"https:\/\/havamall.com\/wp-content\/uploads\/2025\/12\/dsdf.png 800w, https:\/\/havamall.com\/wp-content\/uploads\/2025\/12\/dsdf-12x12.png 12w, https:\/\/havamall.com\/wp-content\/uploads\/2025\/12\/dsdf-600x600.png 600w\" sizes=\"(max-width: 800px) 100vw, 800px\" \/><\/p>\n<p data-path-to-node=\"8\">\u0110\u1ef1ng trong chi\u1ebfc h\u1ed9p thi\u1ebfc tr\u00f2n mang phong c\u00e1ch Vintage c\u1ed5 \u0111i\u1ec3n, Saila Confetti Jelly kh\u00f4ng ch\u1ec9 l\u00e0 m\u1ed9t m\u00f3n qu\u00e0 v\u1eb7t m\u00e0 c\u00f2n l\u00e0 m\u1ed9t ph\u1ee5 ki\u1ec7n th\u1eddi th\u01b0\u1ee3ng trong t\u00fai x\u00e1ch c\u1ee7a nh\u1eefng ng\u01b0\u1eddi s\u00e0nh \u0103n. Hi\u1ec7n nay, s\u1ea3n ph\u1ea9m K\u1eb9o cam th\u1ea3o nh\u00e2n th\u1ea1ch Saila 75g \u0111ang \u0111\u01b0\u1ee3c ph\u00e2n ph\u1ed1i ch\u00ednh h\u00e3ng t\u1ea1i Havamall.<\/p>\n<\/div>\n<\/div>\n<\/div>\n<\/div>","protected":false},"excerpt":{"rendered":"<p>TH\u00d4NG TIN S\u1ea2N PH\u1ea8M Th\u01b0\u01a1ng hi\u1ec7u Saila Xu\u1ea5t x\u1ee9 \u00dd (Italy) Th\u00e0nh ph\u1ea7n \u0110\u01b0\u1eddng, siro glucose, tinh b\u1ed9t bi\u1ebfn t\u00ednh,<\/p>","protected":false},"featured_media":44231,"comment_status":"open","ping_status":"closed","template":"","meta":[],"product_brand":[],"product_cat":[724,133],"product_tag":[],"class_list":{"0":"post-44230","1":"product","2":"type-product","3":"status-publish","4":"has-post-thumbnail","6":"product_cat-nhap-khau-y","7":"product_cat-banh-keo-chocolate","9":"first","10":"outofstock","11":"sale","12":"shipping-taxable","13":"purchasable","14":"product-type-simple"},"_links":{"self":[{"href":"https:\/\/havamall.com\/en\/wp-json\/wp\/v2\/product\/44230","targetHints":{"allow":["GET"]}}],"collection":[{"href":"https:\/\/havamall.com\/en\/wp-json\/wp\/v2\/product"}],"about":[{"href":"https:\/\/havamall.com\/en\/wp-json\/wp\/v2\/types\/product"}],"replies":[{"embeddable":true,"href":"https:\/\/havamall.com\/en\/wp-json\/wp\/v2\/comments?post=44230"}],"version-history":[{"count":0,"href":"https:\/\/havamall.com\/en\/wp-json\/wp\/v2\/product\/44230\/revisions"}],"wp:featuredmedia":[{"embeddable":true,"href":"https:\/\/havamall.com\/en\/wp-json\/wp\/v2\/media\/44231"}],"wp:attachment":[{"href":"https:\/\/havamall.com\/en\/wp-json\/wp\/v2\/media?parent=44230"}],"wp:term":[{"taxonomy":"product_brand","embeddable":true,"href":"https:\/\/havamall.com\/en\/wp-json\/wp\/v2\/product_brand?post=44230"},{"taxonomy":"product_cat","embeddable":true,"href":"https:\/\/havamall.com\/en\/wp-json\/wp\/v2\/product_cat?post=44230"},{"taxonomy":"product_tag","embeddable":true,"href":"https:\/\/havamall.com\/en\/wp-json\/wp\/v2\/product_tag?post=44230"}],"curies":[{"name":"wp","href":"https:\/\/api.w.org\/{rel}","templated":true}]}}