{"id":44257,"date":"2026-01-01T20:14:48","date_gmt":"2026-01-01T13:14:48","guid":{"rendered":"https:\/\/havamall.com\/?post_type=product&#038;p=44257"},"modified":"2026-01-01T20:14:48","modified_gmt":"2026-01-01T13:14:48","slug":"hv642-ngua-bay-do","status":"publish","type":"product","link":"https:\/\/havamall.com\/en\/shop\/hv642-ngua-bay-do\/","title":{"rendered":"HV642 -Ng\u1ef1a Bay \u0110\u1ecf"},"content":{"rendered":"<p>\ud83d\udc0e SET KH\u00d4NG R\u01af\u1ee2U GI\u00c1 SI\u00caU I\u00caU \ud83d\udc0e<\/p>\n<p><img fetchpriority=\"high\" decoding=\"async\" class=\"aligncenter  wp-image-44259\" src=\"https:\/\/havamall.com\/wp-content\/uploads\/2026\/01\/sad.png\" alt=\"\" width=\"408\" height=\"453\" srcset=\"https:\/\/havamall.com\/wp-content\/uploads\/2026\/01\/sad.png 1920w, https:\/\/havamall.com\/wp-content\/uploads\/2026\/01\/sad-1843x2048.png 1843w, https:\/\/havamall.com\/wp-content\/uploads\/2026\/01\/sad-11x12.png 11w, https:\/\/havamall.com\/wp-content\/uploads\/2026\/01\/sad-600x667.png 600w, https:\/\/havamall.com\/wp-content\/uploads\/2026\/01\/sad-1200x1334.png 1200w\" sizes=\"(max-width: 408px) 100vw, 408px\" \/><br \/>\n&#8212;-<br \/>\nset g\u1ed3m:<br \/>\n&#8211; B\u00e1nh Quy Antenor<br \/>\n&#8211; Cafe mu\u1ed1i Levant<br \/>\n&#8211; Socola 3 vi\u00ean Jinkeli<br \/>\n&#8211; B\u00e1nh h\u1ea1nh nh\u00e2n Plain<br \/>\n&#8211; T\u00e1o \u0110\u1ecf T\u00e2n C\u01b0\u01a1ng h\u0169 thu\u1ef7 tinh<br \/>\n&#8211; Hoa Qu\u1ea3 S\u1ea5y h\u0169 thu\u1ef7 tinh<br \/>\n&#8211; Nho V\u00e0ng h\u0169 thu\u1ef7 tinh<br \/>\n&#8212;-<br \/>\n( gi\u00e1 th\u1eddi \u0111i\u1ec3m hi\u1ec7n t\u1ea1i )<\/p>\n<p>Gi\u00e1 l\u1ebb: 950<\/p>\n<p>Gi\u00e1 t\u1eeb 5 set: 730<\/p>","protected":false},"excerpt":{"rendered":"<p>\ud83d\udc0e SET KH\u00d4NG R\u01af\u1ee2U GI\u00c1 SI\u00caU I\u00caU \ud83d\udc0e &#8212;- set g\u1ed3m: &#8211; B\u00e1nh Quy Antenor &#8211; Cafe mu\u1ed1i Levant &#8211;<\/p>","protected":false},"featured_media":44258,"comment_status":"open","ping_status":"closed","template":"","meta":[],"product_brand":[],"product_cat":[789],"product_tag":[],"class_list":{"0":"post-44257","1":"product","2":"type-product","3":"status-publish","4":"has-post-thumbnail","6":"product_cat-gio-qua-tet-hamper","8":"first","9":"instock","10":"sale","11":"shipping-taxable","12":"purchasable","13":"product-type-simple"},"_links":{"self":[{"href":"https:\/\/havamall.com\/en\/wp-json\/wp\/v2\/product\/44257","targetHints":{"allow":["GET"]}}],"collection":[{"href":"https:\/\/havamall.com\/en\/wp-json\/wp\/v2\/product"}],"about":[{"href":"https:\/\/havamall.com\/en\/wp-json\/wp\/v2\/types\/product"}],"replies":[{"embeddable":true,"href":"https:\/\/havamall.com\/en\/wp-json\/wp\/v2\/comments?post=44257"}],"version-history":[{"count":0,"href":"https:\/\/havamall.com\/en\/wp-json\/wp\/v2\/product\/44257\/revisions"}],"wp:featuredmedia":[{"embeddable":true,"href":"https:\/\/havamall.com\/en\/wp-json\/wp\/v2\/media\/44258"}],"wp:attachment":[{"href":"https:\/\/havamall.com\/en\/wp-json\/wp\/v2\/media?parent=44257"}],"wp:term":[{"taxonomy":"product_brand","embeddable":true,"href":"https:\/\/havamall.com\/en\/wp-json\/wp\/v2\/product_brand?post=44257"},{"taxonomy":"product_cat","embeddable":true,"href":"https:\/\/havamall.com\/en\/wp-json\/wp\/v2\/product_cat?post=44257"},{"taxonomy":"product_tag","embeddable":true,"href":"https:\/\/havamall.com\/en\/wp-json\/wp\/v2\/product_tag?post=44257"}],"curies":[{"name":"wp","href":"https:\/\/api.w.org\/{rel}","templated":true}]}}