{"id":44262,"date":"2026-01-01T20:19:54","date_gmt":"2026-01-01T13:19:54","guid":{"rendered":"https:\/\/havamall.com\/?post_type=product&#038;p=44262"},"modified":"2026-01-01T20:19:54","modified_gmt":"2026-01-01T13:19:54","slug":"hv341-khay-qua-8-o-sum-vay","status":"publish","type":"product","link":"https:\/\/havamall.com\/en\/shop\/hv341-khay-qua-8-o-sum-vay\/","title":{"rendered":"HV341 &#8211; Khay Qu\u00e0 8 \u00d4 Sum V\u1ea7y"},"content":{"rendered":"<p>SET QU\u00c0 8 \u00f4<br \/>\nSet Qu\u00e0 T\u1ebft Sum V\u1ea7y g\u1ed3m 8 v\u1ecb :<br \/>\n\u2022 K\u1eb9o d\u00e2u t\u00e2y<br \/>\n\u2022 Kh\u00f4 g\u00e0 l\u00e1 chanh<br \/>\n\u2022 Kiwi s\u1ea5y d\u1ebbo<br \/>\n\u2022 T\u00e1o \u0111\u1ecf T\u00e2n C\u01b0\u01a1ng<br \/>\n\u2022 H\u1ea1t macca<br \/>\n\u2022 \u0110u \u0111\u1ee7 s\u1ea5y l\u1ea1nh<br \/>\n\u2022 Kh\u00f4 b\u00f2 x\u00e9 s\u1ee3i<br \/>\n\u2022 K\u1eb9o d\u00e2u t\u1eb1m<br \/>\n<img fetchpriority=\"high\" decoding=\"async\" class=\"aligncenter  wp-image-44263\" src=\"https:\/\/havamall.com\/wp-content\/uploads\/2026\/01\/ssaef.png\" alt=\"\" width=\"586\" height=\"440\" srcset=\"https:\/\/havamall.com\/wp-content\/uploads\/2026\/01\/ssaef.png 2560w, https:\/\/havamall.com\/wp-content\/uploads\/2026\/01\/ssaef-2048x1538.png 2048w, https:\/\/havamall.com\/wp-content\/uploads\/2026\/01\/ssaef-16x12.png 16w, https:\/\/havamall.com\/wp-content\/uploads\/2026\/01\/ssaef-600x450.png 600w, https:\/\/havamall.com\/wp-content\/uploads\/2026\/01\/ssaef-1200x901.png 1200w\" sizes=\"(max-width: 586px) 100vw, 586px\" \/><\/p>\n<p><img decoding=\"async\" class=\"aligncenter  wp-image-44264\" src=\"https:\/\/havamall.com\/wp-content\/uploads\/2026\/01\/sda.png\" alt=\"\" width=\"587\" height=\"441\" srcset=\"https:\/\/havamall.com\/wp-content\/uploads\/2026\/01\/sda.png 2560w, https:\/\/havamall.com\/wp-content\/uploads\/2026\/01\/sda-2048x1538.png 2048w, https:\/\/havamall.com\/wp-content\/uploads\/2026\/01\/sda-16x12.png 16w, https:\/\/havamall.com\/wp-content\/uploads\/2026\/01\/sda-600x450.png 600w, https:\/\/havamall.com\/wp-content\/uploads\/2026\/01\/sda-1200x901.png 1200w\" sizes=\"(max-width: 587px) 100vw, 587px\" \/><\/p>\n<p>Gi\u00e1 l\u1ebb: 650<\/p>\n<p>Gi\u00e1 s\u1ec9 t\u1eeb 5 set: 490<\/p>","protected":false},"excerpt":{"rendered":"<p>SET QU\u00c0 8 \u00f4 Set Qu\u00e0 T\u1ebft Sum V\u1ea7y g\u1ed3m 8 v\u1ecb : \u2022 K\u1eb9o d\u00e2u t\u00e2y \u2022 Kh\u00f4 g\u00e0<\/p>","protected":false},"featured_media":44265,"comment_status":"open","ping_status":"closed","template":"","meta":[],"product_brand":[],"product_cat":[789],"product_tag":[],"class_list":{"0":"post-44262","1":"product","2":"type-product","3":"status-publish","4":"has-post-thumbnail","6":"product_cat-gio-qua-tet-hamper","8":"first","9":"instock","10":"sale","11":"shipping-taxable","12":"purchasable","13":"product-type-simple"},"_links":{"self":[{"href":"https:\/\/havamall.com\/en\/wp-json\/wp\/v2\/product\/44262","targetHints":{"allow":["GET"]}}],"collection":[{"href":"https:\/\/havamall.com\/en\/wp-json\/wp\/v2\/product"}],"about":[{"href":"https:\/\/havamall.com\/en\/wp-json\/wp\/v2\/types\/product"}],"replies":[{"embeddable":true,"href":"https:\/\/havamall.com\/en\/wp-json\/wp\/v2\/comments?post=44262"}],"version-history":[{"count":0,"href":"https:\/\/havamall.com\/en\/wp-json\/wp\/v2\/product\/44262\/revisions"}],"wp:featuredmedia":[{"embeddable":true,"href":"https:\/\/havamall.com\/en\/wp-json\/wp\/v2\/media\/44265"}],"wp:attachment":[{"href":"https:\/\/havamall.com\/en\/wp-json\/wp\/v2\/media?parent=44262"}],"wp:term":[{"taxonomy":"product_brand","embeddable":true,"href":"https:\/\/havamall.com\/en\/wp-json\/wp\/v2\/product_brand?post=44262"},{"taxonomy":"product_cat","embeddable":true,"href":"https:\/\/havamall.com\/en\/wp-json\/wp\/v2\/product_cat?post=44262"},{"taxonomy":"product_tag","embeddable":true,"href":"https:\/\/havamall.com\/en\/wp-json\/wp\/v2\/product_tag?post=44262"}],"curies":[{"name":"wp","href":"https:\/\/api.w.org\/{rel}","templated":true}]}}