{"id":44268,"date":"2026-01-01T20:23:23","date_gmt":"2026-01-01T13:23:23","guid":{"rendered":"https:\/\/havamall.com\/?post_type=product&#038;p=44268"},"modified":"2026-01-01T20:23:23","modified_gmt":"2026-01-01T13:23:23","slug":"hv90-set-hat-mix-khay-800g","status":"publish","type":"product","link":"https:\/\/havamall.com\/en\/shop\/hv90-set-hat-mix-khay-800g\/","title":{"rendered":"HV90 &#8211; Set H\u1ea1t Mix Khay 800g"},"content":{"rendered":"<p>Set h\u1ea1t mix m\u1ee9t c\u00e1c v\u1ecb \u0111\u1ee7 lo\u1ea1i khay 700-800g<\/p>\n<p><img fetchpriority=\"high\" decoding=\"async\" class=\"aligncenter  wp-image-44269\" src=\"https:\/\/havamall.com\/wp-content\/uploads\/2026\/01\/tet.png\" alt=\"\" width=\"548\" height=\"411\" srcset=\"https:\/\/havamall.com\/wp-content\/uploads\/2026\/01\/tet.png 2560w, https:\/\/havamall.com\/wp-content\/uploads\/2026\/01\/tet-2048x1538.png 2048w, https:\/\/havamall.com\/wp-content\/uploads\/2026\/01\/tet-16x12.png 16w, https:\/\/havamall.com\/wp-content\/uploads\/2026\/01\/tet-600x450.png 600w, https:\/\/havamall.com\/wp-content\/uploads\/2026\/01\/tet-1200x901.png 1200w\" sizes=\"(max-width: 548px) 100vw, 548px\" \/><br \/>\n\u274c L\u01b0u \u00fd c\u00e1c v\u1ecb c\u00f3 th\u1ec3 thay \u0111\u1ed5i ng\u1eabu nhi\u00ean :<br \/>\n&#8211; H\u1ea1t h\u1ea1nh nh\u00e2n<br \/>\n&#8211; Xo\u00e0i s\u1ea5y d\u1ebbo<br \/>\n&#8211; Kiwi s\u1ea5y d\u1ebbo<br \/>\n&#8211; H\u1ea1t d\u1ebb c\u01b0\u1eddi<br \/>\n&#8211; \u00d4 mai \u0111\u00e0o b\u1ed5 \u0111\u00f4i<br \/>\n&#8211; \u00d4 mai \u0111\u00e0o h\u1ed3ng ph\u1ea5n<br \/>\n&#8211; X\u00ed mu\u1ed9i chua ng\u1ecdt<br \/>\n&#8211; \u00d4 mai \u0111\u00e0o v\u00e0ng<br \/>\n&#8211; T\u00e1o \u0111\u1ecf<\/p>\n<p>Gi\u00e1 l\u1ebb: 450<\/p>\n<p>Gi\u00e1 s\u1ec9: 330<\/p>","protected":false},"excerpt":{"rendered":"<p>Set h\u1ea1t mix m\u1ee9t c\u00e1c v\u1ecb \u0111\u1ee7 lo\u1ea1i khay 700-800g \u274c L\u01b0u \u00fd c\u00e1c v\u1ecb c\u00f3 th\u1ec3 thay \u0111\u1ed5i ng\u1eabu<\/p>","protected":false},"featured_media":44270,"comment_status":"open","ping_status":"closed","template":"","meta":[],"product_brand":[],"product_cat":[789],"product_tag":[],"class_list":{"0":"post-44268","1":"product","2":"type-product","3":"status-publish","4":"has-post-thumbnail","6":"product_cat-gio-qua-tet-hamper","8":"first","9":"instock","10":"sale","11":"shipping-taxable","12":"purchasable","13":"product-type-simple"},"_links":{"self":[{"href":"https:\/\/havamall.com\/en\/wp-json\/wp\/v2\/product\/44268","targetHints":{"allow":["GET"]}}],"collection":[{"href":"https:\/\/havamall.com\/en\/wp-json\/wp\/v2\/product"}],"about":[{"href":"https:\/\/havamall.com\/en\/wp-json\/wp\/v2\/types\/product"}],"replies":[{"embeddable":true,"href":"https:\/\/havamall.com\/en\/wp-json\/wp\/v2\/comments?post=44268"}],"version-history":[{"count":0,"href":"https:\/\/havamall.com\/en\/wp-json\/wp\/v2\/product\/44268\/revisions"}],"wp:featuredmedia":[{"embeddable":true,"href":"https:\/\/havamall.com\/en\/wp-json\/wp\/v2\/media\/44270"}],"wp:attachment":[{"href":"https:\/\/havamall.com\/en\/wp-json\/wp\/v2\/media?parent=44268"}],"wp:term":[{"taxonomy":"product_brand","embeddable":true,"href":"https:\/\/havamall.com\/en\/wp-json\/wp\/v2\/product_brand?post=44268"},{"taxonomy":"product_cat","embeddable":true,"href":"https:\/\/havamall.com\/en\/wp-json\/wp\/v2\/product_cat?post=44268"},{"taxonomy":"product_tag","embeddable":true,"href":"https:\/\/havamall.com\/en\/wp-json\/wp\/v2\/product_tag?post=44268"}],"curies":[{"name":"wp","href":"https:\/\/api.w.org\/{rel}","templated":true}]}}