{"id":44273,"date":"2026-01-01T20:26:30","date_gmt":"2026-01-01T13:26:30","guid":{"rendered":"https:\/\/havamall.com\/?post_type=product&#038;p=44273"},"modified":"2026-01-01T20:26:30","modified_gmt":"2026-01-01T13:26:30","slug":"hv567-set-trang-go-hoang-kiem","status":"publish","type":"product","link":"https:\/\/havamall.com\/en\/shop\/hv567-set-trang-go-hoang-kiem\/","title":{"rendered":"HV567 &#8211; Set Tr\u1eafng G\u1ed7 Ho\u00e0ng Ki\u1ec3m"},"content":{"rendered":"<p>Set Vali g\u1ed7 r\u01b0\u1ee3u Vang \u00dd m\u00e0u \u0111\u1ecf<br \/>\n1 B\u00e1nh quy h\u1ed9p thi\u1ebfc Ritaz Gold Malai 75g<br \/>\n1 r\u01b0\u1ee3u Vang \u00dd Rosanto 750ml<br \/>\n1 b\u00e1nh Kenju Richy h\u1ed9p thi\u1ebfc 192g<br \/>\n1 k\u1eb9o m\u1eadn Paiger h\u1ed9p thi\u1ebfc Malai 45g<br \/>\n1 h\u1ed3ng tr\u00e0 \u0111en Maishe 75g<br \/>\n1 socola 8 vi\u00ean Jinkeli 75g<br \/>\n1 b\u00e1nh qu\u1ebf \u1ed1ng Ritaz 80g<br \/>\n1 h\u0169 h\u1ea1t \u0111i\u1ec1u Maishe 120g<\/p>\n<p>Gi\u00e1 l\u1ebb: 2.300<\/p>\n<p>S\u1ec9 5 set: 1930<\/p>","protected":false},"excerpt":{"rendered":"<p>Set Vali g\u1ed7 r\u01b0\u1ee3u Vang \u00dd m\u00e0u \u0111\u1ecf 1 B\u00e1nh quy h\u1ed9p thi\u1ebfc Ritaz Gold Malai 75g 1 r\u01b0\u1ee3u Vang<\/p>","protected":false},"featured_media":44274,"comment_status":"open","ping_status":"closed","template":"","meta":[],"product_brand":[],"product_cat":[789],"product_tag":[],"class_list":{"0":"post-44273","1":"product","2":"type-product","3":"status-publish","4":"has-post-thumbnail","6":"product_cat-gio-qua-tet-hamper","8":"first","9":"instock","10":"sale","11":"shipping-taxable","12":"purchasable","13":"product-type-simple"},"_links":{"self":[{"href":"https:\/\/havamall.com\/en\/wp-json\/wp\/v2\/product\/44273","targetHints":{"allow":["GET"]}}],"collection":[{"href":"https:\/\/havamall.com\/en\/wp-json\/wp\/v2\/product"}],"about":[{"href":"https:\/\/havamall.com\/en\/wp-json\/wp\/v2\/types\/product"}],"replies":[{"embeddable":true,"href":"https:\/\/havamall.com\/en\/wp-json\/wp\/v2\/comments?post=44273"}],"version-history":[{"count":0,"href":"https:\/\/havamall.com\/en\/wp-json\/wp\/v2\/product\/44273\/revisions"}],"wp:featuredmedia":[{"embeddable":true,"href":"https:\/\/havamall.com\/en\/wp-json\/wp\/v2\/media\/44274"}],"wp:attachment":[{"href":"https:\/\/havamall.com\/en\/wp-json\/wp\/v2\/media?parent=44273"}],"wp:term":[{"taxonomy":"product_brand","embeddable":true,"href":"https:\/\/havamall.com\/en\/wp-json\/wp\/v2\/product_brand?post=44273"},{"taxonomy":"product_cat","embeddable":true,"href":"https:\/\/havamall.com\/en\/wp-json\/wp\/v2\/product_cat?post=44273"},{"taxonomy":"product_tag","embeddable":true,"href":"https:\/\/havamall.com\/en\/wp-json\/wp\/v2\/product_tag?post=44273"}],"curies":[{"name":"wp","href":"https:\/\/api.w.org\/{rel}","templated":true}]}}