{"id":44281,"date":"2026-01-01T20:34:44","date_gmt":"2026-01-01T13:34:44","guid":{"rendered":"https:\/\/havamall.com\/?post_type=product&#038;p=44281"},"modified":"2026-01-01T20:34:44","modified_gmt":"2026-01-01T13:34:44","slug":"hv190-set-xanh-quat-ma-dao","status":"publish","type":"product","link":"https:\/\/havamall.com\/en\/shop\/hv190-set-xanh-quat-ma-dao\/","title":{"rendered":"HV190 &#8211; Set Xanh Qu\u1ea1t M\u00e3 \u0110\u00e1o"},"content":{"rendered":"<p>Set qu\u1ea1t g\u1ea5m xanh M\u00e3 \u0111\u00e1o th\u00e0ng c\u00f4ng<br \/>\n1 B\u00e1nh Merry Richy H\u1ed9p Thi\u1ebfc 334g<br \/>\n1 b\u00e1nh Ritaz Gold h\u1ed9p thi\u1ebfc 80g<br \/>\n1 r\u01b0\u1ee3u Vang Nho Vi\u1ec7t Ph\u00e1p 750ml<br \/>\n1 nho Raisins 80g<br \/>\n1 h\u1ed9p c\u00e0 ph\u00ea Fusion 160g<br \/>\n1 socola 12 vi\u00ean Faris 150g<br \/>\n1 socola cao c\u1ea5p Vintz 140g<\/p>\n<p><img fetchpriority=\"high\" decoding=\"async\" class=\"aligncenter  wp-image-44282\" src=\"https:\/\/havamall.com\/wp-content\/uploads\/2026\/01\/wdqd.png\" alt=\"\" width=\"534\" height=\"594\" srcset=\"https:\/\/havamall.com\/wp-content\/uploads\/2026\/01\/wdqd.png 1920w, https:\/\/havamall.com\/wp-content\/uploads\/2026\/01\/wdqd-1843x2048.png 1843w, https:\/\/havamall.com\/wp-content\/uploads\/2026\/01\/wdqd-11x12.png 11w, https:\/\/havamall.com\/wp-content\/uploads\/2026\/01\/wdqd-600x667.png 600w, https:\/\/havamall.com\/wp-content\/uploads\/2026\/01\/wdqd-1200x1334.png 1200w\" sizes=\"(max-width: 534px) 100vw, 534px\" \/><\/p>\n<p><img decoding=\"async\" class=\"aligncenter  wp-image-44283\" src=\"https:\/\/havamall.com\/wp-content\/uploads\/2026\/01\/76.png\" alt=\"\" width=\"535\" height=\"594\" srcset=\"https:\/\/havamall.com\/wp-content\/uploads\/2026\/01\/76.png 1920w, https:\/\/havamall.com\/wp-content\/uploads\/2026\/01\/76-1843x2048.png 1843w, https:\/\/havamall.com\/wp-content\/uploads\/2026\/01\/76-11x12.png 11w, https:\/\/havamall.com\/wp-content\/uploads\/2026\/01\/76-600x667.png 600w, https:\/\/havamall.com\/wp-content\/uploads\/2026\/01\/76-1200x1334.png 1200w\" sizes=\"(max-width: 535px) 100vw, 535px\" \/><\/p>\n<p>Gi\u00e1 l\u1ebb: 1.730<\/p>\n<p>Gi\u00e1 s\u1ec9 t\u1eeb 5 set: 1.340<\/p>","protected":false},"excerpt":{"rendered":"<p>Set qu\u1ea1t g\u1ea5m xanh M\u00e3 \u0111\u00e1o th\u00e0ng c\u00f4ng 1 B\u00e1nh Merry Richy H\u1ed9p Thi\u1ebfc 334g 1 b\u00e1nh Ritaz Gold h\u1ed9p<\/p>","protected":false},"featured_media":44284,"comment_status":"open","ping_status":"closed","template":"","meta":[],"product_brand":[],"product_cat":[789],"product_tag":[],"class_list":{"0":"post-44281","1":"product","2":"type-product","3":"status-publish","4":"has-post-thumbnail","6":"product_cat-gio-qua-tet-hamper","8":"first","9":"instock","10":"sale","11":"shipping-taxable","12":"purchasable","13":"product-type-simple"},"_links":{"self":[{"href":"https:\/\/havamall.com\/en\/wp-json\/wp\/v2\/product\/44281","targetHints":{"allow":["GET"]}}],"collection":[{"href":"https:\/\/havamall.com\/en\/wp-json\/wp\/v2\/product"}],"about":[{"href":"https:\/\/havamall.com\/en\/wp-json\/wp\/v2\/types\/product"}],"replies":[{"embeddable":true,"href":"https:\/\/havamall.com\/en\/wp-json\/wp\/v2\/comments?post=44281"}],"version-history":[{"count":0,"href":"https:\/\/havamall.com\/en\/wp-json\/wp\/v2\/product\/44281\/revisions"}],"wp:featuredmedia":[{"embeddable":true,"href":"https:\/\/havamall.com\/en\/wp-json\/wp\/v2\/media\/44284"}],"wp:attachment":[{"href":"https:\/\/havamall.com\/en\/wp-json\/wp\/v2\/media?parent=44281"}],"wp:term":[{"taxonomy":"product_brand","embeddable":true,"href":"https:\/\/havamall.com\/en\/wp-json\/wp\/v2\/product_brand?post=44281"},{"taxonomy":"product_cat","embeddable":true,"href":"https:\/\/havamall.com\/en\/wp-json\/wp\/v2\/product_cat?post=44281"},{"taxonomy":"product_tag","embeddable":true,"href":"https:\/\/havamall.com\/en\/wp-json\/wp\/v2\/product_tag?post=44281"}],"curies":[{"name":"wp","href":"https:\/\/api.w.org\/{rel}","templated":true}]}}