{"id":44286,"date":"2026-01-01T20:39:26","date_gmt":"2026-01-01T13:39:26","guid":{"rendered":"https:\/\/havamall.com\/?post_type=product&#038;p=44286"},"modified":"2026-01-01T20:40:35","modified_gmt":"2026-01-01T13:40:35","slug":"hv012-vang-hoa-sung-tuc","status":"publish","type":"product","link":"https:\/\/havamall.com\/en\/shop\/hv012-vang-hoa-sung-tuc\/","title":{"rendered":"HV012 &#8211; V\u00e0ng Hoa Sung T\u00fac"},"content":{"rendered":"<p>L\u00ean set gi\u00e1 t\u1ea7m trung cho doanh nghi\u1ec7p ch\u1ea1y s\u1ed1 l\u01b0\u1ee3ng \u1ea1!!! Doanh nghi\u1ec7p l\u00ean s\u1ed1 l\u01b0\u1ee3ng gi\u00e1 t\u1ed1t h\u01a1n. Ho\u00e1 \u0111\u01a1n VAT \u0111\u1ea7y \u0111\u1ee7\u2764\ufe0f<\/p>\n<p>Tr\u00e0 gi\u1ea5y Madline<br \/>\n3 lon sting V\u00e0ng<br \/>\nB\u00e1nh quy tr\u1ee9ng Nh\u1eadt<br \/>\nB\u00e1nh quy Nh\u1eadt<br \/>\nB\u00e1nh Cracker Flory<br \/>\nB\u00e1nh Plamium<br \/>\nB\u00e1nh x\u1ed1p Th\u00e1i Lan ch\u1ed1ng l\u01b0ng<br \/>\nCoffee Carter<br \/>\nB\u00e1nh ch\u1ed1ng l\u01b0ng English<\/p>\n<p><img fetchpriority=\"high\" decoding=\"async\" class=\"aligncenter wp-image-44288\" src=\"https:\/\/havamall.com\/wp-content\/uploads\/2026\/01\/asa.png\" alt=\"\" width=\"528\" height=\"586\" srcset=\"https:\/\/havamall.com\/wp-content\/uploads\/2026\/01\/asa.png 1920w, https:\/\/havamall.com\/wp-content\/uploads\/2026\/01\/asa-1843x2048.png 1843w, https:\/\/havamall.com\/wp-content\/uploads\/2026\/01\/asa-11x12.png 11w, https:\/\/havamall.com\/wp-content\/uploads\/2026\/01\/asa-600x667.png 600w, https:\/\/havamall.com\/wp-content\/uploads\/2026\/01\/asa-1200x1334.png 1200w\" sizes=\"(max-width: 528px) 100vw, 528px\" \/><\/p>\n<p>Gi\u00e1 l\u1ebb: 730<\/p>\n<p>Gi\u00e1 s\u1ec9 t\u1eeb 5 set: 520<\/p>\n<p>S\u1ed1 l\u01b0\u1ee3ng l\u1edbn gi\u00e1 t\u1ed1t<\/p>","protected":false},"excerpt":{"rendered":"<p>L\u00ean set gi\u00e1 t\u1ea7m trung cho doanh nghi\u1ec7p ch\u1ea1y s\u1ed1 l\u01b0\u1ee3ng \u1ea1!!! Doanh nghi\u1ec7p l\u00ean s\u1ed1 l\u01b0\u1ee3ng gi\u00e1 t\u1ed1t h\u01a1n.<\/p>","protected":false},"featured_media":44287,"comment_status":"open","ping_status":"closed","template":"","meta":[],"product_brand":[],"product_cat":[789],"product_tag":[],"class_list":{"0":"post-44286","1":"product","2":"type-product","3":"status-publish","4":"has-post-thumbnail","6":"product_cat-gio-qua-tet-hamper","8":"first","9":"instock","10":"sale","11":"shipping-taxable","12":"purchasable","13":"product-type-simple"},"_links":{"self":[{"href":"https:\/\/havamall.com\/en\/wp-json\/wp\/v2\/product\/44286","targetHints":{"allow":["GET"]}}],"collection":[{"href":"https:\/\/havamall.com\/en\/wp-json\/wp\/v2\/product"}],"about":[{"href":"https:\/\/havamall.com\/en\/wp-json\/wp\/v2\/types\/product"}],"replies":[{"embeddable":true,"href":"https:\/\/havamall.com\/en\/wp-json\/wp\/v2\/comments?post=44286"}],"version-history":[{"count":0,"href":"https:\/\/havamall.com\/en\/wp-json\/wp\/v2\/product\/44286\/revisions"}],"wp:featuredmedia":[{"embeddable":true,"href":"https:\/\/havamall.com\/en\/wp-json\/wp\/v2\/media\/44287"}],"wp:attachment":[{"href":"https:\/\/havamall.com\/en\/wp-json\/wp\/v2\/media?parent=44286"}],"wp:term":[{"taxonomy":"product_brand","embeddable":true,"href":"https:\/\/havamall.com\/en\/wp-json\/wp\/v2\/product_brand?post=44286"},{"taxonomy":"product_cat","embeddable":true,"href":"https:\/\/havamall.com\/en\/wp-json\/wp\/v2\/product_cat?post=44286"},{"taxonomy":"product_tag","embeddable":true,"href":"https:\/\/havamall.com\/en\/wp-json\/wp\/v2\/product_tag?post=44286"}],"curies":[{"name":"wp","href":"https:\/\/api.w.org\/{rel}","templated":true}]}}