{"id":44299,"date":"2026-01-01T20:48:46","date_gmt":"2026-01-01T13:48:46","guid":{"rendered":"https:\/\/havamall.com\/?post_type=product&#038;p=44299"},"modified":"2026-01-01T20:48:46","modified_gmt":"2026-01-01T13:48:46","slug":"hv459-set-xanh-long-phung","status":"publish","type":"product","link":"https:\/\/havamall.com\/en\/shop\/hv459-set-xanh-long-phung\/","title":{"rendered":"HV459 &#8211; Set Xanh Long Ph\u1ee5ng"},"content":{"rendered":"<p>B\u00e1nh Almond Biscuit<br \/>\nScl vu\u00f4ng<br \/>\nR\u01b0\u1ee3u Agostino<br \/>\nB\u00e1nh quy Carkers Flory<br \/>\nTr\u00e0 Dimond<br \/>\nB\u00e1nh qu\u1ebf v\u1ea1t<br \/>\nCafe Marlorie<br \/>\nK\u1eb9o thi\u1ebfc<br \/>\nScl Jinkeli<br \/>\nB\u00e1nh quy Capella<br \/>\nB\u00e1nh quy Nh\u1eadt k\u1eb9p m\u1ee9t<br \/>\nB\u00e1nh quy Premium<br \/>\nB\u00e1nh Crakers Plain<br \/>\nK\u1eb9o Reina<br \/>\nTr\u00e0 ch\u1ed1ng r\u01b0\u1ee3u<br \/>\nB\u00e1nh qu\u1ebf x\u1ed1p Th\u00e1i ch\u1ed1ng l\u01b0ng<br \/>\n3 H\u0169 y\u1ebfn truy\u1ec1n th\u1ed1ng 6,8gram y\u1ebfn \/ h\u0169<\/p>\n<p><img fetchpriority=\"high\" decoding=\"async\" class=\"aligncenter  wp-image-44300\" src=\"https:\/\/havamall.com\/wp-content\/uploads\/2026\/01\/ew3ru.png\" alt=\"\" width=\"446\" height=\"495\" srcset=\"https:\/\/havamall.com\/wp-content\/uploads\/2026\/01\/ew3ru.png 1920w, https:\/\/havamall.com\/wp-content\/uploads\/2026\/01\/ew3ru-1843x2048.png 1843w, https:\/\/havamall.com\/wp-content\/uploads\/2026\/01\/ew3ru-11x12.png 11w, https:\/\/havamall.com\/wp-content\/uploads\/2026\/01\/ew3ru-600x667.png 600w, https:\/\/havamall.com\/wp-content\/uploads\/2026\/01\/ew3ru-1200x1334.png 1200w\" sizes=\"(max-width: 446px) 100vw, 446px\" \/><\/p>\n<p>Gi\u00e1 l\u1ebb: 1.830<\/p>\n<p>Gi\u00e1 t\u1eeb 5 set: 1.330<\/p>","protected":false},"excerpt":{"rendered":"<p>B\u00e1nh Almond Biscuit Scl vu\u00f4ng R\u01b0\u1ee3u Agostino B\u00e1nh quy Carkers Flory Tr\u00e0 Dimond B\u00e1nh qu\u1ebf v\u1ea1t Cafe Marlorie K\u1eb9o thi\u1ebfc<\/p>","protected":false},"featured_media":44301,"comment_status":"open","ping_status":"closed","template":"","meta":[],"product_brand":[],"product_cat":[789],"product_tag":[],"class_list":{"0":"post-44299","1":"product","2":"type-product","3":"status-publish","4":"has-post-thumbnail","6":"product_cat-gio-qua-tet-hamper","8":"first","9":"instock","10":"sale","11":"shipping-taxable","12":"purchasable","13":"product-type-simple"},"_links":{"self":[{"href":"https:\/\/havamall.com\/en\/wp-json\/wp\/v2\/product\/44299","targetHints":{"allow":["GET"]}}],"collection":[{"href":"https:\/\/havamall.com\/en\/wp-json\/wp\/v2\/product"}],"about":[{"href":"https:\/\/havamall.com\/en\/wp-json\/wp\/v2\/types\/product"}],"replies":[{"embeddable":true,"href":"https:\/\/havamall.com\/en\/wp-json\/wp\/v2\/comments?post=44299"}],"version-history":[{"count":0,"href":"https:\/\/havamall.com\/en\/wp-json\/wp\/v2\/product\/44299\/revisions"}],"wp:featuredmedia":[{"embeddable":true,"href":"https:\/\/havamall.com\/en\/wp-json\/wp\/v2\/media\/44301"}],"wp:attachment":[{"href":"https:\/\/havamall.com\/en\/wp-json\/wp\/v2\/media?parent=44299"}],"wp:term":[{"taxonomy":"product_brand","embeddable":true,"href":"https:\/\/havamall.com\/en\/wp-json\/wp\/v2\/product_brand?post=44299"},{"taxonomy":"product_cat","embeddable":true,"href":"https:\/\/havamall.com\/en\/wp-json\/wp\/v2\/product_cat?post=44299"},{"taxonomy":"product_tag","embeddable":true,"href":"https:\/\/havamall.com\/en\/wp-json\/wp\/v2\/product_tag?post=44299"}],"curies":[{"name":"wp","href":"https:\/\/api.w.org\/{rel}","templated":true}]}}