{"id":44327,"date":"2026-01-03T11:48:04","date_gmt":"2026-01-03T04:48:04","guid":{"rendered":"https:\/\/havamall.com\/?post_type=product&#038;p=44327"},"modified":"2026-01-03T11:48:05","modified_gmt":"2026-01-03T04:48:05","slug":"gung-do-cat-soi-shoga-zuke-1kg-shoga-zuke-red-pickled-ginger-strips-beni-shoga","status":"publish","type":"product","link":"https:\/\/havamall.com\/en\/shop\/gung-do-cat-soi-shoga-zuke-1kg-shoga-zuke-red-pickled-ginger-strips-beni-shoga\/","title":{"rendered":"G\u1eebng \u0110\u1ecf C\u1eaft S\u1ee3i Shoga Zuke 1kg \u2013 Shoga Zuke Red Pickled Ginger Strips (Beni Sh\u014dga)"},"content":{"rendered":"<h3 data-path-to-node=\"1\">TH\u00d4NG TIN S\u1ea2N PH\u1ea8M<\/h3>\n<div class=\"horizontal-scroll-wrapper\">\n<div class=\"table-block-component\">\n<div class=\"table-block has-export-button new-table-style\">\n<div class=\"table-content not-end-of-paragraph\" data-hveid=\"0\" data-ved=\"0CAAQ3ecQahgKEwi1gb_Cn9CRAxUAAAAAHQAAAAAQog4\">\n<table data-path-to-node=\"2\">\n<tbody>\n<tr>\n<td><span data-path-to-node=\"2,1,0,0\"><b data-path-to-node=\"2,1,0,0\" data-index-in-node=\"0\">Th\u01b0\u01a1ng hi\u1ec7u<\/b><\/span><\/td>\n<td><span data-path-to-node=\"2,1,1,0\">Shoga Zuke<\/span><\/td>\n<\/tr>\n<tr>\n<td><span data-path-to-node=\"2,2,0,0\"><b data-path-to-node=\"2,2,0,0\" data-index-in-node=\"0\">Xu\u1ea5t x\u1ee9<\/b><\/span><\/td>\n<td><span data-path-to-node=\"2,2,1,0\">Th\u00e1i Lan<\/span><\/td>\n<\/tr>\n<tr>\n<td><span data-path-to-node=\"2,3,0,0\"><b data-path-to-node=\"2,3,0,0\" data-index-in-node=\"0\">Th\u00e0nh ph\u1ea7n<\/b><\/span><\/td>\n<td><span data-path-to-node=\"2,3,1,0\">G\u1eebng t\u01b0\u01a1i, n\u01b0\u1edbc, mu\u1ed1i, acid acetic (E260), acid citric (E330), ch\u1ea5t b\u1ea3o qu\u1ea3n (E202), m\u00e0u th\u1ef1c ph\u1ea9m t\u1ed5ng h\u1ee3p (E129)<\/span><\/td>\n<\/tr>\n<tr>\n<td><span data-path-to-node=\"2,4,0,0\"><b data-path-to-node=\"2,4,0,0\" data-index-in-node=\"0\">H\u1ea1n s\u1eed d\u1ee5ng<\/b><\/span><\/td>\n<td><span data-path-to-node=\"2,4,1,0\">12 th\u00e1ng k\u1ec3 t\u1eeb ng\u00e0y s\u1ea3n xu\u1ea5t<\/span><\/td>\n<\/tr>\n<tr>\n<td><span data-path-to-node=\"2,5,0,0\"><b data-path-to-node=\"2,5,0,0\" data-index-in-node=\"0\">B\u1ea3o qu\u1ea3n<\/b><\/span><\/td>\n<td><span data-path-to-node=\"2,5,1,0\">N\u01a1i kh\u00f4 r\u00e1o, tho\u00e1ng m\u00e1t. Sau khi m\u1edf bao b\u00ec, b\u1ea3o qu\u1ea3n l\u1ea1nh v\u00e0 s\u1eed d\u1ee5ng t\u1ed1t nh\u1ea5t trong v\u00f2ng 30 ng\u00e0y<\/span><\/td>\n<\/tr>\n<tr>\n<td><span data-path-to-node=\"2,6,0,0\"><b data-path-to-node=\"2,6,0,0\" data-index-in-node=\"0\">Kh\u1ed1i l\u01b0\u1ee3ng<\/b><\/span><\/td>\n<td><span data-path-to-node=\"2,6,1,0\">1kg<\/span><\/td>\n<\/tr>\n<\/tbody>\n<\/table>\n<p>N\u1ebfu nh\u01b0 Gari (g\u1eebng l\u00e1t tr\u1eafng h\u1ed3ng) l\u00e0 ng\u01b0\u1eddi b\u1ea1n \u0111\u1ed3ng h\u00e0nh kh\u00f4ng th\u1ec3 thi\u1ebfu c\u1ee7a nh\u1eefng l\u00e1t Sushi sang tr\u1ecdng, th\u00ec Beni Shoga l\u1ea1i mang m\u1ed9t s\u1ee9 m\u1ec7nh ho\u00e0n to\u00e0n kh\u00e1c \u2013 l\u00e0 bi\u1ec3u t\u01b0\u1ee3ng c\u1ee7a s\u1ef1 n\u1ed3ng nhi\u1ec7t, g\u1ea7n g\u0169i trong c\u00e1c m\u00f3n \u0103n \u0111\u01b0\u1eddng ph\u1ed1 v\u00e0 b\u1eefa c\u01a1m gia \u0111\u00ecnh Nh\u1eadt B\u1ea3n. Beni Shoga \u0111\u01b0\u1ee3c l\u00e0m t\u1eeb nh\u1eefng s\u1ee3i g\u1eebng non th\u00e1i m\u1ea3nh, <em><strong>ng\u00e2m trong gi\u1ea5m m\u01a1 umezu<\/strong> <\/em>\u0111\u1ec3 t\u1ea1o n\u00ean m\u00e0u \u0111\u1ecf h\u1ed3ng t\u1ef1 nhi\u00ean v\u00e0 \u0111\u1eb7c tr\u01b0ng. Trong v\u0103n h\u00f3a \u1ea9m th\u1ef1c x\u1ee9 Ph\u00f9 Tang, s\u1ef1 xu\u1ea5t hi\u1ec7n c\u1ee7a nh\u1eefng s\u1ee3i g\u1eebng \u0111\u1ecf kh\u00f4ng ch\u1ec9 \u0111\u01a1n thu\u1ea7n l\u00e0 m\u00f3n \u0103n k\u00e8m, m\u00e0 c\u00f2n l\u00e0 m\u1ed9t ngh\u1ec7 thu\u1eadt c\u00e2n b\u1eb1ng m\u00e0u s\u1eafc v\u00e0 h\u01b0\u01a1ng v\u1ecb, t\u01b0\u1ee3ng tr\u01b0ng cho tinh th\u1ea7n hi\u1ebfu kh\u00e1ch v\u00e0 s\u1ef1 t\u1eadn t\u00e2m c\u1ee7a ng\u01b0\u1eddi n\u1ea5u.<\/p>\n<p><img fetchpriority=\"high\" decoding=\"async\" class=\"aligncenter  wp-image-44330\" src=\"https:\/\/havamall.com\/wp-content\/uploads\/2026\/01\/Foods112-scaled.jpg\" alt=\"\" width=\"801\" height=\"534\" srcset=\"https:\/\/havamall.com\/wp-content\/uploads\/2026\/01\/Foods112-scaled.jpg 2560w, https:\/\/havamall.com\/wp-content\/uploads\/2026\/01\/Foods112-2048x1365.jpg 2048w, https:\/\/havamall.com\/wp-content\/uploads\/2026\/01\/Foods112-18x12.jpg 18w, https:\/\/havamall.com\/wp-content\/uploads\/2026\/01\/Foods112-600x400.jpg 600w, https:\/\/havamall.com\/wp-content\/uploads\/2026\/01\/Foods112-1200x800.jpg 1200w\" sizes=\"(max-width: 801px) 100vw, 801px\" \/><\/p>\n<p><strong><span style=\"font-size: 14pt;\">H\u01af\u01a0NG V\u1eca C\u1ee6A NH\u1eeeNG S\u1ee2I G\u1eeaNG MU\u1ed0I<\/span><\/strong><\/p>\n<p>Beni Shoga s\u1edf h\u1eefu v\u1ecb chua g\u1eaft \u0111\u1eb7c tr\u01b0ng quy\u1ec7n c\u00f9ng h\u1eadu v\u1ecb cay n\u1ed3ng s\u1ea3ng kho\u00e1i. Nh\u1eefng s\u1ee3i g\u1eebng \u0111\u01b0\u1ee3c th\u00e1i m\u1ea3nh \u0111\u1ed3ng \u0111\u1ec1u, s\u1edf h\u1eefu \u0111\u1ed9 gi\u00f2n s\u1ea7n s\u1eadt kh\u00f3 c\u01b0\u1ee1ng, t\u1ea1o n\u00ean m\u1ed9t s\u1ef1 t\u01b0\u01a1ng ph\u1ea3n th\u00fa v\u1ecb v\u1edbi k\u1ebft c\u1ea5u m\u1ec1m m\u1ea1i c\u1ee7a c\u00e1c m\u00f3n m\u1ef3 hay c\u01a1m n\u00f3ng. M\u00e0u s\u1eafc r\u1ef1c r\u1ee1 c\u1ee7a Beni Shoga kh\u00f4ng ch\u1ec9 k\u00edch th\u00edch th\u1ecb gi\u00e1c m\u00e0 c\u00f2n c\u00f3 kh\u1ea3 n\u0103ng \u0111\u00e1nh th\u1ee9c v\u1ecb gi\u00e1c m\u1ed9t c\u00e1ch m\u1ea1nh m\u1ebd, gi\u00fap th\u1ef1c kh\u00e1ch c\u1ea3m th\u1ea5y ngon mi\u1ec7ng h\u01a1n v\u00e0 kh\u00f4ng b\u1ecb ng\u1ea5y khi th\u01b0\u1edfng th\u1ee9c c\u00e1c m\u00f3n \u0103n nhi\u1ec1u d\u1ea7u m\u1ee1 hay \u0111\u1ea1m.<\/p>\n<p><img decoding=\"async\" class=\"aligncenter  wp-image-44331\" src=\"https:\/\/havamall.com\/wp-content\/uploads\/2026\/01\/201710231451004667.jpg\" alt=\"\" width=\"801\" height=\"534\" srcset=\"https:\/\/havamall.com\/wp-content\/uploads\/2026\/01\/201710231451004667.jpg 1728w, https:\/\/havamall.com\/wp-content\/uploads\/2026\/01\/201710231451004667-18x12.jpg 18w, https:\/\/havamall.com\/wp-content\/uploads\/2026\/01\/201710231451004667-600x400.jpg 600w, https:\/\/havamall.com\/wp-content\/uploads\/2026\/01\/201710231451004667-1200x800.jpg 1200w\" sizes=\"(max-width: 801px) 100vw, 801px\" \/><\/p>\n<p><span style=\"font-size: 14pt;\"><strong>GI\u00c1 TR\u1eca DINH D\u01af\u1ee0NG V\u00c0 L\u1ee2I \u00cdCH S\u1ee8C KH\u1eceE<\/strong><\/span><\/p>\n<p>\u2013 H\u1ed7 tr\u1ee3 ti\u00eau h\u00f3a hi\u1ec7u qu\u1ea3: Tinh ch\u1ea5t g\u1eebng \u1ea5m n\u00f3ng gi\u00fap th\u00fac \u0111\u1ea9y qu\u00e1 tr\u00ecnh trao \u0111\u1ed5i ch\u1ea5t, h\u1ed7 tr\u1ee3 d\u1ea1 d\u00e0y x\u1eed l\u00fd th\u1ee9c \u0103n nhanh ch\u00f3ng, gi\u1ea3m thi\u1ec3u t\u00ecnh tr\u1ea1ng \u0111\u1ea7y h\u01a1i hay kh\u00f3 ti\u00eau sau b\u1eefa \u0103n.<\/p>\n<p>\u2013 T\u00ednh kh\u00e1ng khu\u1ea9n cao: Qu\u00e1 tr\u00ecnh ng\u00e2m gi\u1ea5m gi\u00fap Beni Shoga gi\u1eef \u0111\u01b0\u1ee3c kh\u1ea3 n\u0103ng di\u1ec7t khu\u1ea9n, gi\u00fap l\u00e0m s\u1ea1ch khoang mi\u1ec7ng v\u00e0 b\u1ea3o v\u1ec7 h\u1ec7 ti\u00eau h\u00f3a khi d\u00f9ng k\u00e8m c\u00e1c m\u00f3n \u0103n c\u00f3 t\u00ednh h\u00e0n.<\/p>\n<p>\u2013 Gi\u1eef \u1ea5m c\u01a1 th\u1ec3: S\u1eed d\u1ee5ng m\u1ed9t l\u01b0\u1ee3ng v\u1eeba \u0111\u1ee7 g\u1eebng mu\u1ed1i h\u00e0ng ng\u00e0y gi\u00fap l\u01b0u th\u00f4ng kh\u00ed huy\u1ebft, l\u00e0m \u1ea5m c\u01a1 th\u1ec3 t\u1eeb b\u00ean trong, \u0111\u1eb7c bi\u1ec7t c\u00f3 l\u1ee3i trong nh\u1eefng ng\u00e0y th\u1eddi ti\u1ebft chuy\u1ec3n l\u1ea1nh.<\/p>\n<p>\u2013 K\u00edch th\u00edch c\u1ea3m gi\u00e1c th\u00e8m \u0103n: V\u1ecb chua cay \u0111\u1eb7c tr\u01b0ng l\u00e0 li\u1ec7u ph\u00e1p t\u1ef1 nhi\u00ean gi\u00fap c\u1ea3i thi\u1ec7n v\u1ecb gi\u00e1c, c\u1ef1c k\u1ef3 ph\u00f9 h\u1ee3p cho nh\u1eefng ng\u01b0\u1eddi c\u00f3 c\u1ea3m gi\u00e1c ch\u00e1n \u0103n ho\u1eb7c c\u1ea7n ph\u1ee5c h\u1ed3i s\u1ee9c kh\u1ecfe.<\/p>\n<p><img decoding=\"async\" class=\"aligncenter  wp-image-44333\" src=\"https:\/\/havamall.com\/wp-content\/uploads\/2026\/01\/beni_shoga3.webp\" alt=\"\" width=\"800\" height=\"600\" srcset=\"https:\/\/havamall.com\/wp-content\/uploads\/2026\/01\/beni_shoga3.webp 1024w, https:\/\/havamall.com\/wp-content\/uploads\/2026\/01\/beni_shoga3-16x12.webp 16w, https:\/\/havamall.com\/wp-content\/uploads\/2026\/01\/beni_shoga3-600x450.webp 600w\" sizes=\"(max-width: 800px) 100vw, 800px\" \/><\/p>\n<p><span style=\"font-size: 14pt;\"><strong>\u0110A D\u1ea0NG TRONG C\u00c1C M\u00d3N \u0102N TRUY\u1ec0N TH\u1ed0NG<\/strong><\/span><\/p>\n<p>\u2013 Linh h\u1ed3n c\u1ee7a m\u00f3n m\u1ef3 x\u00e0o Yakisoba: Nh\u1eefng s\u1ee3i g\u1eebng \u0111\u1ecf r\u1ef1c r\u1ee1 \u0111\u1eb7t tr\u00ean \u0111\u0129a m\u1ef3 x\u00e0o kh\u00f4ng ch\u1ec9 \u0111\u1ec3 trang tr\u00ed m\u00e0 c\u00f2n gi\u00fap c\u00e2n b\u1eb1ng v\u1ecb ng\u1ecdt c\u1ee7a n\u01b0\u1edbc s\u1ed1t \u0111\u1eadm \u0111\u00e0.<\/p>\n<p>\u2013 \u0110i\u1ec3m nh\u1ea5n cho b\u00e1nh b\u1ea1ch tu\u1ed9c Takoyaki v\u00e0 b\u00e1nh x\u00e8o Okonomiyaki: V\u1ecb chua cay n\u1ed3ng n\u00e0n gi\u00fap \u00e1t \u0111i \u0111\u1ed9 ng\u1eady c\u1ee7a b\u1ed9t v\u00e0 s\u1ed1t mayonnaise, l\u00e0m cho m\u1ed7i mi\u1ebfng b\u00e1nh tr\u1edf n\u00ean h\u00e0i h\u00f2a v\u00e0 h\u1ea5p d\u1eabn h\u01a1n.<\/p>\n<p>\u2013 C\u01a1m th\u1ecbt b\u00f2 Gyudon: M\u1ed9t nh\u00fam Beni Shoga \u0111\u1eb7t tr\u00ean b\u00e1t c\u01a1m th\u1ecbt b\u00f2 n\u00f3ng h\u1ed5i l\u00e0 h\u00ecnh \u1ea3nh quen thu\u1ed9c t\u1ea1i b\u1ea5t k\u1ef3 qu\u00e1n \u0103n n\u00e0o \u1edf Nh\u1eadt, gi\u00fap th\u1ef1c kh\u00e1ch c\u1ea3m nh\u1eadn tr\u1ecdn v\u1eb9n s\u1ef1 thanh tao c\u1ee7a m\u00f3n \u0103n.<\/p>\n<p>\u2013 C\u01a1m chi\u00ean v\u00e0 c\u00e1c m\u00f3n x\u00e0o: Vi\u1ec7c tr\u1ed9n th\u00eam g\u1eebng s\u1ee3i v\u00e0o c\u00e1c m\u00f3n c\u01a1m chi\u00ean hay th\u1ecbt x\u00e0o kh\u00f4ng ch\u1ec9 t\u1ea1o m\u00e0u s\u1eafc b\u1eaft m\u1eaft m\u00e0 c\u00f2n mang l\u1ea1i \u0111\u1ed9 gi\u00f2n nh\u1eb9 v\u00e0 m\u00f9i th\u01a1m \u0111\u1eb7c tr\u01b0ng c\u1ee7a g\u1eebng gi\u1ea5m.<\/p>\n<p><img loading=\"lazy\" decoding=\"async\" class=\"aligncenter  wp-image-44334\" src=\"https:\/\/havamall.com\/wp-content\/uploads\/2026\/01\/UNAGI-DON-prep-photo-17.webp\" alt=\"\" width=\"801\" height=\"532\" srcset=\"https:\/\/havamall.com\/wp-content\/uploads\/2026\/01\/UNAGI-DON-prep-photo-17.webp 1200w, https:\/\/havamall.com\/wp-content\/uploads\/2026\/01\/UNAGI-DON-prep-photo-17-18x12.webp 18w, https:\/\/havamall.com\/wp-content\/uploads\/2026\/01\/UNAGI-DON-prep-photo-17-600x399.webp 600w\" sizes=\"(max-width: 801px) 100vw, 801px\" \/><\/p>\n<p>G\u1eeang \u0111\u1ecf c\u1eaft s\u1ee3i Beni Shoga Nh\u1eadt B\u1ea3n \u0111ang \u0111\u01b0\u1ee3c b\u00e1n <em><strong>tr\u1ef1c ti\u1ebfp t\u1ea1i c\u1eeda h\u00e0ng v\u00e0 tr\u00ean c\u00e1c s\u00e0n TM\u0110T c\u1ee7a Havamall.<\/strong><\/em><\/p>\n<\/div>\n<\/div>\n<\/div>\n<\/div>","protected":false},"excerpt":{"rendered":"<p>TH\u00d4NG TIN S\u1ea2N PH\u1ea8M Th\u01b0\u01a1ng hi\u1ec7u Shoga Zuke Xu\u1ea5t x\u1ee9 Th\u00e1i Lan Th\u00e0nh ph\u1ea7n G\u1eebng t\u01b0\u01a1i, n\u01b0\u1edbc, mu\u1ed1i, acid acetic<\/p>","protected":false},"featured_media":44329,"comment_status":"open","ping_status":"closed","template":"","meta":[],"product_brand":[],"product_cat":[730,275],"product_tag":[],"class_list":{"0":"post-44327","1":"product","2":"type-product","3":"status-publish","4":"has-post-thumbnail","6":"product_cat-cac-nuoc-khac","7":"product_cat-thuc-pham-dong-lanh","9":"first","10":"instock","11":"sale","12":"shipping-taxable","13":"purchasable","14":"product-type-simple"},"_links":{"self":[{"href":"https:\/\/havamall.com\/en\/wp-json\/wp\/v2\/product\/44327","targetHints":{"allow":["GET"]}}],"collection":[{"href":"https:\/\/havamall.com\/en\/wp-json\/wp\/v2\/product"}],"about":[{"href":"https:\/\/havamall.com\/en\/wp-json\/wp\/v2\/types\/product"}],"replies":[{"embeddable":true,"href":"https:\/\/havamall.com\/en\/wp-json\/wp\/v2\/comments?post=44327"}],"version-history":[{"count":0,"href":"https:\/\/havamall.com\/en\/wp-json\/wp\/v2\/product\/44327\/revisions"}],"wp:featuredmedia":[{"embeddable":true,"href":"https:\/\/havamall.com\/en\/wp-json\/wp\/v2\/media\/44329"}],"wp:attachment":[{"href":"https:\/\/havamall.com\/en\/wp-json\/wp\/v2\/media?parent=44327"}],"wp:term":[{"taxonomy":"product_brand","embeddable":true,"href":"https:\/\/havamall.com\/en\/wp-json\/wp\/v2\/product_brand?post=44327"},{"taxonomy":"product_cat","embeddable":true,"href":"https:\/\/havamall.com\/en\/wp-json\/wp\/v2\/product_cat?post=44327"},{"taxonomy":"product_tag","embeddable":true,"href":"https:\/\/havamall.com\/en\/wp-json\/wp\/v2\/product_tag?post=44327"}],"curies":[{"name":"wp","href":"https:\/\/api.w.org\/{rel}","templated":true}]}}