{"id":44336,"date":"2026-01-03T14:58:05","date_gmt":"2026-01-03T07:58:05","guid":{"rendered":"https:\/\/havamall.com\/?post_type=product&#038;p=44336"},"modified":"2026-01-03T14:58:05","modified_gmt":"2026-01-03T07:58:05","slug":"gung-hong-lat-shoga-zuke-1kg-shoga-zuke-pink-pickled-ginger-slices-gari","status":"publish","type":"product","link":"https:\/\/havamall.com\/en\/shop\/gung-hong-lat-shoga-zuke-1kg-shoga-zuke-pink-pickled-ginger-slices-gari\/","title":{"rendered":"G\u1eebng H\u1ed3ng L\u00e1t Shoga Zuke 1kg \u2013 Shoga Zuke Pink Pickled Ginger Slices (Gari)"},"content":{"rendered":"<h3 data-path-to-node=\"1\">TH\u00d4NG TIN S\u1ea2N PH\u1ea8M<\/h3>\n<div class=\"horizontal-scroll-wrapper\">\n<div class=\"table-block-component\">\n<div class=\"table-block has-export-button new-table-style\">\n<div class=\"table-content not-end-of-paragraph\" data-hveid=\"0\" data-ved=\"0CAAQ3ecQahgKEwi1gb_Cn9CRAxUAAAAAHQAAAAAQgg8\">\n<table style=\"width: 67.1414%; height: 173px;\" data-path-to-node=\"2\">\n<tbody>\n<tr>\n<td><span data-path-to-node=\"2,1,0,0\"><b data-path-to-node=\"2,1,0,0\" data-index-in-node=\"0\">Th\u01b0\u01a1ng hi\u1ec7u<\/b><\/span><\/td>\n<td><span data-path-to-node=\"2,1,1,0\">Shoga Zuke<\/span><\/td>\n<\/tr>\n<tr>\n<td><span data-path-to-node=\"2,2,0,0\"><b data-path-to-node=\"2,2,0,0\" data-index-in-node=\"0\">Xu\u1ea5t x\u1ee9<\/b><\/span><\/td>\n<td><span data-path-to-node=\"2,2,1,0\">Th\u00e1i Lan<\/span><\/td>\n<\/tr>\n<tr>\n<td><span data-path-to-node=\"2,3,0,0\"><b data-path-to-node=\"2,3,0,0\" data-index-in-node=\"0\">Th\u00e0nh ph\u1ea7n<\/b><\/span><\/td>\n<td><span data-path-to-node=\"2,3,1,0\">G\u1eebng t\u01b0\u01a1i, n\u01b0\u1edbc, mu\u1ed1i, acid acetic, acid citric, m\u00e0u th\u1ef1c ph\u1ea9m t\u1ef1 nhi\u00ean<\/span><\/td>\n<\/tr>\n<tr>\n<td><span data-path-to-node=\"2,4,0,0\"><b data-path-to-node=\"2,4,0,0\" data-index-in-node=\"0\">H\u1ea1n s\u1eed d\u1ee5ng<\/b><\/span><\/td>\n<td><span data-path-to-node=\"2,4,1,0\">12 th\u00e1ng k\u1ec3 t\u1eeb ng\u00e0y s\u1ea3n xu\u1ea5t<\/span><\/td>\n<\/tr>\n<tr>\n<td><span data-path-to-node=\"2,5,0,0\"><b data-path-to-node=\"2,5,0,0\" data-index-in-node=\"0\">B\u1ea3o qu\u1ea3n<\/b><\/span><\/td>\n<td><span data-path-to-node=\"2,5,1,0\">N\u01a1i kh\u00f4 r\u00e1o, tho\u00e1ng m\u00e1t. Sau khi m\u1edf t\u00fai, b\u1ea3o qu\u1ea3n l\u1ea1nh \u0111\u1ec3 gi\u1eef \u0111\u1ed9 gi\u00f2n v\u00e0 h\u01b0\u01a1ng v\u1ecb t\u1ed1t nh\u1ea5t<\/span><\/td>\n<\/tr>\n<tr>\n<td><span data-path-to-node=\"2,6,0,0\"><b data-path-to-node=\"2,6,0,0\" data-index-in-node=\"0\">Kh\u1ed1i l\u01b0\u1ee3ng<\/b><\/span><\/td>\n<td><span data-path-to-node=\"2,6,1,0\">1kg<\/span><\/td>\n<\/tr>\n<\/tbody>\n<\/table>\n<p>N\u1ebfu \u0111\u00e3 t\u1eebng th\u01b0\u1edfng th\u1ee9c nh\u1eefng \u0111\u0129a Sushi hay Sashimi c\u1ea7u k\u1ef3, ch\u1eafc h\u1eb3n ai c\u0169ng s\u1ebd \u1ea5n t\u01b0\u1ee3ng v\u1edbi nh\u1eefng l\u00e1t g\u1eebng m\u1ecfng mang s\u1eafc h\u1ed3ng nh\u1ea1t tinh t\u1ebf lu\u00f4n \u0111\u01b0\u1ee3c \u0111\u1eb7t kh\u00e9o l\u00e9o m\u1ed9t g\u00f3c \u0111\u0129a. \u0110\u00f3 ch\u00ednh l\u00e0 Gari \u2013 m\u1ed9t th\u00e0nh ph\u1ea7n kh\u00f4ng th\u1ec3 t\u00e1ch r\u1eddi trong v\u0103n h\u00f3a \u1ea9m th\u1ef1c x\u1ee9 Ph\u00f9 Tang. Kh\u00e1c v\u1edbi ng\u01b0\u1eddi &#8220;anh em&#8221; Beni Shoga (th\u01b0\u1eddng th\u00e1i s\u1ee3i v\u00e0 mang s\u1eafc \u0111\u1ecf \u0111\u1eadm cho c\u00e1c m\u00f3n n\u00f3ng), Gari mang phong th\u00e1i nh\u1eb9 nh\u00e0ng v\u00e0 thanh tao h\u01a1n. G\u1eebng h\u1ed3ng l\u00e1t Shoga Zuke \u0111\u01b0\u1ee3c ch\u1ebf bi\u1ebfn t\u1eeb nh\u1eefng c\u1ee7 g\u1eebng non tuy\u1ec3n ch\u1ecdn, tr\u1ea3i qua qu\u00e1 tr\u00ecnh ng\u00e2m gi\u1ea5m \u0111\u01b0\u1eddng t\u1ec9 m\u1ec9 \u0111\u1ec3 t\u1ea1o n\u00ean nh\u1eefng l\u00e1t g\u1eebng m\u1ecfng manh nh\u01b0 c\u00e1nh hoa, mang trong m\u00ecnh s\u1ee9 m\u1ec7nh c\u00e2n b\u1eb1ng v\u00e0 n\u00e2ng t\u1ea7m tr\u1ea3i nghi\u1ec7m cho th\u1ef1c kh\u00e1ch.<\/p>\n<p><img fetchpriority=\"high\" decoding=\"async\" class=\"aligncenter  wp-image-44337\" src=\"https:\/\/havamall.com\/wp-content\/uploads\/2026\/01\/Gnghngctlt-scaled.jpg\" alt=\"\" width=\"799\" height=\"533\" srcset=\"https:\/\/havamall.com\/wp-content\/uploads\/2026\/01\/Gnghngctlt-scaled.jpg 2560w, https:\/\/havamall.com\/wp-content\/uploads\/2026\/01\/Gnghngctlt-2048x1365.jpg 2048w, https:\/\/havamall.com\/wp-content\/uploads\/2026\/01\/Gnghngctlt-18x12.jpg 18w, https:\/\/havamall.com\/wp-content\/uploads\/2026\/01\/Gnghngctlt-600x400.jpg 600w, https:\/\/havamall.com\/wp-content\/uploads\/2026\/01\/Gnghngctlt-1200x800.jpg 1200w\" sizes=\"(max-width: 799px) 100vw, 799px\" \/><\/p>\n<p>\u0110i\u1ec3m \u0111\u1eb7c tr\u01b0ng c\u1ee7a d\u00f2ng g\u1eebng h\u1ed3ng n\u00e0y ch\u00ednh l\u00e0 nh\u1eefng l\u00e1t c\u1eaft c\u1ef1c m\u1ecfng, c\u00f3 \u0111\u1ed9 trong nh\u1eb9 v\u00e0 s\u1eafc h\u1ed3ng ph\u1ea5n t\u1ef1 nhi\u00ean. K\u1ebft c\u1ea5u c\u1ee7a g\u1eebng non gi\u00fap s\u1ea3n ph\u1ea9m gi\u1eef \u0111\u01b0\u1ee3c \u0111\u1ed9 gi\u00f2n m\u1ec1m, kh\u00f4ng c\u00f3 x\u01a1, t\u1ea1o c\u1ea3m gi\u00e1c d\u1ec5 ch\u1ecbu khi th\u01b0\u1edfng th\u1ee9c. V\u1ec1 h\u01b0\u01a1ng v\u1ecb, g\u1eebng h\u1ed3ng l\u00e1t mang m\u1ed9t s\u1ef1 t\u1ed5ng h\u00f2a tinh t\u1ebf gi\u1eefa v\u1ecb chua d\u1ecbu c\u1ee7a gi\u1ea5m, v\u1ecb ng\u1ecdt thanh c\u1ee7a \u0111\u01b0\u1eddng v\u00e0 ch\u00fat cay n\u1ed3ng \u1ea5m \u00e1p c\u1ee7a g\u1eebng t\u01b0\u01a1i. Khi \u0111\u01b0\u1ee3c s\u1eed d\u1ee5ng gi\u1eefa c\u00e1c mi\u1ebfng Sushi kh\u00e1c nhau, Gari gi\u00fap t\u1ea9y s\u1ea1ch h\u01b0\u01a1ng v\u1ecb c\u1ee7a mi\u1ebfng c\u00e1 tr\u01b0\u1edbc \u0111\u00f3 trong khoang mi\u1ec7ng, gi\u00fap v\u1ecb gi\u00e1c \u0111\u01b0\u1ee3c &#8220;l\u00e0m m\u1edbi&#8221; ho\u00e0n to\u00e0n \u0111\u1ec3 s\u1eb5n s\u00e0ng c\u1ea3m nh\u1eadn tr\u1ecdn v\u1eb9n s\u1ef1 tinh t\u00fay c\u1ee7a mi\u1ebfng c\u00e1 ti\u1ebfp theo.<\/p>\n<p><img decoding=\"async\" class=\"aligncenter  wp-image-44338\" src=\"https:\/\/havamall.com\/wp-content\/uploads\/2026\/01\/5611da7a520c995984303f8ccd29f6647b37.jpg\" alt=\"\" width=\"805\" height=\"533\" srcset=\"https:\/\/havamall.com\/wp-content\/uploads\/2026\/01\/5611da7a520c995984303f8ccd29f6647b37.jpg 2048w, https:\/\/havamall.com\/wp-content\/uploads\/2026\/01\/5611da7a520c995984303f8ccd29f6647b37-18x12.jpg 18w, https:\/\/havamall.com\/wp-content\/uploads\/2026\/01\/5611da7a520c995984303f8ccd29f6647b37-600x397.jpg 600w, https:\/\/havamall.com\/wp-content\/uploads\/2026\/01\/5611da7a520c995984303f8ccd29f6647b37-1200x795.jpg 1200w\" sizes=\"(max-width: 805px) 100vw, 805px\" \/><\/p>\n<p data-path-to-node=\"8\"><span style=\"font-size: 14pt;\"><strong>GI\u00c1 TR\u1eca DINH D\u01af\u1ee0NG V\u00c0 L\u1ee2I \u00cdCH S\u1ee8C KH\u1eceE T\u1eea G\u1eeaNG NON<\/strong><\/span><\/p>\n<p data-path-to-node=\"8\">\u2013 H\u1ed7 tr\u1ee3 ti\u00eau h\u00f3a \u0111\u1ed3 s\u1ed1ng: T\u00ednh \u1ea5m c\u1ee7a g\u1eebng gi\u00fap c\u00e2n b\u1eb1ng v\u1edbi t\u00ednh h\u00e0n c\u1ee7a c\u00e1c lo\u1ea1i h\u1ea3i s\u1ea3n t\u01b0\u01a1i s\u1ed1ng, gi\u00fap l\u00e0m \u1ea5m b\u1ee5ng v\u00e0 h\u1ed7 tr\u1ee3 qu\u00e1 tr\u00ecnh ti\u00eau h\u00f3a di\u1ec5n ra tr\u01a1n tru h\u01a1n.<\/p>\n<p data-path-to-node=\"8\">\u2013 Kh\u1eed m\u00f9i v\u00e0 kh\u00e1ng khu\u1ea9n: C\u00e1c h\u1ee3p ch\u1ea5t t\u1ef1 nhi\u00ean trong g\u1eebng c\u00f3 kh\u1ea3 n\u0103ng kh\u00e1ng khu\u1ea9n m\u1ea1nh m\u1ebd, gi\u00fap kh\u1eed m\u00f9i tanh c\u1ee7a c\u00e1 v\u00e0 b\u1ea3o v\u1ec7 h\u1ec7 ti\u00eau h\u00f3a kh\u1ecfi c\u00e1c t\u00e1c nh\u00e2n g\u00e2y h\u1ea1i.<\/p>\n<p data-path-to-node=\"8\">\u2013 Gi\u1ea3m c\u1ea3m gi\u00e1c bu\u1ed3n n\u00f4n v\u00e0 say xe: V\u1ecb cay n\u1ed3ng \u0111\u1eb7c tr\u01b0ng gi\u00fap l\u00e0m d\u1ecbu d\u1ea1 d\u00e0y, h\u1ed7 tr\u1ee3 gi\u1ea3m nhanh c\u00e1c tri\u1ec7u ch\u1ee9ng kh\u00f3 ch\u1ecbu v\u1ec1 \u0111\u01b0\u1eddng ti\u00eau h\u00f3a m\u1ed9t c\u00e1ch hi\u1ec7u qu\u1ea3.<\/p>\n<p data-path-to-node=\"8\">\u2013 Cung c\u1ea5p ch\u1ea5t ch\u1ed1ng oxy h\u00f3a: Qu\u00e1 tr\u00ecnh l\u00ean men c\u00f9ng gi\u1ea5m gi\u00fap gi\u1eef tr\u1ecdn c\u00e1c d\u01b0\u1ee1ng ch\u1ea5t qu\u00fd gi\u00e1 trong g\u1eebng, h\u1ed7 tr\u1ee3 t\u0103ng c\u01b0\u1eddng h\u1ec7 mi\u1ec5n d\u1ecbch v\u00e0 b\u1ea3o v\u1ec7 t\u1ebf b\u00e0o c\u01a1 th\u1ec3.<\/p>\n<p data-path-to-node=\"8\"><img decoding=\"async\" class=\"aligncenter  wp-image-44340\" src=\"https:\/\/havamall.com\/wp-content\/uploads\/2026\/01\/DSC03142-scaled.jpg\" alt=\"\" width=\"801\" height=\"601\" srcset=\"https:\/\/havamall.com\/wp-content\/uploads\/2026\/01\/DSC03142-scaled.jpg 2560w, https:\/\/havamall.com\/wp-content\/uploads\/2026\/01\/DSC03142-2048x1536.jpg 2048w, https:\/\/havamall.com\/wp-content\/uploads\/2026\/01\/DSC03142-16x12.jpg 16w, https:\/\/havamall.com\/wp-content\/uploads\/2026\/01\/DSC03142-600x450.jpg 600w, https:\/\/havamall.com\/wp-content\/uploads\/2026\/01\/DSC03142-1200x900.jpg 1200w\" sizes=\"(max-width: 801px) 100vw, 801px\" \/><\/p>\n<p data-path-to-node=\"8\"><span style=\"font-size: 14pt;\"><strong>\u0110A D\u1ea0NG TRONG C\u00c1CH TH\u01af\u1edeNG TH\u1ee8C<\/strong><\/span><\/p>\n<p data-path-to-node=\"8\">\u2013 Khai v\u1ecb nh\u1eb9 nh\u00e0ng: Nh\u1eefng l\u00e1t g\u1eebng h\u1ed3ng c\u00f3 th\u1ec3 d\u00f9ng tr\u1ef1c ti\u1ebfp nh\u01b0 m\u1ed9t m\u00f3n d\u01b0a chua khai v\u1ecb \u0111\u1ec3 k\u00edch th\u00edch v\u1ecb gi\u00e1c tr\u01b0\u1edbc khi b\u01b0\u1edbc v\u00e0o b\u1eefa ch\u00ednh.<\/p>\n<p data-path-to-node=\"8\">\u2013 \u0102n k\u00e8m c\u00e1c m\u00f3n n\u01b0\u1edbng: V\u1ecb chua ng\u1ecdt c\u1ee7a g\u1eebng gi\u00fap gi\u1ea3i ng\u1ea5y cho c\u00e1c m\u00f3n th\u1ecbt n\u01b0\u1edbng \u0111\u1eadm \u0111\u00e0 ho\u1eb7c \u0111\u1ed3 chi\u00ean r\u00e1n nhi\u1ec1u d\u1ea7u m\u1ee1.<\/p>\n<p data-path-to-node=\"8\">\u2013 Th\u00e0nh ph\u1ea7n cho c\u00e1c m\u00f3n tr\u1ed9n: C\u00f3 th\u1ec3 b\u0103m nh\u1ecf g\u1eebng h\u1ed3ng \u0111\u1ec3 tr\u1ed9n c\u00f9ng c\u01a1m n\u1eafm Onigiri ho\u1eb7c c\u00e1c lo\u1ea1i salad rau c\u1ee7 \u0111\u1ec3 t\u1ea1o th\u00eam t\u1ea7ng h\u01b0\u01a1ng v\u1ecb m\u1edbi l\u1ea1.<\/p>\n<\/div>\n<p data-path-to-node=\"8\"><img loading=\"lazy\" decoding=\"async\" class=\"aligncenter  wp-image-44339\" src=\"https:\/\/havamall.com\/wp-content\/uploads\/2026\/01\/1941b2b8-0489-48e6-a072-dd4030b35b1b.jpg\" alt=\"\" width=\"800\" height=\"800\" srcset=\"https:\/\/havamall.com\/wp-content\/uploads\/2026\/01\/1941b2b8-0489-48e6-a072-dd4030b35b1b.jpg 1440w, https:\/\/havamall.com\/wp-content\/uploads\/2026\/01\/1941b2b8-0489-48e6-a072-dd4030b35b1b-12x12.jpg 12w, https:\/\/havamall.com\/wp-content\/uploads\/2026\/01\/1941b2b8-0489-48e6-a072-dd4030b35b1b-600x600.jpg 600w, https:\/\/havamall.com\/wp-content\/uploads\/2026\/01\/1941b2b8-0489-48e6-a072-dd4030b35b1b-1200x1200.jpg 1200w\" sizes=\"(max-width: 800px) 100vw, 800px\" \/><\/p>\n<p data-path-to-node=\"8\">G\u1eebng h\u1ed3ng l\u00e1t Shoga Zuke hi\u1ec7n \u0111ang \u0111\u01b0\u1ee3c <span style=\"font-size: 14pt;\"><strong>b\u00e1n tr\u1ef1c ti\u1ebfp t\u1ea1i c\u1eeda h\u00e0ng c\u1ee7a Havamall.<\/strong><\/span><\/p>\n<\/div>\n<\/div>\n<\/div>","protected":false},"excerpt":{"rendered":"<p>TH\u00d4NG TIN S\u1ea2N PH\u1ea8M Th\u01b0\u01a1ng hi\u1ec7u Shoga Zuke Xu\u1ea5t x\u1ee9 Th\u00e1i Lan Th\u00e0nh ph\u1ea7n G\u1eebng t\u01b0\u01a1i, n\u01b0\u1edbc, mu\u1ed1i, acid acetic,<\/p>","protected":false},"featured_media":44328,"comment_status":"open","ping_status":"closed","template":"","meta":[],"product_brand":[],"product_cat":[730,275],"product_tag":[],"class_list":{"0":"post-44336","1":"product","2":"type-product","3":"status-publish","4":"has-post-thumbnail","6":"product_cat-cac-nuoc-khac","7":"product_cat-thuc-pham-dong-lanh","9":"first","10":"instock","11":"sale","12":"shipping-taxable","13":"purchasable","14":"product-type-simple"},"_links":{"self":[{"href":"https:\/\/havamall.com\/en\/wp-json\/wp\/v2\/product\/44336","targetHints":{"allow":["GET"]}}],"collection":[{"href":"https:\/\/havamall.com\/en\/wp-json\/wp\/v2\/product"}],"about":[{"href":"https:\/\/havamall.com\/en\/wp-json\/wp\/v2\/types\/product"}],"replies":[{"embeddable":true,"href":"https:\/\/havamall.com\/en\/wp-json\/wp\/v2\/comments?post=44336"}],"version-history":[{"count":0,"href":"https:\/\/havamall.com\/en\/wp-json\/wp\/v2\/product\/44336\/revisions"}],"wp:featuredmedia":[{"embeddable":true,"href":"https:\/\/havamall.com\/en\/wp-json\/wp\/v2\/media\/44328"}],"wp:attachment":[{"href":"https:\/\/havamall.com\/en\/wp-json\/wp\/v2\/media?parent=44336"}],"wp:term":[{"taxonomy":"product_brand","embeddable":true,"href":"https:\/\/havamall.com\/en\/wp-json\/wp\/v2\/product_brand?post=44336"},{"taxonomy":"product_cat","embeddable":true,"href":"https:\/\/havamall.com\/en\/wp-json\/wp\/v2\/product_cat?post=44336"},{"taxonomy":"product_tag","embeddable":true,"href":"https:\/\/havamall.com\/en\/wp-json\/wp\/v2\/product_tag?post=44336"}],"curies":[{"name":"wp","href":"https:\/\/api.w.org\/{rel}","templated":true}]}}