{"id":44350,"date":"2026-01-07T14:49:51","date_gmt":"2026-01-07T07:49:51","guid":{"rendered":"https:\/\/havamall.com\/?post_type=product&#038;p=44350"},"modified":"2026-01-07T14:49:57","modified_gmt":"2026-01-07T07:49:57","slug":"gung-trang-chua-ngot-shoga-zuke-1kg-pickled-ginger-white","status":"publish","type":"product","link":"https:\/\/havamall.com\/en\/shop\/gung-trang-chua-ngot-shoga-zuke-1kg-pickled-ginger-white\/","title":{"rendered":"G\u1eebng Tr\u1eafng Chua Ng\u1ecdt Shoga Zuke 1kg \u2013 Pickled Ginger White"},"content":{"rendered":"<h3 data-path-to-node=\"1\">TH\u00d4NG TIN S\u1ea2N PH\u1ea8M<\/h3>\n<table style=\"width: 87.3726%;\" data-path-to-node=\"1\">\n<tbody>\n<tr>\n<td><span data-path-to-node=\"1,1,0,0\"><b data-path-to-node=\"1,1,0,0\" data-index-in-node=\"0\">Th\u01b0\u01a1ng hi\u1ec7u<\/b><\/span><\/td>\n<td><span data-path-to-node=\"1,1,1,0\">Shoga Zuke<\/span><\/td>\n<\/tr>\n<tr>\n<td><span data-path-to-node=\"1,2,0,0\"><b data-path-to-node=\"1,2,0,0\" data-index-in-node=\"0\">Xu\u1ea5t x\u1ee9<\/b><\/span><\/td>\n<td><span data-path-to-node=\"1,2,1,0\">Th\u00e1i Lan<\/span><\/td>\n<\/tr>\n<tr>\n<td><span data-path-to-node=\"1,3,0,0\"><b data-path-to-node=\"1,3,0,0\" data-index-in-node=\"0\">Th\u00e0nh ph\u1ea7n<\/b><\/span><\/td>\n<td><span data-path-to-node=\"1,3,1,0\">G\u1eebng non, n\u01b0\u1edbc, mu\u1ed1i, ch\u1ea5t \u0111i\u1ec1u ch\u1ec9nh \u0111\u1ed9 acid (INS260, INS330), ch\u1ea5t b\u1ea3o qu\u1ea3n (INS202), ch\u1ea5t t\u1ea1o ng\u1ecdt t\u1ed5ng h\u1ee3p (INS951, INS954, INS955, INS950)<\/span><\/td>\n<\/tr>\n<tr>\n<td><span data-path-to-node=\"1,4,0,0\"><b data-path-to-node=\"1,4,0,0\" data-index-in-node=\"0\">H\u1ea1n s\u1eed d\u1ee5ng<\/b><\/span><\/td>\n<td><span data-path-to-node=\"1,4,1,0\">12 th\u00e1ng k\u1ec3 t\u1eeb ng\u00e0y s\u1ea3n xu\u1ea5t<\/span><\/td>\n<\/tr>\n<tr>\n<td><span data-path-to-node=\"1,5,0,0\"><b data-path-to-node=\"1,5,0,0\" data-index-in-node=\"0\">B\u1ea3o qu\u1ea3n<\/b><\/span><\/td>\n<td><span data-path-to-node=\"1,5,1,0\">N\u01a1i kh\u00f4 r\u00e1o, tho\u00e1ng m\u00e1t, tr\u00e1nh \u00e1nh n\u1eafng tr\u1ef1c ti\u1ebfp. Sau khi m\u1edf bao n\u00ean b\u1ea3o qu\u1ea3n l\u1ea1nh<\/span><\/td>\n<\/tr>\n<tr>\n<td><span data-path-to-node=\"1,6,0,0\"><b data-path-to-node=\"1,6,0,0\" data-index-in-node=\"0\">Kh\u1ed1i l\u01b0\u1ee3ng<\/b><\/span><\/td>\n<td><span data-path-to-node=\"1,6,1,0\">1kg<\/span><\/td>\n<\/tr>\n<\/tbody>\n<\/table>\n<p data-path-to-node=\"4\">Gari \u2013 hay c\u00f2n g\u1ecdi l\u00e0 g\u1eebng ng\u00e2m chua ng\u1ecdt \u2013 ch\u00ednh l\u00e0 m\u1ed9t &#8220;ng\u01b0\u1eddi h\u00f9ng th\u1ea7m l\u1eb7ng&#8221; nh\u01b0 th\u1ebf. Xu\u1ea5t hi\u1ec7n ph\u1ed5 bi\u1ebfn trong c\u00e1c b\u1eefa \u0103n Nh\u1eadt B\u1ea3n, g\u1eebng ng\u00e2m \u0111\u00f3ng vai tr\u00f2 l\u00e0 m\u1ed9t gia v\u1ecb thanh t\u1ea9y v\u1ecb gi\u00e1c, gi\u00fap ng\u01b0\u1eddi \u0103n c\u1ea3m nh\u1eadn tr\u1ecdn v\u1eb9n s\u1ef1 tinh t\u1ebf c\u1ee7a t\u1eebng lo\u1ea1i c\u00e1 s\u1ed1ng kh\u00e1c nhau. Nh\u1eefng l\u00e1t g\u1eebng tr\u1eafng Shoga Zuke t\u1eeb v\u00f9ng nguy\u00ean li\u1ec7u Th\u00e1i Lan \u0111\u01b0\u1ee3c ch\u1ebf bi\u1ebfn d\u1ef1a tr\u00ean s\u1ef1 th\u1ea5u hi\u1ec3u s\u00e2u s\u1eafc v\u1ec1 tri\u1ebft l\u00fd c\u00e2n b\u1eb1ng h\u01b0\u01a1ng v\u1ecb, \u0111em l\u1ea1i tr\u1ea3i nghi\u1ec7m m\u1ed9c m\u1ea1c nh\u01b0ng \u0111\u1ea7y chi\u1ec1u s\u00e2u cho th\u1ef1c kh\u00e1ch.<\/p>\n<p data-path-to-node=\"4\"><img fetchpriority=\"high\" decoding=\"async\" class=\"aligncenter wp-image-44344\" src=\"https:\/\/havamall.com\/wp-content\/uploads\/2026\/01\/Foods114-scaled.jpg\" alt=\"\" width=\"804\" height=\"536\" srcset=\"https:\/\/havamall.com\/wp-content\/uploads\/2026\/01\/Foods114-scaled.jpg 2560w, https:\/\/havamall.com\/wp-content\/uploads\/2026\/01\/Foods114-2048x1365.jpg 2048w, https:\/\/havamall.com\/wp-content\/uploads\/2026\/01\/Foods114-18x12.jpg 18w, https:\/\/havamall.com\/wp-content\/uploads\/2026\/01\/Foods114-600x400.jpg 600w, https:\/\/havamall.com\/wp-content\/uploads\/2026\/01\/Foods114-1200x800.jpg 1200w\" sizes=\"(max-width: 804px) 100vw, 804px\" \/><\/p>\n<p data-path-to-node=\"5\">T\u1eeb th\u1eddi xa x\u01b0a, khi vi\u1ec7c b\u1ea3o qu\u1ea3n h\u1ea3i s\u1ea3n c\u00f2n nhi\u1ec1u h\u1ea1n ch\u1ebf, ng\u01b0\u1eddi ta \u0111\u00e3 bi\u1ebft d\u00f9ng g\u1eebng nh\u01b0 m\u1ed9t c\u00e1ch \u0111\u1ec3 gi\u1eef cho d\u1ea1 d\u00e0y an to\u00e0n v\u00e0 kh\u1eed m\u00f9i tanh t\u1ef1 nhi\u00ean. Qua h\u00e0ng th\u1ebf k\u1ef7, c\u00f4ng d\u1ee5ng n\u00e0y kh\u00f4ng nh\u1eefng kh\u00f4ng m\u1ea5t \u0111i m\u00e0 c\u00f2n \u0111\u01b0\u1ee3c n\u00e2ng t\u1ea7m th\u00e0nh m\u1ed9t n\u00e9t v\u0103n h\u00f3a. Th\u01b0\u1edfng th\u1ee9c m\u1ed9t l\u00e1t g\u1eebng m\u1ecfng gi\u1eefa nh\u1eefng l\u1ea7n chuy\u1ec3n m\u00f3n kh\u00f4ng ch\u1ec9 l\u00e0 th\u00f3i quen, m\u00e0 l\u00e0 c\u00e1ch \u0111\u1ec3 ch\u00fang ta th\u1ec3 hi\u1ec7n s\u1ef1 tr\u00e2n tr\u1ecdng \u0111\u1ed1i v\u1edbi s\u1ef1 t\u01b0\u01a1i ngon c\u1ee7a nguy\u00ean li\u1ec7u.<\/p>\n<p data-path-to-node=\"5\"><img decoding=\"async\" class=\"aligncenter wp-image-44345\" src=\"https:\/\/havamall.com\/wp-content\/uploads\/2026\/01\/e4E0tg9KSBO_gmhhp6oYAg.webp\" alt=\"\" width=\"801\" height=\"801\" srcset=\"https:\/\/havamall.com\/wp-content\/uploads\/2026\/01\/e4E0tg9KSBO_gmhhp6oYAg.webp 1024w, https:\/\/havamall.com\/wp-content\/uploads\/2026\/01\/e4E0tg9KSBO_gmhhp6oYAg-12x12.webp 12w, https:\/\/havamall.com\/wp-content\/uploads\/2026\/01\/e4E0tg9KSBO_gmhhp6oYAg-600x600.webp 600w\" sizes=\"(max-width: 801px) 100vw, 801px\" \/><\/p>\n<p data-path-to-node=\"10\">Nh\u1eefng c\u1ee7 g\u1eebng t\u01a1, m\u1edbi ch\u1edbm \u0111\u1ee7 \u0111\u1ed9 gi\u00e0 \u0111\u1ec3 c\u00f3 m\u00f9i th\u01a1m nh\u01b0ng ch\u01b0a k\u1ecbp h\u00ecnh th\u00e0nh x\u01a1 m\u1edbi \u0111\u01b0\u1ee3c \u0111\u01b0a v\u00e0o quy tr\u00ecnh ng\u00e2m \u1ee7. Nh\u1edd v\u1eady, m\u1ed7i l\u00e1t g\u1eebng khi th\u00e1i ra \u0111\u1ec1u \u0111\u1ea1t \u0111\u1ebfn \u0111\u1ed9 m\u1ecfng xuy\u00ean th\u1ea5u, d\u1ebbo dai nh\u01b0ng khi nhai l\u1ea1i mang \u0111\u1ebfn c\u1ea3m gi\u00e1c gi\u00f2n s\u1ea7n s\u1eadt r\u1ea5t th\u00fa v\u1ecb.<\/p>\n<p data-path-to-node=\"10\"><img decoding=\"async\" class=\"aligncenter\" src=\"https:\/\/havamall.com\/wp-content\/uploads\/2026\/01\/688121077.jpg\" alt=\"\u30ec\u30b7\u30d4\u3011\u751f\u59dc\u306e\u7518\u9162\u6f2c\u3051 \u2013 \u56db\u4e07\u5341\u306e\u6075\u307f\" width=\"801\" height=\"554\" \/><\/p>\n<p data-path-to-node=\"11\">M\u00e0u s\u1eafc c\u1ee7a lo\u1ea1i g\u1eebng n\u00e0y ho\u00e0n to\u00e0n l\u00e0 s\u1eafc tr\u1eafng ng\u00e0 t\u1ef1 nhi\u00ean c\u1ee7a c\u1ee7 g\u1eebng non sau khi \u0111\u01b0\u1ee3c ng\u00e2m trong h\u1ed7n h\u1ee3p gi\u1ea5m \u0111\u01b0\u1eddng thanh khi\u1ebft. Khi n\u1ebfm th\u1eed, v\u1ecb chua d\u1ecbu nh\u1eb9 s\u1ebd ch\u1ea1m v\u00e0o \u0111\u1ea7u l\u01b0\u1ee1i tr\u01b0\u1edbc ti\u00ean, k\u1ebf \u0111\u1ebfn l\u00e0 h\u1eadu v\u1ecb ng\u1ecdt thanh tho\u00e1t v\u00e0 cu\u1ed1i c\u00f9ng l\u00e0 c\u1ea3m gi\u00e1c cay n\u1ed3ng \u1ea5m \u00e1p t\u1ecfa ra t\u1eeb t\u1eeb. C\u00e1i cay c\u1ee7a g\u1eebng non r\u1ea5t nh\u1eb9 nh\u00e0ng, \u0111\u1ee7 \u0111\u1ec3 l\u00e0m \u1ea5m v\u00f2m h\u1ecdng m\u00e0 kh\u00f4ng l\u00e0m l\u1ea5n \u00e1t \u0111i v\u1ecb ng\u1ecdt c\u1ee7a h\u1ea3i s\u1ea3n hay c\u00e1c m\u00f3n ch\u00ednh \u0103n k\u00e8m.<\/p>\n<p data-path-to-node=\"11\"><img loading=\"lazy\" decoding=\"async\" class=\"aligncenter\" src=\"https:\/\/havamall.com\/wp-content\/uploads\/2026\/01\/in-Jars-Japanese-Pickled-Sweet-Shredded-Pink-White-Sushi-Ginger1.webp\" alt=\"in Jars Japanese Pickled Sweet Shredded Pink White Sushi ...\" width=\"800\" height=\"800\" \/><\/p>\n<h3 data-path-to-node=\"12\">GI\u00c1 TR\u1eca DINH D\u01af\u1ee0NG V\u00c0 L\u1ee2I \u00cdCH S\u1ee8C KH\u1eceE T\u1eea T\u1ef0 NHI\u00caN<\/h3>\n<p>\u2013 H\u1ed7 tr\u1ee3 ti\u00eau h\u00f3a: C\u00e1c ho\u1ea1t ch\u1ea5t Gingerol c\u00f3 trong g\u1eebng gi\u00fap k\u00edch th\u00edch c\u00e1c enzyme ti\u00eau h\u00f3a ho\u1ea1t \u0111\u1ed9ng hi\u1ec7u qu\u1ea3 h\u01a1n. Vi\u1ec7c \u0103n k\u00e8m v\u00e0i l\u00e1t g\u1eebng trong b\u1eefa \u0103n gi\u00fap gi\u1ea3m thi\u1ec3u t\u00ecnh tr\u1ea1ng \u0111\u1ea7y h\u01a1i, kh\u00f3 ti\u00eau, \u0111\u1eb7c bi\u1ec7t l\u00e0 khi ch\u00fang ta th\u01b0\u1edfng th\u1ee9c nh\u1eefng m\u00f3n \u0103n c\u00f3 t\u00ednh h\u00e0n nh\u01b0 h\u1ea3i s\u1ea3n hay \u0111\u1ed3 s\u1ed1ng.<\/p>\n<p>\u2013 Kh\u00e1ng khu\u1ea9n t\u1ef1 nhi\u00ean: Gi\u1ea5m v\u00e0 g\u1eebng k\u1ebft h\u1ee3p t\u1ea1o n\u00ean m\u1ed9t r\u00e0o c\u1ea3n t\u1ef1 nhi\u00ean gi\u00fap l\u00e0m s\u1ea1ch v\u00f2m mi\u1ec7ng v\u00e0 h\u1ed7 tr\u1ee3 h\u1ec7 mi\u1ec5n d\u1ecbch l\u00e0 l\u00fd do v\u00ec sao g\u1eebng lu\u00f4n l\u00e0 ng\u01b0\u1eddi b\u1ea1n \u0111\u1ed3ng h\u00e0nh kh\u00f4ng th\u1ec3 thi\u1ebfu c\u1ee7a c\u00e1c t\u00edn \u0111\u1ed3 Sushi v\u00e0 Sashimi.<\/p>\n<p>\u2013 L\u00e0m \u1ea5m c\u01a1 th\u1ec3: Trong nh\u1eefng ng\u00e0y th\u1eddi ti\u1ebft giao m\u00f9a, vi\u1ec7c b\u1ed5 sung m\u1ed9t ch\u00fat g\u1eebng v\u00e0o kh\u1ea9u ph\u1ea7n \u0103n gi\u00fap \u0111i\u1ec1u h\u00f2a th\u00e2n nhi\u1ec7t, mang l\u1ea1i c\u1ea3m gi\u00e1c d\u1ec5 ch\u1ecbu v\u00e0 th\u01b0 th\u00e1i t\u1eeb b\u00ean trong.<\/p>\n<p><img loading=\"lazy\" decoding=\"async\" class=\"aligncenter\" src=\"https:\/\/scontent.fsgn19-1.fna.fbcdn.net\/v\/t39.30808-6\/536283510_1380172173976846_8843088620881832244_n.jpg?_nc_cat=100&amp;ccb=1-7&amp;_nc_sid=127cfc&amp;_nc_ohc=mZcDPKyF_oAQ7kNvwHadgR6&amp;_nc_oc=AdnO7pkMssYO4uCGKUprIn3VXnUQMyyBQFUuEBvaai8H5aQoVJqF4DW8Ow10JIbYtrtuL6NfbPlGcR4xvdMeHJ4I&amp;_nc_zt=23&amp;_nc_ht=scontent.fsgn19-1.fna&amp;_nc_gid=HLRldg5iSEt7mSQgxwWH3w&amp;oh=00_AfqjU2B2J8UnjiaZxNCwEkMhKoyvZAZTjxBd9S_q3n5uFg&amp;oe=695FB056\" alt=\"Kh\u00f4ng c\u00f3 m\u00f4 t\u1ea3 \u1ea3nh.\" width=\"800\" height=\"1000\" \/><\/p>\n<h3 data-path-to-node=\"14\">KH\u01a0I NGU\u1ed2N C\u1ea2M H\u1ee8NG CHO C\u00c1C M\u00d3N \u0102N GIA \u0110\u00ccNH<\/h3>\n<p>\u2013 L\u00e0m d\u01b0a g\u00f3p hi\u1ec7n \u0111\u1ea1i: Thay v\u00ec c\u00e1c lo\u1ea1i d\u01b0a mu\u1ed1i truy\u1ec1n th\u1ed1ng, m\u1ed9t \u0111\u0129a g\u1eebng ng\u00e2m chua ng\u1ecdt \u0111\u1eb7t c\u1ea1nh b\u00e1t th\u1ecbt kho t\u00e0u hay \u0111\u0129a c\u00e1 r\u00e1n s\u1ebd gi\u00fap b\u1eefa c\u01a1m h\u1eb1ng ng\u00e0y th\u00eam ph\u1ea7n thanh nh\u1eb9, b\u1edbt \u0111i c\u1ea3m gi\u00e1c ng\u1ea5y m\u1ee1.<\/p>\n<p>\u2013 \u0110i\u1ec3m nh\u1ea5n cho m\u00f3n g\u1ecfi v\u00e0 salad: Nh\u1eefng s\u1ee3i g\u1eebng ng\u00e2m th\u00e1i nhuy\u1ec5n s\u1ebd mang \u0111\u1ebfn m\u1ed9t t\u1ea7ng h\u01b0\u01a1ng v\u1ecb ho\u00e0n to\u00e0n m\u1edbi cho m\u00f3n g\u1ecfi g\u00e0 ho\u1eb7c salad rau m\u1ea7m. V\u1ecb cay ng\u1ecdt th\u1ea5m v\u00e0o t\u1eebng th\u1edb th\u1ecbt, s\u1ee3i rau gi\u00fap m\u00f3n khai v\u1ecb tr\u1edf n\u00ean tinh t\u1ebf h\u01a1n bao gi\u1edd h\u1ebft.<\/p>\n<p>\u2013 M\u00f3n \u0103n nh\u1eb9 k\u00edch th\u00edch v\u1ecb gi\u00e1c: \u0110\u00f4i khi ch\u1ec9 c\u1ea7n m\u1ed9t v\u00e0i l\u00e1t g\u1eebng d\u00f9ng tr\u01b0\u1edbc b\u1eefa \u0103n c\u0169ng \u0111\u1ee7 \u0111\u1ec3 \u0111\u00e1nh th\u1ee9c c\u00e1c gi\u00e1c quan, gi\u00fap ch\u00fang ta c\u1ea3m th\u1ea5y ngon mi\u1ec7ng h\u01a1n.<\/p>\n<p><img loading=\"lazy\" decoding=\"async\" class=\"aligncenter\" src=\"https:\/\/havamall.com\/wp-content\/uploads\/2026\/01\/150122_1.jpg\" alt=\"Sushi Ginger White (150g, J-Basket) - Neo Tokyo\" width=\"800\" height=\"931\" \/><\/p>\n<p><strong><em>G\u1eebng ng\u00e2m Shoga Zuke hi\u1ec7n \u0111ang \u0111\u01b0\u1ee3c b\u00e1n t\u1ea1i Havamall \u2013 \u0111\u01a1n v\u1ecb chuy\u00ean nh\u1eadp kh\u1ea9u c\u00e1c m\u1eb7t h\u00e0ng th\u1ef1c ph\u1ea9m uy t\u00edn.<\/em><\/strong><\/p>","protected":false},"excerpt":{"rendered":"<p>TH\u00d4NG TIN S\u1ea2N PH\u1ea8M Th\u01b0\u01a1ng hi\u1ec7u Shoga Zuke Xu\u1ea5t x\u1ee9 Th\u00e1i Lan Th\u00e0nh ph\u1ea7n G\u1eebng non, n\u01b0\u1edbc, mu\u1ed1i, ch\u1ea5t \u0111i\u1ec1u<\/p>","protected":false},"featured_media":44365,"comment_status":"open","ping_status":"closed","template":"","meta":[],"product_brand":[],"product_cat":[730,275],"product_tag":[],"class_list":{"0":"post-44350","1":"product","2":"type-product","3":"status-publish","4":"has-post-thumbnail","6":"product_cat-cac-nuoc-khac","7":"product_cat-thuc-pham-dong-lanh","9":"first","10":"instock","11":"sale","12":"shipping-taxable","13":"purchasable","14":"product-type-simple"},"_links":{"self":[{"href":"https:\/\/havamall.com\/en\/wp-json\/wp\/v2\/product\/44350","targetHints":{"allow":["GET"]}}],"collection":[{"href":"https:\/\/havamall.com\/en\/wp-json\/wp\/v2\/product"}],"about":[{"href":"https:\/\/havamall.com\/en\/wp-json\/wp\/v2\/types\/product"}],"replies":[{"embeddable":true,"href":"https:\/\/havamall.com\/en\/wp-json\/wp\/v2\/comments?post=44350"}],"version-history":[{"count":0,"href":"https:\/\/havamall.com\/en\/wp-json\/wp\/v2\/product\/44350\/revisions"}],"wp:featuredmedia":[{"embeddable":true,"href":"https:\/\/havamall.com\/en\/wp-json\/wp\/v2\/media\/44365"}],"wp:attachment":[{"href":"https:\/\/havamall.com\/en\/wp-json\/wp\/v2\/media?parent=44350"}],"wp:term":[{"taxonomy":"product_brand","embeddable":true,"href":"https:\/\/havamall.com\/en\/wp-json\/wp\/v2\/product_brand?post=44350"},{"taxonomy":"product_cat","embeddable":true,"href":"https:\/\/havamall.com\/en\/wp-json\/wp\/v2\/product_cat?post=44350"},{"taxonomy":"product_tag","embeddable":true,"href":"https:\/\/havamall.com\/en\/wp-json\/wp\/v2\/product_tag?post=44350"}],"curies":[{"name":"wp","href":"https:\/\/api.w.org\/{rel}","templated":true}]}}