{"id":44379,"date":"2026-01-08T12:00:54","date_gmt":"2026-01-08T05:00:54","guid":{"rendered":"https:\/\/havamall.com\/?post_type=product&#038;p=44379"},"modified":"2026-02-24T16:55:47","modified_gmt":"2026-02-24T09:55:47","slug":"dau-nanh-len-men-natto-hat-nho-nhap-khau-nhat-ban-takano-foods-120g-40g-x-3-hokkaido-small-grain-natto","status":"publish","type":"product","link":"https:\/\/havamall.com\/en\/shop\/dau-nanh-len-men-natto-hat-nho-nhap-khau-nhat-ban-takano-foods-120g-40g-x-3-hokkaido-small-grain-natto\/","title":{"rendered":"\u0110\u1eadu N\u00e0nh L\u00ean Men Natto H\u1ea1t Nh\u1ecf Nh\u1eadp Kh\u1ea9u Nh\u1eadt B\u1ea3n Takano Foods 120g (40g x 3) \u2013 Hokkaido Small Grain Natto"},"content":{"rendered":"<h3 data-path-to-node=\"1\">TH\u00d4NG TIN S\u1ea2N PH\u1ea8M<\/h3>\n<table data-path-to-node=\"1\">\n<tbody>\n<tr>\n<td><span data-path-to-node=\"1,1,0,0\"><b data-path-to-node=\"1,1,0,0\" data-index-in-node=\"0\">Th\u01b0\u01a1ng hi\u1ec7u<\/b><\/span><\/td>\n<td><span data-path-to-node=\"1,1,1,0\">Takano Foods<\/span><\/td>\n<\/tr>\n<tr>\n<td><span data-path-to-node=\"1,2,0,0\"><b data-path-to-node=\"1,2,0,0\" data-index-in-node=\"0\">Xu\u1ea5t x\u1ee9<\/b><\/span><\/td>\n<td><span data-path-to-node=\"1,2,1,0\">Nh\u1eadt B\u1ea3n<\/span><\/td>\n<\/tr>\n<tr>\n<td><span data-path-to-node=\"1,3,0,0\"><b data-path-to-node=\"1,3,0,0\" data-index-in-node=\"0\">Th\u00e0nh ph\u1ea7n<\/b><\/span><\/td>\n<td><span data-path-to-node=\"1,3,1,0\">\u0110\u1eadu n\u00e0nh Hokkaido (kh\u00f4ng bi\u1ebfn \u0111\u1ed5i gen), khu\u1ea9n Natto, n\u01b0\u1edbc t\u01b0\u01a1ng, m\u00f9 t\u1ea1t<\/span><\/td>\n<\/tr>\n<tr>\n<td><span data-path-to-node=\"1,4,0,0\"><b data-path-to-node=\"1,4,0,0\" data-index-in-node=\"0\">H\u1ea1n s\u1eed d\u1ee5ng<\/b><\/span><\/td>\n<td><span data-path-to-node=\"1,4,1,0\">12 th\u00e1ng k\u1ec3 t\u1eeb ng\u00e0y s\u1ea3n xu\u1ea5t (b\u1ea3o qu\u1ea3n \u0111\u00f4ng)<\/span><\/td>\n<\/tr>\n<tr>\n<td><span data-path-to-node=\"1,5,0,0\"><b data-path-to-node=\"1,5,0,0\" data-index-in-node=\"0\">B\u1ea3o qu\u1ea3n<\/b><\/span><\/td>\n<td><span data-path-to-node=\"1,5,1,0\">Ng\u0103n \u0111\u00f4ng t\u1ee7 l\u1ea1nh (-18\u00b0C). R\u00e3 \u0111\u00f4ng trong ng\u0103n m\u00e1t tr\u01b0\u1edbc khi d\u00f9ng<\/span><\/td>\n<\/tr>\n<tr>\n<td><span data-path-to-node=\"1,6,0,0\"><b data-path-to-node=\"1,6,0,0\" data-index-in-node=\"0\">Kh\u1ed1i l\u01b0\u1ee3ng<\/b><\/span><\/td>\n<td><span data-path-to-node=\"1,6,1,0\">120g (3 h\u1ed9p x 40g)<\/span><\/td>\n<\/tr>\n<\/tbody>\n<\/table>\n<p>Natto, hay c\u00f2n g\u1ecdi l\u00e0 \u0111\u1eadu n\u00e0nh l\u00ean men, l\u00e0 m\u1ed9t trong nh\u1eefng m\u00f3n \u0103n g\u00e2y nhi\u1ec1u s\u1ef1 t\u00f2 m\u00f2 v\u00e0 tranh lu\u1eadn nh\u1ea5t trong th\u1ebf gi\u1edbi \u1ea9m th\u1ef1c. V\u1edbi nh\u1eefng ng\u01b0\u1eddi l\u1ea7n \u0111\u1ea7u ti\u1ebfp x\u00fac, m\u00f9i h\u01b0\u01a1ng n\u1ed3ng \u0111\u1eadm v\u00e0 k\u1ebft c\u1ea5u d\u1ebbo d\u00ednh \u0111\u1eb7c tr\u01b0ng c\u00f3 th\u1ec3 l\u00e0 m\u1ed9t th\u1eed th\u00e1ch, nh\u01b0ng v\u1edbi ng\u01b0\u1eddi d\u00e2n x\u1ee9 s\u1edf Ph\u00f9 Tang, \u0111\u00e2y l\u1ea1i l\u00e0 &#8220;linh h\u1ed3n&#8221; c\u1ee7a b\u1eefa s\u00e1ng truy\u1ec1n th\u1ed1ng.<\/p>\n<p><img fetchpriority=\"high\" decoding=\"async\" class=\"aligncenter wp-image-44386\" src=\"https:\/\/havamall.com\/wp-content\/uploads\/2026\/01\/natto-la-gi-1-scaled.webp\" alt=\"\" width=\"800\" height=\"533\" srcset=\"https:\/\/havamall.com\/wp-content\/uploads\/2026\/01\/natto-la-gi-1-scaled.webp 2560w, https:\/\/havamall.com\/wp-content\/uploads\/2026\/01\/natto-la-gi-1-2048x1365.webp 2048w, https:\/\/havamall.com\/wp-content\/uploads\/2026\/01\/natto-la-gi-1-18x12.webp 18w, https:\/\/havamall.com\/wp-content\/uploads\/2026\/01\/natto-la-gi-1-600x400.webp 600w, https:\/\/havamall.com\/wp-content\/uploads\/2026\/01\/natto-la-gi-1-1200x800.webp 1200w\" sizes=\"(max-width: 800px) 100vw, 800px\" \/><\/p>\n<p>Ngu\u1ed3n g\u1ed1c c\u1ee7a m\u00f3n \u0103n n\u00e0y \u0111\u01b0\u1ee3c cho l\u00e0 m\u1ed9t s\u1ef1 t\u00ecnh c\u1edd th\u00fa v\u1ecb trong l\u1ecbch s\u1eed, khi \u0111\u1eadu n\u00e0nh lu\u1ed9c \u0111\u01b0\u1ee3c g\u00f3i trong r\u01a1m r\u1ea1 v\u00e0 l\u00ean men t\u1ef1 nhi\u00ean nh\u1edd vi khu\u1ea9n\u00a0<i data-path-to-node=\"5\" data-index-in-node=\"147\">Bacillus subtilis<\/i>. Qua h\u00e0ng ng\u00e0n n\u0103m, ph\u01b0\u01a1ng ph\u00e1p n\u00e0y \u0111\u00e3 \u0111\u01b0\u1ee3c chu\u1ea9n h\u00f3a \u0111\u1ec3 t\u1ea1o ra nh\u1eefng h\u1ea1t \u0111\u1eadu m\u1ec1m m\u1ea1i, bao ph\u1ee7 b\u1edfi m\u1ed9t l\u1edbp t\u01a1 tr\u1eafng d\u1ebbo dai. Vi\u1ec7c l\u1ef1a ch\u1ecdn h\u1ea1t \u0111\u1eadu nh\u1ecf thay v\u00ec h\u1ea1t l\u1edbn gi\u00fap gia t\u0103ng di\u1ec7n t\u00edch ti\u1ebfp x\u00fac khi l\u00ean men, t\u1eeb \u0111\u00f3 t\u1ea1o ra nhi\u1ec1u s\u1ee3i t\u01a1 d\u00ednh h\u01a1n \u2013 n\u01a1i ch\u1ee9a \u0111\u1ef1ng tinh t\u00fay v\u00e0 h\u01b0\u01a1ng v\u1ecb \u0111\u1eadm \u0111\u00e0 nh\u1ea5t c\u1ee7a m\u00f3n \u0103n.<\/p>\n<p><img decoding=\"async\" class=\"aligncenter\" src=\"https:\/\/havamall.com\/wp-content\/uploads\/2026\/01\/2500Natto.jpg\" alt=\"Study links fermented foods with brain growth \u2014 Harvard Gazette\" width=\"801\" height=\"534\" \/><\/p>\n<p data-path-to-node=\"7\">\u0110\u1ec3 t\u1ea1o ra m\u1ed9t h\u1ed9p Natto ho\u00e0n ch\u1ec9nh, \u0111\u1eadu n\u00e0nh Hokkaido ph\u1ea3i tr\u1ea3i qua qu\u00e1 tr\u00ecnh h\u1ea5p ch\u00edn k\u0129 l\u01b0\u1ee1ng \u0111\u1ec3 \u0111\u1ea1t \u0111\u1ed9 m\u1ec1m tan nh\u01b0ng v\u1eabn gi\u1eef nguy\u00ean h\u00ecnh d\u00e1ng h\u1ea1t. Sau \u0111\u00f3, ch\u1ee7ng khu\u1ea9n Natto tinh khi\u1ebft \u0111\u01b0\u1ee3c \u0111\u01b0a v\u00e0o \u0111\u1ec3 b\u1eaft \u0111\u1ea7u qu\u00e1 tr\u00ecnh \u1ee7 \u1ea5m. \u0110\u00e2y l\u00e0 giai \u0111o\u1ea1n quan tr\u1ecdng nh\u1ea5t, n\u01a1i c\u00e1c enzyme b\u1eaft \u0111\u1ea7u ho\u1ea1t \u0111\u1ed9ng, b\u1ebb g\u00e3y c\u00e1c protein trong \u0111\u1eadu n\u00e0nh \u0111\u1ec3 t\u1ea1o ra m\u1ed9t lo\u1ea1i si\u00eau th\u1ef1c ph\u1ea9m gi\u00e0u gi\u00e1 tr\u1ecb.<\/p>\n<p data-path-to-node=\"7\"><img decoding=\"async\" class=\"aligncenter\" src=\"https:\/\/havamall.com\/wp-content\/uploads\/2026\/01\/natto.jpg\" alt=\"Natto - Fermented Soybeans from Japan\" width=\"801\" height=\"534\" \/><\/p>\n<p data-path-to-node=\"8\">K\u1ebft c\u1ea5u d\u1ebbo d\u00ednh v\u1edbi nh\u1eefng s\u1ee3i t\u01a1 k\u00e9o d\u00e0i ch\u00ednh l\u00e0 minh ch\u1ee9ng cho m\u1ed9t m\u1ebb \u0111\u1eadu l\u00ean men th\u00e0nh c\u00f4ng. Trong m\u1ed7i h\u1ed9p nh\u1ecf, Takano Foods lu\u00f4n \u0111i k\u00e8m m\u1ed9t g\u00f3i n\u01b0\u1edbc t\u01b0\u01a1ng Dashi thanh ng\u1ecdt v\u00e0 m\u00f9 t\u1ea1t v\u00e0ng cay n\u1ed3ng. Khi h\u00f2a quy\u1ec7n c\u00f9ng nhau, v\u1ecb b\u00e9o b\u00f9i c\u1ee7a \u0111\u1eadu, v\u1ecb m\u1eb7n c\u1ee7a t\u01b0\u01a1ng v\u00e0 c\u00e1i h\u0103ng nh\u1eb9 c\u1ee7a m\u00f9 t\u1ea1t t\u1ea1o n\u00ean m\u1ed9t t\u1ea7ng h\u01b0\u01a1ng v\u1ecb ph\u1ee9c h\u1ee3p, k\u00edch th\u00edch m\u1ecdi gi\u00e1c quan ngay t\u1eeb l\u1ea7n ch\u1ea1m \u0111\u1ea7u ti\u00ean.<\/p>\n<p data-path-to-node=\"8\"><img loading=\"lazy\" decoding=\"async\" class=\"aligncenter wp-image-44385\" src=\"https:\/\/havamall.com\/wp-content\/uploads\/2026\/01\/HQqZToelcUBFwpAcwZbsVmaIM2ybkcolSCfpgK8e.jpg\" alt=\"\" width=\"800\" height=\"600\" srcset=\"https:\/\/havamall.com\/wp-content\/uploads\/2026\/01\/HQqZToelcUBFwpAcwZbsVmaIM2ybkcolSCfpgK8e.jpg 2300w, https:\/\/havamall.com\/wp-content\/uploads\/2026\/01\/HQqZToelcUBFwpAcwZbsVmaIM2ybkcolSCfpgK8e-2048x1536.jpg 2048w, https:\/\/havamall.com\/wp-content\/uploads\/2026\/01\/HQqZToelcUBFwpAcwZbsVmaIM2ybkcolSCfpgK8e-16x12.jpg 16w, https:\/\/havamall.com\/wp-content\/uploads\/2026\/01\/HQqZToelcUBFwpAcwZbsVmaIM2ybkcolSCfpgK8e-600x450.jpg 600w, https:\/\/havamall.com\/wp-content\/uploads\/2026\/01\/HQqZToelcUBFwpAcwZbsVmaIM2ybkcolSCfpgK8e-1200x900.jpg 1200w\" sizes=\"(max-width: 800px) 100vw, 800px\" \/><\/p>\n<h3 data-path-to-node=\"9\">GI\u00c1 TR\u1eca DINH D\u01af\u1ee0NG V\u00c0 L\u1ee2I \u00cdCH V\u00c0NG CHO S\u1ee8C KH\u1eceE<\/h3>\n<p>\u2013 Enzym Nattokinase: \u0110\u00e2y l\u00e0 ho\u1ea1t ch\u1ea5t &#8220;v\u00e0ng&#8221; ch\u1ec9 c\u00f3 trong \u0111\u1eadu n\u00e0nh l\u00ean men, h\u1ed7 tr\u1ee3 l\u00e0m tan c\u00e1c c\u1ee5c m\u00e1u \u0111\u00f4ng, gi\u00fap l\u01b0u th\u00f4ng kh\u00ed huy\u1ebft v\u00e0 b\u1ea3o v\u1ec7 s\u1ee9c kh\u1ecfe tim m\u1ea1ch m\u1ed9t c\u00e1ch b\u1ec1n v\u1eefng.<\/p>\n<p>\u2013 Ngu\u1ed3n Protein v\u00e0 Probiotics d\u1ed3i d\u00e0o: Qu\u00e1 tr\u00ecnh l\u00ean men t\u1ea1o ra h\u00e0ng t\u1ef7 l\u1ee3i khu\u1ea9n gi\u00fap c\u00e2n b\u1eb1ng h\u1ec7 vi sinh \u0111\u01b0\u1eddng ru\u1ed9t, h\u1ed7 tr\u1ee3 ti\u00eau h\u00f3a v\u00e0 t\u0103ng c\u01b0\u1eddng kh\u1ea3 n\u0103ng h\u1ea5p th\u1ee5 d\u01b0\u1ee1ng ch\u1ea5t.<\/p>\n<p>\u2013 Vitamin K2 (MK-7): Gi\u00fap d\u1eabn d\u1eaft canxi v\u00e0o x\u01b0\u01a1ng, h\u1ed7 tr\u1ee3 h\u1ec7 x\u01b0\u01a1ng ch\u1eafc kh\u1ecfe v\u00e0 ng\u0103n ng\u1eeba lo\u00e3ng x\u01b0\u01a1ng hi\u1ec7u qu\u1ea3. Ngo\u00e0i ra, h\u00e0m l\u01b0\u1ee3ng ch\u1ea5t x\u01a1 v\u00e0 vitamin nh\u00f3m B trong nh\u1eefng h\u1ea1t \u0111\u1eadu nh\u1ecf n\u00e0y c\u00f2n gi\u00fap l\u00e0m \u0111\u1eb9p da v\u00e0 duy tr\u00ec m\u1ee9c n\u0103ng l\u01b0\u1ee3ng \u1ed5n \u0111\u1ecbnh cho c\u01a1 th\u1ec3 su\u1ed1t ng\u00e0y d\u00e0i l\u00e0m vi\u1ec7c.<\/p>\n<p><img loading=\"lazy\" decoding=\"async\" class=\"aligncenter wp-image-44388\" src=\"https:\/\/havamall.com\/wp-content\/uploads\/2026\/01\/img_2422-scaled.jpg\" alt=\"\" width=\"801\" height=\"534\" srcset=\"https:\/\/havamall.com\/wp-content\/uploads\/2026\/01\/img_2422-scaled.jpg 2560w, https:\/\/havamall.com\/wp-content\/uploads\/2026\/01\/img_2422-2048x1365.jpg 2048w, https:\/\/havamall.com\/wp-content\/uploads\/2026\/01\/img_2422-18x12.jpg 18w, https:\/\/havamall.com\/wp-content\/uploads\/2026\/01\/img_2422-600x400.jpg 600w, https:\/\/havamall.com\/wp-content\/uploads\/2026\/01\/img_2422-1200x800.jpg 1200w\" sizes=\"(max-width: 801px) 100vw, 801px\" \/><\/p>\n<p>C\u00e1ch th\u01b0\u1edfng th\u1ee9c Natto \u0111\u00fang \u0111i\u1ec7u c\u0169ng l\u00e0 m\u1ed9t ngh\u1ec7 thu\u1eadt \u0111\u00f2i h\u1ecfi s\u1ef1 ki\u00ean nh\u1eabn. Sau khi r\u00e3 \u0111\u00f4ng, h\u00e3y d\u00f9ng \u0111\u0169a khu\u1ea5y li\u00ean t\u1ee5c theo v\u00f2ng tr\u00f2n cho \u0111\u1ebfn khi c\u00e1c s\u1ee3i t\u01a1 tr\u1eafng hi\u1ec7n r\u00f5 v\u00e0 tr\u1edf n\u00ean k\u1ebft d\u00ednh \u0111\u1eadm \u0111\u1eb7c. C\u00e0ng khu\u1ea5y k\u1ef9, h\u01b0\u01a1ng v\u1ecb c\u1ee7a \u0111\u1eadu c\u00e0ng tr\u1edf n\u00ean ng\u1ecdt v\u00e0 b\u00f9i h\u01a1n.<\/p>\n<p>\u2013 C\u01a1m s\u00e1ng truy\u1ec1n th\u1ed1ng: \u0110\u1ed5 tr\u1ef1c ti\u1ebfp Natto \u0111\u00e3 tr\u1ed9n l\u00ean b\u00e1t c\u01a1m tr\u1eafng n\u00f3ng h\u1ed5i, th\u00eam m\u1ed9t ch\u00fat h\u00e0nh l\u00e1 th\u00e1i nh\u1ecf ho\u1eb7c l\u00f2ng \u0111\u1ecf tr\u1ee9ng g\u00e0 \u0111\u1ec3 t\u0103ng th\u00eam \u0111\u1ed9 b\u00e9o ng\u1eady.<\/p>\n<p>\u2013 Bi\u1ebfn t\u1ea5u c\u00f9ng Sushi v\u00e0 Salad: D\u00f9ng l\u00e0m nh\u00e2n cho c\u00e1c lo\u1ea1i Sushi cu\u1ed9n (Nattomaki) ho\u1eb7c tr\u1ed9n c\u00f9ng Salad rau c\u1ee7 \u0111\u1ec3 mang l\u1ea1i c\u1ea3m gi\u00e1c l\u1ea1 mi\u1ec7ng.<\/p>\n<p>\u2013 K\u1ebft h\u1ee3p c\u00f9ng m\u00ec Udon\/Soba: Th\u00eam Natto v\u00e0o b\u00e1t m\u00ec l\u1ea1nh ho\u1eb7c m\u00ec n\u00f3ng \u0111\u1ec3 t\u1ea1o \u0111\u1ed9 s\u00e1nh \u0111\u1eb7c t\u1ef1 nhi\u00ean v\u00e0 gia t\u0103ng h\u00e0m l\u01b0\u1ee3ng \u0111\u1ea1m cho b\u1eefa \u0103n.<\/p>\n<p><img loading=\"lazy\" decoding=\"async\" class=\"aligncenter wp-image-44387\" src=\"https:\/\/havamall.com\/wp-content\/uploads\/2026\/01\/iStock-1213917893-scaled.avif\" alt=\"\" width=\"801\" height=\"534\" srcset=\"https:\/\/havamall.com\/wp-content\/uploads\/2026\/01\/iStock-1213917893-scaled.avif 2560w, https:\/\/havamall.com\/wp-content\/uploads\/2026\/01\/iStock-1213917893-2048x1365.avif 2048w, https:\/\/havamall.com\/wp-content\/uploads\/2026\/01\/iStock-1213917893-18x12.avif 18w, https:\/\/havamall.com\/wp-content\/uploads\/2026\/01\/iStock-1213917893-600x400.avif 600w, https:\/\/havamall.com\/wp-content\/uploads\/2026\/01\/iStock-1213917893-1200x800.avif 1200w\" sizes=\"(max-width: 801px) 100vw, 801px\" \/><\/p>\n<p>Hi\u1ec7n t\u1ea1i, d\u00f2ng \u0111\u1eadu n\u00e0nh l\u00ean men h\u1ea1t nh\u1ecf Hokkaido n\u00e0y \u0111ang \u0111\u01b0\u1ee3c b\u00e1n t\u1ea1i Havamall.<\/p>","protected":false},"excerpt":{"rendered":"<p>TH\u00d4NG TIN S\u1ea2N PH\u1ea8M Th\u01b0\u01a1ng hi\u1ec7u Takano Foods Xu\u1ea5t x\u1ee9 Nh\u1eadt B\u1ea3n Th\u00e0nh ph\u1ea7n \u0110\u1eadu n\u00e0nh Hokkaido (kh\u00f4ng bi\u1ebfn \u0111\u1ed5i<\/p>","protected":false},"featured_media":44384,"comment_status":"open","ping_status":"closed","template":"","meta":[],"product_brand":[],"product_cat":[722,275],"product_tag":[],"class_list":{"0":"post-44379","1":"product","2":"type-product","3":"status-publish","4":"has-post-thumbnail","6":"product_cat-nhap-khau-nhat-ban","7":"product_cat-thuc-pham-dong-lanh","9":"first","10":"outofstock","11":"sale","12":"shipping-taxable","13":"purchasable","14":"product-type-simple"},"_links":{"self":[{"href":"https:\/\/havamall.com\/en\/wp-json\/wp\/v2\/product\/44379","targetHints":{"allow":["GET"]}}],"collection":[{"href":"https:\/\/havamall.com\/en\/wp-json\/wp\/v2\/product"}],"about":[{"href":"https:\/\/havamall.com\/en\/wp-json\/wp\/v2\/types\/product"}],"replies":[{"embeddable":true,"href":"https:\/\/havamall.com\/en\/wp-json\/wp\/v2\/comments?post=44379"}],"version-history":[{"count":0,"href":"https:\/\/havamall.com\/en\/wp-json\/wp\/v2\/product\/44379\/revisions"}],"wp:featuredmedia":[{"embeddable":true,"href":"https:\/\/havamall.com\/en\/wp-json\/wp\/v2\/media\/44384"}],"wp:attachment":[{"href":"https:\/\/havamall.com\/en\/wp-json\/wp\/v2\/media?parent=44379"}],"wp:term":[{"taxonomy":"product_brand","embeddable":true,"href":"https:\/\/havamall.com\/en\/wp-json\/wp\/v2\/product_brand?post=44379"},{"taxonomy":"product_cat","embeddable":true,"href":"https:\/\/havamall.com\/en\/wp-json\/wp\/v2\/product_cat?post=44379"},{"taxonomy":"product_tag","embeddable":true,"href":"https:\/\/havamall.com\/en\/wp-json\/wp\/v2\/product_tag?post=44379"}],"curies":[{"name":"wp","href":"https:\/\/api.w.org\/{rel}","templated":true}]}}