{"id":44550,"date":"2026-01-27T11:30:07","date_gmt":"2026-01-27T04:30:07","guid":{"rendered":"https:\/\/havamall.com\/?post_type=product&#038;p=44550"},"modified":"2026-03-18T14:33:32","modified_gmt":"2026-03-18T07:33:32","slug":"sot-dau-hu-tu-xuyen-miyagi-seifun-200g-miyagi-seifun-sichuan-style-mapo-tofu-sauce","status":"publish","type":"product","link":"https:\/\/havamall.com\/en\/shop\/sot-dau-hu-tu-xuyen-miyagi-seifun-200g-miyagi-seifun-sichuan-style-mapo-tofu-sauce\/","title":{"rendered":"S\u1ed1t \u0110\u1eadu H\u0169 T\u1ee9 Xuy\u00ean Miyagi Seifun 200g \u2013 Miyagi Seifun Sichuan Style Mapo Tofu Sauce"},"content":{"rendered":"<h3 data-path-to-node=\"5\">TH\u00d4NG TIN S\u1ea2N PH\u1ea8M<\/h3>\n<div class=\"horizontal-scroll-wrapper\">\n<div class=\"table-block-component\">\n<div class=\"table-block has-export-button new-table-style\">\n<div class=\"table-content not-end-of-paragraph\" data-hveid=\"0\" data-ved=\"0CAAQ3ecQahgKEwixlt_JzaqSAxUAAAAAHQAAAAAQygI\">\n<table data-path-to-node=\"6\">\n<tbody>\n<tr>\n<td><span data-path-to-node=\"6,1,0,0\"><b data-path-to-node=\"6,1,0,0\" data-index-in-node=\"0\">Th\u01b0\u01a1ng hi\u1ec7u<\/b><\/span><\/td>\n<td><span data-path-to-node=\"6,1,1,0\">Miyagi Seifun<\/span><\/td>\n<\/tr>\n<tr>\n<td><span data-path-to-node=\"6,2,0,0\"><b data-path-to-node=\"6,2,0,0\" data-index-in-node=\"0\">Xu\u1ea5t x\u1ee9<\/b><\/span><\/td>\n<td><span data-path-to-node=\"6,2,1,0\">Nh\u1eadt B\u1ea3n<\/span><\/td>\n<\/tr>\n<tr>\n<td><span data-path-to-node=\"6,3,0,0\"><b data-path-to-node=\"6,3,0,0\" data-index-in-node=\"0\">Th\u00e0nh ph\u1ea7n<\/b><\/span><\/td>\n<td><span data-path-to-node=\"6,3,1,0\">Th\u1ecbt b\u00f2, doubanjiang (t\u01b0\u01a1ng \u0111\u1eadu cay), t\u1ecfi xay, d\u1ea7u th\u1ef1c v\u1eadt, miso, chi\u1ebft xu\u1ea5t th\u1ecbt b\u00f2, \u1edbt, ti\u00eau, gia v\u1ecb t\u1ed5ng h\u1ee3p.<\/span><\/td>\n<\/tr>\n<tr>\n<td><span data-path-to-node=\"6,4,0,0\"><b data-path-to-node=\"6,4,0,0\" data-index-in-node=\"0\">H\u1ea1n s\u1eed d\u1ee5ng<\/b><\/span><\/td>\n<td><span data-path-to-node=\"6,4,1,0\">24 th\u00e1ng k\u1ec3 t\u1eeb ng\u00e0y s\u1ea3n xu\u1ea5t<\/span><\/td>\n<\/tr>\n<tr>\n<td><span data-path-to-node=\"6,5,0,0\"><b data-path-to-node=\"6,5,0,0\" data-index-in-node=\"0\">B\u1ea3o qu\u1ea3n<\/b><\/span><\/td>\n<td><span data-path-to-node=\"6,5,1,0\">N\u01a1i kh\u00f4 r\u00e1o, tho\u00e1ng m\u00e1t. Sau khi m\u1edf t\u00fai, b\u1ea3o qu\u1ea3n l\u1ea1nh v\u00e0 d\u00f9ng h\u1ebft s\u1edbm.<\/span><\/td>\n<\/tr>\n<tr>\n<td><span data-path-to-node=\"6,6,0,0\"><b data-path-to-node=\"6,6,0,0\" data-index-in-node=\"0\">Kh\u1ed1i l\u01b0\u1ee3ng<\/b><\/span><\/td>\n<td><span data-path-to-node=\"6,6,1,0\">200g<\/span><\/td>\n<\/tr>\n<\/tbody>\n<\/table>\n<p data-path-to-node=\"9\">\u0110\u1eadu h\u0169 T\u1ee9 Xuy\u00ean (Mapo Tofu) t\u1eeb l\u00e2u \u0111\u00e3 kh\u00f4ng c\u00f2n l\u00e0 c\u00e1i t\u00ean xa l\u1ea1 tr\u00ean b\u1ea3n \u0111\u1ed3 \u1ea9m th\u1ef1c th\u1ebf gi\u1edbi. V\u1edbi s\u1eafc \u0111\u1ecf r\u1ef1c r\u1ee1 v\u00e0 h\u01b0\u01a1ng v\u1ecb cay n\u1ed3ng \u0111\u1eb7c tr\u01b0ng, m\u00f3n \u0103n n\u00e0y mang trong m\u00ecnh c\u1ea3 m\u1ed9t c\u00e2u chuy\u1ec7n v\u1ec1 s\u1ef1 giao thoa gi\u1eefa c\u00e1i n\u00f3ng c\u1ee7a \u1edbt, c\u00e1i t\u00ea c\u1ee7a ti\u00eau v\u00e0 s\u1ef1 m\u1ec1m m\u1ea1i c\u1ee7a nh\u1eefng kh\u1ed1i \u0111\u1eadu h\u0169 tr\u1eafng ng\u1ea7n. Khi \u0111\u1ebfn v\u1edbi Nh\u1eadt B\u1ea3n, m\u00f3n \u0103n n\u00e0y \u0111\u00e3 \u0111\u01b0\u1ee3c Miyagi Seifun t\u00e1i hi\u1ec7n m\u1ed9t c\u00e1ch tinh t\u1ebf h\u01a1n, gi\u1eef tr\u1ecdn c\u00e1i h\u1ed3n c\u1ed1t c\u1ee7a v\u00f9ng T\u1ee9 Xuy\u00ean nh\u01b0ng l\u1ea1i mang th\u00eam s\u1ef1 \u0111\u1eadm \u0111\u00e0, m\u01b0\u1ee3t m\u00e0 v\u1ed1n c\u00f3 c\u1ee7a \u1ea9m th\u1ef1c x\u1ee9 s\u1edf Ph\u00f9 Tang.<\/p>\n<p data-path-to-node=\"9\"><img fetchpriority=\"high\" decoding=\"async\" class=\"aligncenter wp-image-44552\" src=\"https:\/\/havamall.com\/wp-content\/uploads\/2026\/01\/e9dce573-eff0-4f67-80a2-8a7eb44ee9a5-scaled.jpg\" alt=\"\" width=\"800\" height=\"800\" srcset=\"https:\/\/havamall.com\/wp-content\/uploads\/2026\/01\/e9dce573-eff0-4f67-80a2-8a7eb44ee9a5-scaled.jpg 2560w, https:\/\/havamall.com\/wp-content\/uploads\/2026\/01\/e9dce573-eff0-4f67-80a2-8a7eb44ee9a5-2048x2048.jpg 2048w, https:\/\/havamall.com\/wp-content\/uploads\/2026\/01\/e9dce573-eff0-4f67-80a2-8a7eb44ee9a5-12x12.jpg 12w, https:\/\/havamall.com\/wp-content\/uploads\/2026\/01\/e9dce573-eff0-4f67-80a2-8a7eb44ee9a5-600x600.jpg 600w, https:\/\/havamall.com\/wp-content\/uploads\/2026\/01\/e9dce573-eff0-4f67-80a2-8a7eb44ee9a5-1200x1200.jpg 1200w\" sizes=\"(max-width: 800px) 100vw, 800px\" \/><\/p>\n<p data-path-to-node=\"10\">S\u1ed1t \u0110\u1eadu H\u0169 T\u1ee9 Xuy\u00ean Miyagi Seifun kh\u00f4ng ch\u1ec9 \u0111\u01a1n thu\u1ea7n l\u00e0 m\u1ed9t lo\u1ea1i gia v\u1ecb, m\u00e0 l\u00e0 m\u1ed9t gi\u1ea3i ph\u00e1p ho\u00e0n h\u1ea3o \u0111\u1ec3 mang c\u1ea3 h\u01b0\u01a1ng v\u1ecb nh\u00e0 h\u00e0ng v\u00e0o c\u0103n b\u1ebfp nh\u1ecf c\u1ee7a b\u1ea1n. V\u1edbi c\u00f4ng th\u1ee9c \u0111\u1ed9c \u0111\u00e1o k\u1ebft h\u1ee3p gi\u1eefa t\u01b0\u01a1ng \u0111\u1eadu b\u1ea3n (doubanjiang) l\u00ean men k\u1ef9 l\u01b0\u1ee1ng v\u00e0 th\u1ecbt b\u00f2 b\u0103m, m\u1ed7i th\u00eca s\u1ed1t \u0111\u1ec1u mang l\u1ea1i s\u1ef1 b\u00f9ng n\u1ed5 v\u1ecb gi\u00e1c, \u0111\u00e1nh th\u1ee9c m\u1ecdi gi\u00e1c quan ngay t\u1eeb l\u1ea7n ch\u1ea1m \u0111\u1ea7u ti\u00ean.<\/p>\n<p data-path-to-node=\"10\"><img decoding=\"async\" class=\"aligncenter wp-image-44553\" src=\"https:\/\/havamall.com\/wp-content\/uploads\/2026\/01\/top_1658454548336.jpg\" alt=\"\" width=\"800\" height=\"450\" srcset=\"https:\/\/havamall.com\/wp-content\/uploads\/2026\/01\/top_1658454548336.jpg 1920w, https:\/\/havamall.com\/wp-content\/uploads\/2026\/01\/top_1658454548336-18x10.jpg 18w, https:\/\/havamall.com\/wp-content\/uploads\/2026\/01\/top_1658454548336-600x338.jpg 600w, https:\/\/havamall.com\/wp-content\/uploads\/2026\/01\/top_1658454548336-1200x675.jpg 1200w\" sizes=\"(max-width: 800px) 100vw, 800px\" \/><\/p>\n<h3 data-path-to-node=\"10\">S\u1ef0 H\u00d2A QUY\u1ec6N TINH T\u1ebe C\u1ee6A H\u01af\u01a0NG V\u1eca V\u00c0 K\u1ebeT C\u1ea4U<\/h3>\n<p data-path-to-node=\"12\">\u2013 <b data-path-to-node=\"12\" data-index-in-node=\"2\">Th\u1ecbt b\u00f2 b\u0103m ch\u1ea5t l\u01b0\u1ee3ng:<\/b> Kh\u00e1c v\u1edbi c\u00e1c d\u00f2ng s\u1ed1t th\u00f4ng th\u01b0\u1eddng, Miyagi Seifun s\u1eed d\u1ee5ng th\u1ecbt b\u00f2 gi\u00fap n\u01b0\u1edbc s\u1ed1t c\u00f3 v\u1ecb ng\u1ecdt s\u00e2u v\u00e0 \u0111\u1ed9 b\u00e9o b\u00f9i \u0111\u1eb7c tr\u01b0ng.<\/p>\n<p data-path-to-node=\"12\">\u2013 <b data-path-to-node=\"12\" data-index-in-node=\"148\">H\u01b0\u01a1ng v\u1ecb cay t\u00ea s\u00e2u l\u1eafng:<\/b> T\u01b0\u01a1ng \u0111\u1eadu b\u1ea3n (doubanjiang) \u0111\u01b0\u1ee3c \u1ee7 k\u1ef9 t\u1ea1o n\u00ean m\u00e0u \u0111\u1ecf \u00f3ng \u1ea3 v\u00e0 v\u1ecb cay th\u1ea5m \u0111\u1eabm trong t\u1eebng th\u1edb th\u1ecbt b\u0103m, k\u00edch th\u00edch v\u1ecb gi\u00e1c m\u1ed9t c\u00e1ch tinh t\u1ebf.<\/p>\n<p data-path-to-node=\"12\">\u2013 <b data-path-to-node=\"12\" data-index-in-node=\"316\">M\u00f9i th\u01a1m \u0111\u1eb7c tr\u01b0ng c\u1ee7a gia v\u1ecb Nh\u1eadt:<\/b> S\u1ef1 k\u1ebft h\u1ee3p th\u00eam miso v\u00e0 chi\u1ebft xu\u1ea5t th\u1ecbt b\u00f2 gi\u00fap l\u00e0m d\u1ecbu \u0111i c\u00e1i g\u1eaft c\u1ee7a \u1edbt, t\u1ea1o n\u00ean m\u1ed9t h\u1eadu v\u1ecb h\u00e0i h\u00f2a, d\u1ec5 \u0103n nh\u01b0ng v\u1eabn v\u00f4 c\u00f9ng n\u1ed3ng n\u00e0n.<\/p>\n<p data-path-to-node=\"12\"><img decoding=\"async\" class=\"aligncenter\" src=\"https:\/\/newsatcl-pctr.c.yimg.jp\/dk\/expert-image\/gyomusupermaniasupak\/article\/02207274\/image-1747156984250.png?fill=1&amp;fc=fff&amp;fmt=jpeg&amp;q=85&amp;exp=10800\" width=\"800\" height=\"454\" \/><\/p>\n<p data-path-to-node=\"12\"><img loading=\"lazy\" decoding=\"async\" class=\"aligncenter\" src=\"https:\/\/static01.nyt.com\/images\/2019\/02\/24\/dining\/dt-vegetarian-mapo-tofu\/dt-vegetarian-mapo-tofu-threeByTwoLargeAt2X.jpg\" alt=\"Vegan Mapo Tofu\" width=\"801\" height=\"534\" \/><\/p>\n<\/div>\n<div class=\"table-footer hide-from-message-actions\">\n<h3 data-path-to-node=\"13\">H\u01af\u1edaNG D\u1eaaN CH\u1ebe BI\u1ebeN C\u00c1C M\u00d3N NGON T\u1eea S\u1ed0T MIYAGI SEIFUN<\/h3>\n<p data-path-to-node=\"15\"><span data-path-to-node=\"15\" data-index-in-node=\"2\">1. <\/span><b data-path-to-node=\"15\" data-index-in-node=\"2\">M\u00f3n \u0110\u1eadu h\u0169 T\u1ee9 Xuy\u00ean kinh \u0111i\u1ec3n:<\/b><\/p>\n<p data-path-to-node=\"15\">\u2013 Chu\u1ea9n b\u1ecb kho\u1ea3ng 1\u20132 c\u00e2y \u0111\u1eadu h\u0169 non (c\u1eaft kh\u1ed1i vu\u00f4ng) v\u00e0 g\u00f3i s\u1ed1t Miyagi Seifun.<\/p>\n<p data-path-to-node=\"15\">\u2013 Cho s\u1ed1t v\u00e0o ch\u1ea3o, th\u00eam kho\u1ea3ng 50ml n\u01b0\u1edbc v\u00e0 \u0111un s\u00f4i.<\/p>\n<p data-path-to-node=\"15\">\u2013 Th\u1ea3 nh\u1eb9 nh\u00e0ng \u0111\u1eadu h\u0169 v\u00e0o ch\u1ea3o, \u0111\u1ea3o th\u1eadt kh\u1ebd tay \u0111\u1ec3 \u0111\u1eadu kh\u00f4ng b\u1ecb n\u00e1t.<\/p>\n<p data-path-to-node=\"15\">\u2013 \u0110\u1ec3 l\u1eeda nh\u1ecf kho\u1ea3ng 3\u20135 ph\u00fat cho s\u1ed1t th\u1ea5m v\u00e0o \u0111\u1eadu. N\u1ebfu mu\u1ed1n s\u1ed1t s\u00e1nh h\u01a1n, c\u1eadu c\u00f3 th\u1ec3 pha m\u1ed9t ch\u00fat b\u1ed9t n\u0103ng v\u1edbi n\u01b0\u1edbc r\u1ed3i r\u01b0\u1edbi v\u00e0o cu\u1ed1i c\u00f9ng.<\/p>\n<p data-path-to-node=\"15\">\u2013\u00a0Trang tr\u00ed b\u1eb1ng h\u00e0nh l\u00e1 th\u00e1i nh\u1ecf v\u00e0 d\u00f9ng n\u00f3ng v\u1edbi c\u01a1m tr\u1eafng.<\/p>\n<p data-path-to-node=\"15\"><img loading=\"lazy\" decoding=\"async\" class=\"aligncenter wp-image-44554\" src=\"https:\/\/havamall.com\/wp-content\/uploads\/2026\/01\/internal_1658456208881.jpg\" alt=\"\" width=\"800\" height=\"533\" srcset=\"https:\/\/havamall.com\/wp-content\/uploads\/2026\/01\/internal_1658456208881.jpg 2000w, https:\/\/havamall.com\/wp-content\/uploads\/2026\/01\/internal_1658456208881-18x12.jpg 18w, https:\/\/havamall.com\/wp-content\/uploads\/2026\/01\/internal_1658456208881-600x400.jpg 600w, https:\/\/havamall.com\/wp-content\/uploads\/2026\/01\/internal_1658456208881-1200x800.jpg 1200w\" sizes=\"(max-width: 800px) 100vw, 800px\" \/><\/p>\n<p data-path-to-node=\"16\"><span data-path-to-node=\"16\" data-index-in-node=\"2\">2. <\/span><b data-path-to-node=\"16\" data-index-in-node=\"2\">M\u00f3n C\u00e0 t\u00edm x\u00e0o s\u1ed1t Mapo (Mabo Nasu):<\/b><\/p>\n<p data-path-to-node=\"16\">\u2013 C\u00e0 t\u00edm c\u1eaft mi\u1ebfng v\u1eeba \u0103n, \u0111em chi\u00ean s\u01a1 ho\u1eb7c n\u01b0\u1edbng \u0111\u1ec3 c\u00e0 th\u01a1m v\u00e0 m\u1ec1m.<\/p>\n<p data-path-to-node=\"16\">\u2013 Cho g\u00f3i s\u1ed1t v\u00e0o ch\u1ea3o n\u00f3ng, th\u00eam c\u00e0 t\u00edm \u0111\u00e3 s\u01a1 ch\u1ebf v\u00e0o \u0111\u1ea3o \u0111\u1ec1u cho th\u1ea5m s\u1ed1t.<\/p>\n<p data-path-to-node=\"16\">\u2013\u00a0V\u1ecb ng\u1ecdt c\u1ee7a c\u00e0 t\u00edm quy\u1ec7n c\u00f9ng v\u1ecb cay t\u00ea c\u1ee7a s\u1ed1t s\u1ebd t\u1ea1o n\u00ean m\u1ed9t m\u00f3n x\u00e0o c\u1ef1c k\u1ef3 &#8220;hao c\u01a1m&#8221;.<\/p>\n<p data-path-to-node=\"16\"><img loading=\"lazy\" decoding=\"async\" class=\"aligncenter\" src=\"https:\/\/havamall.com\/wp-content\/uploads\/2026\/01\/Mabo-Nasu.jpg\" alt=\"Mabo Nasu (\u0e21\u0e30\u0e40\u0e02\u0e37\u0e2d\u0e21\u0e48\u0e27\u0e07\u0e0b\u0e2d\u0e2a\u0e40\u0e2a\u0e09\u0e27\u0e19)\" width=\"805\" height=\"453\" \/><\/p>\n<p data-path-to-node=\"17\"><span data-path-to-node=\"17\" data-index-in-node=\"2\">3. <\/span><b data-path-to-node=\"17\" data-index-in-node=\"2\">M\u00ec tr\u1ed9n Mapo \u0111\u1eadm \u0111\u00e0:<\/b><\/p>\n<p data-path-to-node=\"17\">\u2013 Lu\u1ed9c m\u00ec s\u1ee3i (m\u00ec Ramen ho\u1eb7c m\u00ec tr\u1ee9ng) r\u1ed3i v\u1edbt ra \u0111\u1ec3 r\u00e1o<\/p>\n<p data-path-to-node=\"17\">\u2013 \u0110un n\u00f3ng g\u00f3i s\u1ed1t v\u00e0 r\u01b0\u1edbi tr\u1ef1c ti\u1ebfp l\u00ean b\u00e1t m\u00ec.<\/p>\n<p data-path-to-node=\"17\">\u2013\u00a0Tr\u1ed9n \u0111\u1ec1u c\u00f9ng m\u1ed9t ch\u00fat d\u01b0a chu\u1ed9t th\u00e1i s\u1ee3i v\u00e0 tr\u1ee9ng lu\u1ed9c l\u00f2ng \u0111\u00e0o \u0111\u1ec3 c\u00f3 m\u1ed9t b\u1eefa tr\u01b0a nhanh g\u1ecdn nh\u01b0ng \u0111\u1ea7y \u0111\u1eb3ng c\u1ea5p.<\/p>\n<p data-path-to-node=\"17\"><img loading=\"lazy\" decoding=\"async\" class=\"aligncenter\" src=\"https:\/\/havamall.com\/wp-content\/uploads\/2026\/01\/MicrosoftTeams-image_36.jpg\" alt=\"Mapo Tofu Noodles | Merchant Gourmet\" width=\"801\" height=\"1001\" \/><\/p>\n<p data-path-to-node=\"18\"><b data-path-to-node=\"18\" data-index-in-node=\"2\">L\u01b0u \u00fd nh\u1ecf:<\/b>\u00a0M\u1ed9t g\u00f3i 200g th\u01b0\u1eddng d\u00f9ng cho kho\u1ea3ng 3\u20134 ng\u01b0\u1eddi \u0103n. N\u1ebfu c\u1eadu ch\u1ec9 \u0103n m\u1ed9t m\u00ecnh, c\u00f3 th\u1ec3 chia \u0111\u00f4i g\u00f3i s\u1ed1t v\u00e0 b\u1ea3o qu\u1ea3n ph\u1ea7n c\u00f2n l\u1ea1i trong ng\u0103n m\u00e1t t\u1ee7 l\u1ea1nh \u0111\u1ec3 s\u1eed d\u1ee5ng cho b\u1eefa sau.<\/p>\n<p data-path-to-node=\"19\">S\u1ea3n ph\u1ea9m S\u1ed1t \u0110\u1eadu H\u0169 T\u1ee9 Xuy\u00ean Miyagi Seifun 200g hi\u1ec7n \u0111ang c\u00f3 m\u1eb7t t\u1ea1i Havamall.<\/p>\n<\/div>\n<\/div>\n<\/div>\n<\/div>","protected":false},"excerpt":{"rendered":"<p>TH\u00d4NG TIN S\u1ea2N PH\u1ea8M Th\u01b0\u01a1ng hi\u1ec7u Miyagi Seifun Xu\u1ea5t x\u1ee9 Nh\u1eadt B\u1ea3n Th\u00e0nh ph\u1ea7n Th\u1ecbt b\u00f2, doubanjiang (t\u01b0\u01a1ng \u0111\u1eadu cay),<\/p>","protected":false},"featured_media":44551,"comment_status":"open","ping_status":"closed","template":"","meta":[],"product_brand":[],"product_cat":[154,130,722,705],"product_tag":[],"class_list":{"0":"post-44550","1":"product","2":"type-product","3":"status-publish","4":"has-post-thumbnail","6":"product_cat-gia-vi","7":"product_cat-khuyen-mai","8":"product_cat-nhap-khau-nhat-ban","9":"product_cat-sot-do-hop","11":"first","12":"instock","13":"sale","14":"shipping-taxable","15":"purchasable","16":"product-type-simple"},"_links":{"self":[{"href":"https:\/\/havamall.com\/en\/wp-json\/wp\/v2\/product\/44550","targetHints":{"allow":["GET"]}}],"collection":[{"href":"https:\/\/havamall.com\/en\/wp-json\/wp\/v2\/product"}],"about":[{"href":"https:\/\/havamall.com\/en\/wp-json\/wp\/v2\/types\/product"}],"replies":[{"embeddable":true,"href":"https:\/\/havamall.com\/en\/wp-json\/wp\/v2\/comments?post=44550"}],"version-history":[{"count":0,"href":"https:\/\/havamall.com\/en\/wp-json\/wp\/v2\/product\/44550\/revisions"}],"wp:featuredmedia":[{"embeddable":true,"href":"https:\/\/havamall.com\/en\/wp-json\/wp\/v2\/media\/44551"}],"wp:attachment":[{"href":"https:\/\/havamall.com\/en\/wp-json\/wp\/v2\/media?parent=44550"}],"wp:term":[{"taxonomy":"product_brand","embeddable":true,"href":"https:\/\/havamall.com\/en\/wp-json\/wp\/v2\/product_brand?post=44550"},{"taxonomy":"product_cat","embeddable":true,"href":"https:\/\/havamall.com\/en\/wp-json\/wp\/v2\/product_cat?post=44550"},{"taxonomy":"product_tag","embeddable":true,"href":"https:\/\/havamall.com\/en\/wp-json\/wp\/v2\/product_tag?post=44550"}],"curies":[{"name":"wp","href":"https:\/\/api.w.org\/{rel}","templated":true}]}}