{"id":44585,"date":"2026-01-28T09:19:42","date_gmt":"2026-01-28T02:19:42","guid":{"rendered":"https:\/\/havamall.com\/?post_type=product&#038;p=44585"},"modified":"2026-02-24T15:25:12","modified_gmt":"2026-02-24T08:25:12","slug":"gia-vi-com-ga-hai-nam-lobo-120g-lobo-chicken-rice-set","status":"publish","type":"product","link":"https:\/\/havamall.com\/en\/shop\/gia-vi-com-ga-hai-nam-lobo-120g-lobo-chicken-rice-set\/","title":{"rendered":"Gia V\u1ecb C\u01a1m G\u00e0 H\u1ea3i Nam Lobo 120g \u2013 Lobo Chicken Rice Set"},"content":{"rendered":"<h3 data-path-to-node=\"4\">TH\u00d4NG TIN S\u1ea2N PH\u1ea8M<\/h3>\n<div class=\"horizontal-scroll-wrapper\">\n<div class=\"table-block-component\">\n<div class=\"table-block has-export-button new-table-style\">\n<div class=\"table-content not-end-of-paragraph\" data-hveid=\"0\" data-ved=\"0CAAQ3ecQahgKEwixlt_JzaqSAxUAAAAAHQAAAAAQigU\">\n<table data-path-to-node=\"5\">\n<tbody>\n<tr>\n<td><span data-path-to-node=\"5,1,0,0\"><b data-path-to-node=\"5,1,0,0\" data-index-in-node=\"0\">Th\u01b0\u01a1ng hi\u1ec7u<\/b><\/span><\/td>\n<td><span data-path-to-node=\"5,1,1,0\">Lobo<\/span><\/td>\n<\/tr>\n<tr>\n<td><span data-path-to-node=\"5,2,0,0\"><b data-path-to-node=\"5,2,0,0\" data-index-in-node=\"0\">Xu\u1ea5t x\u1ee9<\/b><\/span><\/td>\n<td><span data-path-to-node=\"5,2,1,0\">Th\u00e1i Lan<\/span><\/td>\n<\/tr>\n<tr>\n<td><span data-path-to-node=\"5,3,0,0\"><b data-path-to-node=\"5,3,0,0\" data-index-in-node=\"0\">Th\u00e0nh ph\u1ea7n<\/b><\/span><\/td>\n<td><span data-path-to-node=\"5,3,1,0\">G\u00f3i gia v\u1ecb n\u1ea5u c\u01a1m, s\u1ed1t ch\u1ea5m v\u00e0 g\u00f3i gia v\u1ecb l\u00e0m s\u00fap (t\u1ea5t c\u1ea3 trong m\u1ed9t)<\/span><\/td>\n<\/tr>\n<tr>\n<td><span data-path-to-node=\"5,4,0,0\"><b data-path-to-node=\"5,4,0,0\" data-index-in-node=\"0\">Kh\u1ed1i l\u01b0\u1ee3ng<\/b><\/span><\/td>\n<td><span data-path-to-node=\"5,4,1,0\">120g (4.23 oz)<\/span><\/td>\n<\/tr>\n<tr>\n<td><span data-path-to-node=\"5,5,0,0\"><b data-path-to-node=\"5,5,0,0\" data-index-in-node=\"0\">\u0110\u1ecbnh l\u01b0\u1ee3ng<\/b><\/span><\/td>\n<td><span data-path-to-node=\"5,5,1,0\">D\u00e0nh cho 2 kh\u1ea9u ph\u1ea7n \u0103n (Makes 2 servings)<\/span><\/td>\n<\/tr>\n<tr>\n<td><span data-path-to-node=\"5,6,0,0\"><b data-path-to-node=\"5,6,0,0\" data-index-in-node=\"0\">B\u1ea3o qu\u1ea3n<\/b><\/span><\/td>\n<td><span data-path-to-node=\"5,6,1,0\">N\u01a1i kh\u00f4 r\u00e1o, tho\u00e1ng m\u00e1t, tr\u00e1nh \u00e1nh n\u1eafng tr\u1ef1c ti\u1ebfp.<\/span><\/td>\n<\/tr>\n<\/tbody>\n<\/table>\n<p style=\"text-align: justify\">C\u01a1m g\u00e0 H\u1ea3i Nam l\u00e0 m\u1ed9t m\u00f3n \u0103n k\u1ebft h\u1ee3p \u0111\u1ea7y \u0111\u1ee7 gi\u1eefa h\u1ea1t c\u01a1m d\u1ebbo th\u01a1m, b\u00e9o ng\u1eady v\u1ecb g\u00e0 v\u00e0 ch\u00e9n n\u01b0\u1edbc ch\u1ea5m \u0111\u1eadm \u0111\u00e0 \u0111\u1eb7c tr\u01b0ng, \u0111\u1ec3 c\u00f3 \u0111\u01b0\u1ee3c &#8220;linh h\u1ed3n&#8221; c\u1ee7a m\u00f3n \u0103n n\u00e0y, ng\u01b0\u1eddi \u0111\u1ea7u b\u1ebfp th\u01b0\u1eddng ph\u1ea3i h\u1ea7m g\u00e0 v\u00e0 canh n\u1ea5u c\u01a1m r\u1ea5t t\u1ec9 m\u1ec9. Th\u1ea5u hi\u1ec3u \u0111i\u1ec1u \u0111\u00f3,\u00a0<b data-path-to-node=\"8\" data-index-in-node=\"267\">Lobo Chicken Rice Set<\/b> ra \u0111\u1eddi nh\u01b0 m\u1ed9t b\u1ed9 gia v\u1ecb ho\u00e0n ch\u1ec9nh bao g\u1ed3m t\u1ea5t c\u1ea3 c\u00e1c th\u00e0nh ph\u1ea7n c\u1ea7n thi\u1ebft \u0111\u1ec3 t\u1ea1o n\u00ean m\u1ed9t m\u00e2m c\u01a1m g\u00e0 H\u1ea3i Nam \u0111\u00fang \u0111i\u1ec7u: t\u1eeb ph\u1ea7n c\u01a1m ng\u1ea5m gia v\u1ecb b\u00e9o th\u01a1m, n\u01b0\u1edbc s\u00fap thanh ng\u1ecdt cho \u0111\u1ebfn lo\u1ea1i n\u01b0\u1edbc s\u1ed1t ch\u1ea5m th\u1ea7n th\u00e1nh gi\u00fap m\u00f3n \u0103n th\u00eam b\u00f9ng n\u1ed5 h\u01b0\u01a1ng v\u1ecb.<\/p>\n<div id=\"attachment_44587\" style=\"width: 810px\" class=\"wp-caption aligncenter\"><img fetchpriority=\"high\" decoding=\"async\" aria-describedby=\"caption-attachment-44587\" class=\"wp-image-44587\" src=\"https:\/\/havamall.com\/wp-content\/uploads\/2026\/01\/\u30d1\u30e9\u30c3\u30ad\u30af-2023-04-04T153955.437_1680590437566.jpg\" alt=\"\" width=\"800\" height=\"800\" srcset=\"https:\/\/havamall.com\/wp-content\/uploads\/2026\/01\/\u30d1\u30e9\u30c3\u30ad\u30af-2023-04-04T153955.437_1680590437566.jpg 1080w, https:\/\/havamall.com\/wp-content\/uploads\/2026\/01\/\u30d1\u30e9\u30c3\u30ad\u30af-2023-04-04T153955.437_1680590437566-12x12.jpg 12w, https:\/\/havamall.com\/wp-content\/uploads\/2026\/01\/\u30d1\u30e9\u30c3\u30ad\u30af-2023-04-04T153955.437_1680590437566-600x600.jpg 600w\" sizes=\"(max-width: 800px) 100vw, 800px\" \/><p id=\"caption-attachment-44587\" class=\"wp-caption-text\">xr:d:DAFSRPuevvk:443,j:2109342726,t:23040406<\/p><\/div>\n<p data-path-to-node=\"11\">B\u1ed9 s\u1ea3n ph\u1ea9m Lobo mang \u0111\u1ebfn s\u1ef1 ti\u1ec7n l\u1ee3i t\u1ed1i \u0111a m\u00e0 v\u1eabn gi\u1eef \u0111\u01b0\u1ee3c \u0111\u1ed9 t\u01b0\u01a1i ngon v\u00e0 \u0111\u1eadm \u0111\u00e0 nh\u01b0 v\u1eeba \u0111\u01b0\u1ee3c th\u01b0\u1edfng th\u1ee9c t\u1ea1i Bangkok hay Singapore:<\/p>\n<p data-path-to-node=\"11\">\u2013 <b data-path-to-node=\"12\" data-index-in-node=\"2\">G\u00f3i gia v\u1ecb n\u1ea5u c\u01a1m:<\/b> Gi\u00fap t\u1eebng h\u1ea1t g\u1ea1o \u0111\u01b0\u1ee3c bao ph\u1ee7 b\u1edfi l\u1edbp d\u1ea7u g\u00e0 b\u00e9o ng\u1eady, d\u1eady m\u00f9i th\u01a1m c\u1ee7a g\u1eebng v\u00e0 t\u1ecfi, t\u1ea1o n\u00ean m\u00e0u v\u00e0ng nh\u1ea1t b\u1eaft m\u1eaft v\u00e0 h\u01b0\u01a1ng v\u1ecb \u0111\u1eb7c tr\u01b0ng kh\u00f4ng th\u1ec3 tr\u1ed9n l\u1eabn.<\/p>\n<p data-path-to-node=\"11\">\u2013 <b data-path-to-node=\"12\" data-index-in-node=\"182\">N\u01b0\u1edbc s\u1ed1t ch\u1ea5m \u0111\u1eb7c tr\u01b0ng:<\/b> S\u1ef1 c\u00e2n b\u1eb1ng gi\u1eefa v\u1ecb cay nh\u1eb9, m\u1eb7n ng\u1ecdt v\u00e0 m\u00f9i th\u01a1m c\u1ee7a g\u1eebng t\u01b0\u01a1i, t\u01b0\u01a1ng \u0111\u1eadu, t\u1ea1o n\u00ean &#8220;ch\u1ea5t x\u00fac t\u00e1c&#8221; ho\u00e0n h\u1ea3o gi\u00fap th\u1ecbt g\u00e0 lu\u1ed9c tr\u1edf n\u00ean \u0111\u1eadm \u0111\u00e0 h\u01a1n bao gi\u1edd h\u1ebft.<\/p>\n<p data-path-to-node=\"11\">\u2013 <b data-path-to-node=\"12\" data-index-in-node=\"367\">Gia v\u1ecb l\u00e0m s\u00fap \u0111i k\u00e8m:<\/b> Gi\u00fap c\u1eadu c\u00f3 ngay b\u00e1t n\u01b0\u1edbc d\u00f9ng thanh trong, ng\u1ecdt d\u1ecbu \u0111\u1ec3 c\u00e2n b\u1eb1ng l\u1ea1i v\u1ecb b\u00e9o c\u1ee7a c\u01a1m, mang \u0111\u1ebfn m\u1ed9t b\u1eefa \u0103n tr\u1ecdn v\u1eb9n v\u00e0 nh\u1eb9 nh\u00e0ng cho c\u01a1 th\u1ec3.<\/p>\n<p data-path-to-node=\"11\"><img decoding=\"async\" class=\"aligncenter wp-image-44588\" src=\"https:\/\/havamall.com\/wp-content\/uploads\/2026\/01\/\u30ab\u30aa\u30de\u30f3\u30ac\u30a4-chicken-rice-set-\u0e02-\u0e32\u0e27\u0e21-\u0e19\u0e44\u0e01.jpg\" alt=\"\" width=\"800\" height=\"450\" srcset=\"https:\/\/havamall.com\/wp-content\/uploads\/2026\/01\/\u30ab\u30aa\u30de\u30f3\u30ac\u30a4-chicken-rice-set-\u0e02-\u0e32\u0e27\u0e21-\u0e19\u0e44\u0e01.jpg 2240w, https:\/\/havamall.com\/wp-content\/uploads\/2026\/01\/\u30ab\u30aa\u30de\u30f3\u30ac\u30a4-chicken-rice-set-\u0e02-\u0e32\u0e27\u0e21-\u0e19\u0e44\u0e01-2048x1152.jpg 2048w, https:\/\/havamall.com\/wp-content\/uploads\/2026\/01\/\u30ab\u30aa\u30de\u30f3\u30ac\u30a4-chicken-rice-set-\u0e02-\u0e32\u0e27\u0e21-\u0e19\u0e44\u0e01-18x10.jpg 18w, https:\/\/havamall.com\/wp-content\/uploads\/2026\/01\/\u30ab\u30aa\u30de\u30f3\u30ac\u30a4-chicken-rice-set-\u0e02-\u0e32\u0e27\u0e21-\u0e19\u0e44\u0e01-600x338.jpg 600w, https:\/\/havamall.com\/wp-content\/uploads\/2026\/01\/\u30ab\u30aa\u30de\u30f3\u30ac\u30a4-chicken-rice-set-\u0e02-\u0e32\u0e27\u0e21-\u0e19\u0e44\u0e01-1200x675.jpg 1200w\" sizes=\"(max-width: 800px) 100vw, 800px\" \/><\/p>\n<h3 data-path-to-node=\"13\">H\u01af\u1edaNG D\u1eaaN CH\u1ebe BI\u1ebeN C\u01a0M G\u00c0 H\u1ea2I NAM CHU\u1ea8N V\u1eca T\u1ea0I NH\u00c0<\/h3>\n<p><span data-path-to-node=\"15\" data-index-in-node=\"2\">1. <\/span><b data-path-to-node=\"15\" data-index-in-node=\"2\">S\u01a1 ch\u1ebf:<\/b>\u00a0Chu\u1ea9n b\u1ecb kho\u1ea3ng 250g &#8211; 300g th\u1ecbt g\u00e0 (\u0111\u00f9i ho\u1eb7c \u1ee9c) v\u00e0 kho\u1ea3ng 200g g\u1ea1o (t\u01b0\u01a1ng \u0111\u01b0\u01a1ng 2 b\u00e1t c\u01a1m).<\/p>\n<p><span data-path-to-node=\"15\" data-index-in-node=\"106\">2. <\/span><b data-path-to-node=\"15\" data-index-in-node=\"106\">N\u1ea5u c\u01a1m:<\/b><\/p>\n<p>\u2013 Vo s\u1ea1ch g\u1ea1o, \u0111\u1ec3 r\u00e1o n\u01b0\u1edbc r\u1ed3i cho v\u00e0o n\u1ed3i c\u01a1m \u0111i\u1ec7n.<\/p>\n<p>\u2013 Cho g\u00f3i gia v\u1ecb n\u1ea5u c\u01a1m v\u00e0o tr\u1ed9n \u0111\u1ec1u v\u1edbi g\u1ea1o, sau \u0111\u00f3 th\u00eam n\u01b0\u1edbc theo l\u01b0\u1ee3ng v\u1eeba \u0111\u1ee7 nh\u01b0 n\u1ea5u c\u01a1m b\u00ecnh th\u01b0\u1eddng.<\/p>\n<p>\u2013\u00a0\u0110\u1eb7t th\u1ecbt g\u00e0 l\u00ean ph\u00eda tr\u00ean m\u1eb7t g\u1ea1o v\u00e0 nh\u1ea5n n\u00fat n\u1ea5u. C\u00e1ch n\u00e0y gi\u00fap n\u01b0\u1edbc ng\u1ecdt t\u1eeb g\u00e0 th\u1ea5m tr\u1ef1c ti\u1ebfp v\u00e0o t\u1eebng h\u1ea1t c\u01a1m.<\/p>\n<p><img decoding=\"async\" class=\"aligncenter\" src=\"https:\/\/havamall.com\/wp-content\/uploads\/2026\/01\/how-to-make-hainanese-chicken-rice.jpg\" alt=\"Rice Cooker Hainanese Chicken Rice - Okonomi Kitchen\" width=\"801\" height=\"1202\" \/><\/p>\n<p>3. <b data-path-to-node=\"15\" data-index-in-node=\"396\">Ho\u00e0n thi\u1ec7n:<\/b><\/p>\n<p>\u2013 Khi c\u01a1m ch\u00edn, v\u1edbt th\u1ecbt g\u00e0 ra th\u00e1i mi\u1ebfng v\u1eeba \u0103n.<\/p>\n<p>\u2013 Pha g\u00f3i gia v\u1ecb s\u00fap v\u1edbi n\u01b0\u1edbc s\u00f4i \u0111\u1ec3 l\u00e0m m\u00f3n s\u00fap d\u00f9ng k\u00e8m.<\/p>\n<p>\u2013\u00a0B\u00e0y c\u01a1m ra \u0111\u0129a, \u0111\u1eb7t g\u00e0 l\u00ean tr\u00ean, \u0103n k\u00e8m v\u1edbi n\u01b0\u1edbc s\u1ed1t ch\u1ea5m c\u00f3 s\u1eb5n trong b\u1ed9 s\u1ea3n ph\u1ea9m v\u00e0 th\u00eam v\u00e0i l\u00e1t d\u01b0a chu\u1ed9t \u0111\u1ec3 t\u0103ng \u0111\u1ed9 t\u01b0\u01a1i m\u00e1t.<\/p>\n<p><img loading=\"lazy\" decoding=\"async\" class=\"aligncenter wp-image-44589\" src=\"https:\/\/havamall.com\/wp-content\/uploads\/2026\/01\/KP-Hainan-Chicken-Rice-hcgv-mediumSquareAt3X.jpg\" alt=\"\" width=\"801\" height=\"801\" srcset=\"https:\/\/havamall.com\/wp-content\/uploads\/2026\/01\/KP-Hainan-Chicken-Rice-hcgv-mediumSquareAt3X.jpg 1800w, https:\/\/havamall.com\/wp-content\/uploads\/2026\/01\/KP-Hainan-Chicken-Rice-hcgv-mediumSquareAt3X-12x12.jpg 12w, https:\/\/havamall.com\/wp-content\/uploads\/2026\/01\/KP-Hainan-Chicken-Rice-hcgv-mediumSquareAt3X-600x600.jpg 600w, https:\/\/havamall.com\/wp-content\/uploads\/2026\/01\/KP-Hainan-Chicken-Rice-hcgv-mediumSquareAt3X-1200x1200.jpg 1200w\" sizes=\"(max-width: 801px) 100vw, 801px\" \/><\/p>\n<\/div>\n<p><b data-path-to-node=\"18\" data-index-in-node=\"2\">Ti\u1ebft ki\u1ec7m th\u1eddi gian:<\/b> Ch\u1ec9 v\u1edbi 20-30 ph\u00fat, c\u1eadu \u0111\u00e3 c\u00f3 ngay m\u1ed9t b\u1eefa \u0103n sang x\u1ecbn nh\u01b0 \u0111i ti\u1ec7m. <b data-path-to-node=\"18\" data-index-in-node=\"93\">Ch\u1ea5t l\u01b0\u1ee3ng \u0111\u1ea3m b\u1ea3o:<\/b> Lobo l\u00e0 th\u01b0\u01a1ng hi\u1ec7u gia v\u1ecb h\u00e0ng \u0111\u1ea7u Th\u00e1i Lan, \u0111\u1ea3m b\u1ea3o quy tr\u00ecnh s\u1ea3n xu\u1ea5t kh\u1eaft khe v\u00e0 h\u01b0\u01a1ng v\u1ecb \u1ed5n \u0111\u1ecbnh cho m\u1ecdi l\u1ea7n n\u1ea5u. <b data-path-to-node=\"19\" data-index-in-node=\"9\">Gia V\u1ecb C\u01a1m G\u00e0 H\u1ea3i Nam Lobo 120g<\/b>\u00a0hi\u1ec7n \u0111ang c\u00f3 m\u1eb7t t\u1ea1i Havamall.<\/p>\n<\/div>\n<\/div>\n<\/div>","protected":false},"excerpt":{"rendered":"<p>TH\u00d4NG TIN S\u1ea2N PH\u1ea8M Th\u01b0\u01a1ng hi\u1ec7u Lobo Xu\u1ea5t x\u1ee9 Th\u00e1i Lan Th\u00e0nh ph\u1ea7n G\u00f3i gia v\u1ecb n\u1ea5u c\u01a1m, s\u1ed1t ch\u1ea5m<\/p>","protected":false},"featured_media":44586,"comment_status":"open","ping_status":"closed","template":"","meta":[],"product_brand":[],"product_cat":[730,154,595,705],"product_tag":[],"class_list":{"0":"post-44585","1":"product","2":"type-product","3":"status-publish","4":"has-post-thumbnail","6":"product_cat-cac-nuoc-khac","7":"product_cat-gia-vi","8":"product_cat-gia-vi-va-che-bien","9":"product_cat-sot-do-hop","10":"pa_brand-lobo","12":"first","13":"instock","14":"sale","15":"shipping-taxable","16":"purchasable","17":"product-type-simple"},"_links":{"self":[{"href":"https:\/\/havamall.com\/en\/wp-json\/wp\/v2\/product\/44585","targetHints":{"allow":["GET"]}}],"collection":[{"href":"https:\/\/havamall.com\/en\/wp-json\/wp\/v2\/product"}],"about":[{"href":"https:\/\/havamall.com\/en\/wp-json\/wp\/v2\/types\/product"}],"replies":[{"embeddable":true,"href":"https:\/\/havamall.com\/en\/wp-json\/wp\/v2\/comments?post=44585"}],"version-history":[{"count":0,"href":"https:\/\/havamall.com\/en\/wp-json\/wp\/v2\/product\/44585\/revisions"}],"wp:featuredmedia":[{"embeddable":true,"href":"https:\/\/havamall.com\/en\/wp-json\/wp\/v2\/media\/44586"}],"wp:attachment":[{"href":"https:\/\/havamall.com\/en\/wp-json\/wp\/v2\/media?parent=44585"}],"wp:term":[{"taxonomy":"product_brand","embeddable":true,"href":"https:\/\/havamall.com\/en\/wp-json\/wp\/v2\/product_brand?post=44585"},{"taxonomy":"product_cat","embeddable":true,"href":"https:\/\/havamall.com\/en\/wp-json\/wp\/v2\/product_cat?post=44585"},{"taxonomy":"product_tag","embeddable":true,"href":"https:\/\/havamall.com\/en\/wp-json\/wp\/v2\/product_tag?post=44585"}],"curies":[{"name":"wp","href":"https:\/\/api.w.org\/{rel}","templated":true}]}}