{"id":44592,"date":"2026-01-28T14:59:53","date_gmt":"2026-01-28T07:59:53","guid":{"rendered":"https:\/\/havamall.com\/?post_type=product&#038;p=44592"},"modified":"2026-02-24T14:47:58","modified_gmt":"2026-02-24T07:47:58","slug":"bo-lat-paysan-breton-200g-paysan-breton-unsalted-butter-le-beurre-doux","status":"publish","type":"product","link":"https:\/\/havamall.com\/en\/shop\/bo-lat-paysan-breton-200g-paysan-breton-unsalted-butter-le-beurre-doux\/","title":{"rendered":"B\u01a1 L\u1ea1t Paysan Breton 200g \u2013 Paysan Breton Unsalted Butter (Le Beurre Doux)"},"content":{"rendered":"<h3 data-path-to-node=\"4\">TH\u00d4NG TIN S\u1ea2N PH\u1ea8M<\/h3>\n<div class=\"horizontal-scroll-wrapper\">\n<div class=\"table-block-component\">\n<div class=\"table-block has-export-button new-table-style\">\n<div class=\"table-content not-end-of-paragraph\" data-hveid=\"0\" data-ved=\"0CAAQ3ecQahgKEwixlt_JzaqSAxUAAAAAHQAAAAAQugU\">\n<table data-path-to-node=\"5\">\n<tbody>\n<tr>\n<td><span data-path-to-node=\"5,1,0,0\"><b data-path-to-node=\"5,1,0,0\" data-index-in-node=\"0\">Th\u01b0\u01a1ng hi\u1ec7u<\/b><\/span><\/td>\n<td><span data-path-to-node=\"5,1,1,0\">Paysan Breton<\/span><\/td>\n<\/tr>\n<tr>\n<td><span data-path-to-node=\"5,2,0,0\"><b data-path-to-node=\"5,2,0,0\" data-index-in-node=\"0\">Xu\u1ea5t x\u1ee9<\/b><\/span><\/td>\n<td><span data-path-to-node=\"5,2,1,0\">Ph\u00e1p (V\u00f9ng Bretagne)<\/span><\/td>\n<\/tr>\n<tr>\n<td><span data-path-to-node=\"5,3,0,0\"><b data-path-to-node=\"5,3,0,0\" data-index-in-node=\"0\">Lo\u1ea1i b\u01a1<\/b><\/span><\/td>\n<td><span data-path-to-node=\"5,3,1,0\">B\u01a1 l\u1ea1t (Kh\u00f4ng mu\u1ed1i)<\/span><\/td>\n<\/tr>\n<tr>\n<td><span data-path-to-node=\"5,4,0,0\"><b data-path-to-node=\"5,4,0,0\" data-index-in-node=\"0\">Kh\u1ed1i l\u01b0\u1ee3ng<\/b><\/span><\/td>\n<td><span data-path-to-node=\"5,4,1,0\">200g<\/span><\/td>\n<\/tr>\n<tr>\n<td><span data-path-to-node=\"5,5,0,0\"><b data-path-to-node=\"5,5,0,0\" data-index-in-node=\"0\">Th\u00e0nh ph\u1ea7n<\/b><\/span><\/td>\n<td><span data-path-to-node=\"5,5,1,0\">Kem s\u1eefa b\u00f2 t\u01b0\u01a1i nguy\u00ean ch\u1ea5t, men lactic<\/span><\/td>\n<\/tr>\n<tr>\n<td><span data-path-to-node=\"5,6,0,0\"><b data-path-to-node=\"5,6,0,0\" data-index-in-node=\"0\">B\u1ea3o qu\u1ea3n<\/b><\/span><\/td>\n<td><span data-path-to-node=\"5,6,1,0\">Ng\u0103n m\u00e1t t\u1ee7 l\u1ea1nh (0\u00b0C &#8211; 8\u00b0C). Sau khi m\u1edf, n\u00ean b\u1ecdc k\u00edn \u0111\u1ec3 tr\u00e1nh \u00e1m m\u00f9i<\/span><\/td>\n<\/tr>\n<\/tbody>\n<\/table>\n<p data-path-to-node=\"8\">\u00a0Paysan Breton, th\u01b0\u01a1ng hi\u1ec7u thu\u1ed9c t\u1eadp \u0111o\u00e0n h\u1ee3p t\u00e1c x\u00e3 n\u00f4ng nghi\u1ec7p La\u00efta, \u0111\u00e3 g\u00ecn gi\u1eef truy\u1ec1n th\u1ed1ng l\u00e0m b\u01a1 th\u1ee7 c\u00f4ng t\u1eeb h\u01a1n 50 n\u0103m qua. T\u1eebng kh\u1ed1i b\u01a1\u00a0<b data-path-to-node=\"8\" data-index-in-node=\"261\">Le Beurre Doux<\/b>\u00a0l\u00e0 th\u00e0nh qu\u1ea3 c\u1ee7a d\u00f2ng s\u1eefa t\u01b0\u01a1i thu\u1ea7n khi\u1ebft t\u1eeb nh\u1eefng c\u00f4 b\u00f2 \u0111\u01b0\u1ee3c ch\u0103n th\u1ea3 t\u1ef1 nhi\u00ean, mang \u0111\u1ebfn m\u1ed9t m\u00e0u v\u00e0ng \u00f3ng \u1ea3 v\u00e0 h\u01b0\u01a1ng th\u01a1m n\u1ed3ng n\u00e0n kh\u00f4ng th\u1ec3 tr\u1ed9n l\u1eabn.<\/p>\n<p data-path-to-node=\"8\"><img fetchpriority=\"high\" decoding=\"async\" class=\"aligncenter wp-image-44594\" src=\"https:\/\/havamall.com\/wp-content\/uploads\/2026\/01\/detail_51998_0_690f9a24-0ed7-4ab2-88fa-419edf2fb580.jpg\" alt=\"\" width=\"800\" height=\"800\" srcset=\"https:\/\/havamall.com\/wp-content\/uploads\/2026\/01\/detail_51998_0_690f9a24-0ed7-4ab2-88fa-419edf2fb580.jpg 600w, https:\/\/havamall.com\/wp-content\/uploads\/2026\/01\/detail_51998_0_690f9a24-0ed7-4ab2-88fa-419edf2fb580-12x12.jpg 12w\" sizes=\"(max-width: 800px) 100vw, 800px\" \/><\/p>\n<p data-path-to-node=\"9\">Kh\u00e1c v\u1edbi c\u00e1c d\u00f2ng b\u01a1 c\u00f4ng nghi\u1ec7p, Paysan Breton t\u1eadp trung v\u00e0o s\u1ef1 nguy\u00ean b\u1ea3n. Kh\u00f4ng ch\u1ee9a m\u00e0u th\u1ef1c ph\u1ea9m hay ch\u1ea5t b\u1ea3o qu\u1ea3n, b\u01a1 l\u1ea1t c\u1ee7a h\u00e3ng mang m\u1ed9t v\u1ecb ng\u1ecdt thanh nh\u1eb9 nh\u00e0ng t\u1eeb s\u1eefa, \u0111\u1ed9 b\u00e9o ng\u1eady m\u01b0\u1ee3t m\u00e0 gi\u00fap n\u00e2ng t\u1ea7m b\u1ea5t k\u1ef3 m\u00f3n \u0103n n\u00e0o m\u00e0 n\u00f3 ch\u1ea1m \u0111\u1ebfn.<\/p>\n<p data-path-to-node=\"9\"><img decoding=\"async\" class=\"aligncenter wp-image-44595\" src=\"https:\/\/havamall.com\/wp-content\/uploads\/2026\/01\/salted-vs-unsalted-butter-baking-64d2775754fb6.avif\" alt=\"\" width=\"800\" height=\"1200\" srcset=\"https:\/\/havamall.com\/wp-content\/uploads\/2026\/01\/salted-vs-unsalted-butter-baking-64d2775754fb6.avif 1414w, https:\/\/havamall.com\/wp-content\/uploads\/2026\/01\/salted-vs-unsalted-butter-baking-64d2775754fb6-1365x2048.avif 1365w, https:\/\/havamall.com\/wp-content\/uploads\/2026\/01\/salted-vs-unsalted-butter-baking-64d2775754fb6-8x12.avif 8w, https:\/\/havamall.com\/wp-content\/uploads\/2026\/01\/salted-vs-unsalted-butter-baking-64d2775754fb6-600x900.avif 600w, https:\/\/havamall.com\/wp-content\/uploads\/2026\/01\/salted-vs-unsalted-butter-baking-64d2775754fb6-1200x1800.avif 1200w\" sizes=\"(max-width: 800px) 100vw, 800px\" \/><\/p>\n<\/div>\n<div class=\"table-footer hide-from-message-actions\">\n<h3 data-path-to-node=\"10\">\u0110\u1eb6C \u0110I\u1ec2M N\u1ed4I B\u1eacT C\u1ee6A B\u01a0 L\u1ea0T PAYSAN BRETON<\/h3>\n<p>\u2013\u00a0<b data-path-to-node=\"12\" data-index-in-node=\"2\">H\u01b0\u01a1ng th\u01a1m kem s\u1eefa t\u1ef1 nhi\u00ean:<\/b>\u00a0Ngay khi m\u1edf l\u1edbp gi\u1ea5y g\u00f3i, c\u1eadu s\u1ebd c\u1ea3m nh\u1eadn \u0111\u01b0\u1ee3c m\u00f9i th\u01a1m d\u1ecbu nh\u1eb9, thu\u1ea7n khi\u1ebft c\u1ee7a kem s\u1eefa t\u01b0\u01a1i.<\/p>\n<p>\u2013\u00a0<b data-path-to-node=\"12\" data-index-in-node=\"128\">K\u1ebft c\u1ea5u m\u1ecbn m\u00e0ng, d\u1ec5 tan ch\u1ea3y:<\/b>\u00a0B\u01a1 c\u00f3 \u0111\u1ed9 d\u1ebbo ho\u00e0n h\u1ea3o, d\u1ec5 d\u00e0ng \u0111\u00e1nh b\u00f4ng khi l\u00e0m b\u00e1nh ho\u1eb7c tan ch\u1ea3y \u0111\u1ec1u khi \u00e1p ch\u1ea3o, gi\u00fap th\u1ef1c ph\u1ea9m ng\u1ea5m v\u1ecb m\u00e0 kh\u00f4ng b\u1ecb t\u00e1ch d\u1ea7u.<\/p>\n<p>\u2013\u00a0<b data-path-to-node=\"12\" data-index-in-node=\"291\">S\u1ea3n ph\u1ea9m kh\u00f4ng mu\u1ed1i (Unsalted):<\/b>\u00a0Vi\u1ec7c kh\u00f4ng th\u00eam mu\u1ed1i gi\u00fap c\u1eadu ho\u00e0n to\u00e0n l\u00e0m ch\u1ee7 h\u01b0\u01a1ng v\u1ecb c\u1ee7a m\u00f3n \u0103n, \u0111\u1eb7c bi\u1ec7t quan tr\u1ecdng trong vi\u1ec7c c\u00e2n b\u1eb1ng c\u00f4ng th\u1ee9c l\u00e0m b\u00e1nh tinh t\u1ebf.<\/p>\n<p>\u2013\u00a0<b data-path-to-node=\"12\" data-index-in-node=\"462\">Ngu\u1ed3n g\u1ed1c minh b\u1ea1ch:<\/b>\u00a0M\u1ed7i kh\u1ed1i b\u01a1 \u0111\u1ec1u g\u1eafn li\u1ec1n v\u1edbi cam k\u1ebft t\u1eeb c\u00e1c h\u1ed9 n\u00f4ng d\u00e2n v\u1ec1 quy tr\u00ecnh ch\u0103n nu\u00f4i b\u1ec1n v\u1eefng v\u00e0 nh\u00e2n \u0111\u1ea1o.<\/p>\n<p><img decoding=\"async\" class=\"aligncenter wp-image-44596\" src=\"https:\/\/havamall.com\/wp-content\/uploads\/2026\/01\/butter-cookies-3.jpg\" alt=\"\" width=\"800\" height=\"533\" srcset=\"https:\/\/havamall.com\/wp-content\/uploads\/2026\/01\/butter-cookies-3.jpg 1250w, https:\/\/havamall.com\/wp-content\/uploads\/2026\/01\/butter-cookies-3-18x12.jpg 18w, https:\/\/havamall.com\/wp-content\/uploads\/2026\/01\/butter-cookies-3-600x400.jpg 600w, https:\/\/havamall.com\/wp-content\/uploads\/2026\/01\/butter-cookies-3-1200x800.jpg 1200w\" sizes=\"(max-width: 800px) 100vw, 800px\" \/><\/p>\n<\/div>\n<\/div>\n<h3 data-path-to-node=\"13\">H\u01af\u1edaNG D\u1eaaN BI\u1ebeN T\u1ea4U M\u00d3N NGON C\u00d9NG B\u01a0 PAYSAN BRETON<\/h3>\n<p data-path-to-node=\"15\">\u2013\u00a0<b data-path-to-node=\"15\" data-index-in-node=\"2\">L\u00e0m b\u00e1nh \u0111\u1eb3ng c\u1ea5p:<\/b>\u00a0\u0110\u00e2y l\u00e0 l\u1ef1a ch\u1ecdn s\u1ed1 1 cho c\u00e1c lo\u1ea1i b\u00e1nh y\u00eau c\u1ea7u \u0111\u1ed9 b\u00e9o cao nh\u01b0 Croissant, Macaron hay b\u00e1nh b\u00f4ng lan b\u01a1. B\u01a1 gi\u00fap c\u1ed1t b\u00e1nh m\u1ec1m, \u1ea9m v\u00e0 t\u1ecfa h\u01b0\u01a1ng th\u01a1m l\u1eebng khi n\u01b0\u1edbng.<\/p>\n<p data-path-to-node=\"15\">\u2013\u00a0<b data-path-to-node=\"15\" data-index-in-node=\"185\">B\u1eefa s\u00e1ng ki\u1ec3u Ph\u00e1p:<\/b>\u00a0Ch\u1ec9 c\u1ea7n ph\u1ebft m\u1ed9t l\u1edbp b\u01a1 d\u00e0y l\u00ean l\u00e1t b\u00e1nh m\u00ec Baguette n\u00f3ng gi\u00f2n, th\u00eam ch\u00fat m\u1ee9t tr\u00e1i c\u00e2y l\u00e0 c\u1eadu \u0111\u00e3 c\u00f3 m\u1ed9t kh\u1edfi \u0111\u1ea7u ng\u00e0y m\u1edbi \u0111\u1ea7y n\u0103ng l\u01b0\u1ee3ng v\u00e0 \u0111\u1eadm ch\u1ea5t \u00c2u.<\/p>\n<p data-path-to-node=\"15\">\u2013\u00a0<b data-path-to-node=\"15\" data-index-in-node=\"360\">N\u00e2ng t\u1ea7m m\u00f3n ch\u00ednh:<\/b>\u00a0D\u00f9ng b\u01a1 \u0111\u1ec3 \u00e1p ch\u1ea3o b\u00f2 b\u00edt t\u1ebft ho\u1eb7c x\u00e0o m\u0103ng t\u00e2y. B\u01a1 gi\u00fap th\u1ecbt c\u00f3 m\u00e0u v\u00e0ng n\u00e2u \u0111\u1eb9p m\u1eaft, gi\u1eef \u0111\u01b0\u1ee3c \u0111\u1ed9 m\u1ecdng n\u01b0\u1edbc v\u00e0 t\u1ea1o n\u00ean l\u1edbp s\u1ed1t b\u00e9o ng\u1eady bao ph\u1ee7 th\u1ef1c ph\u1ea9m.<\/p>\n<p data-path-to-node=\"15\">\u2013\u00a0<b data-path-to-node=\"15\" data-index-in-node=\"538\">Pha ch\u1ebf c\u00e0 ph\u00ea (Bulletproof Coffee):<\/b>\u00a0M\u1ed9t ch\u00fat b\u01a1 l\u1ea1t xay c\u00f9ng c\u00e0 ph\u00ea kh\u00f4ng \u0111\u01b0\u1eddng s\u1ebd t\u1ea1o n\u00ean th\u1ee9c u\u1ed1ng th\u01a1m ngon, h\u1ed7 tr\u1ee3 s\u1ef1 t\u1eadp trung v\u00e0 t\u1ed1t cho s\u1ee9c kh\u1ecfe.<\/p>\n<p data-path-to-node=\"15\"><img loading=\"lazy\" decoding=\"async\" class=\"aligncenter wp-image-44597\" src=\"https:\/\/havamall.com\/wp-content\/uploads\/2026\/01\/manteiga_le_beurre_sem_sal_200g_paysan_breton_171_1_63c511c0a3ba7e391c33c6d9b9a16b9b.webp\" alt=\"\" width=\"802\" height=\"802\" srcset=\"https:\/\/havamall.com\/wp-content\/uploads\/2026\/01\/manteiga_le_beurre_sem_sal_200g_paysan_breton_171_1_63c511c0a3ba7e391c33c6d9b9a16b9b.webp 1000w, https:\/\/havamall.com\/wp-content\/uploads\/2026\/01\/manteiga_le_beurre_sem_sal_200g_paysan_breton_171_1_63c511c0a3ba7e391c33c6d9b9a16b9b-12x12.webp 12w, https:\/\/havamall.com\/wp-content\/uploads\/2026\/01\/manteiga_le_beurre_sem_sal_200g_paysan_breton_171_1_63c511c0a3ba7e391c33c6d9b9a16b9b-600x600.webp 600w\" sizes=\"(max-width: 802px) 100vw, 802px\" \/><\/p>\n<p data-path-to-node=\"16\"><b data-path-to-node=\"16\" data-index-in-node=\"9\">B\u01a1 L\u1ea1t Paysan Breton 200g<\/b>\u00a0hi\u1ec7n \u0111ang c\u00f3 m\u1eb7t t\u1ea1i Havamall.<\/p>\n<\/div>\n<\/div>","protected":false},"excerpt":{"rendered":"<p>TH\u00d4NG TIN S\u1ea2N PH\u1ea8M Th\u01b0\u01a1ng hi\u1ec7u Paysan Breton Xu\u1ea5t x\u1ee9 Ph\u00e1p (V\u00f9ng Bretagne) Lo\u1ea1i b\u01a1 B\u01a1 l\u1ea1t (Kh\u00f4ng mu\u1ed1i) Kh\u1ed1i<\/p>","protected":false},"featured_media":44593,"comment_status":"open","ping_status":"closed","template":"","meta":[],"product_brand":[],"product_cat":[708,255,723,275],"product_tag":[],"class_list":{"0":"post-44592","1":"product","2":"type-product","3":"status-publish","4":"has-post-thumbnail","6":"product_cat-bo-sua-pho-mai","7":"product_cat-nguyen-lieu-lam-banh","8":"product_cat-nhap-khau-phap","9":"product_cat-thuc-pham-dong-lanh","10":"pa_brand-paysan-breton","12":"first","13":"instock","14":"sale","15":"shipping-taxable","16":"purchasable","17":"product-type-simple"},"_links":{"self":[{"href":"https:\/\/havamall.com\/en\/wp-json\/wp\/v2\/product\/44592","targetHints":{"allow":["GET"]}}],"collection":[{"href":"https:\/\/havamall.com\/en\/wp-json\/wp\/v2\/product"}],"about":[{"href":"https:\/\/havamall.com\/en\/wp-json\/wp\/v2\/types\/product"}],"replies":[{"embeddable":true,"href":"https:\/\/havamall.com\/en\/wp-json\/wp\/v2\/comments?post=44592"}],"version-history":[{"count":0,"href":"https:\/\/havamall.com\/en\/wp-json\/wp\/v2\/product\/44592\/revisions"}],"wp:featuredmedia":[{"embeddable":true,"href":"https:\/\/havamall.com\/en\/wp-json\/wp\/v2\/media\/44593"}],"wp:attachment":[{"href":"https:\/\/havamall.com\/en\/wp-json\/wp\/v2\/media?parent=44592"}],"wp:term":[{"taxonomy":"product_brand","embeddable":true,"href":"https:\/\/havamall.com\/en\/wp-json\/wp\/v2\/product_brand?post=44592"},{"taxonomy":"product_cat","embeddable":true,"href":"https:\/\/havamall.com\/en\/wp-json\/wp\/v2\/product_cat?post=44592"},{"taxonomy":"product_tag","embeddable":true,"href":"https:\/\/havamall.com\/en\/wp-json\/wp\/v2\/product_tag?post=44592"}],"curies":[{"name":"wp","href":"https:\/\/api.w.org\/{rel}","templated":true}]}}