{"id":44599,"date":"2026-01-28T16:09:22","date_gmt":"2026-01-28T09:09:22","guid":{"rendered":"https:\/\/havamall.com\/?post_type=product&#038;p=44599"},"modified":"2026-02-24T14:27:24","modified_gmt":"2026-02-24T07:27:24","slug":"ca-chua-say-kho-ngam-dau-voi-gia-vi-la-sicilia-750g-sundried-tomatoes-with-spices-in-oil","status":"publish","type":"product","link":"https:\/\/havamall.com\/en\/shop\/ca-chua-say-kho-ngam-dau-voi-gia-vi-la-sicilia-750g-sundried-tomatoes-with-spices-in-oil\/","title":{"rendered":"C\u00e0 Chua S\u1ea5y Kh\u00f4 Ng\u00e2m D\u1ea7u V\u1edbi Gia V\u1ecb La Sicilia 750g \u2013 Sundried Tomatoes With Spices In Oil"},"content":{"rendered":"<h3 data-path-to-node=\"4\">TH\u00d4NG TIN S\u1ea2N PH\u1ea8M<\/h3>\n<div class=\"horizontal-scroll-wrapper\">\n<div class=\"table-block-component\">\n<div class=\"table-block has-export-button new-table-style\">\n<div class=\"table-content not-end-of-paragraph\" data-hveid=\"0\" data-ved=\"0CAAQ3ecQahgKEwixlt_JzaqSAxUAAAAAHQAAAAAQiAY\">\n<table data-path-to-node=\"5\">\n<tbody>\n<tr>\n<td><span data-path-to-node=\"5,1,0,0\"><b data-path-to-node=\"5,1,0,0\" data-index-in-node=\"0\">Th\u01b0\u01a1ng hi\u1ec7u<\/b><\/span><\/td>\n<td><span data-path-to-node=\"5,1,1,0\">La Sicilia (Fine Food Selection)<\/span><\/td>\n<\/tr>\n<tr>\n<td><span data-path-to-node=\"5,2,0,0\"><b data-path-to-node=\"5,2,0,0\" data-index-in-node=\"0\">Xu\u1ea5t x\u1ee9<\/b><\/span><\/td>\n<td><span data-path-to-node=\"5,2,1,0\">Italy (\u00dd)<\/span><\/td>\n<\/tr>\n<tr>\n<td><span data-path-to-node=\"5,3,0,0\"><b data-path-to-node=\"5,3,0,0\" data-index-in-node=\"0\">Th\u00e0nh ph\u1ea7n<\/b><\/span><\/td>\n<td><span data-path-to-node=\"5,3,1,0\">C\u00e0 chua s\u1ea5y kh\u00f4, d\u1ea7u h\u01b0\u1edbng d\u01b0\u01a1ng, t\u1ecfi, h\u00fang t\u00e2y, gia v\u1ecb th\u1ea3o m\u1ed9c \u0110\u1ecba Trung H\u1ea3i.<\/span><\/td>\n<\/tr>\n<tr>\n<td><span data-path-to-node=\"5,4,0,0\"><b data-path-to-node=\"5,4,0,0\" data-index-in-node=\"0\">Kh\u1ed1i l\u01b0\u1ee3ng<\/b><\/span><\/td>\n<td><span data-path-to-node=\"5,4,1,0\">750g<\/span><\/td>\n<\/tr>\n<tr>\n<td><span data-path-to-node=\"5,6,0,0\"><b data-path-to-node=\"5,6,0,0\" data-index-in-node=\"0\">B\u1ea3o qu\u1ea3n<\/b><\/span><\/td>\n<td><span data-path-to-node=\"5,6,1,0\">N\u01a1i kh\u00f4 r\u00e1o. Sau khi m\u1edf n\u1eafp, b\u1ea3o qu\u1ea3n l\u1ea1nh v\u00e0 gi\u1eef c\u00e0 chua lu\u00f4n ng\u1eadp trong l\u1edbp d\u1ea7u.<\/span><\/td>\n<\/tr>\n<\/tbody>\n<\/table>\n<p data-path-to-node=\"7\">C\u00e0 chua s\u1ea5y kh\u00f4 (Sundried Tomatoes) kh\u00f4ng ch\u1ec9 l\u00e0 m\u1ed9t ph\u01b0\u01a1ng ph\u00e1p b\u1ea3o qu\u1ea3n m\u00e0 l\u00e0 m\u1ed9t k\u1ef9 thu\u1eadt n\u00e2ng t\u1ea7m h\u01b0\u01a1ng v\u1ecb. Trong qu\u00e1 tr\u00ecnh s\u1ea5y, c\u00e0 chua m\u1ea5t \u0111i kho\u1ea3ng\u00a0<b data-path-to-node=\"7\" data-index-in-node=\"155\">90% tr\u1ecdng l\u01b0\u1ee3ng n\u01b0\u1edbc<\/b>, \u0111i\u1ec1u n\u00e0y d\u1eabn \u0111\u1ebfn s\u1ef1 c\u00f4 \u0111\u1eb7c c\u1ee7a c\u00e1c lo\u1ea1i \u0111\u01b0\u1eddng t\u1ef1 nhi\u00ean v\u00e0 axit amin, \u0111\u1eb7c bi\u1ec7t l\u00e0\u00a0<b data-path-to-node=\"7\" data-index-in-node=\"258\">Glutamate<\/b>.<\/p>\n<p data-path-to-node=\"7\">\u2013\u00a0<b data-path-to-node=\"8\" data-index-in-node=\"2\">B\u00f9ng n\u1ed5 v\u1ecb Umami:<\/b>\u00a0Nh\u1edd n\u1ed3ng \u0111\u1ed9 Glutamate t\u0103ng cao sau khi s\u1ea5y, c\u00e0 chua s\u1ea5y kh\u00f4 \u0111\u00f3ng vai tr\u00f2 nh\u01b0 m\u1ed9t &#8220;ch\u1ea5t \u0111i\u1ec1u v\u1ecb t\u1ef1 nhi\u00ean&#8221;, mang l\u1ea1i v\u1ecb ng\u1ecdt s\u00e2u (Umami) m\u00e0 c\u00e0 chua t\u01b0\u01a1i kh\u00f4ng th\u1ec3 c\u00f3 \u0111\u01b0\u1ee3c.<\/p>\n<p data-path-to-node=\"7\">\u2013\u00a0<b data-path-to-node=\"8\" data-index-in-node=\"192\">Lycopene c\u00f4 \u0111\u1eb7c:<\/b>\u00a0Lycopene l\u00e0 ch\u1ea5t ch\u1ed1ng oxy h\u00f3a m\u1ea1nh m\u1ebd c\u00f3 trong c\u00e0 chua. Nghi\u00ean c\u1ee9u cho th\u1ea5y Lycopene trong c\u00e0 chua \u0111\u00e3 qua ch\u1ebf bi\u1ebfn nhi\u1ec7t ho\u1eb7c s\u1ea5y kh\u00f4 d\u1ec5 h\u1ea5p th\u1ee5 v\u00e0o c\u01a1 th\u1ec3 ng\u01b0\u1eddi h\u01a1n so v\u1edbi c\u00e0 chua s\u1ed1ng.<\/p>\n<p data-path-to-node=\"7\">\u2013\u00a0<b data-path-to-node=\"8\" data-index-in-node=\"399\">K\u1ebft c\u1ea5u d\u1ebbo \u0111\u1eb7c tr\u01b0ng:<\/b>\u00a0Qu\u00e1 tr\u00ecnh s\u1ea5y gi\u00fap ph\u00e1 v\u1ee1 c\u1ea5u tr\u00fac t\u1ebf b\u00e0o nh\u01b0ng v\u1eabn gi\u1eef \u0111\u01b0\u1ee3c \u0111\u1ed9 dai m\u1ec1m (chewy), t\u1ea1o n\u00ean s\u1ef1 t\u01b0\u01a1ng ph\u1ea3n th\u00fa v\u1ecb khi k\u1ebft h\u1ee3p v\u1edbi c\u00e1c nguy\u00ean li\u1ec7u m\u1ec1m ho\u1eb7c gi\u00f2n.<\/p>\n<p data-path-to-node=\"7\"><img fetchpriority=\"high\" decoding=\"async\" class=\"aligncenter wp-image-44601\" src=\"https:\/\/havamall.com\/wp-content\/uploads\/2026\/01\/sun-dried-tomatoes-in-oil-recipe-3.jpg\" alt=\"\" width=\"800\" height=\"800\" srcset=\"https:\/\/havamall.com\/wp-content\/uploads\/2026\/01\/sun-dried-tomatoes-in-oil-recipe-3.jpg 1200w, https:\/\/havamall.com\/wp-content\/uploads\/2026\/01\/sun-dried-tomatoes-in-oil-recipe-3-12x12.jpg 12w, https:\/\/havamall.com\/wp-content\/uploads\/2026\/01\/sun-dried-tomatoes-in-oil-recipe-3-600x600.jpg 600w\" sizes=\"(max-width: 800px) 100vw, 800px\" \/><\/p>\n<h3 data-path-to-node=\"9\">VAI TR\u00d2 C\u1ee6A L\u1edaP D\u1ea6U NG\u00c2M GIA V\u1eca (INFUSED OIL)<\/h3>\n<p>\u2013\u00a0<b data-path-to-node=\"11\" data-index-in-node=\"2\">Chi\u1ebft xu\u1ea5t h\u01b0\u01a1ng th\u01a1m:<\/b>\u00a0C\u00e1c lo\u1ea1i th\u1ea3o m\u1ed9c nh\u01b0 h\u00fang t\u00e2y (basil), t\u1ecfi v\u00e0 kinh gi\u1edbi (oregano) khi ng\u00e2m trong d\u1ea7u s\u1ebd gi\u1ea3i ph\u00f3ng c\u00e1c tinh d\u1ea7u th\u01a1m, t\u1ea1o n\u00ean h\u1ed7n h\u1ee3p d\u1ea7u Infused Oil \u0111\u1eadm \u0111\u00e0.<\/p>\n<p>\u2013 <b data-path-to-node=\"11\" data-index-in-node=\"186\">Ch\u1ed1ng oxy h\u00f3a t\u1ef1 nhi\u00ean:<\/b>\u00a0L\u1edbp d\u1ea7u bao ph\u1ee7 gi\u00fap ng\u0103n ch\u1eb7n s\u1ef1 ti\u1ebfp x\u00fac c\u1ee7a oxy v\u1edbi c\u00e0 chua, gi\u1eef cho s\u1ea3n ph\u1ea9m kh\u00f4ng b\u1ecb bi\u1ebfn \u0111\u1ed5i m\u00e0u s\u1eafc v\u00e0 h\u01b0\u01a1ng v\u1ecb trong th\u1eddi gian d\u00e0i.<\/p>\n<p>\u2013\u00a0<b data-path-to-node=\"11\" data-index-in-node=\"352\">T\u1eadn d\u1ee5ng t\u1ed1i \u0111a:<\/b>\u00a0L\u1edbp d\u1ea7u n\u00e0y ch\u1ee9a \u0111\u1ef1ng tinh t\u00fay c\u1ee7a c\u00e0 chua v\u00e0 th\u1ea3o m\u1ed9c, c\u1ef1c k\u1ef3 ph\u00f9 h\u1ee3p \u0111\u1ec3 l\u00e0m n\u01b0\u1edbc s\u1ed1t salad (dressing) ho\u1eb7c d\u00f9ng \u0111\u1ec3 \u00e1p ch\u1ea3o th\u1ecbt, c\u00e1 m\u00e0 kh\u00f4ng c\u1ea7n th\u00eam qu\u00e1 nhi\u1ec1u gia v\u1ecb kh\u00e1c.<\/p>\n<p><img decoding=\"async\" class=\"aligncenter wp-image-44602\" src=\"https:\/\/havamall.com\/wp-content\/uploads\/2026\/01\/IMG_3383-scaled-1.jpg\" alt=\"\" width=\"801\" height=\"796\" srcset=\"https:\/\/havamall.com\/wp-content\/uploads\/2026\/01\/IMG_3383-scaled-1.jpg 2560w, https:\/\/havamall.com\/wp-content\/uploads\/2026\/01\/IMG_3383-scaled-1-2048x2035.jpg 2048w, https:\/\/havamall.com\/wp-content\/uploads\/2026\/01\/IMG_3383-scaled-1-12x12.jpg 12w, https:\/\/havamall.com\/wp-content\/uploads\/2026\/01\/IMG_3383-scaled-1-600x596.jpg 600w, https:\/\/havamall.com\/wp-content\/uploads\/2026\/01\/IMG_3383-scaled-1-1200x1193.jpg 1200w\" sizes=\"(max-width: 801px) 100vw, 801px\" \/><\/p>\n<h3 data-path-to-node=\"12\">\u1ee8NG D\u1ee4NG CHUY\u00caN S\u00c2U TRONG \u1ea8M TH\u1ef0C \u0110\u1ecaA TRUNG H\u1ea2I<\/h3>\n<p>\u2013\u00a0<b data-path-to-node=\"14\" data-index-in-node=\"2\">K\u1ef9 thu\u1eadt l\u00e0m s\u1ed1t Pesto \u0111\u1ecf (Pesto Rosso):<\/b>\u00a0Thay v\u00ec d\u00f9ng l\u00e1 h\u00fang t\u00e2y l\u00e0m ch\u1ee7 \u0111\u1ea1o nh\u01b0 Pesto xanh, c\u1eadu xay nhuy\u1ec5n c\u00e0 chua s\u1ea5y kh\u00f4 c\u00f9ng h\u1ea1t th\u00f4ng, ph\u00f4 mai Parmesan, t\u1ecfi v\u00e0 d\u1ea7u ng\u00e2m \u0111\u1ec3 t\u1ea1o n\u00ean lo\u1ea1i s\u1ed1t \u0111\u1ecf \u0111\u1eadm \u0111\u00e0 cho m\u1ef3 \u00dd.<\/p>\n<p>\u2013\u00a0<b data-path-to-node=\"14\" data-index-in-node=\"219\">Ph\u1ee5 gia cho b\u00e1nh m\u1ef3 th\u1ee7 c\u00f4ng:<\/b>\u00a0C\u1eaft nh\u1ecf c\u00e0 chua s\u1ea5y v\u00e0 tr\u1ed9n v\u00e0o b\u1ed9t b\u00e1nh m\u1ef3 Sourdough ho\u1eb7c Focaccia tr\u01b0\u1edbc khi n\u01b0\u1edbng. Tinh d\u1ea7u t\u1eeb c\u00e0 chua s\u1ebd th\u1ea5m v\u00e0o c\u1ed1t b\u00e1nh, t\u1ea1o n\u00ean nh\u1eefng kho\u1ea3ng h\u01b0\u01a1ng v\u1ecb b\u1ea5t ng\u1edd.<\/p>\n<p>\u2013\u00a0<b data-path-to-node=\"14\" data-index-in-node=\"417\">N\u00e2ng t\u1ea7m m\u00f3n h\u1ea7m (Slow-cooked dishes):<\/b>\u00a0Th\u00eam c\u00e0 chua s\u1ea5y v\u00e0o c\u00e1c m\u00f3n b\u00f2 h\u1ea7m vang \u0111\u1ecf ho\u1eb7c g\u00e0 h\u1ea7m ki\u1ec3u Ph\u00e1p (Coq au Vin) \u1edf giai \u0111o\u1ea1n cu\u1ed1i \u0111\u1ec3 t\u1ea1o \u0111\u1ed9 d\u00e0y cho n\u01b0\u1edbc s\u1ed1t v\u00e0 c\u00e2n b\u1eb1ng v\u1ecb b\u00e9o b\u1eb1ng \u0111\u1ed9 chua thanh c\u00f4 \u0111\u1eb7c.<\/p>\n<p>\u2013\u00a0<b data-path-to-node=\"14\" data-index-in-node=\"627\">K\u1ebft h\u1ee3p ph\u00f4 mai (Cheese Board):<\/b> C\u00e0 chua s\u1ea5y kh\u00f4 l\u00e0 \u0111\u1ed1i tr\u1ecdng ho\u00e0n h\u1ea3o cho c\u00e1c lo\u1ea1i ph\u00f4 mai c\u00f3 v\u1ecb m\u1ea1nh nh\u01b0 Goat Cheese, Feta ho\u1eb7c Blue Cheese nh\u1edd kh\u1ea3 n\u0103ng c\u1eaft v\u1ecb b\u00e9o v\u00e0 l\u00e0m s\u1ea1ch v\u00f2m mi\u1ec7ng.<img decoding=\"async\" class=\"aligncenter wp-image-44603\" src=\"https:\/\/havamall.com\/wp-content\/uploads\/2026\/01\/IMG_2821.webp\" alt=\"\" width=\"805\" height=\"537\" srcset=\"https:\/\/havamall.com\/wp-content\/uploads\/2026\/01\/IMG_2821.webp 2500w, https:\/\/havamall.com\/wp-content\/uploads\/2026\/01\/IMG_2821-2048x1366.webp 2048w, https:\/\/havamall.com\/wp-content\/uploads\/2026\/01\/IMG_2821-18x12.webp 18w, https:\/\/havamall.com\/wp-content\/uploads\/2026\/01\/IMG_2821-600x400.webp 600w, https:\/\/havamall.com\/wp-content\/uploads\/2026\/01\/IMG_2821-1200x800.webp 1200w\" sizes=\"(max-width: 805px) 100vw, 805px\" \/><\/p>\n<p>&nbsp;<\/p>\n<p><b data-path-to-node=\"17\" data-index-in-node=\"9\">C\u00e0 Chua S\u1ea5y Kh\u00f4 Ng\u00e2m D\u1ea7u La Sicilia 750g<\/b>\u00a0hi\u1ec7n \u0111ang c\u00f3 m\u1eb7t t\u1ea1i Havamall.<\/p>\n<\/div>\n<\/div>\n<\/div>\n<\/div>","protected":false},"excerpt":{"rendered":"<p>TH\u00d4NG TIN S\u1ea2N PH\u1ea8M Th\u01b0\u01a1ng hi\u1ec7u La Sicilia (Fine Food Selection) Xu\u1ea5t x\u1ee9 Italy (\u00dd) Th\u00e0nh ph\u1ea7n C\u00e0 chua s\u1ea5y<\/p>","protected":false},"featured_media":44600,"comment_status":"open","ping_status":"closed","template":"","meta":[],"product_brand":[],"product_cat":[154,724,705,143],"product_tag":[],"class_list":{"0":"post-44599","1":"product","2":"type-product","3":"status-publish","4":"has-post-thumbnail","6":"product_cat-gia-vi","7":"product_cat-nhap-khau-y","8":"product_cat-sot-do-hop","9":"product_cat-thuc-pham-dong-hop","10":"pa_brand-lasicilia","12":"first","13":"instock","14":"sale","15":"shipping-taxable","16":"purchasable","17":"product-type-simple"},"_links":{"self":[{"href":"https:\/\/havamall.com\/en\/wp-json\/wp\/v2\/product\/44599","targetHints":{"allow":["GET"]}}],"collection":[{"href":"https:\/\/havamall.com\/en\/wp-json\/wp\/v2\/product"}],"about":[{"href":"https:\/\/havamall.com\/en\/wp-json\/wp\/v2\/types\/product"}],"replies":[{"embeddable":true,"href":"https:\/\/havamall.com\/en\/wp-json\/wp\/v2\/comments?post=44599"}],"version-history":[{"count":0,"href":"https:\/\/havamall.com\/en\/wp-json\/wp\/v2\/product\/44599\/revisions"}],"wp:featuredmedia":[{"embeddable":true,"href":"https:\/\/havamall.com\/en\/wp-json\/wp\/v2\/media\/44600"}],"wp:attachment":[{"href":"https:\/\/havamall.com\/en\/wp-json\/wp\/v2\/media?parent=44599"}],"wp:term":[{"taxonomy":"product_brand","embeddable":true,"href":"https:\/\/havamall.com\/en\/wp-json\/wp\/v2\/product_brand?post=44599"},{"taxonomy":"product_cat","embeddable":true,"href":"https:\/\/havamall.com\/en\/wp-json\/wp\/v2\/product_cat?post=44599"},{"taxonomy":"product_tag","embeddable":true,"href":"https:\/\/havamall.com\/en\/wp-json\/wp\/v2\/product_tag?post=44599"}],"curies":[{"name":"wp","href":"https:\/\/api.w.org\/{rel}","templated":true}]}}