{"id":44634,"date":"2026-01-30T09:43:36","date_gmt":"2026-01-30T02:43:36","guid":{"rendered":"https:\/\/havamall.com\/?post_type=product&#038;p=44634"},"modified":"2026-02-24T14:01:47","modified_gmt":"2026-02-24T07:01:47","slug":"com-dua-nao-say-loai-min-vietcoco-200g-desiccated-coconut-fine-grade-vietcoco-200g","status":"publish","type":"product","link":"https:\/\/havamall.com\/en\/shop\/com-dua-nao-say-loai-min-vietcoco-200g-desiccated-coconut-fine-grade-vietcoco-200g\/","title":{"rendered":"C\u01a1m D\u1eeba N\u1ea1o S\u1ea5y Lo\u1ea1i M\u1ecbn Vietcoco 200g \u2013 Desiccated Coconut Fine Grade Vietcoco 200g"},"content":{"rendered":"<h3 data-path-to-node=\"3\">TH\u00d4NG TIN S\u1ea2N PH\u1ea8M<\/h3>\n<div class=\"horizontal-scroll-wrapper\">\n<div class=\"table-block-component\">\n<div class=\"table-block has-export-button new-table-style\">\n<div class=\"table-content not-end-of-paragraph\" data-hveid=\"0\" data-ved=\"0CAAQ3ecQahgKEwixlt_JzaqSAxUAAAAAHQAAAAAQzwk\">\n<table data-path-to-node=\"2\">\n<tbody>\n<tr>\n<td><span data-path-to-node=\"2,1,0,0\"><b data-path-to-node=\"2,1,0,0\" data-index-in-node=\"0\">Th\u01b0\u01a1ng hi\u1ec7u<\/b><\/span><\/td>\n<td><span data-path-to-node=\"2,1,1,0\">Vietcoco<\/span><\/td>\n<\/tr>\n<tr>\n<td><span data-path-to-node=\"2,2,0,0\"><b data-path-to-node=\"2,2,0,0\" data-index-in-node=\"0\">Th\u00e0nh ph\u1ea7n<\/b><\/span><\/td>\n<td><span data-path-to-node=\"2,2,1,0\">100% c\u01a1m d\u1eeba nguy\u00ean ch\u1ea5t<\/span><\/td>\n<\/tr>\n<tr>\n<td><span data-path-to-node=\"2,3,0,0\"><b data-path-to-node=\"2,3,0,0\" data-index-in-node=\"0\">Quy c\u00e1ch<\/b><\/span><\/td>\n<td><span data-path-to-node=\"2,3,1,0\">T\u00fai 200g<\/span><\/td>\n<\/tr>\n<tr>\n<td><span data-path-to-node=\"2,4,0,0\"><b data-path-to-node=\"2,4,0,0\" data-index-in-node=\"0\">\u0110\u1eb7c tr\u01b0ng<\/b><\/span><\/td>\n<td><span data-path-to-node=\"2,4,1,0\">D\u1ea1ng m\u1ecbn (Fine grade), tr\u1eafng m\u1ecbn, th\u01a1m h\u01b0\u01a1ng d\u1eeba t\u1ef1 nhi\u00ean, kh\u00f4ng Cholesterol.<\/span><\/td>\n<\/tr>\n<tr>\n<td><span data-path-to-node=\"2,5,0,0\"><b data-path-to-node=\"2,5,0,0\" data-index-in-node=\"0\">B\u1ea3o qu\u1ea3n<\/b><\/span><\/td>\n<td><span data-path-to-node=\"2,5,1,0\">N\u01a1i kh\u00f4 r\u00e1o, tho\u00e1ng m\u00e1t, tr\u00e1nh \u00e1nh n\u1eafng tr\u1ef1c ti\u1ebfp.<\/span><\/td>\n<\/tr>\n<\/tbody>\n<\/table>\n<p>Kh\u00e1c v\u1edbi c\u00e1c ngu\u1ed3n ch\u1ea5t b\u00e9o b\u00e3o h\u00f2a t\u1eeb \u0111\u1ed9ng v\u1eadt, c\u01a1m d\u1eeba n\u1ea1o s\u1ea5y lo\u1ea1i m\u1ecbn ch\u1ee9a h\u00e0m l\u01b0\u1ee3ng cao Axit Lauric \u2013 m\u1ed9t d\u1ea1ng axit b\u00e9o chu\u1ed7i trung b\u00ecnh (MCTs) v\u1edbi c\u01a1 ch\u1ebf chuy\u1ec3n h\u00f3a \u0111\u1eb7c bi\u1ec7t. Thay v\u00ec t\u00edch tr\u1eef d\u01b0\u1edbi d\u1ea1ng m\u00f4 m\u1ee1, c\u00e1c MCTs n\u00e0y \u0111\u01b0\u1ee3c v\u1eadn chuy\u1ec3n tr\u1ef1c ti\u1ebfp \u0111\u1ebfn gan \u0111\u1ec3 chuy\u1ec3n h\u00f3a ngay l\u1eadp t\u1ee9c th\u00e0nh n\u0103ng l\u01b0\u1ee3ng cho c\u01a1 th\u1ec3 v\u00e0 n\u00e3o b\u1ed9. \u0110i\u1ec1u n\u00e0y kh\u00f4ng ch\u1ec9 gi\u00fap t\u1ed1i \u01b0u h\u00f3a hi\u1ec7u su\u1ea5t l\u00e0m vi\u1ec7c m\u00e0 c\u00f2n h\u1ed7 tr\u1ee3 ki\u1ec3m so\u00e1t c\u00e2n n\u1eb7ng th\u00f4ng qua vi\u1ec7c t\u0103ng c\u01b0\u1eddng c\u1ea3m gi\u00e1c no l\u00e2u.<\/p>\n<p><img fetchpriority=\"high\" decoding=\"async\" class=\"aligncenter wp-image-44636\" src=\"https:\/\/havamall.com\/wp-content\/uploads\/2026\/01\/desiccated-coconut-2.jpg\" alt=\"\" width=\"800\" height=\"800\" \/><\/p>\n<p>K\u1ebft c\u1ea5u h\u1ea1t m\u1ecbn gi\u00fap di\u1ec7n t\u00edch ti\u1ebfp x\u00fac v\u1edbi c\u00e1c enzyme ti\u00eau h\u00f3a l\u1edbn h\u01a1n, h\u1ed7 tr\u1ee3 qu\u00e1 tr\u00ecnh trao \u0111\u1ed5i ch\u1ea5t di\u1ec5n ra hi\u1ec7u qu\u1ea3, \u0111\u1ed3ng th\u1eddi l\u00e0m ch\u1eadm qu\u00e1 tr\u00ecnh h\u1ea5p th\u1ee5 \u0111\u01b0\u1eddng v\u00e0o m\u00e1u, l\u00e0 y\u1ebfu t\u1ed1 then ch\u1ed1t gi\u00fap duy tr\u00ec ch\u1ec9 s\u1ed1 \u0111\u01b0\u1eddng huy\u1ebft \u1ed5n \u0111\u1ecbnh v\u00e0 b\u1ea3o v\u1ec7 s\u1ee9c kh\u1ecfe h\u1ec7 tim m\u1ea1ch m\u1ed9t c\u00e1ch b\u1ec1n v\u1eefng m\u00e0 kh\u00f4ng c\u1ea7n \u0111\u1ebfn s\u1ef1 h\u1ed7 tr\u1ee3 t\u1eeb b\u1ea5t k\u1ef3 th\u00e0nh ph\u1ea7n h\u00f3a h\u1ecdc n\u00e0o.<\/p>\n<p><img decoding=\"async\" class=\"aligncenter wp-image-44637\" src=\"https:\/\/havamall.com\/wp-content\/uploads\/2026\/01\/1b8096eba2b311ed48a252.jpg\" alt=\"\" width=\"800\" height=\"1066\" srcset=\"https:\/\/havamall.com\/wp-content\/uploads\/2026\/01\/1b8096eba2b311ed48a252.jpg 1920w, https:\/\/havamall.com\/wp-content\/uploads\/2026\/01\/1b8096eba2b311ed48a252-1536x2048.jpg 1536w, https:\/\/havamall.com\/wp-content\/uploads\/2026\/01\/1b8096eba2b311ed48a252-1200x1600.jpg 1200w\" sizes=\"(max-width: 800px) 100vw, 800px\" \/><\/p>\n<p>C\u01a1m d\u1eeba s\u1ea5y kh\u00f4 lo\u1ea1i m\u1ecbn kh\u00f4ng ch\u1ec9 l\u00e0 m\u1ed9t ph\u1ee5 gia h\u01b0\u01a1ng v\u1ecb m\u00e0 c\u00f2n \u0111\u00f3ng vai tr\u00f2 l\u00e0 m\u1ed9t &#8220;nguy\u00ean li\u1ec7u c\u1ea5u tr\u00fac&#8221;. K\u00edch th\u01b0\u1edbc h\u1ea1t nh\u1ecf li ti cho ph\u00e9p n\u00f3 len l\u1ecfi v\u00e0 h\u00f2a quy\u1ec7n ho\u00e0n h\u1ea3o v\u00e0o c\u00e1c th\u00e0nh ph\u1ea7n kh\u00e1c m\u00e0 kh\u00f4ng l\u00e0m bi\u1ebfn \u0111\u1ed5i h\u00ecnh d\u00e1ng nguy\u00ean th\u1ee7y c\u1ee7a m\u00f3n \u0103n:<\/p>\n<p>\u2013 V\u1edbi \u0111\u1ed9 m\u1ecbn l\u00fd t\u01b0\u1edfng, n\u00f3 tr\u1edf th\u00e0nh th\u00e0nh ph\u1ea7n chi\u1ebfn l\u01b0\u1ee3c trong c\u00e1c c\u00f4ng th\u1ee9c b\u00e1nh quy (cookies), Macaron hay b\u00e1nh b\u00f4ng lan, gi\u00fap t\u0103ng \u0111\u1ed9 b\u00e9o b\u00f9i v\u00e0 \u0111\u1ed9 x\u1ed1p m\u00e0 kh\u00f4ng l\u00e0m n\u1eb7ng c\u1ed1t b\u00e1nh. Kh\u1ea3 n\u0103ng h\u00fat \u1ea9m nh\u1eb9 c\u1ee7a d\u1eeba d\u1ea1ng m\u1ecbn c\u00f2n gi\u00fap gi\u1eef cho b\u00e1nh c\u00f3 \u0111\u1ed9 \u1ea9m l\u00e2u h\u01a1n sau khi n\u01b0\u1edbng.<\/p>\n<p>\u2013\u00a0Trong c\u00e1c m\u00f3n c\u00e0 ri ho\u1eb7c s\u1ed1t ki\u1ec3u \u00c1, d\u1eeba m\u1ecbn \u0111\u00f3ng vai tr\u00f2 l\u00e0 ch\u1ea5t l\u00e0m \u0111\u1eb7c t\u1ef1 nhi\u00ean (thickening agent). N\u00f3 t\u1ea1o ra \u0111\u1ed9 s\u00e1nh quy\u1ec7n n\u1ed3ng n\u00e0n, mang l\u1ea1i h\u1eadu v\u1ecb b\u00e9o ng\u1eady \u0111\u1eb7c tr\u01b0ng c\u1ee7a c\u1ed1t d\u1eeba t\u01b0\u01a1i nh\u01b0ng \u1edf d\u1ea1ng kh\u00f4 ti\u1ec7n l\u1ee3i v\u00e0 d\u1ec5 b\u1ea3o qu\u1ea3n h\u01a1n.<\/p>\n<p>\u2013 Vi\u1ec7c k\u1ebft h\u1ee3p d\u1eeba m\u1ecbn v\u00e0o c\u00e1c b\u00e1t Smoothie Bowl, Granola hay s\u1eefa chua kh\u00f4ng ch\u1ec9 l\u00e0 m\u1ed9t s\u1ef1 b\u1ed5 sung v\u1ec1 k\u1ebft c\u1ea5u gi\u00f2n nh\u1eb9 m\u00e0 c\u00f2n l\u00e0 c\u00e1ch n\u1ea1p ngu\u1ed3n n\u0103ng l\u01b0\u1ee3ng s\u1ea1ch, tinh khi\u1ebft t\u1eeb th\u1ef1c v\u1eadt cho c\u01a1 th\u1ec3.<\/p>\n<p><img decoding=\"async\" class=\"aligncenter wp-image-44638\" src=\"https:\/\/havamall.com\/wp-content\/uploads\/2026\/01\/Lamingtons4.jpg\" alt=\"\" width=\"800\" height=\"1200\" \/><\/p>\n<p>Do \u0111\u1eb7c th\u00f9 ch\u1ee9a nhi\u1ec1u tinh d\u1ea7u d\u1eeba t\u1ef1 nhi\u00ean, c\u01a1m d\u1eeba n\u1ea1o s\u1ea5y lo\u1ea1i m\u1ecbn r\u1ea5t nh\u1ea1y c\u1ea3m v\u1edbi qu\u00e1 tr\u00ecnh oxy h\u00f3a n\u1ebfu ti\u1ebfp x\u00fac l\u00e2u v\u1edbi kh\u00f4ng kh\u00ed. \u0110\u1ec3 \u0111\u1ea1t \u0111\u01b0\u1ee3c hi\u1ec7u qu\u1ea3 s\u1eed d\u1ee5ng cao nh\u1ea5t, c\u1eadu n\u00ean \u01b0u ti\u00ean b\u1ea3o qu\u1ea3n \u1edf m\u00f4i tr\u01b0\u1eddng kh\u00f4 tho\u00e1ng, nhi\u1ec7t \u0111\u1ed9 \u1ed5n \u0111\u1ecbnh v\u00e0 tr\u00e1nh \u00e1nh s\u00e1ng tr\u1ef1c ti\u1ebfp. S\u1ef1 t\u1ec9 m\u1ec9 trong c\u00e1ch l\u01b0u tr\u1eef kh\u00f4ng ch\u1ec9 gi\u00fap k\u00e9o d\u00e0i th\u1eddi h\u1ea1n s\u1eed d\u1ee5ng m\u00e0 c\u00f2n \u0111\u1ea3m b\u1ea3o r\u1eb1ng m\u1ed7i h\u1ea1t d\u1eeba khi ch\u1ea1m v\u00e0o m\u00f3n \u0103n \u0111\u1ec1u gi\u1eef nguy\u00ean \u0111\u01b0\u1ee3c \u0111\u1ed9 b\u00e9o b\u00f9i tinh t\u00fay nh\u1ea5t t\u1eeb v\u00f9ng nguy\u00ean li\u1ec7u B\u1ebfn Tre.<\/p>\n<p data-path-to-node=\"16\"><b data-path-to-node=\"16\" data-index-in-node=\"0\">C\u01a1m d\u1eeba s\u1ea5y kh\u00f4 Vietcoco \u2013 Lo\u1ea1i m\u1ecbn 200g<\/b> hi\u1ec7n \u0111ang c\u00f3 m\u1eb7t t\u1ea1i Havamall.<\/p>\n<\/div>\n<\/div>\n<\/div>\n<\/div>","protected":false},"excerpt":{"rendered":"<p>TH\u00d4NG TIN S\u1ea2N PH\u1ea8M Th\u01b0\u01a1ng hi\u1ec7u Vietcoco Th\u00e0nh ph\u1ea7n 100% c\u01a1m d\u1eeba nguy\u00ean ch\u1ea5t Quy c\u00e1ch T\u00fai 200g \u0110\u1eb7c tr\u01b0ng<\/p>","protected":false},"featured_media":44635,"comment_status":"open","ping_status":"closed","template":"","meta":[],"product_brand":[],"product_cat":[730,595,255],"product_tag":[],"class_list":{"0":"post-44634","1":"product","2":"type-product","3":"status-publish","4":"has-post-thumbnail","6":"product_cat-cac-nuoc-khac","7":"product_cat-gia-vi-va-che-bien","8":"product_cat-nguyen-lieu-lam-banh","9":"pa_brand-vietcoco","11":"first","12":"instock","13":"sale","14":"shipping-taxable","15":"purchasable","16":"product-type-simple"},"_links":{"self":[{"href":"https:\/\/havamall.com\/en\/wp-json\/wp\/v2\/product\/44634","targetHints":{"allow":["GET"]}}],"collection":[{"href":"https:\/\/havamall.com\/en\/wp-json\/wp\/v2\/product"}],"about":[{"href":"https:\/\/havamall.com\/en\/wp-json\/wp\/v2\/types\/product"}],"replies":[{"embeddable":true,"href":"https:\/\/havamall.com\/en\/wp-json\/wp\/v2\/comments?post=44634"}],"version-history":[{"count":0,"href":"https:\/\/havamall.com\/en\/wp-json\/wp\/v2\/product\/44634\/revisions"}],"wp:featuredmedia":[{"embeddable":true,"href":"https:\/\/havamall.com\/en\/wp-json\/wp\/v2\/media\/44635"}],"wp:attachment":[{"href":"https:\/\/havamall.com\/en\/wp-json\/wp\/v2\/media?parent=44634"}],"wp:term":[{"taxonomy":"product_brand","embeddable":true,"href":"https:\/\/havamall.com\/en\/wp-json\/wp\/v2\/product_brand?post=44634"},{"taxonomy":"product_cat","embeddable":true,"href":"https:\/\/havamall.com\/en\/wp-json\/wp\/v2\/product_cat?post=44634"},{"taxonomy":"product_tag","embeddable":true,"href":"https:\/\/havamall.com\/en\/wp-json\/wp\/v2\/product_tag?post=44634"}],"curies":[{"name":"wp","href":"https:\/\/api.w.org\/{rel}","templated":true}]}}