{"id":44640,"date":"2026-01-30T12:01:11","date_gmt":"2026-01-30T05:01:11","guid":{"rendered":"https:\/\/havamall.com\/?post_type=product&#038;p=44640"},"modified":"2026-01-30T12:01:11","modified_gmt":"2026-01-30T05:01:11","slug":"so-co-la-dang-nut-huong-matcha-cacao-talk-500g-premium-buttons-chocolate-matcha-flavor-cacao-talk-500g","status":"publish","type":"product","link":"https:\/\/havamall.com\/en\/shop\/so-co-la-dang-nut-huong-matcha-cacao-talk-500g-premium-buttons-chocolate-matcha-flavor-cacao-talk-500g\/","title":{"rendered":"S\u00f4 C\u00f4 La D\u1ea1ng N\u00fat H\u01b0\u01a1ng Matcha Cacao Talk 500g \u2013 Premium Buttons Chocolate Matcha Flavor Cacao Talk 500g"},"content":{"rendered":"<h3 data-path-to-node=\"4\">TH\u00d4NG TIN S\u1ea2N PH\u1ea8M<\/h3>\n<div class=\"horizontal-scroll-wrapper\">\n<div class=\"table-block-component\">\n<div class=\"table-block has-export-button new-table-style\">\n<table data-path-to-node=\"5\">\n<tbody>\n<tr>\n<td><span data-path-to-node=\"5,1,0,0\"><b data-path-to-node=\"5,1,0,0\" data-index-in-node=\"0\">Th\u01b0\u01a1ng hi\u1ec7u<\/b><\/span><\/td>\n<td><span data-path-to-node=\"5,1,1,0\">Cacao Talk (Vi\u1ec7t Nam)<\/span><\/td>\n<\/tr>\n<tr>\n<td><span data-path-to-node=\"5,2,0,0\"><b data-path-to-node=\"5,2,0,0\" data-index-in-node=\"0\">Th\u00e0nh ph\u1ea7n<\/b><\/span><\/td>\n<td><span data-path-to-node=\"5,2,1,0\">\u0110\u01b0\u1eddng, b\u00e9o th\u1ef1c v\u1eadt, b\u1ed9t s\u1eefa, b\u1ed9t tr\u00e0 xanh (matcha), ch\u1ea5t nh\u0169 h\u00f3a&#8230;<\/span><\/td>\n<\/tr>\n<tr>\n<td><span data-path-to-node=\"5,3,0,0\"><b data-path-to-node=\"5,3,0,0\" data-index-in-node=\"0\">Quy c\u00e1ch<\/b><\/span><\/td>\n<td><span data-path-to-node=\"5,3,1,0\">T\u00fai 500g, d\u1ea1ng n\u00fat tr\u00f2n (buttons) d\u1ec5 n\u00f3ng ch\u1ea3y<\/span><\/td>\n<\/tr>\n<tr>\n<td><span data-path-to-node=\"5,4,0,0\"><b data-path-to-node=\"5,4,0,0\" data-index-in-node=\"0\">\u0110\u1eb7c tr\u01b0ng<\/b><\/span><\/td>\n<td><span data-path-to-node=\"5,4,1,0\">M\u00e0u xanh matcha t\u1ef1 nhi\u00ean, h\u01b0\u01a1ng th\u01a1m thanh khi\u1ebft, \u0111\u1ed9 b\u00f3ng m\u1ecbn cao.<\/span><\/td>\n<\/tr>\n<tr>\n<td><span data-path-to-node=\"5,5,0,0\"><b data-path-to-node=\"5,5,0,0\" data-index-in-node=\"0\">B\u1ea3o qu\u1ea3n<\/b><\/span><\/td>\n<td><span data-path-to-node=\"5,5,1,0\">N\u01a1i kh\u00f4 r\u00e1o (18-22\u00b0C), tr\u00e1nh \u00e1nh n\u1eafng v\u00e0 m\u00f9i l\u1ea1.<\/span><\/td>\n<\/tr>\n<\/tbody>\n<\/table>\n<p>S\u00f4 C\u00f4 La Compound H\u01b0\u01a1ng Matcha t\u1eeb Cacao Talk c\u00f3 k\u1ebft c\u1ea5u d\u1ea1ng n\u00fat (buttons) \u0111\u1ed3ng nh\u1ea5t, h\u00f2a tr\u1ed9n gi\u1eefa v\u1ecb b\u00e9o ng\u1eady c\u1ee7a s\u00f4 c\u00f4 la tr\u1eafng v\u00e0 h\u1eadu v\u1ecb ch\u00e1t nh\u1eb9, thanh tao c\u1ee7a tr\u00e0 xanh. Kh\u00e1c v\u1edbi c\u00e1c d\u00f2ng s\u00f4 c\u00f4 la nguy\u00ean ch\u1ea5t (couverture) \u0111\u00f2i h\u1ecfi k\u1ef9 thu\u1eadt tempering ph\u1ee9c t\u1ea1p, d\u00f2ng Compound c\u1ee7a Cacao Talk \u0111\u01b0\u1ee3c thi\u1ebft k\u1ebf v\u1edbi \u0111\u1ed9 \u1ed5n \u0111\u1ecbnh nhi\u1ec7t cao, cho ph\u00e9p ng\u01b0\u1eddi d\u00f9ng t\u1ea1o ra nh\u1eefng l\u1edbp ph\u1ee7 b\u00f3ng m\u1ecbn, kh\u00f4 nhanh v\u00e0 c\u00f3 \u0111\u1ed9 gi\u00f2n \u0111\u1eb7c tr\u01b0ng ngay c\u1ea3 trong \u0111i\u1ec1u ki\u1ec7n nhi\u1ec7t \u0111\u1ed9 ph\u00f2ng t\u1ea1i Vi\u1ec7t Nam.<\/p>\n<p><img fetchpriority=\"high\" decoding=\"async\" class=\"aligncenter  wp-image-44643\" src=\"https:\/\/havamall.com\/wp-content\/uploads\/2026\/01\/7B9A2840-scaled-1.jpg\" alt=\"\" width=\"801\" height=\"534\" srcset=\"https:\/\/havamall.com\/wp-content\/uploads\/2026\/01\/7B9A2840-scaled-1.jpg 2560w, https:\/\/havamall.com\/wp-content\/uploads\/2026\/01\/7B9A2840-scaled-1-2048x1366.jpg 2048w, https:\/\/havamall.com\/wp-content\/uploads\/2026\/01\/7B9A2840-scaled-1-1200x800.jpg 1200w\" sizes=\"(max-width: 801px) 100vw, 801px\" \/><\/p>\n<p data-path-to-node=\"11\">Nh\u1edd k\u1ebft c\u1ea5u d\u1ea1ng n\u00fat linh ho\u1ea1t v\u00e0 h\u01b0\u01a1ng v\u1ecb n\u1ecbnh mi\u1ec7ng, s\u00f4 c\u00f4 la Matcha tr\u1edf th\u00e0nh ch\u1ea5t x\u00fac t\u00e1c m\u1ea1nh m\u1ebd gi\u00fap n\u00e2ng t\u1ea7m gi\u00e1 tr\u1ecb cho m\u1ecdi th\u00e0nh ph\u1ea9m tr\u00e1ng mi\u1ec7ng:<\/p>\n<p data-path-to-node=\"11\">\u2013 V\u1edbi \u0111\u1ed9 b\u00f3ng m\u1ecbn tuy\u1ec7t v\u1eddi khi n\u00f3ng ch\u1ea3y, s\u1ea3n ph\u1ea9m l\u00e0 l\u1ef1a ch\u1ecdn h\u00e0ng \u0111\u1ea7u \u0111\u1ec3 ph\u1ee7 l\u00ean b\u00e1nh Donut, Cake Pops ho\u1eb7c l\u00e0m l\u1edbp v\u1ecf gi\u00f2n cho c\u00e1c d\u00f2ng kem que th\u1ee7 c\u00f4ng. M\u00e0u xanh Matcha t\u1ef1 nhi\u00ean kh\u00f4ng ch\u1ec9 t\u1ea1o \u1ea5n t\u01b0\u1ee3ng th\u1ecb gi\u00e1c m\u1ea1nh m\u1ebd m\u00e0 c\u00f2n gi\u00fap m\u00f3n \u0103n to\u00e1t l\u00ean v\u1ebb sang tr\u1ecdng, hi\u1ec7n \u0111\u1ea1i.<\/p>\n<p data-path-to-node=\"11\">\u2013 C\u00f3 th\u1ec3 s\u1eed d\u1ee5ng tr\u1ef1c ti\u1ebfp c\u00e1c n\u00fat s\u00f4 c\u00f4 la l\u00e0m nh\u00e2n cho c\u00e1c d\u00f2ng b\u00e1nh Cookies, Muffin ho\u1eb7c tr\u1ed9n v\u00e0o b\u1ed9t b\u00e1nh Brioche \u0111\u1ec3 t\u1ea1o n\u00ean nh\u1eefng \u0111i\u1ec3m nh\u1ea5n v\u1ecb gi\u00e1c b\u00f9ng n\u1ed5. Khi n\u01b0\u1edbng, s\u00f4 c\u00f4 la gi\u1eef \u0111\u01b0\u1ee3c h\u00ecnh d\u00e1ng \u1ed5n \u0111\u1ecbnh nh\u01b0ng v\u1eabn mang l\u1ea1i c\u1ea3m gi\u00e1c tan ch\u1ea3y nh\u1eb9 nh\u00e0ng khi th\u01b0\u1edfng th\u1ee9c.<\/p>\n<p data-path-to-node=\"11\">\u2013 Vi\u1ec7c \u0111un ch\u1ea3y s\u00f4 c\u00f4 la n\u00fat c\u00f9ng s\u1eefa n\u00f3ng thay v\u00ec d\u00f9ng b\u1ed9t tr\u00e0 xanh truy\u1ec1n th\u1ed1ng s\u1ebd gi\u00fap ly Matcha Latte c\u00f3 \u0111\u1ed9 s\u00e1nh quy\u1ec7n, b\u00e9o ng\u1eady v\u00e0 h\u01b0\u01a1ng th\u01a1m n\u1ed3ng n\u00e0n h\u01a1n, t\u1ea1o ra s\u1ef1 kh\u00e1c bi\u1ec7t ho\u00e0n to\u00e0n cho menu \u0111\u1ed3 u\u1ed1ng c\u1ee7a c\u1eadu.<\/p>\n<p data-path-to-node=\"11\"><img decoding=\"async\" class=\"aligncenter  wp-image-44645\" src=\"https:\/\/havamall.com\/wp-content\/uploads\/2026\/01\/358967344_616989470226459_7239396127915588508_n.jpg\" alt=\"\" width=\"799\" height=\"798\" srcset=\"https:\/\/havamall.com\/wp-content\/uploads\/2026\/01\/358967344_616989470226459_7239396127915588508_n.jpg 1440w, https:\/\/havamall.com\/wp-content\/uploads\/2026\/01\/358967344_616989470226459_7239396127915588508_n-1200x1199.jpg 1200w\" sizes=\"(max-width: 799px) 100vw, 799px\" \/><\/p>\n<p data-path-to-node=\"11\"><span style=\"font-size: 14pt\"><strong>C\u00c1CH B\u1ea2O QU\u1ea2N SOCOLA:<\/strong><\/span><\/p>\n<p data-path-to-node=\"14\">\u2013\u00a0<b data-path-to-node=\"14\" data-index-in-node=\"2\">Nguy\u00ean t\u1eafc r\u00e3 \u0111\u00f4ng v\u00e0 \u0111un ch\u1ea3y:<\/b>\u00a0\u0110\u1ec3 s\u00f4 c\u00f4 la gi\u1eef \u0111\u01b0\u1ee3c \u0111\u1ed9 m\u1ecbn v\u00e0 m\u00e0u s\u1eafc t\u01b0\u01a1i s\u00e1ng, h\u00e3y lu\u00f4n \u0111un c\u00e1ch th\u1ee7y \u1edf nhi\u1ec7t \u0111\u1ed9 kh\u00f4ng qu\u00e1 45\u00b0C. Tr\u00e1nh tuy\u1ec7t \u0111\u1ed1i vi\u1ec7c \u0111\u1ec3 h\u01a1i n\u01b0\u1edbc r\u01a1i v\u00e0o h\u1ed7n h\u1ee3p s\u00f4 c\u00f4 la, v\u00ec \u0111\u1ed9 \u1ea9m d\u00f9 nh\u1ecf nh\u1ea5t c\u0169ng c\u00f3 th\u1ec3 l\u00e0m bi\u1ebfn \u0111\u1ed5i c\u1ea5u tr\u00fac, khi\u1ebfn h\u1ed7n h\u1ee3p b\u1ecb kh\u00f4 c\u1ee9ng ho\u1eb7c x\u1ec9n m\u00e0u.<\/p>\n<p data-path-to-node=\"14\">\u2013\u00a0<b data-path-to-node=\"14\" data-index-in-node=\"291\">M\u00f4i tr\u01b0\u1eddng l\u01b0u tr\u1eef l\u00fd t\u01b0\u1edfng:<\/b>\u00a0Do \u0111\u1eb7c t\u00ednh nh\u1ea1y c\u1ea3m v\u1edbi m\u00f9i v\u00e0 nhi\u1ec7t \u0111\u1ed9, t\u00fai s\u00f4 c\u00f4 la sau khi m\u1edf n\u00ean \u0111\u01b0\u1ee3c \u00e9p h\u1ebft kh\u00ed th\u1eeba v\u00e0 b\u1ea3o qu\u1ea3n trong ng\u0103n m\u00e1t t\u1ee7 l\u1ea1nh ho\u1eb7c ph\u00f2ng m\u00e1y l\u1ea1nh (18-22\u00b0C). Vi\u1ec7c duy tr\u00ec nhi\u1ec7t \u0111\u1ed9 \u1ed5n \u0111\u1ecbnh gi\u00fap ng\u0103n ch\u1eb7n hi\u1ec7n t\u01b0\u1ee3ng &#8220;fat bloom&#8221; (l\u1ea1i b\u00e9o), \u0111\u1ea3m b\u1ea3o b\u1ec1 m\u1eb7t s\u00f4 c\u00f4 la lu\u00f4n m\u01b0\u1edbt m\u1ecbn cho nh\u1eefng l\u1ea7n s\u1eed d\u1ee5ng ti\u1ebfp theo.<\/p>\n<p data-path-to-node=\"14\"><img decoding=\"async\" class=\"aligncenter  wp-image-44646\" src=\"https:\/\/havamall.com\/wp-content\/uploads\/2026\/01\/73246.jpg\" alt=\"\" width=\"801\" height=\"601\" srcset=\"https:\/\/havamall.com\/wp-content\/uploads\/2026\/01\/73246.jpg 2500w, https:\/\/havamall.com\/wp-content\/uploads\/2026\/01\/73246-2048x1536.jpg 2048w, https:\/\/havamall.com\/wp-content\/uploads\/2026\/01\/73246-1200x900.jpg 1200w\" sizes=\"(max-width: 801px) 100vw, 801px\" \/><\/p>\n<p data-path-to-node=\"15\"><b data-path-to-node=\"15\" data-index-in-node=\"0\">S\u00f4 C\u00f4 La Compound D\u1ea1ng N\u00fat H\u01b0\u01a1ng Matcha Cacao Talk 500g<\/b>\u00a0hi\u1ec7n \u0111ang c\u00f3 m\u1eb7t t\u1ea1i Havamall.<\/p>\n<\/div>\n<\/div>\n<\/div>","protected":false},"excerpt":{"rendered":"<p>TH\u00d4NG TIN S\u1ea2N PH\u1ea8M Th\u01b0\u01a1ng hi\u1ec7u Cacao Talk (Vi\u1ec7t Nam) Th\u00e0nh ph\u1ea7n \u0110\u01b0\u1eddng, b\u00e9o th\u1ef1c v\u1eadt, b\u1ed9t s\u1eefa, b\u1ed9t tr\u00e0<\/p>","protected":false},"featured_media":44641,"comment_status":"open","ping_status":"closed","template":"","meta":[],"product_brand":[],"product_cat":[730,255],"product_tag":[],"class_list":{"0":"post-44640","1":"product","2":"type-product","3":"status-publish","4":"has-post-thumbnail","6":"product_cat-cac-nuoc-khac","7":"product_cat-nguyen-lieu-lam-banh","9":"first","10":"instock","11":"sale","12":"shipping-taxable","13":"purchasable","14":"product-type-simple"},"_links":{"self":[{"href":"https:\/\/havamall.com\/en\/wp-json\/wp\/v2\/product\/44640","targetHints":{"allow":["GET"]}}],"collection":[{"href":"https:\/\/havamall.com\/en\/wp-json\/wp\/v2\/product"}],"about":[{"href":"https:\/\/havamall.com\/en\/wp-json\/wp\/v2\/types\/product"}],"replies":[{"embeddable":true,"href":"https:\/\/havamall.com\/en\/wp-json\/wp\/v2\/comments?post=44640"}],"version-history":[{"count":0,"href":"https:\/\/havamall.com\/en\/wp-json\/wp\/v2\/product\/44640\/revisions"}],"wp:featuredmedia":[{"embeddable":true,"href":"https:\/\/havamall.com\/en\/wp-json\/wp\/v2\/media\/44641"}],"wp:attachment":[{"href":"https:\/\/havamall.com\/en\/wp-json\/wp\/v2\/media?parent=44640"}],"wp:term":[{"taxonomy":"product_brand","embeddable":true,"href":"https:\/\/havamall.com\/en\/wp-json\/wp\/v2\/product_brand?post=44640"},{"taxonomy":"product_cat","embeddable":true,"href":"https:\/\/havamall.com\/en\/wp-json\/wp\/v2\/product_cat?post=44640"},{"taxonomy":"product_tag","embeddable":true,"href":"https:\/\/havamall.com\/en\/wp-json\/wp\/v2\/product_tag?post=44640"}],"curies":[{"name":"wp","href":"https:\/\/api.w.org\/{rel}","templated":true}]}}