{"id":44648,"date":"2026-01-30T16:38:29","date_gmt":"2026-01-30T09:38:29","guid":{"rendered":"https:\/\/havamall.com\/?post_type=product&#038;p=44648"},"modified":"2026-01-30T16:38:41","modified_gmt":"2026-01-30T09:38:41","slug":"so-co-la-compound-trang-dang-nut-cacao-talk-500g-white-compound-chocolate-button-cacao-talk-500g","status":"publish","type":"product","link":"https:\/\/havamall.com\/en\/shop\/so-co-la-compound-trang-dang-nut-cacao-talk-500g-white-compound-chocolate-button-cacao-talk-500g\/","title":{"rendered":"S\u00f4 C\u00f4 La Compound Tr\u1eafng D\u1ea1ng N\u00fat Cacao Talk 500g \u2013 White Compound Chocolate Button Cacao Talk 500g"},"content":{"rendered":"<h3 data-path-to-node=\"4\">TH\u00d4NG TIN S\u1ea2N PH\u1ea8M<\/h3>\n<div class=\"horizontal-scroll-wrapper\">\n<div class=\"table-block-component\">\n<div class=\"table-block has-export-button new-table-style\">\n<table data-path-to-node=\"5\">\n<tbody>\n<tr>\n<td><span data-path-to-node=\"5,1,0,0\"><b data-path-to-node=\"5,1,0,0\" data-index-in-node=\"0\">Th\u01b0\u01a1ng hi\u1ec7u<\/b><\/span><\/td>\n<td><span data-path-to-node=\"5,1,1,0\">Cacao Talk (Vi\u1ec7t Nam)<\/span><\/td>\n<\/tr>\n<tr>\n<td><span data-path-to-node=\"5,2,0,0\"><b data-path-to-node=\"5,2,0,0\" data-index-in-node=\"0\">Th\u00e0nh ph\u1ea7n<\/b><\/span><\/td>\n<td><span data-path-to-node=\"5,2,1,0\">\u0110\u01b0\u1eddng, b\u00e9o th\u1ef1c v\u1eadt, b\u1ed9t s\u1eefa, ch\u1ea5t nh\u0169 h\u00f3a, h\u01b0\u01a1ng vani t\u1ed5ng h\u1ee3p&#8230;<\/span><\/td>\n<\/tr>\n<tr>\n<td><span data-path-to-node=\"5,3,0,0\"><b data-path-to-node=\"5,3,0,0\" data-index-in-node=\"0\">Quy c\u00e1ch<\/b><\/span><\/td>\n<td><span data-path-to-node=\"5,3,1,0\">T\u00fai 500g<\/span><\/td>\n<\/tr>\n<tr>\n<td><span data-path-to-node=\"5,4,0,0\"><b data-path-to-node=\"5,4,0,0\" data-index-in-node=\"0\">\u0110\u1eb7c tr\u01b0ng<\/b><\/span><\/td>\n<td><span data-path-to-node=\"5,4,1,0\">D\u1ea1ng n\u00fat tr\u00f2n (buttons), m\u00e0u tr\u1eafng kem, v\u1ecb b\u00e9o ng\u1eady n\u1ed3ng n\u00e0n c\u1ee7a s\u1eefa.<\/span><\/td>\n<\/tr>\n<tr>\n<td><span data-path-to-node=\"5,5,0,0\"><b data-path-to-node=\"5,5,0,0\" data-index-in-node=\"0\">B\u1ea3o qu\u1ea3n<\/b><\/span><\/td>\n<td><span data-path-to-node=\"5,5,1,0\">N\u01a1i kh\u00f4 r\u00e1o (18-22\u00b0C), tr\u00e1nh \u00e1nh n\u1eafng v\u00e0 m\u00f9i l\u1ea1.<\/span><\/td>\n<\/tr>\n<\/tbody>\n<\/table>\n<p>S\u00f4 c\u00f4 la tr\u1eafng d\u1ea1ng n\u00fat c\u1ee7a Cacao Talk c\u00f3 \u0111\u1ed9 b\u00e9o ng\u1eady v\u01b0\u1ee3t tr\u1ed9i t\u1eeb ngu\u1ed3n b\u1ed9t s\u1eefa ch\u1ecdn l\u1ecdc, k\u1ebft h\u1ee3p c\u00f9ng h\u01b0\u01a1ng vani tinh t\u1ebf gi\u00fap l\u00e0m d\u1eady m\u00f9i cho c\u00e1c th\u00e0nh ph\u1ea7n \u0111i k\u00e8m. Kh\u00e1c v\u1edbi s\u00f4 c\u00f4 la tr\u1eafng nguy\u00ean ch\u1ea5t v\u1ed1n r\u1ea5t nh\u1ea1y c\u1ea3m v\u1edbi nhi\u1ec7t \u0111\u1ed9 v\u00e0 d\u1ec5 b\u1ecb t\u00e1ch d\u1ea7u, s\u1ea3n ph\u1ea9m c\u1ee7a Cacao Talk \u0111\u01b0\u1ee3c tinh ch\u1ec9nh \u0111\u1ec3 c\u00f3 \u0111\u1ed9 \u1ed5n \u0111\u1ecbnh cao, gi\u00fap l\u1edbp v\u1ecf s\u00f4 c\u00f4 la sau khi kh\u00f4 gi\u1eef \u0111\u01b0\u1ee3c \u0111\u1ed9 c\u1ee9ng l\u00fd t\u01b0\u1edfng, b\u1ec1 m\u1eb7t b\u00f3ng b\u1ea9y v\u00e0 kh\u00f4ng b\u1ecb hi\u1ec7n t\u01b0\u1ee3ng &#8220;l\u1ea1i \u0111\u01b0\u1eddng&#8221; ngay c\u1ea3 trong kh\u00ed h\u1eadu nhi\u1ec7t \u0111\u1edbi.<\/p>\n<p><img fetchpriority=\"high\" decoding=\"async\" class=\"aligncenter\" src=\"https:\/\/havamall.com\/wp-content\/uploads\/2026\/01\/Ac59f52eb5f784769ab82670e2f90e5141.jpg\" alt=\"Wholesale OEM Customization Snacks HALAL High Quality Compound White  Chocolate Button Cocoa 1KG Candy Bakery Food| Alibaba.com\" width=\"801\" height=\"534\" \/><\/p>\n<\/div>\n<h3 data-path-to-node=\"10\">BI\u1ebeN T\u1ea4U H\u01af\u01a0NG V\u1eca<\/h3>\n<p>\u2013 Pha tr\u1ed9n c\u00f9ng c\u00e1c lo\u1ea1i m\u00e0u th\u1ef1c ph\u1ea9m d\u1ea1ng d\u1ea7u ho\u1eb7c b\u1ed9t tr\u00e1i c\u00e2y t\u1ef1 nhi\u00ean. Ch\u1ec9 v\u1edbi m\u1ed9t ch\u00fat thay \u0111\u1ed5i, c\u1eadu c\u00f3 th\u1ec3 bi\u1ebfn s\u00f4 c\u00f4 la tr\u1eafng th\u00e0nh nh\u1eefng m\u1ea3ng m\u00e0u r\u1ef1c r\u1ee1 ho\u1eb7c c\u00e1c h\u01b0\u01a1ng v\u1ecb \u0111\u1ed9c \u0111\u00e1o nh\u01b0 d\u00e2u t\u00e2y, vi\u1ec7t qu\u1ea5t hay cam \u0111\u1ec3 l\u00e0m m\u1edbi menu b\u00e1nh.<\/p>\n<p>\u2013 Khi k\u1ebft h\u1ee3p c\u00f9ng kem t\u01b0\u01a1i, s\u00f4 c\u00f4 la tr\u1eafng t\u1ea1o n\u00ean k\u1ebft c\u1ea5u m\u1ecbn m\u00e0ng, d\u1ebbo dai cho nh\u00e2n b\u00e1nh macaron ho\u1eb7c c\u00e1c l\u1edbp kem mousse tan ch\u1ea3y. \u0110\u1ed9 ng\u1ecdt c\u00e2n b\u1eb1ng c\u1ee7a s\u1ea3n ph\u1ea9m gi\u00fap l\u00e0m n\u1ed5i b\u1eadt h\u01b0\u01a1ng v\u1ecb c\u1ee7a c\u00e1c lo\u1ea1i tr\u00e1i c\u00e2y chua ho\u1eb7c c\u00e1c lo\u1ea1i h\u1ea1t rang \u0111i k\u00e8m.<\/p>\n<p>\u2013 V\u1edbi \u0111\u1ed9 b\u00f3ng m\u1ecbn cao khi n\u00f3ng ch\u1ea3y, \u0111\u00e2y l\u00e0 nguy\u00ean li\u1ec7u l\u00fd t\u01b0\u1edfng \u0111\u1ec3 nh\u00fang d\u00e2u t\u00e2y t\u01b0\u01a1i, ph\u1ee7 b\u00e1nh Popsicle ho\u1eb7c t\u1ea1o nh\u1eefng \u0111\u01b0\u1eddng v\u00e2n trang tr\u00ed tinh t\u1ebf tr\u00ean n\u1ec1n s\u00f4 c\u00f4 la \u0111en, t\u1ea1o ra s\u1ef1 t\u01b0\u01a1ng ph\u1ea3n m\u00e0u s\u1eafc \u0111\u1ea7y cu\u1ed1n h\u00fat.<\/p>\n<p><img decoding=\"async\" class=\"aligncenter\" src=\"https:\/\/havamall.com\/wp-content\/uploads\/2026\/01\/20170923_082415.jpg\" alt=\"Chocolate button birthday cake\" width=\"804\" height=\"452\" \/><\/p>\n<h3 data-path-to-node=\"13\">B\u00cd QUY\u1ebeT GI\u1eee TR\u1eccN V\u1eba \u0110\u1eb8P M\u01af\u1edaT M\u1ecaN<\/h3>\n<p data-path-to-node=\"14\">\u2013\u00a0<b data-path-to-node=\"14\" data-index-in-node=\"2\">Ki\u1ec3m so\u00e1t nhi\u1ec7t \u0111\u1ed9 n\u00f3ng ch\u1ea3y:<\/b> S\u00f4 c\u00f4 la tr\u1eafng c\u00f3 h\u00e0m l\u01b0\u1ee3ng \u0111\u01b0\u1eddng cao n\u00ean r\u1ea5t d\u1ec5 b\u1ecb ch\u00e1y n\u1ebfu ti\u1ebfp x\u00fac nhi\u1ec7t qu\u00e1 m\u1ea1nh, n\u00ean \u0111un c\u00e1ch th\u1ee7y \u1edf nhi\u1ec7t \u0111\u1ed9 th\u1ea5p ho\u1eb7c s\u1eed d\u1ee5ng l\u00f2 vi s\u00f3ng \u1edf ch\u1ebf \u0111\u1ed9 trung b\u00ecnh, chia nh\u1ecf th\u1eddi gian v\u00e0 khu\u1ea5y \u0111\u1ec1u sau m\u1ed7i 20 gi\u00e2y \u0111\u1ec3 \u0111\u1ea3m b\u1ea3o h\u1ed7n h\u1ee3p lu\u00f4n \u0111\u1ea1t \u0111\u1ed9 m\u1ecbn ho\u00e0n h\u1ea3o nh\u1ea5t.<\/p>\n<p data-path-to-node=\"14\">\u2013\u00a0<b data-path-to-node=\"14\" data-index-in-node=\"301\">H\u1ec7 th\u1ed1ng l\u01b0u tr\u1eef ti\u00eau chu\u1ea9n:<\/b>\u00a0Sau khi s\u1eed d\u1ee5ng, h\u00e3y lu\u00f4n kh\u00f3a ch\u1eb7t mi\u1ec7ng t\u00fai zip \u0111\u1ec3 ng\u0103n ch\u1eb7n \u0111\u1ed9 \u1ea9m v\u00e0 c\u00e1c m\u00f9i l\u1ea1 t\u1eeb m\u00f4i tr\u01b0\u1eddng x\u00e2m nh\u1eadp. B\u1ea3o qu\u1ea3n \u1edf nhi\u1ec7t \u0111\u1ed9 ph\u00f2ng l\u00fd t\u01b0\u1edfng t\u1eeb 18-22\u00b0C s\u1ebd gi\u00fap c\u00e1c n\u00fat s\u00f4 c\u00f4 la lu\u00f4n r\u1eddi r\u1ea1c, kh\u00f4ng b\u1ecb b\u1ebft d\u00ednh v\u00e0 gi\u1eef nguy\u00ean \u0111\u01b0\u1ee3c h\u01b0\u01a1ng th\u01a1m s\u1eefa n\u1ed3ng n\u00e0n cho nh\u1eefng l\u1ea7n s\u00e1ng t\u1ea1o ti\u1ebfp theo.<\/p>\n<p data-path-to-node=\"14\"><img decoding=\"async\" class=\"aligncenter\" src=\"https:\/\/havamall.com\/wp-content\/uploads\/2026\/01\/Bakers-Street-Premium-White-Chocolate-Buttons.png\" alt=\"Bakers Street Premium White Chocolate Buttons 500g, 1Kg | Bakers Street\" width=\"800\" height=\"800\" \/><\/p>\n<p data-path-to-node=\"15\"><b data-path-to-node=\"15\" data-index-in-node=\"0\">S\u00f4 C\u00f4 La Compound Tr\u1eafng D\u1ea1ng N\u00fat Cacao Talk 500g<\/b> hi\u1ec7n \u0111ang c\u00f3 m\u1eb7t t\u1ea1i Havamall.<\/p>\n<\/div>\n<\/div>","protected":false},"excerpt":{"rendered":"<p>TH\u00d4NG TIN S\u1ea2N PH\u1ea8M Th\u01b0\u01a1ng hi\u1ec7u Cacao Talk (Vi\u1ec7t Nam) Th\u00e0nh ph\u1ea7n \u0110\u01b0\u1eddng, b\u00e9o th\u1ef1c v\u1eadt, b\u1ed9t s\u1eefa, ch\u1ea5t nh\u0169<\/p>","protected":false},"featured_media":44649,"comment_status":"open","ping_status":"closed","template":"","meta":[],"product_brand":[],"product_cat":[730,255],"product_tag":[],"class_list":{"0":"post-44648","1":"product","2":"type-product","3":"status-publish","4":"has-post-thumbnail","6":"product_cat-cac-nuoc-khac","7":"product_cat-nguyen-lieu-lam-banh","9":"first","10":"instock","11":"sale","12":"shipping-taxable","13":"purchasable","14":"product-type-simple"},"_links":{"self":[{"href":"https:\/\/havamall.com\/en\/wp-json\/wp\/v2\/product\/44648","targetHints":{"allow":["GET"]}}],"collection":[{"href":"https:\/\/havamall.com\/en\/wp-json\/wp\/v2\/product"}],"about":[{"href":"https:\/\/havamall.com\/en\/wp-json\/wp\/v2\/types\/product"}],"replies":[{"embeddable":true,"href":"https:\/\/havamall.com\/en\/wp-json\/wp\/v2\/comments?post=44648"}],"version-history":[{"count":0,"href":"https:\/\/havamall.com\/en\/wp-json\/wp\/v2\/product\/44648\/revisions"}],"wp:featuredmedia":[{"embeddable":true,"href":"https:\/\/havamall.com\/en\/wp-json\/wp\/v2\/media\/44649"}],"wp:attachment":[{"href":"https:\/\/havamall.com\/en\/wp-json\/wp\/v2\/media?parent=44648"}],"wp:term":[{"taxonomy":"product_brand","embeddable":true,"href":"https:\/\/havamall.com\/en\/wp-json\/wp\/v2\/product_brand?post=44648"},{"taxonomy":"product_cat","embeddable":true,"href":"https:\/\/havamall.com\/en\/wp-json\/wp\/v2\/product_cat?post=44648"},{"taxonomy":"product_tag","embeddable":true,"href":"https:\/\/havamall.com\/en\/wp-json\/wp\/v2\/product_tag?post=44648"}],"curies":[{"name":"wp","href":"https:\/\/api.w.org\/{rel}","templated":true}]}}