{"id":44662,"date":"2026-02-01T09:07:11","date_gmt":"2026-02-01T02:07:11","guid":{"rendered":"https:\/\/havamall.com\/?post_type=product&#038;p=44662"},"modified":"2026-02-01T09:07:16","modified_gmt":"2026-02-01T02:07:16","slug":"hat-de-cuoi-my-rang-muoi-250g-roasted-salted-pistachios-usa-250g","status":"publish","type":"product","link":"https:\/\/havamall.com\/en\/shop\/hat-de-cuoi-my-rang-muoi-250g-roasted-salted-pistachios-usa-250g\/","title":{"rendered":"H\u1ea1t D\u1ebb C\u01b0\u1eddi M\u1ef9 Rang Mu\u1ed1i 250g \u2013 Roasted Salted Pistachios USA 250g"},"content":{"rendered":"<h3 data-path-to-node=\"4\">TH\u00d4NG TIN S\u1ea2N PH\u1ea8M<\/h3>\n<div class=\"horizontal-scroll-wrapper\">\n<div class=\"table-block-component\">\n<div class=\"table-block has-export-button new-table-style\">\n<table data-path-to-node=\"5\">\n<tbody>\n<tr>\n<td><span data-path-to-node=\"5,3,0,0\"><b data-path-to-node=\"5,3,0,0\" data-index-in-node=\"0\">Th\u00e0nh ph\u1ea7n<\/b><\/span><\/td>\n<td><span data-path-to-node=\"5,3,1,0\">99% h\u1ea1t d\u1ebb c\u01b0\u1eddi nguy\u00ean v\u1ecf, 1% mu\u1ed1i bi\u1ec3n.<\/span><\/td>\n<\/tr>\n<tr>\n<td><span data-path-to-node=\"5,4,0,0\"><b data-path-to-node=\"5,4,0,0\" data-index-in-node=\"0\">Quy c\u00e1ch<\/b><\/span><\/td>\n<td><span data-path-to-node=\"5,4,1,0\">T\u00fai ho\u1eb7c h\u0169 250g<\/span><\/td>\n<\/tr>\n<tr>\n<td><span data-path-to-node=\"5,5,0,0\"><b data-path-to-node=\"5,5,0,0\" data-index-in-node=\"0\">\u0110\u1eb7c tr\u01b0ng<\/b><\/span><\/td>\n<td><span data-path-to-node=\"5,5,1,0\">H\u1ea1t to, v\u1ecf tr\u1eafng t\u1ef1 nhi\u00ean, nh\u00e2n xanh b\u00e9o b\u00f9i, v\u1ecb m\u1eb7n nh\u1eb9.<\/span><\/td>\n<\/tr>\n<tr>\n<td><span data-path-to-node=\"5,6,0,0\"><b data-path-to-node=\"5,6,0,0\" data-index-in-node=\"0\">B\u1ea3o qu\u1ea3n<\/b><\/span><\/td>\n<td><span data-path-to-node=\"5,6,1,0\">N\u01a1i kh\u00f4 r\u00e1o, k\u00edn gi\u00f3; n\u00ean b\u1ea3o qu\u1ea3n l\u1ea1nh sau khi m\u1edf bao b\u00ec.<\/span><\/td>\n<\/tr>\n<\/tbody>\n<\/table>\n<p>H\u1ea1t d\u1ebb c\u01b0\u1eddi M\u1ef9 t\u1eeb l\u00e2u \u0111\u00e3 \u0111\u01b0\u1ee3c m\u1ec7nh danh l\u00e0 &#8220;h\u1ea1t h\u1ea1nh ph\u00fac&#8221; kh\u00f4ng ch\u1ec9 b\u1edfi h\u00ecnh d\u00e1ng n\u1ee9t v\u1ecf nh\u01b0 n\u1ee5 c\u01b0\u1eddi m\u00e0 c\u00f2n b\u1edfi gi\u00e1 tr\u1ecb sinh h\u1ecdc v\u01b0\u1ee3t tr\u1ed9i m\u00e0 n\u00f3 mang l\u1ea1i cho c\u01a1 th\u1ec3., c\u0169ng l\u00e0 ngu\u1ed3n cung c\u1ea5p d\u1ed3i d\u00e0o c\u00e1c ch\u1ea5t b\u00e9o ch\u01b0a b\u00e3o h\u00f2a \u0111\u01a1n l\u00e0nh m\u1ea1nh, gi\u00fap gi\u1ea3m n\u1ed3ng \u0111\u1ed9 Cholesterol x\u1ea5u v\u00e0 b\u1ea3o v\u1ec7 h\u1ec7 tim m\u1ea1ch m\u1ed9t c\u00e1ch t\u1ed1i \u01b0u.<\/p>\n<h3 data-path-to-node=\"4\"><img fetchpriority=\"high\" decoding=\"async\" class=\"aligncenter  wp-image-44669\" src=\"https:\/\/havamall.com\/wp-content\/uploads\/2026\/02\/hat-de-cuoi-co-tac-dung-gi-loi-ich-doi-voi-suc-khoe-ma-ban-nen-biet.jpg\" alt=\"\" width=\"801\" height=\"534\" srcset=\"https:\/\/havamall.com\/wp-content\/uploads\/2026\/02\/hat-de-cuoi-co-tac-dung-gi-loi-ich-doi-voi-suc-khoe-ma-ban-nen-biet.jpg 2560w, https:\/\/havamall.com\/wp-content\/uploads\/2026\/02\/hat-de-cuoi-co-tac-dung-gi-loi-ich-doi-voi-suc-khoe-ma-ban-nen-biet-2048x1366.jpg 2048w, https:\/\/havamall.com\/wp-content\/uploads\/2026\/02\/hat-de-cuoi-co-tac-dung-gi-loi-ich-doi-voi-suc-khoe-ma-ban-nen-biet-1200x800.jpg 1200w\" sizes=\"(max-width: 801px) 100vw, 801px\" \/><\/h3>\n<p>V\u1edbi ch\u1ec9 s\u1ed1 \u0111\u01b0\u1eddng huy\u1ebft th\u1ea5p v\u00e0 gi\u00e0u ch\u1ea5t x\u01a1, h\u1ea1t d\u1ebb c\u01b0\u1eddi l\u00e0 l\u1ef1a ch\u1ecdn \u0103n v\u1eb7t chi\u1ebfn l\u01b0\u1ee3c cho nh\u1eefng ng\u01b0\u1eddi \u0111ang theo \u0111u\u1ed5i ch\u1ebf \u0111\u1ed9 ki\u1ec3m so\u00e1t c\u00e2n n\u1eb7ng, gi\u00fap duy tr\u00ec c\u1ea3m gi\u00e1c no l\u00e2u v\u00e0 cung c\u1ea5p ngu\u1ed3n n\u0103ng l\u01b0\u1ee3ng b\u1ec1n b\u1ec9 cho c\u00e1c ho\u1ea1t \u0111\u1ed9ng tr\u00ed n\u00e3o.<\/p>\n<p><img decoding=\"async\" class=\"aligncenter  wp-image-44670\" src=\"https:\/\/havamall.com\/wp-content\/uploads\/2026\/02\/z5980906800665-0ba28738f369807b602961d37053132c.jpg\" alt=\"\" width=\"800\" height=\"800\" \/><\/p>\n<h3 data-path-to-node=\"10\">TH\u01af\u1edeNG TH\u1ee8C V\u00c0 \u1ee8NG D\u1ee4NG<\/h3>\n<p>\u2013\u00a0<b data-path-to-node=\"11\" data-index-in-node=\"2\">M\u00f3n \u0103n nh\u1eb9 tinh t\u1ebf cho s\u1ee9c kh\u1ecfe:<\/b> V\u1edbi k\u1ef9 thu\u1eadt rang mu\u1ed1i nh\u1eb9 (lightly salted), h\u1ea1t d\u1ebb v\u1eabn gi\u1eef \u0111\u01b0\u1ee3c \u0111\u1ed9 b\u00e9o ng\u1eady nguy\u00ean b\u1ea3n n\u1ed3ng n\u00e0n m\u00e0 kh\u00f4ng l\u00e0m m\u1ea5t \u0111i v\u1ecb ng\u1ecdt thanh \u0111\u1eb7c tr\u01b0ng.<\/p>\n<p>\u2013 <b data-path-to-node=\"11\" data-index-in-node=\"307\">Th\u00e0nh ph\u1ea7n n\u00e2ng t\u1ea7m cho c\u00e1c m\u00f3n Salad v\u00e0 Tr\u00e1ng mi\u1ec7ng:<\/b> C\u00f3 th\u1ec3 t\u00e1ch v\u1ecf v\u00e0 gi\u00e3 nh\u1eb9 h\u1ea1t d\u1ebb c\u01b0\u1eddi \u0111\u1ec3 r\u1eafc l\u00ean c\u00e1c m\u00f3n Salad tr\u00e1i c\u00e2y, s\u1eefa chua Hy L\u1ea1p ho\u1eb7c d\u00f9ng l\u00e0m l\u1edbp ph\u1ee7 cho c\u00e1c lo\u1ea1i b\u00e1nh ng\u1ecdt. S\u1ef1 t\u01b0\u01a1ng ph\u1ea3n gi\u1eefa \u0111\u1ed9 gi\u00f2n tan c\u1ee7a h\u1ea1t d\u1ebb v\u00e0 s\u1ef1 m\u1ec1m m\u1ea1i c\u1ee7a c\u00e1c nguy\u00ean li\u1ec7u kh\u00e1c s\u1ebd t\u1ea1o n\u00ean m\u1ed9t c\u1ea5u tr\u00fac v\u1ecb gi\u00e1c \u0111\u1ea7y th\u00fa v\u1ecb.<\/p>\n<p>\u2013\u00a0<b data-path-to-node=\"11\" data-index-in-node=\"627\">Qu\u00e0 t\u1eb7ng \u00fd ngh\u0129a t\u1eeb thi\u00ean nhi\u00ean:<\/b>\u00a0V\u1edbi m\u00e0u xanh \u0111\u1eb7c tr\u01b0ng c\u1ee7a nh\u00e2n h\u1ea1t \u2013 bi\u1ec3u t\u01b0\u1ee3ng c\u1ee7a s\u1ef1 s\u1ed1ng v\u00e0 \u0111\u1ed9 tr\u1eafng s\u1ea1ch c\u1ee7a v\u1ecf, h\u1ea1t d\u1ebb c\u01b0\u1eddi M\u1ef9 250g l\u00e0 m\u00f3n qu\u00e0 tinh t\u1ebf d\u00e0nh cho ng\u01b0\u1eddi th\u00e2n, b\u1ea1n b\u00e8 trong c\u00e1c d\u1ecbp l\u1ec5 t\u1ebft, th\u1ec3 hi\u1ec7n s\u1ef1 tr\u00e2n tr\u1ecdng \u0111\u1ed1i v\u1edbi s\u1ee9c kh\u1ecfe c\u1ee7a ng\u01b0\u1eddi nh\u1eadn.<\/p>\n<p><img decoding=\"async\" class=\"aligncenter\" src=\"https:\/\/havamall.com\/wp-content\/uploads\/2026\/02\/Pistachio-Mallow-Salad_EXPS_CPBZ19_17322_E11_06_4b-e1724857217819.jpg\" alt=\"Pistachio Salad\" width=\"801\" height=\"801\" \/><\/p>\n<h3 data-path-to-node=\"12\">B\u1ea2O QU\u1ea2N \u0110\u1ec2 DUY TR\u00cc \u0110\u1ed8 GI\u00d2N<\/h3>\n<p>\u2013\u00a0<b data-path-to-node=\"13\" data-index-in-node=\"2\">Nguy\u00ean t\u1eafc k\u00edn kh\u00ed:<\/b> Do ch\u1ee9a h\u00e0m l\u01b0\u1ee3ng tinh d\u1ea7u cao, h\u1ea1t d\u1ebb c\u01b0\u1eddi r\u1ea5t d\u1ec5 b\u1ecb oxy h\u00f3a d\u1eabn \u0111\u1ebfn hi\u1ec7n t\u01b0\u1ee3ng \u1ec9u ho\u1eb7c g\u1eaft d\u1ea7u n\u1ebfu ti\u1ebfp x\u00fac l\u00e2u v\u1edbi kh\u00f4ng kh\u00ed, h\u00e3y lu\u00f4n \u0111\u1ea3m b\u1ea3o \u0111\u00f3ng ch\u1eb7t t\u00fai zip ho\u1eb7c \u0111\u1eady k\u00edn n\u1eafp h\u0169 ngay sau khi s\u1eed d\u1ee5ng.<\/p>\n<p>\u2013 <b data-path-to-node=\"13\" data-index-in-node=\"234\">M\u00f4i tr\u01b0\u1eddng l\u01b0u tr\u1eef:<\/b> \u0110\u1ec3 h\u1ea1t lu\u00f4n gi\u1eef \u0111\u01b0\u1ee3c \u0111\u1ed9 gi\u00f2n tan nh\u01b0 l\u00fac m\u1edbi rang, t\u1ed1t nh\u1ea5t n\u00ean b\u1ea3o qu\u1ea3n s\u1ea3n ph\u1ea9m trong ng\u0103n m\u00e1t t\u1ee7 l\u1ea1nh. Nhi\u1ec7t \u0111\u1ed9 th\u1ea5p kh\u00f4ng ch\u1ec9 gi\u00fap b\u1ea3o to\u00e0n ch\u1ea5t b\u00e9o l\u00e0nh m\u1ea1nh m\u00e0 c\u00f2n ng\u0103n ch\u1eb7n s\u1ef1 x\u00e2m nh\u1eadp c\u1ee7a c\u00e1c lo\u1ea1i n\u1ea5m m\u1ed1c, gi\u1eef cho h\u01b0\u01a1ng v\u1ecb h\u1ea1t lu\u00f4n tinh khi\u1ebft nh\u1ea5t.<\/p>\n<p><img loading=\"lazy\" decoding=\"async\" class=\"aligncenter\" src=\"https:\/\/havamall.com\/wp-content\/uploads\/2026\/02\/11__93811.1751935113.png\" alt=\"Aussie Dry Roasted Salted Pistachios\" width=\"800\" height=\"800\" \/><\/p>\n<p><b data-path-to-node=\"14\" data-index-in-node=\"0\">H\u1ea1t D\u1ebb C\u01b0\u1eddi M\u1ef9 Rang Mu\u1ed1i 250g<\/b> hi\u1ec7n \u0111ang c\u00f3 m\u1eb7t t\u1ea1i Havamall.<\/p>\n<\/div>\n<\/div>\n<\/div>","protected":false},"excerpt":{"rendered":"<p>TH\u00d4NG TIN S\u1ea2N PH\u1ea8M Th\u00e0nh ph\u1ea7n 99% h\u1ea1t d\u1ebb c\u01b0\u1eddi nguy\u00ean v\u1ecf, 1% mu\u1ed1i bi\u1ec3n. Quy c\u00e1ch T\u00fai ho\u1eb7c h\u0169<\/p>","protected":false},"featured_media":44664,"comment_status":"open","ping_status":"closed","template":"","meta":[],"product_brand":[],"product_cat":[133,730,594],"product_tag":[],"class_list":{"0":"post-44662","1":"product","2":"type-product","3":"status-publish","4":"has-post-thumbnail","6":"product_cat-banh-keo-chocolate","7":"product_cat-cac-nuoc-khac","8":"product_cat-dau-cu-qua-kho","10":"first","11":"instock","12":"sale","13":"shipping-taxable","14":"purchasable","15":"product-type-simple"},"_links":{"self":[{"href":"https:\/\/havamall.com\/en\/wp-json\/wp\/v2\/product\/44662","targetHints":{"allow":["GET"]}}],"collection":[{"href":"https:\/\/havamall.com\/en\/wp-json\/wp\/v2\/product"}],"about":[{"href":"https:\/\/havamall.com\/en\/wp-json\/wp\/v2\/types\/product"}],"replies":[{"embeddable":true,"href":"https:\/\/havamall.com\/en\/wp-json\/wp\/v2\/comments?post=44662"}],"version-history":[{"count":0,"href":"https:\/\/havamall.com\/en\/wp-json\/wp\/v2\/product\/44662\/revisions"}],"wp:featuredmedia":[{"embeddable":true,"href":"https:\/\/havamall.com\/en\/wp-json\/wp\/v2\/media\/44664"}],"wp:attachment":[{"href":"https:\/\/havamall.com\/en\/wp-json\/wp\/v2\/media?parent=44662"}],"wp:term":[{"taxonomy":"product_brand","embeddable":true,"href":"https:\/\/havamall.com\/en\/wp-json\/wp\/v2\/product_brand?post=44662"},{"taxonomy":"product_cat","embeddable":true,"href":"https:\/\/havamall.com\/en\/wp-json\/wp\/v2\/product_cat?post=44662"},{"taxonomy":"product_tag","embeddable":true,"href":"https:\/\/havamall.com\/en\/wp-json\/wp\/v2\/product_tag?post=44662"}],"curies":[{"name":"wp","href":"https:\/\/api.w.org\/{rel}","templated":true}]}}