{"id":45077,"date":"2026-03-11T16:23:18","date_gmt":"2026-03-11T09:23:18","guid":{"rendered":"https:\/\/havamall.com\/?post_type=product&#038;p=45077"},"modified":"2026-03-18T12:44:50","modified_gmt":"2026-03-18T05:44:50","slug":"ca-phe-truyen-thong-dang-bot-nguyen-chat-gaia-cafe-250g-traditional-roasted-ground-coffee","status":"publish","type":"product","link":"https:\/\/havamall.com\/en\/shop\/ca-phe-truyen-thong-dang-bot-nguyen-chat-gaia-cafe-250g-traditional-roasted-ground-coffee\/","title":{"rendered":"C\u00e0 Ph\u00ea Truy\u1ec1n Th\u1ed1ng D\u1ea1ng B\u1ed9t Nguy\u00ean Ch\u1ea5t Gaia Cafe 250g \u2013 Traditional Roasted Ground Coffee"},"content":{"rendered":"<h3 data-path-to-node=\"2\">TH\u00d4NG TIN S\u1ea2N PH\u1ea8M<\/h3>\n<div class=\"horizontal-scroll-wrapper\">\n<div class=\"table-block-component\">\n<div class=\"table-block has-export-button new-table-style is-at-scroll-start is-at-scroll-end\">\n<div class=\"table-content not-end-of-paragraph\" data-hveid=\"0\" data-ved=\"0CAAQ3ecQahgKEwjryMWinZSTAxUAAAAAHQAAAAAQ7gE\">\n<table data-path-to-node=\"1\">\n<tbody>\n<tr>\n<td><span data-path-to-node=\"1,1,0,0\">Th\u01b0\u01a1ng hi\u1ec7u<\/span><\/td>\n<td><span data-path-to-node=\"1,1,1,0\">Gaia Cafe<\/span><\/td>\n<\/tr>\n<tr>\n<td><span data-path-to-node=\"1,2,0,0\">Xu\u1ea5t x\u1ee9<\/span><\/td>\n<td><span data-path-to-node=\"1,2,1,0\">Bu\u00f4n M\u00ea Thu\u1ed9t, \u0110\u1eafk L\u1eafk, Vi\u1ec7t Nam<\/span><\/td>\n<\/tr>\n<tr>\n<td><span data-path-to-node=\"1,3,0,0\">Th\u00e0nh ph\u1ea7n<\/span><\/td>\n<td><span data-path-to-node=\"1,3,1,0\">100% Robusta<\/span><\/td>\n<\/tr>\n<tr>\n<td><span data-path-to-node=\"1,4,0,0\">H\u1ea1n s\u1eed d\u1ee5ng<\/span><\/td>\n<td><span data-path-to-node=\"1,4,1,0\">12 th\u00e1ng k\u1ec3 t\u1eeb ng\u00e0y s\u1ea3n xu\u1ea5t<\/span><\/td>\n<\/tr>\n<tr>\n<td><span data-path-to-node=\"1,5,0,0\">B\u1ea3o qu\u1ea3n<\/span><\/td>\n<td><span data-path-to-node=\"1,5,1,0\">N\u01a1i kh\u00f4 r\u00e1o, tho\u00e1ng m\u00e1t, \u0111\u1eady k\u00edn bao b\u00ec sau khi s\u1eed d\u1ee5ng<\/span><\/td>\n<\/tr>\n<tr>\n<td><span data-path-to-node=\"1,6,0,0\">Kh\u1ed1i l\u01b0\u1ee3ng<\/span><\/td>\n<td><span data-path-to-node=\"1,6,1,0\">250g<\/span><\/td>\n<\/tr>\n<\/tbody>\n<\/table>\n<p>D\u00f2ng s\u1ea3n ph\u1ea9m Gaia Truy\u1ec1n Th\u1ed1ng ra \u0111\u1eddi v\u1edbi s\u1ee9 m\u1ec7nh t\u00e1i hi\u1ec7n nguy\u00ean b\u1ea3n h\u01b0\u01a1ng v\u1ecb c\u00e0 ph\u00ea x\u01b0a \u2013 \u0111\u1eadm \u0111\u00e0, m\u1ea1nh m\u1ebd v\u00e0 n\u1ed3ng n\u00e0n \u2013 nh\u1eefng \u0111\u1eb7c t\u00ednh \u0111\u00e3 \u0111\u01b0a h\u1ea1t Robusta Vi\u1ec7t Nam ghi danh tr\u00ean b\u1ea3n \u0111\u1ed3 th\u1ebf gi\u1edbi, \u0111\u01b0\u1ee3c k\u1ebft tinh t\u1eeb nh\u1eefng h\u1ea1t Robusta th\u01b0\u1ee3ng h\u1ea1ng t\u1ea1i Bu\u00f4n M\u00ea Thu\u1ed9t, \u0110\u1eafk L\u1eafk \u2013 v\u00f9ng \u0111\u1ea5t c\u00f3 \u0111\u1ed9 cao 540m so v\u1edbi m\u1ef1c n\u01b0\u1edbc bi\u1ec3n v\u1edbi t\u1ea7ng \u0111\u1ea5t \u0111\u1ecf bazan d\u00e0y \u0111\u1eb7c v\u00e0 m\u00e0u m\u1ee1. Kh\u00e1c v\u1edbi c\u00e1c d\u00f2ng ph\u1ed1i tr\u1ed9n, Gaia Truy\u1ec1n Th\u1ed1ng s\u1eed d\u1ee5ng 100% h\u1ea1t Robusta nguy\u00ean ch\u1ea5t \u0111\u1ec3 t\u00f4n vinh s\u1ef1 m\u1ea1nh m\u1ebd v\u1ed1n c\u00f3 c\u1ee7a v\u00f9ng cao nguy\u00ean \u0111\u1ea7y n\u1eafng gi\u00f3.<\/p>\n<p><img fetchpriority=\"high\" decoding=\"async\" class=\"aligncenter\" src=\"https:\/\/havamall.com\/wp-content\/uploads\/2026\/03\/fine-robusta-la-gi__3__672c9c06eb3249e59d8840160c224b17.jpg\" alt=\"Fine Robusta L\u00e0 G\u00ec? Kh\u00e1m Ph\u00e1 D\u00f2ng C\u00e0 Ph\u00ea Robusta Ch\u1ea5t L\u01b0\u1ee3ng Cao \u2013 COFFEE CONCEPT\" width=\"800\" height=\"534\" \/><\/p>\n<h2 data-section-id=\"1leclkh\" data-start=\"2304\" data-end=\"2346\">H\u01af\u01a0NG V\u1eca \u0110\u1eb6C TR\u01afNG C\u1ee6A ROBUSTA RANG \u0110\u1eacM<\/h2>\n<p>Gaia Truy\u1ec1n Th\u1ed1ng \u00e1p d\u1ee5ng ph\u01b0\u01a1ng ph\u00e1p s\u01a1 ch\u1ebf T\u1ef1 Nhi\u00ean (Natural Process) \u2013 c\u00e1ch ch\u1ebf bi\u1ebfn l\u00e2u \u0111\u1eddi nh\u1ea5t gi\u00fap h\u1ea1t c\u00e0 ph\u00ea h\u1ea5p th\u1ee5 tr\u1ecdn v\u1eb9n tinh t\u00fay t\u1eeb th\u1ecbt qu\u1ea3 trong qu\u00e1 tr\u00ecnh ph\u01a1i d\u01b0\u1edbi \u00e1nh n\u1eafng m\u1eb7t tr\u1eddi. Khi h\u1ea1t c\u00e0 ph\u00ea \u0111\u01b0\u1ee3c rang \u1edf nhi\u1ec7t \u0111\u1ed9 cao h\u01a1n trong th\u1eddi gian d\u00e0i h\u01a1n, c\u00e1c ph\u1ea3n \u1ee9ng Maillard v\u00e0 caramel h\u00f3a di\u1ec5n ra m\u1ea1nh m\u1ebd, t\u1eeb \u0111\u00f3 h\u00ecnh th\u00e0nh l\u1edbp h\u01b0\u01a1ng ph\u1ee9c h\u1ee3p \u0111\u1eb7c tr\u01b0ng. V\u1edbi d\u00f2ng c\u00e0 ph\u00ea truy\u1ec1n th\u1ed1ng c\u1ee7a Gaia Coffee, h\u01b0\u01a1ng v\u1ecb th\u01b0\u1eddng \u0111\u01b0\u1ee3c c\u1ea3m nh\u1eadn theo t\u1eebng t\u1ea7ng:<\/p>\n<p>\u2013 H\u01b0\u01a1ng v\u1ecb Earthy &amp; Rich: C\u1ea3m gi\u00e1c tr\u1ea7m m\u1eb7c c\u1ee7a \u0111\u1ea5t m\u1eb9 h\u00f2a quy\u1ec7n c\u00f9ng s\u1ef1 phong ph\u00fa, d\u00e0y d\u1eb7n trong th\u1ec3 ch\u1ea5t (Body d\u00e0y), t\u1ea1o n\u00ean m\u1ed9t h\u1eadu v\u1ecb k\u00e9o d\u00e0i v\u00e0 kh\u00f3 qu\u00ean.<\/p>\n<p>\u2013 N\u1ed1t h\u01b0\u01a1ng H\u1ea1nh nh\u00e2n &amp; Caramel: Qu\u00e1 tr\u00ecnh rang \u0111\u1eadm gi\u00fap c\u00e1c ph\u00e2n t\u1eed \u0111\u01b0\u1eddng t\u1ef1 nhi\u00ean trong h\u1ea1t c\u00e0 ph\u00ea chuy\u1ec3n h\u00f3a ho\u00e0n h\u1ea3o, t\u1ea1o ra m\u00f9i th\u01a1m n\u1ed3ng n\u00e0n c\u1ee7a caramel ch\u00e1y v\u00e0 s\u1ef1 b\u00e9o b\u00f9i \u0111\u1eb7c tr\u01b0ng c\u1ee7a h\u1ea1nh nh\u00e2n.<\/p>\n<p>\u2013 Kh\u00f4ng chua: \u0110\u00e2y l\u00e0 \u0111\u1eb7c \u0111i\u1ec3m l\u00fd t\u01b0\u1edfng cho nh\u1eefng ng\u01b0\u1eddi c\u00f3 &#8220;gu&#8221; th\u01b0\u1edfng th\u1ee9c c\u00e0 ph\u00ea phin truy\u1ec1n th\u1ed1ng, ho\u00e0n to\u00e0n kh\u00f4ng c\u00f3 v\u1ecb chua, ch\u1ec9 \u0111\u1ec3 l\u1ea1i s\u1ef1 \u0111\u1eadm \u0111\u1eafng nam t\u00ednh v\u00e0 thanh tao.<\/p>\n<p><img decoding=\"async\" class=\"aligncenter\" src=\"https:\/\/havamall.com\/wp-content\/uploads\/2026\/03\/sun_dried_coffee_260078eb-905c-46c9-9f40-8dc1466a43c5_2048x2048.jpg\" alt=\"Coffee Processing: Natural, Washed, and Honey \u2013 Shiren Coffee\" width=\"800\" height=\"533\" \/><\/p>\n<p>Nh\u1edd th\u00e0nh ph\u1ea7n 100% Robusta, s\u1ea3n ph\u1ea9m c\u00f3 h\u00e0m l\u01b0\u1ee3ng caffeine cao v\u01b0\u1ee3t tr\u1ed9i, cung c\u1ea5p ngu\u1ed3n n\u0103ng l\u01b0\u1ee3ng m\u1ea1nh m\u1ebd \u0111\u1ec3 b\u1eaft \u0111\u1ea7u ng\u00e0y m\u1edbi \u0111\u1ea7y h\u1ee9ng kh\u1edfi. C\u00e0 ph\u00ea nguy\u00ean ch\u1ea5t ch\u1ee9a h\u00e0m l\u01b0\u1ee3ng l\u1edbn c\u00e1c axit chlorogenic \u2013 h\u1ee3p ch\u1ea5t ch\u1ed1ng oxy h\u00f3a m\u1ea1nh m\u1ebd gi\u00fap b\u1ea3o v\u1ec7 c\u01a1 th\u1ec3 kh\u1ecfi qu\u00e1 tr\u00ecnh l\u00e3o h\u00f3a v\u00e0 h\u1ed7 tr\u1ee3 s\u1ee9c kh\u1ecfe tim m\u1ea1ch khi d\u00f9ng v\u1edbi li\u1ec1u l\u01b0\u1ee3ng h\u1ee3p l\u00fd.<\/p>\n<h2 data-section-id=\"1p4xbfe\" data-start=\"3037\" data-end=\"3073\">C\u00c1CH PHA C\u00c0 PH\u00ca PHIN TRUY\u1ec0N TH\u1ed0NG<\/h2>\n<p data-path-to-node=\"12\">\u2013 C\u00e1ch pha phin chu\u1ea9n: Cho kho\u1ea3ng 20\u201325g b\u1ed9t c\u00e0 ph\u00ea v\u00e0o phin. R\u00f3t 30ml n\u01b0\u1edbc s\u00f4i (kho\u1ea3ng 95\u00b0C) \u0111\u1ec3 \u1ee7 c\u00e0 ph\u00ea trong 2 ph\u00fat cho b\u1ed9t n\u1edf \u0111\u1ec1u. Sau \u0111\u00f3, r\u00f3t th\u00eam kho\u1ea3ng 50\u201360ml n\u01b0\u1edbc s\u00f4i v\u00e0 ch\u1edd \u0111\u1ee3i t\u1eebng gi\u1ecdt tinh ch\u1ea5t c\u00e0 ph\u00ea nh\u1ecf xu\u1ed1ng.<\/p>\n<p data-path-to-node=\"12\">\u2013 S\u00e1ng t\u1ea1o m\u00f3n u\u1ed1ng: \u0110\u1ec3 t\u0103ng th\u00eam s\u1ef1 h\u1ea5p d\u1eabn, c\u00f3 th\u1ec3 k\u1ebft h\u1ee3p v\u1edbi s\u1eefa \u0111\u1eb7c \u0111\u1ec3 t\u1ea1o n\u00ean m\u00f3n &#8220;C\u00e0 ph\u00ea s\u1eefa \u0111\u00e1&#8221; tr\u1ee9 danh. V\u1ecb \u0111\u1eafng \u0111\u1eadm c\u1ee7a Robusta rang t\u1ed1i khi quy\u1ec7n c\u00f9ng v\u1ecb b\u00e9o ng\u1ecdt c\u1ee7a s\u1eefa s\u1ebd t\u1ea1o n\u00ean m\u1ed9t b\u1ea3n giao h\u01b0\u1edfng v\u1ecb gi\u00e1c tuy\u1ec7t v\u1eddi. Ngo\u00e0i ra, d\u00f2ng c\u00e0 ph\u00ea n\u00e0y c\u0169ng r\u1ea5t th\u00edch h\u1ee3p \u0111\u1ec3 pha &#8220;B\u1ea1c x\u1ec9u&#8221; ho\u1eb7c l\u00e0m n\u1ec1n cho c\u00e0 ph\u00ea c\u1ed1t d\u1eeba \u2013 m\u00f3n u\u1ed1ng \u0111ang c\u1ef1c k\u1ef3 &#8220;hot&#8221; trong gi\u1edbi tr\u1ebb hi\u1ec7n nay.<\/p>\n<p data-path-to-node=\"12\">\u2013 L\u01b0u \u00fd: Sau khi m\u1edf t\u00fai, n\u00ean b\u1ea3o qu\u1ea3n trong b\u00ecnh k\u00edn ho\u1eb7c d\u00f9ng k\u1eb9p mi\u1ec7ng t\u00fai th\u1eadt ch\u1eb7t \u0111\u1ec3 gi\u1eef l\u1ea1i m\u00f9i th\u01a1m caramel \u0111\u1eb7c h\u1eefu l\u00e2u nh\u1ea5t c\u00f3 th\u1ec3.<\/p>\n<p data-path-to-node=\"12\"><img decoding=\"async\" class=\"aligncenter\" src=\"https:\/\/images.squarespace-cdn.com\/content\/v1\/608b65a64b996837e53033c4\/1720717388587-P4J16FVBYVWQMSTM7MR3\/Vietnamese+Coffee.png\" alt=\"Brewing Methods (A Series): Vietnamese Coffee \u2014 Tipsy Bean Caf\u00e9\" width=\"801\" height=\"801\" \/><\/p>\n<p data-path-to-node=\"13\">S\u1ea3n ph\u1ea9m C\u00e0 Ph\u00ea Truy\u1ec1n Th\u1ed1ng D\u1ea1ng B\u1ed9t Gaia Cafe hi\u1ec7n \u0111ang \u0111\u01b0\u1ee3c b\u00e1n t\u1ea1i Havamall, \u0111\u01a1n v\u1ecb chuy\u00ean nh\u1eadp kh\u1ea9u v\u00e0 ph\u00e2n ph\u1ed1i h\u00e0ng ch\u00ednh h\u00e3ng v\u1edbi cam k\u1ebft v\u1ec1 ch\u1ea5t l\u01b0\u1ee3ng v\u00e0 ngu\u1ed3n g\u1ed1c xu\u1ea5t x\u1ee9 r\u00f5 r\u00e0ng.<\/p>\n<\/div>\n<\/div>\n<\/div>\n<\/div>","protected":false},"excerpt":{"rendered":"<p>TH\u00d4NG TIN S\u1ea2N PH\u1ea8M Th\u01b0\u01a1ng hi\u1ec7u Gaia Cafe Xu\u1ea5t x\u1ee9 Bu\u00f4n M\u00ea Thu\u1ed9t, \u0110\u1eafk L\u1eafk, Vi\u1ec7t Nam Th\u00e0nh ph\u1ea7n 100%<\/p>","protected":false},"featured_media":45079,"comment_status":"open","ping_status":"closed","template":"","meta":[],"product_brand":[],"product_cat":[730,135,700],"product_tag":[],"class_list":{"0":"post-45077","1":"product","2":"type-product","3":"status-publish","4":"has-post-thumbnail","6":"product_cat-cac-nuoc-khac","7":"product_cat-sua-do-uong","8":"product_cat-thuc-uong-khong-con","9":"pa_brand-la-viet","11":"first","12":"instock","13":"sale","14":"shipping-taxable","15":"purchasable","16":"product-type-simple"},"_links":{"self":[{"href":"https:\/\/havamall.com\/en\/wp-json\/wp\/v2\/product\/45077","targetHints":{"allow":["GET"]}}],"collection":[{"href":"https:\/\/havamall.com\/en\/wp-json\/wp\/v2\/product"}],"about":[{"href":"https:\/\/havamall.com\/en\/wp-json\/wp\/v2\/types\/product"}],"replies":[{"embeddable":true,"href":"https:\/\/havamall.com\/en\/wp-json\/wp\/v2\/comments?post=45077"}],"version-history":[{"count":0,"href":"https:\/\/havamall.com\/en\/wp-json\/wp\/v2\/product\/45077\/revisions"}],"wp:featuredmedia":[{"embeddable":true,"href":"https:\/\/havamall.com\/en\/wp-json\/wp\/v2\/media\/45079"}],"wp:attachment":[{"href":"https:\/\/havamall.com\/en\/wp-json\/wp\/v2\/media?parent=45077"}],"wp:term":[{"taxonomy":"product_brand","embeddable":true,"href":"https:\/\/havamall.com\/en\/wp-json\/wp\/v2\/product_brand?post=45077"},{"taxonomy":"product_cat","embeddable":true,"href":"https:\/\/havamall.com\/en\/wp-json\/wp\/v2\/product_cat?post=45077"},{"taxonomy":"product_tag","embeddable":true,"href":"https:\/\/havamall.com\/en\/wp-json\/wp\/v2\/product_tag?post=45077"}],"curies":[{"name":"wp","href":"https:\/\/api.w.org\/{rel}","templated":true}]}}