{"id":45262,"date":"2026-03-20T14:07:25","date_gmt":"2026-03-20T07:07:25","guid":{"rendered":"https:\/\/havamall.com\/?post_type=product&#038;p=45262"},"modified":"2026-03-20T14:07:25","modified_gmt":"2026-03-20T07:07:25","slug":"bo-lat-thuc-vat-vivo-tam-1kg","status":"publish","type":"product","link":"https:\/\/havamall.com\/en\/shop\/bo-lat-thuc-vat-vivo-tam-1kg\/","title":{"rendered":"B\u01a1 l\u00e1t th\u1ef1c v\u1eadt Vivo &#8211; T\u1ea5m 1kg"},"content":{"rendered":"<h2><strong>TH\u00d4NG TIN CHUNG<\/strong><\/h2>\n<table style=\"width: 60.6204%; height: 203px;\">\n<tbody>\n<tr style=\"height: 29px;\">\n<td style=\"width: 18.469%; height: 29px;\">Th\u01b0\u01a1ng hi\u1ec7u<\/td>\n<td style=\"width: 80.4374%; height: 29px;\">Vivo<\/td>\n<\/tr>\n<tr style=\"height: 29px;\">\n<td style=\"width: 18.469%; height: 29px;\">Xu\u1ea5t x\u1ee9<\/td>\n<td style=\"width: 80.4374%; height: 29px;\">Singpore<\/td>\n<\/tr>\n<tr style=\"height: 29px;\">\n<td style=\"width: 18.469%; height: 29px;\">Th\u00e0nh ph\u1ea7n<\/td>\n<td style=\"width: 80.4374%; height: 29px;\">B\u01a1 (50%), d\u1ea7u th\u1ef1c v\u1eadt (ch\u1ee9a d\u1ea7u \u0111\u00e3 hydro h\u00f3a), ch\u1ea5t b\u00e9o s\u1eefa, n\u01b0\u1edbc, mu\u1ed1i, ch\u1ea5t nh\u0169 h\u00f3a, h\u01b0\u01a1ng b\u01a1 t\u1ed5ng h\u1ee3p, ch\u1ea5t ch\u1ed1ng oxy h\u00f3a, ph\u1ea9m m\u00e0u t\u1ed5ng h\u1ee3p.<\/td>\n<\/tr>\n<tr style=\"height: 29px;\">\n<td style=\"width: 18.469%; height: 29px;\">H\u1ea1n s\u1eed d\u1ee5ng<\/td>\n<td style=\"width: 80.4374%; height: 29px;\">Xem tr\u1ef1c ti\u1ebfp tr\u00ean bao b\u00ec<\/td>\n<\/tr>\n<tr style=\"height: 58px;\">\n<td style=\"width: 18.469%; height: 58px;\">B\u1ea3o qu\u1ea3n<\/td>\n<td style=\"width: 80.4374%; height: 58px;\">\u0110\u1ec3 trong ng\u0103n m\u00e1t t\u1ee7 l\u1ea1nh (2\u00b0C \u0111\u1ebfn 6\u00b0C). C\u00f3 th\u1ec3 \u0111\u00f4ng l\u1ea1nh \u0111\u1ec3 b\u1ea3o qu\u1ea3n l\u00e2u h\u01a1n. Gi\u1eef k\u00edn sau khi m\u1edf bao b\u00ec.<\/td>\n<\/tr>\n<tr style=\"height: 29px;\">\n<td style=\"width: 18.469%; height: 29px;\">Kh\u1ed1i l\u01b0\u1ee3ng t\u1ecbnh<\/td>\n<td style=\"width: 80.4374%; height: 29px;\">1kg<\/td>\n<\/tr>\n<\/tbody>\n<\/table>\n<p data-sourcepos=\"21:1-21:318\"><strong>Vivo<\/strong> l\u00e0 th\u01b0\u01a1ng hi\u1ec7u b\u01a1 s\u1eefa uy t\u00edn \u0111\u1ebfn t\u1eeb Singapore, n\u1ed5i ti\u1ebfng v\u1edbi c\u00e1c s\u1ea3n ph\u1ea9m b\u01a1 ch\u1ea5t l\u01b0\u1ee3ng cao \u0111\u01b0\u1ee3c gi\u1edbi l\u00e0m b\u00e1nh chuy\u00ean nghi\u1ec7p tin d\u00f9ng. Trong s\u1ed1 \u0111\u00f3, d\u00f2ng &#8220;Beurre Extra Sec&#8221; hay &#8220;Extra Dry Butter&#8221; l\u00e0 l\u1ef1a ch\u1ecdn ho\u00e0n h\u1ea3o cho nh\u1eefng ai mu\u1ed1n t\u1ea1o ra c\u00e1c lo\u1ea1i b\u00e1nh ng\u00e0n l\u1edbp \u0111\u1ea1t chu\u1ea9n, th\u01a1m ngon v\u00e0 c\u00f3 c\u1ea5u tr\u00fac ho\u00e0n h\u1ea3o.<\/p>\n<p data-sourcepos=\"23:1-23:365\"><strong>B\u01a1 Kh\u00f4 L\u00e0m B\u00e1nh Ng\u00e0n L\u1edbp<\/strong>\u00a0l\u00e0 lo\u1ea1i b\u01a1 chuy\u00ean d\u1ee5ng \u0111\u01b0\u1ee3c thi\u1ebft k\u1ebf \u0111\u1eb7c bi\u1ec7t cho c\u00e1c k\u1ef9 thu\u1eadt l\u00e0m b\u00e1nh y\u00eau c\u1ea7u c\u00e1n l\u1edbp ph\u1ee9c t\u1ea1p nh\u01b0 l\u00e0m b\u00e1nh Croissant (b\u00e1nh s\u1eebng b\u00f2), Puff Pastry (b\u00e1nh ng\u00e0n l\u1edbp), hay Danish pastry. \u0110i\u1ec3m kh\u00e1c bi\u1ec7t l\u1edbn nh\u1ea5t c\u1ee7a lo\u1ea1i b\u01a1 n\u00e0y so v\u1edbi b\u01a1 th\u00f4ng th\u01b0\u1eddng l\u00e0 h\u00e0m l\u01b0\u1ee3ng n\u01b0\u1edbc r\u1ea5t th\u1ea5p v\u00e0 \u0111i\u1ec3m n\u00f3ng ch\u1ea3y cao h\u01a1n.<\/p>\n<p><img fetchpriority=\"high\" decoding=\"async\" class=\"wp-image-39734 aligncenter\" src=\"https:\/\/havamall.com\/wp-content\/uploads\/2025\/05\/2596432.jpg\" alt=\"\" width=\"800\" height=\"800\" srcset=\"https:\/\/havamall.com\/wp-content\/uploads\/2025\/05\/2596432.jpg 600w, https:\/\/havamall.com\/wp-content\/uploads\/2025\/05\/2596432-300x300.jpg 300w, https:\/\/havamall.com\/wp-content\/uploads\/2025\/05\/2596432-150x150.jpg 150w, https:\/\/havamall.com\/wp-content\/uploads\/2025\/05\/2596432-12x12.jpg 12w\" sizes=\"(max-width: 800px) 100vw, 800px\" \/><\/p>\n<p data-sourcepos=\"25:1-25:448\">Nh\u1edd <strong>\u0111\u1eb7c t\u00ednh &#8220;kh\u00f4<\/strong>&#8221; v\u00e0 <strong>gi\u00e0u ch\u1ea5t b\u00e9o<\/strong>, <strong>gi\u00fap<\/strong> gi\u1eef \u0111\u01b0\u1ee3c <strong>\u0111\u1ed9 r\u1eafn ch\u1eafc<\/strong> v\u00e0 <strong>kh\u00f4ng b\u1ecb ch\u1ea3y nh\u00e3o<\/strong> trong qu\u00e1 tr\u00ecnh c\u00e1n, g\u1ea5p b\u1ed9t. \u0110i\u1ec1u n\u00e0y gi\u00fap t\u1ea1o n\u00ean c\u00e1c l\u1edbp b\u1ed9t v\u00e0 b\u01a1 m\u1ecfng xen k\u1ebd ho\u00e0n h\u1ea3o, n\u1edf bung \u0111\u1eb9p m\u1eaft khi n\u01b0\u1edbng, mang l\u1ea1i c\u1ea5u tr\u00fac gi\u00f2n r\u1ee5m, t\u00e1ch l\u1edbp \u0111\u1eb7c tr\u01b0ng v\u00e0 h\u01b0\u01a1ng v\u1ecb b\u01a1 \u0111\u1eadm \u0111\u00e0, th\u01a1m l\u1eebng cho th\u00e0nh ph\u1ea9m. Kh\u1ed1i b\u01a1 1kg ti\u1ec7n l\u1ee3i cho vi\u1ec7c s\u1eed d\u1ee5ng v\u1edbi s\u1ed1 l\u01b0\u1ee3ng l\u1edbn trong c\u00e1c ti\u1ec7m b\u00e1nh ho\u1eb7c cho nh\u1eefng ng\u01b0\u1eddi l\u00e0m b\u00e1nh t\u1ea1i nh\u00e0 th\u01b0\u1eddng xuy\u00ean.<\/p>\n<p data-sourcepos=\"25:1-25:448\"><img decoding=\"async\" class=\"aligncenter\" src=\"https:\/\/havamall.com\/wp-content\/uploads\/2025\/05\/classic-puff-pastry.jpg\" alt=\"Classic Puff Pastry (P\u00e2te Feuillet\u00e9e)\" width=\"800\" height=\"533\" \/><\/p>\n<p data-sourcepos=\"27:1-27:51\"><strong>C\u00e1ch s\u1eed d\u1ee5ng b\u01a1 hi\u1ec7u qu\u1ea3:<\/strong><\/p>\n<ul data-sourcepos=\"28:1-31:0\">\n<li data-sourcepos=\"28:1-28:108\">Lu\u00f4n gi\u1eef b\u01a1 \u1edf nhi\u1ec7t \u0111\u1ed9 l\u1ea1nh th\u00edch h\u1ee3p (kho\u1ea3ng 2-6\u00b0C) tr\u01b0\u1edbc v\u00e0 trong qu\u00e1 tr\u00ecnh c\u00e1n b\u1ed9t \u0111\u1ec3 b\u01a1 kh\u00f4ng b\u1ecb ch\u1ea3y.<\/li>\n<li data-sourcepos=\"29:1-29:77\">S\u1eed d\u1ee5ng trong c\u00e1c c\u00f4ng th\u1ee9c l\u00e0m b\u00e1nh y\u00eau c\u1ea7u b\u01a1 c\u00e1n l\u1edbp (laminated doughs).<\/li>\n<li data-sourcepos=\"30:1-31:0\">\u0110\u1ea3m b\u1ea3o b\u1ed9t v\u00e0 b\u01a1 c\u00f3 \u0111\u1ed9 l\u1ea1nh t\u01b0\u01a1ng \u0111\u1ed3ng khi th\u1ef1c hi\u1ec7n c\u00e1c b\u01b0\u1edbc c\u00e1n v\u00e0 g\u1ea5p.<\/li>\n<\/ul>\n<p><img decoding=\"async\" class=\"aligncenter wp-image-39736\" src=\"https:\/\/havamall.com\/wp-content\/uploads\/2025\/05\/Puff-Pastry-Blog-1.jpg\" alt=\"\" width=\"801\" height=\"935\" srcset=\"https:\/\/havamall.com\/wp-content\/uploads\/2025\/05\/Puff-Pastry-Blog-1.jpg 1200w, https:\/\/havamall.com\/wp-content\/uploads\/2025\/05\/Puff-Pastry-Blog-1-257x300.jpg 257w, https:\/\/havamall.com\/wp-content\/uploads\/2025\/05\/Puff-Pastry-Blog-1-878x1024.jpg 878w, https:\/\/havamall.com\/wp-content\/uploads\/2025\/05\/Puff-Pastry-Blog-1-768x896.jpg 768w, https:\/\/havamall.com\/wp-content\/uploads\/2025\/05\/Puff-Pastry-Blog-1-10x12.jpg 10w, https:\/\/havamall.com\/wp-content\/uploads\/2025\/05\/Puff-Pastry-Blog-1-600x700.jpg 600w, https:\/\/havamall.com\/wp-content\/uploads\/2025\/05\/Puff-Pastry-Blog-1-150x175.jpg 150w\" sizes=\"(max-width: 801px) 100vw, 801px\" \/><\/p>\n<p data-sourcepos=\"32:1-33:230\"><strong>B\u1ea3o qu\u1ea3n:<\/strong> \u0110\u1ec3 b\u01a1 lu\u00f4n gi\u1eef \u0111\u01b0\u1ee3c ch\u1ea5t l\u01b0\u1ee3ng t\u1ed1t nh\u1ea5t, h\u00e3y b\u1ea3o qu\u1ea3n b\u01a1 trong ng\u0103n m\u00e1t t\u1ee7 l\u1ea1nh (2\u00b0C \u0111\u1ebfn 6\u00b0C). N\u1ebfu mu\u1ed1n b\u1ea3o qu\u1ea3n l\u00e2u h\u01a1n, b\u1ea1n c\u00f3 th\u1ec3 b\u1ecdc k\u00edn b\u01a1 v\u00e0 \u0111\u1ec3 trong ng\u0103n \u0111\u00f4ng. Tr\u00e1nh \u0111\u1ec3 b\u01a1 ti\u1ebfp x\u00fac tr\u1ef1c ti\u1ebfp v\u1edbi kh\u00f4ng kh\u00ed sau khi m\u1edf bao b\u00ec.<\/p>\n<p data-sourcepos=\"35:1-35:166\">S\u1ea3n ph\u1ea9m B\u01a1 Kh\u00f4 L\u00e0m B\u00e1nh Ng\u00e0n L\u1edbp 1kg hi\u1ec7n \u0111\u00e3 c\u00f3 m\u1eb7t t\u1ea1i Havamall.<\/p>\n<p data-sourcepos=\"21:1-21:318\">\n<p data-sourcepos=\"21:1-21:318\">","protected":false},"excerpt":{"rendered":"<p>TH\u00d4NG TIN CHUNG Th\u01b0\u01a1ng hi\u1ec7u Vivo Xu\u1ea5t x\u1ee9 Singpore Th\u00e0nh ph\u1ea7n B\u01a1 (50%), d\u1ea7u th\u1ef1c v\u1eadt (ch\u1ee9a d\u1ea7u \u0111\u00e3 hydro<\/p>","protected":false},"featured_media":45263,"comment_status":"open","ping_status":"closed","template":"","meta":[],"product_brand":[],"product_cat":[36,708,255],"product_tag":[],"class_list":{"0":"post-45262","1":"product","2":"type-product","3":"status-publish","4":"has-post-thumbnail","6":"product_cat-thuc-pham-tieu-dung","7":"product_cat-bo-sua-pho-mai","8":"product_cat-nguyen-lieu-lam-banh","10":"first","11":"instock","12":"sale","13":"shipping-taxable","14":"purchasable","15":"product-type-simple"},"_links":{"self":[{"href":"https:\/\/havamall.com\/en\/wp-json\/wp\/v2\/product\/45262","targetHints":{"allow":["GET"]}}],"collection":[{"href":"https:\/\/havamall.com\/en\/wp-json\/wp\/v2\/product"}],"about":[{"href":"https:\/\/havamall.com\/en\/wp-json\/wp\/v2\/types\/product"}],"replies":[{"embeddable":true,"href":"https:\/\/havamall.com\/en\/wp-json\/wp\/v2\/comments?post=45262"}],"version-history":[{"count":0,"href":"https:\/\/havamall.com\/en\/wp-json\/wp\/v2\/product\/45262\/revisions"}],"wp:featuredmedia":[{"embeddable":true,"href":"https:\/\/havamall.com\/en\/wp-json\/wp\/v2\/media\/45263"}],"wp:attachment":[{"href":"https:\/\/havamall.com\/en\/wp-json\/wp\/v2\/media?parent=45262"}],"wp:term":[{"taxonomy":"product_brand","embeddable":true,"href":"https:\/\/havamall.com\/en\/wp-json\/wp\/v2\/product_brand?post=45262"},{"taxonomy":"product_cat","embeddable":true,"href":"https:\/\/havamall.com\/en\/wp-json\/wp\/v2\/product_cat?post=45262"},{"taxonomy":"product_tag","embeddable":true,"href":"https:\/\/havamall.com\/en\/wp-json\/wp\/v2\/product_tag?post=45262"}],"curies":[{"name":"wp","href":"https:\/\/api.w.org\/{rel}","templated":true}]}}