{"id":45407,"date":"2026-03-26T08:49:41","date_gmt":"2026-03-26T01:49:41","guid":{"rendered":"https:\/\/havamall.com\/?post_type=product&#038;p=45407"},"modified":"2026-03-26T08:50:00","modified_gmt":"2026-03-26T01:50:00","slug":"hat-de-huu-co-rang-chin-tach-vo-aztec-organics-100g-organic-roasted-chestnut-kernel","status":"publish","type":"product","link":"https:\/\/havamall.com\/en\/shop\/hat-de-huu-co-rang-chin-tach-vo-aztec-organics-100g-organic-roasted-chestnut-kernel\/","title":{"rendered":"H\u1ea1t D\u1ebb H\u1eefu C\u01a1 Rang Ch\u00edn T\u00e1ch V\u1ecf Aztec Organics 100g \u2013 Organic Roasted Chestnut Kernel"},"content":{"rendered":"<h2 data-path-to-node=\"3\">TH\u00d4NG TIN S\u1ea2N PH\u1ea8M<\/h2>\n<div class=\"horizontal-scroll-wrapper\">\n<div class=\"table-block-component\">\n<div class=\"table-block has-export-button new-table-style is-at-scroll-start is-at-scroll-end\">\n<div class=\"table-content not-end-of-paragraph\" data-hveid=\"0\" data-ved=\"0CAAQ3ecQahgKEwjPiayqtLKTAxUAAAAAHQAAAAAQ4Qk\">\n<table data-path-to-node=\"4\">\n<tbody>\n<tr>\n<td><span data-path-to-node=\"4,1,0,0\"><b data-path-to-node=\"4,1,0,0\" data-index-in-node=\"0\">Th\u01b0\u01a1ng hi\u1ec7u<\/b><\/span><\/td>\n<td><span data-path-to-node=\"4,1,1,0\">Aztec Organics<\/span><\/td>\n<\/tr>\n<tr>\n<td><span data-path-to-node=\"4,2,0,0\"><b data-path-to-node=\"4,2,0,0\" data-index-in-node=\"0\">Xu\u1ea5t x\u1ee9<\/b><\/span><\/td>\n<td><span data-path-to-node=\"4,2,1,0\">H\u00e0 B\u1eafc, Trung Qu\u1ed1c (V\u00f9ng nguy\u00ean li\u1ec7u Qianxi)<\/span><\/td>\n<\/tr>\n<tr>\n<td><span data-path-to-node=\"4,3,0,0\"><b data-path-to-node=\"4,3,0,0\" data-index-in-node=\"0\">Th\u00e0nh ph\u1ea7n<\/b><\/span><\/td>\n<td><span data-path-to-node=\"4,3,1,0\">100% h\u1ea1t d\u1ebb h\u1eefu c\u01a1 t\u1ef1 nhi\u00ean<\/span><\/td>\n<\/tr>\n<tr>\n<td><span data-path-to-node=\"4,4,0,0\"><b data-path-to-node=\"4,4,0,0\" data-index-in-node=\"0\">H\u1ea1n s\u1eed d\u1ee5ng<\/b><\/span><\/td>\n<td><span data-path-to-node=\"4,4,1,0\">24 th\u00e1ng k\u1ec3 t\u1eeb ng\u00e0y s\u1ea3n xu\u1ea5t<\/span><\/td>\n<\/tr>\n<tr>\n<td><span data-path-to-node=\"4,5,0,0\"><b data-path-to-node=\"4,5,0,0\" data-index-in-node=\"0\">B\u1ea3o qu\u1ea3n<\/b><\/span><\/td>\n<td><span data-path-to-node=\"4,5,1,0\">N\u01a1i kh\u00f4 r\u00e1o, tho\u00e1ng m\u00e1t, tr\u00e1nh \u00e1nh n\u1eafng tr\u1ef1c ti\u1ebfp. Sau khi m\u1edf t\u00fai n\u00ean b\u1ea3o qu\u1ea3n ng\u0103n m\u00e1t t\u1ee7 l\u1ea1nh v\u00e0 d\u00f9ng s\u1edbm \u0111\u1ec3 gi\u1eef \u0111\u1ed9 b\u00f9i.<\/span><\/td>\n<\/tr>\n<tr>\n<td><span data-path-to-node=\"4,6,0,0\"><b data-path-to-node=\"4,6,0,0\" data-index-in-node=\"0\">Kh\u1ed1i l\u01b0\u1ee3ng<\/b><\/span><\/td>\n<td><span data-path-to-node=\"4,6,1,0\">100g<\/span><\/td>\n<\/tr>\n<\/tbody>\n<\/table>\n<p>M\u1ed7i t\u00fai h\u1ea1t d\u1ebb Aztec Organics b\u1eaft \u0111\u1ea7u t\u1eeb nh\u1eefng c\u00e1nh r\u1eebng d\u1ebb \u0111\u1ea1t chu\u1ea9n h\u1eefu c\u01a1 nghi\u00eam ng\u1eb7t, t\u1ea1i \u0111\u00e2y c\u00e2y d\u1ebb \u0111\u01b0\u1ee3c l\u1edbn l\u00ean ho\u00e0n to\u00e0n t\u1ef1 nhi\u00ean, kh\u00f4ng c\u00f3 s\u1ef1 can thi\u1ec7p c\u1ee7a ph\u00e2n b\u00f3n h\u00f3a h\u1ecdc hay thu\u1ed1c b\u1ea3o v\u1ec7 th\u1ef1c v\u1eadt, \u0111\u1ea3m b\u1ea3o s\u1ef1 c\u00e2n b\u1eb1ng sinh th\u00e1i \u0111\u00fang nh\u01b0 tinh th\u1ea7n &#8220;Aztec&#8221; \u2013 t\u00ean g\u1ecdi l\u1ea5y c\u1ea3m h\u1ee9ng t\u1eeb m\u1ed9t n\u1ec1n v\u0103n minh c\u1ed5 \u0111\u1ea1i v\u1ed1n c\u1ef1c k\u1ef3 t\u00f4n tr\u1ecdng v\u00e0 h\u00f2a h\u1ee3p v\u1edbi thi\u00ean nhi\u00ean. Nh\u1eefng h\u1ea1t d\u1ebb tr\u00f2n tr\u1ecba, c\u0103ng b\u00f3ng sau \u0111\u00f3 tr\u1ea3i qua qu\u00e1 tr\u00ecnh rang ch\u00edn b\u1eb1ng c\u00f4ng ngh\u1ec7 hi\u1ec7n \u0111\u1ea1i \u0111\u1ec3 gi\u1eef tr\u1ecdn v\u1eb9n v\u1ecb ng\u1ecdt thanh v\u00e0 \u0111\u1ed9 m\u1ec1m d\u1ebbo \u0111\u1eb7c tr\u01b0ng, tr\u01b0\u1edbc khi \u0111\u01b0\u1ee3c b\u00f3c v\u1ecf t\u1ec9 m\u1ec9 \u0111\u1ec3 s\u1eb5n s\u00e0ng ph\u1ee5c v\u1ee5 th\u1ef1c kh\u00e1ch.<\/p>\n<p><img fetchpriority=\"high\" decoding=\"async\" class=\"aligncenter wp-image-45409\" src=\"https:\/\/havamall.com\/wp-content\/uploads\/2026\/03\/560054137_1133310582248999_8111713773039933759_n.jpg\" alt=\"\" width=\"800\" height=\"800\" srcset=\"https:\/\/havamall.com\/wp-content\/uploads\/2026\/03\/560054137_1133310582248999_8111713773039933759_n.jpg 2048w, https:\/\/havamall.com\/wp-content\/uploads\/2026\/03\/560054137_1133310582248999_8111713773039933759_n-1200x1200.jpg 1200w\" sizes=\"(max-width: 800px) 100vw, 800px\" \/><\/p>\n<p>Ngay khi m\u1edf l\u1edbp bao b\u00ec, h\u01b0\u01a1ng th\u01a1m n\u1ed3ng n\u00e0n, \u1ea5m \u00e1p c\u1ee7a h\u1ea1t d\u1ebb rang lan t\u1ecfa, m\u00e0u v\u00e0ng \u01b0\u01a1m m\u1eadt ong \u0111\u1eb9p m\u1eaft, h\u1ea1t \u0111\u1ec1u t\u0103m t\u1eafp v\u00e0 ho\u00e0n to\u00e0n kh\u00f4ng b\u1ecb s\u01b0\u1ee3ng hay kh\u00f4 c\u1ee9ng. Khi th\u01b0\u1edfng th\u1ee9c, c\u1ea3m nh\u1eadn r\u00f5 r\u1ec7t nh\u1ea5t l\u00e0 \u0111\u1ed9 m\u1ec1m d\u1ebbo, tan nh\u1eb9 trong mi\u1ec7ng c\u00f9ng v\u1ecb b\u00f9i b\u00e9o t\u1ef1 nhi\u00ean, \u0111\u1ec3 l\u1ea1i h\u1eadu v\u1ecb ng\u1ecdt thanh tao m\u00e0 kh\u00f4ng c\u1ea7n \u0111\u1ebfn b\u1ea5t k\u1ef3 lo\u1ea1i \u0111\u01b0\u1eddng hay ph\u1ee5 gia n\u00e0o, l\u00e0 minh ch\u1ee9ng cho m\u1ed9t s\u1ea3n ph\u1ea9m &#8220;No Added Sugar&#8221; \u0111\u00edch th\u1ef1c, n\u01a1i v\u1ecb ng\u1ecdt ho\u00e0n to\u00e0n \u0111\u1ebfn t\u1eeb tinh b\u1ed9t h\u1ea1t d\u1ebb \u0111\u00e3 \u0111\u01b0\u1ee3c chuy\u1ec3n h\u00f3a qua qu\u00e1 tr\u00ecnh nhi\u1ec7t luy\u1ec7n kh\u00e9o l\u00e9o.<\/p>\n<p><img decoding=\"async\" class=\"aligncenter wp-image-45410\" src=\"https:\/\/havamall.com\/wp-content\/uploads\/2026\/03\/z7340017246672-aaa2ff917be1fbc855aa60f5b3dc42f8-scaled.webp\" alt=\"\" width=\"800\" height=\"1066\" srcset=\"https:\/\/havamall.com\/wp-content\/uploads\/2026\/03\/z7340017246672-aaa2ff917be1fbc855aa60f5b3dc42f8-scaled.webp 1920w, https:\/\/havamall.com\/wp-content\/uploads\/2026\/03\/z7340017246672-aaa2ff917be1fbc855aa60f5b3dc42f8-1536x2048.webp 1536w, https:\/\/havamall.com\/wp-content\/uploads\/2026\/03\/z7340017246672-aaa2ff917be1fbc855aa60f5b3dc42f8-1200x1600.webp 1200w\" sizes=\"(max-width: 800px) 100vw, 800px\" \/><\/p>\n<p data-path-to-node=\"11\">X\u00e9t v\u1ec1 g\u00f3c \u0111\u1ed9 dinh d\u01b0\u1ee1ng, h\u1ea1t d\u1ebb t\u1eeb l\u00e2u \u0111\u00e3 \u0111\u01b0\u1ee3c v\u00ed nh\u01b0 &#8220;vua c\u1ee7a c\u00e1c lo\u1ea1i h\u1ea1t&#8221; nh\u1edd h\u00e0m l\u01b0\u1ee3ng tinh b\u1ed9t th\u1ea5p h\u01a1n nh\u01b0ng l\u1ea1i gi\u00e0u ch\u1ea5t x\u01a1 v\u00e0 vitamin C h\u01a1n h\u1eb3n c\u00e1c lo\u1ea1i h\u1ea1t kh\u00f4 kh\u00e1c. Trong m\u1ed7i t\u00fai h\u1ea1t d\u1ebb n\u00e0y ch\u1ee9a \u0111\u1ef1ng m\u1ed9t ngu\u1ed3n n\u0103ng l\u01b0\u1ee3ng d\u1ed3i d\u00e0o nh\u01b0ng l\u00e0nh m\u1ea1nh, cung c\u1ea5p kali h\u1ed7 tr\u1ee3 h\u1ec7 tim m\u1ea1ch, c\u00f9ng s\u1eaft v\u00e0 magie gi\u00fap t\u0103ng c\u01b0\u1eddng s\u1ee9c \u0111\u1ec1 kh\u00e1ng cho c\u01a1 th\u1ec3. V\u00ec l\u00e0 s\u1ea3n ph\u1ea9m thu\u1ea7n h\u1eefu c\u01a1, h\u1ea1t d\u1ebb Aztec Organics tr\u1edf th\u00e0nh s\u1ef1 l\u1ef1a ch\u1ecdn l\u00fd t\u01b0\u1edfng cho nh\u1eefng ng\u01b0\u1eddi theo \u0111u\u1ed5i ch\u1ebf \u0111\u1ed9 \u0103n Eat Clean, thu\u1ea7n chay ho\u1eb7c nh\u1eefng ai \u0111ang t\u00ecm ki\u1ebfm m\u1ed9t m\u00f3n \u0103n v\u1eb7t kh\u00f4ng g\u00e2y t\u0103ng c\u00e2n nh\u01b0ng v\u1eabn \u0111\u1ea3m b\u1ea3o d\u01b0\u1ee1ng ch\u1ea5t.<\/p>\n<p data-path-to-node=\"11\"><img decoding=\"async\" class=\"aligncenter wp-image-45411\" src=\"https:\/\/havamall.com\/wp-content\/uploads\/2026\/03\/558975104_1133310632248994_531425166321674300_n.jpg\" alt=\"\" width=\"802\" height=\"802\" srcset=\"https:\/\/havamall.com\/wp-content\/uploads\/2026\/03\/558975104_1133310632248994_531425166321674300_n.jpg 2048w, https:\/\/havamall.com\/wp-content\/uploads\/2026\/03\/558975104_1133310632248994_531425166321674300_n-1200x1200.jpg 1200w\" sizes=\"(max-width: 802px) 100vw, 802px\" \/><\/p>\n<p data-path-to-node=\"12\">Ngo\u00e0i vi\u1ec7c th\u01b0\u1edfng th\u1ee9c tr\u1ef1c ti\u1ebfp, c\u00f3 th\u1ec3 th\u1eed c\u1eaft nh\u1ecf h\u1ea1t d\u1ebb \u0111\u1ec3 r\u1eafc l\u00ean b\u00e1t ng\u0169 c\u1ed1c bu\u1ed5i s\u00e1ng, tr\u1ed9n c\u00f9ng salad tr\u00e1i c\u00e2y \u0111\u1ec3 th\u00eam v\u1ecb b\u00f9i b\u00e9o, ho\u1eb7c \u0111\u1ed9c \u0111\u00e1o h\u01a1n l\u00e0 l\u1ed3ng gh\u00e9p v\u00e0o c\u00e1c m\u00f3n h\u1ea7m, n\u1ea5u s\u00fap. V\u1ecb ng\u1ecdt b\u00f9i c\u1ee7a h\u1ea1t d\u1ebb H\u00e0 B\u1eafc khi h\u00f2a quy\u1ec7n c\u00f9ng n\u01b0\u1edbc d\u00f9ng th\u1ecbt s\u1ebd t\u1ea1o n\u00ean m\u1ed9t chi\u1ec1u s\u00e2u h\u01b0\u01a1ng v\u1ecb c\u1ef1c k\u1ef3 l\u00f4i cu\u1ed1n, \u0111\u1ed3ng th\u1eddi b\u1ed5 sung th\u00eam k\u1ebft c\u1ea5u m\u1ec1m d\u1ebbo th\u00fa v\u1ecb cho m\u00f3n \u0103n. \u0110\u1ed1i v\u1edbi nh\u1eefng t\u00edn \u0111\u1ed3 h\u1ea3o ng\u1ecdt, h\u1ea1t d\u1ebb nghi\u1ec1n m\u1ecbn c\u00f3 th\u1ec3 d\u00f9ng l\u00e0m nh\u00e2n b\u00e1nh trung thu, b\u00e1nh p\u00eda.<\/p>\n<p data-path-to-node=\"12\"><img loading=\"lazy\" decoding=\"async\" class=\"aligncenter wp-image-45412\" src=\"https:\/\/havamall.com\/wp-content\/uploads\/2026\/03\/569021726_835430739064535_4551792321475928709_n.jpg\" alt=\"\" width=\"800\" height=\"800\" srcset=\"https:\/\/havamall.com\/wp-content\/uploads\/2026\/03\/569021726_835430739064535_4551792321475928709_n.jpg 1465w, https:\/\/havamall.com\/wp-content\/uploads\/2026\/03\/569021726_835430739064535_4551792321475928709_n-1200x1200.jpg 1200w\" sizes=\"(max-width: 800px) 100vw, 800px\" \/><\/p>\n<p data-path-to-node=\"13\">Gi\u1eefa m\u1ed9t th\u1ecb tr\u01b0\u1eddng th\u1ef1c ph\u1ea9m \u0111\u1ea7y r\u1eaby nh\u1eefng s\u1ea3n ph\u1ea9m t\u1ea9m \u01b0\u1edbp v\u00e0 bi\u1ebfn \u0111\u1ed5i gene, h\u1ea1t d\u1ebb Aztec Organics nh\u01b0 m\u1ed9t kho\u1ea3ng l\u1eb7ng b\u00ecnh y\u00ean, \u0111\u01b0a con ng\u01b0\u1eddi tr\u1edf v\u1ec1 v\u1edbi nh\u1eefng gi\u00e1 tr\u1ecb nguy\u00ean b\u1ea3n nh\u1ea5t c\u1ee7a th\u1ef1c ph\u1ea9m. H\u1ea1t D\u1ebb H\u1eefu C\u01a1 Rang Ch\u00edn B\u00f3c V\u1ecf Aztec Organics hi\u1ec7n \u0111ang \u0111\u01b0\u1ee3c b\u00e1n t\u1ea1i Havamall, \u0111\u01a1n v\u1ecb chuy\u00ean nh\u1eadp kh\u1ea9u c\u00e1c d\u00f2ng th\u1ef1c ph\u1ea9m cao c\u1ea5p t\u1eeb nh\u1eefng v\u00f9ng nguy\u00ean li\u1ec7u danh ti\u1ebfng tr\u00ean th\u1ebf gi\u1edbi.<\/p>\n<\/div>\n<\/div>\n<\/div>\n<\/div>","protected":false},"excerpt":{"rendered":"<p>TH\u00d4NG TIN S\u1ea2N PH\u1ea8M Th\u01b0\u01a1ng hi\u1ec7u Aztec Organics Xu\u1ea5t x\u1ee9 H\u00e0 B\u1eafc, Trung Qu\u1ed1c (V\u00f9ng nguy\u00ean li\u1ec7u Qianxi) Th\u00e0nh ph\u1ea7n<\/p>","protected":false},"featured_media":45408,"comment_status":"open","ping_status":"closed","template":"","meta":[],"product_brand":[],"product_cat":[133,725],"product_tag":[],"class_list":{"0":"post-45407","1":"product","2":"type-product","3":"status-publish","4":"has-post-thumbnail","6":"product_cat-banh-keo-chocolate","7":"product_cat-nhap-khau-trung-quoc","9":"first","10":"outofstock","11":"sale","12":"shipping-taxable","13":"purchasable","14":"product-type-simple"},"_links":{"self":[{"href":"https:\/\/havamall.com\/en\/wp-json\/wp\/v2\/product\/45407","targetHints":{"allow":["GET"]}}],"collection":[{"href":"https:\/\/havamall.com\/en\/wp-json\/wp\/v2\/product"}],"about":[{"href":"https:\/\/havamall.com\/en\/wp-json\/wp\/v2\/types\/product"}],"replies":[{"embeddable":true,"href":"https:\/\/havamall.com\/en\/wp-json\/wp\/v2\/comments?post=45407"}],"version-history":[{"count":0,"href":"https:\/\/havamall.com\/en\/wp-json\/wp\/v2\/product\/45407\/revisions"}],"wp:featuredmedia":[{"embeddable":true,"href":"https:\/\/havamall.com\/en\/wp-json\/wp\/v2\/media\/45408"}],"wp:attachment":[{"href":"https:\/\/havamall.com\/en\/wp-json\/wp\/v2\/media?parent=45407"}],"wp:term":[{"taxonomy":"product_brand","embeddable":true,"href":"https:\/\/havamall.com\/en\/wp-json\/wp\/v2\/product_brand?post=45407"},{"taxonomy":"product_cat","embeddable":true,"href":"https:\/\/havamall.com\/en\/wp-json\/wp\/v2\/product_cat?post=45407"},{"taxonomy":"product_tag","embeddable":true,"href":"https:\/\/havamall.com\/en\/wp-json\/wp\/v2\/product_tag?post=45407"}],"curies":[{"name":"wp","href":"https:\/\/api.w.org\/{rel}","templated":true}]}}