{"id":45510,"date":"2026-03-30T11:12:35","date_gmt":"2026-03-30T04:12:35","guid":{"rendered":"https:\/\/havamall.com\/?post_type=product&#038;p=45510"},"modified":"2026-03-30T11:20:35","modified_gmt":"2026-03-30T04:20:35","slug":"hanh-nhan-lat-nhap-khau-my-atlas-garden-265g-atlas-garden-sliced-almond","status":"publish","type":"product","link":"https:\/\/havamall.com\/en\/shop\/hanh-nhan-lat-nhap-khau-my-atlas-garden-265g-atlas-garden-sliced-almond\/","title":{"rendered":"H\u1ea1nh Nh\u00e2n L\u00e1t Nh\u1eadp Kh\u1ea9u M\u1ef9 Atlas Garden 265g \u2013 Atlas Garden Sliced Almond"},"content":{"rendered":"<h2 data-path-to-node=\"3\">TH\u00d4NG TIN S\u1ea2N PH\u1ea8M<\/h2>\n<table style=\"width: 56.716%;height: 24px\" width=\"308\" data-path-to-node=\"1\">\n<tbody>\n<tr>\n<td style=\"width: 22.4359%\"><span data-path-to-node=\"1,1,0,0\">Th\u01b0\u01a1ng hi\u1ec7u<\/span><\/td>\n<td style=\"width: 178.526%\">Atlas Garden<\/td>\n<\/tr>\n<tr>\n<td style=\"width: 22.4359%\"><span data-path-to-node=\"1,2,0,0\">Xu\u1ea5t x\u1ee9<\/span><\/td>\n<td style=\"width: 178.526%\">M\u1ef9 (USA)<\/td>\n<\/tr>\n<tr>\n<td style=\"width: 22.4359%\"><span data-path-to-node=\"1,3,0,0\">Th\u00e0nh ph\u1ea7n<\/span><\/td>\n<td style=\"width: 178.526%\">100% h\u1ea1nh nh\u00e2n c\u1eaft l\u00e1t kh\u00f4ng v\u1ecf nh\u1eadp kh\u1ea9u M\u1ef9<\/td>\n<\/tr>\n<tr>\n<td style=\"width: 22.4359%\"><span data-path-to-node=\"1,4,0,0\">H\u1ea1n s\u1eed d\u1ee5ng<\/span><\/td>\n<td style=\"width: 178.526%\">12 th\u00e1ng<\/td>\n<\/tr>\n<tr>\n<td style=\"width: 22.4359%\"><span data-path-to-node=\"1,5,0,0\">B\u1ea3o qu\u1ea3n<\/span><\/td>\n<td style=\"width: 178.526%\">N\u01a1i kh\u00f4 r\u00e1o, tho\u00e1ng m\u00e1t, tr\u00e1nh \u00e1nh n\u1eafng tr\u1ef1c ti\u1ebfp. Sau khi m\u1edf t\u00fai n\u00ean b\u1ea3o qu\u1ea3n k\u00edn ho\u1eb7c \u0111\u1ec3 trong ng\u0103n m\u00e1t t\u1ee7 l\u1ea1nh<\/td>\n<\/tr>\n<tr>\n<td style=\"width: 22.4359%\"><span data-path-to-node=\"1,6,0,0\">Kh\u1ed1i l\u01b0\u1ee3ng<\/span><\/td>\n<td style=\"width: 178.526%\">265g<\/td>\n<\/tr>\n<\/tbody>\n<\/table>\n<p data-path-to-node=\"7\">Hoa K\u1ef3 t\u1eeb l\u00e2u \u0111\u00e3 \u0111\u01b0\u1ee3c th\u1ebf gi\u1edbi t\u00f4n vinh l\u00e0 &#8220;th\u1ee7 ph\u1ee7 c\u1ee7a nh\u1eefng h\u1ea1t h\u1ea1nh nh\u00e2n th\u01b0\u1ee3ng h\u1ea1ng&#8221;, n\u01a1i cung c\u1ea5p nh\u1eefng h\u1ea1t h\u1ea1nh nh\u00e2n c\u00f3 ch\u1ea5t l\u01b0\u1ee3ng v\u00e0 h\u01b0\u01a1ng v\u1ecb \u0111\u1ee9ng \u0111\u1ea7u to\u00e0n c\u1ea7u. T\u1ea1i nh\u1eefng thung l\u0169ng mi\u1ec1n Trung California, n\u01a1i c\u00f3 nh\u1eefng d\u1ea3i \u0111\u1ea5t ph\u00f9 sa m\u00e0u m\u1ee1 v\u00e0 ng\u1eadp tr\u00e0n \u00e1nh n\u1eafng \u1ea5m \u00e1p quanh n\u0103m, nh\u1eefng c\u00e2y h\u1ea1nh nh\u00e2n \u0111\u01b0\u1ee3c nu\u00f4i d\u01b0\u1ee1ng \u0111\u1ec3 k\u1ebft tinh n\u00ean nh\u1eefng h\u1ea1t m\u1ea7m ch\u1eafc kh\u1ecfe, mang v\u1ecb b\u00e9o b\u00f9i ho\u00e0n h\u1ea3o nh\u1ea5t. Atlas Garden \u0111\u00e3 ch\u1eaft l\u1ecdc nh\u1eefng g\u00ec tinh t\u00fay nh\u1ea5t t\u1eeb v\u00f9ng \u0111\u1ea5t ph\u01b0\u01a1ng T\u00e2y n\u00e0y \u0111\u1ec3 mang \u0111\u1ebfn s\u1ea3n ph\u1ea9m <b data-path-to-node=\"7\" data-index-in-node=\"490\">H\u1ea1nh Nh\u00e2n L\u00e1t Kh\u00f4ng V\u1ecf<\/b> \u2013 m\u1ed9t m\u00f3n qu\u00e0 t\u1eeb thi\u00ean nhi\u00ean gi\u00fap k\u1ebft n\u1ed1i con ng\u01b0\u1eddi v\u1edbi ngu\u1ed3n n\u0103ng l\u01b0\u1ee3ng thu\u1ea7n khi\u1ebft v\u00e0 s\u1ef1 ti\u1ec7n l\u1ee3i tinh t\u1ebf trong gian b\u1ebfp hi\u1ec7n \u0111\u1ea1i.<\/p>\n<p data-path-to-node=\"7\"><img fetchpriority=\"high\" decoding=\"async\" class=\"aligncenter\" src=\"https:\/\/havamall.com\/wp-content\/uploads\/2026\/03\/241-almonds-natural-sliced-100g.jpg\" alt=\"Almonds Natural Sliced Classic Taste 100g \u2013 Fruit World | Fruit World Royal  Oak\" width=\"800\" height=\"800\" \/><\/p>\n<p data-path-to-node=\"8\">Nh\u1eefng h\u1ea1t h\u1ea1nh nh\u00e2n Atlas Garden b\u1eaft \u0111\u1ea7u khi ch\u00fang \u0111\u1ea1t \u0111\u1ebfn \u0111\u1ed9 ch\u00edn mu\u1ed3i ho\u00e0n h\u1ea3o, mang m\u00e0u tr\u1eafng ng\u00e0 thu\u1ea7n khi\u1ebft v\u00e0 ch\u1ee9a \u0111\u1ef1ng h\u00e0m l\u01b0\u1ee3ng dinh d\u01b0\u1ee1ng \u1ed5n \u0111\u1ecbnh nh\u1ea5t. Thay v\u00ec gi\u1eef nguy\u00ean h\u1ea1t c\u1ee9ng, h\u1ea1nh nh\u00e2n \u0111\u01b0\u1ee3c b\u00f3c v\u1ecf t\u1ec9 m\u1ec9 v\u00e0 c\u1eaft l\u00e1t m\u1ecfng \u0111\u1ec1u t\u0103m t\u1eafp b\u1eb1ng c\u00f4ng ngh\u1ec7 hi\u1ec7n \u0111\u1ea1i, gi\u00fap gi\u1eef l\u1ea1i c\u1ea5u tr\u00fac gi\u00f2n tan nh\u1eb9 nh\u00e0ng v\u00e0 h\u01b0\u01a1ng v\u1ecb b\u00e9o ng\u1eady thanh tao \u0111\u1eb7c tr\u01b0ng.<\/p>\n<p data-path-to-node=\"8\"><img decoding=\"async\" class=\"aligncenter\" src=\"https:\/\/havamall.com\/wp-content\/uploads\/2026\/03\/1P9A9065.jpg\" alt=\"Almonds Sliced\/Raw (16oz)\" width=\"801\" height=\"801\" \/><\/p>\n<p data-path-to-node=\"8\">Khi th\u01b0\u1edfng th\u1ee9c, c\u1ea3m gi\u00e1c \u0111\u1ea7u ti\u00ean l\u00e0 s\u1ef1 tan nh\u1eb9 c\u1ee7a nh\u1eefng l\u00e1t h\u1ea1nh nh\u00e2n m\u1ecfng m\u1ecbn, ngay sau \u0111\u00f3 l\u00e0 v\u1ecb ng\u1ecdt thanh \u0111\u1eb7c tr\u01b0ng c\u1ee7a tinh b\u1ed9t l\u00e0nh m\u1ea1nh v\u00e0 v\u1ecb b\u00e9o b\u00f9i lan t\u1ecfa. M\u1ed7i l\u00e1t h\u1ea1nh nh\u00e2n kh\u00f4ng ch\u1ec9 l\u00e0 m\u1ed9t nguy\u00ean li\u1ec7u, m\u00e0 l\u00e0 m\u1ed9t &#8220;vi\u00ean nang&#8221; dinh d\u01b0\u1ee1ng \u0111\u1eadm \u0111\u1eb7c v\u1edbi h\u00e0m l\u01b0\u1ee3ng <b data-path-to-node=\"8\" data-index-in-node=\"640\">Canxi<\/b> d\u1ed3i d\u00e0o, gi\u00e0u <b data-path-to-node=\"8\" data-index-in-node=\"660\">Magi\u00ea<\/b> v\u00e0 <b data-path-to-node=\"8\" data-index-in-node=\"669\">Vitamin E<\/b>, h\u1ed7 tr\u1ee3 \u0111\u1eafc l\u1ef1c cho l\u00e0n da r\u1ea1ng r\u1ee1 v\u00e0 m\u1ed9t h\u1ec7 tim m\u1ea1ch kh\u1ecfe m\u1ea1nh.<\/p>\n<p data-path-to-node=\"8\"><img decoding=\"async\" class=\"aligncenter\" src=\"https:\/\/havamall.com\/wp-content\/uploads\/2026\/03\/23_40639171-119a-4b20-b6de-f416a1f04057.jpg\" alt=\"Sliced Blanched Almonds \u2013 purehubnutrition.ph\" width=\"801\" height=\"801\" \/><\/p>\n<p data-path-to-node=\"9\">Trong v\u0103n h\u00f3a \u1ea9m th\u1ef1c hi\u1ec7n \u0111\u1ea1i v\u00e0 l\u1ed1i s\u1ed1ng l\u00e0nh m\u1ea1nh, h\u1ea1nh nh\u00e2n l\u00e1t kh\u00f4ng v\u1ecf \u0111\u01b0\u1ee3c xem l\u00e0 &#8220;\u0111i\u1ec3m nh\u1ea5n ngh\u1ec7 thu\u1eadt&#8221; b\u1eadc nh\u1ea5t trong m\u1ecdi m\u00f3n \u0103n. M\u1ed9t nh\u00fam h\u1ea1nh nh\u00e2n l\u00e1t r\u1eafc nh\u1eb9 l\u00ean nh\u1eefng b\u00e1t ng\u0169 c\u1ed1c, s\u1eefa chua bu\u1ed5i s\u00e1ng, hay trang tr\u00ed tr\u00ean nh\u1eefng chi\u1ebfc b\u00e1nh quy, b\u00e1nh b\u00f4ng lan th\u01a1m n\u1ed3ng s\u1ebd l\u00e0m t\u0103ng th\u00eam s\u1ef1 sang tr\u1ecdng v\u00e0 tinh t\u1ebf cho b\u00e0n \u0103n. \u0110\u1eb7c bi\u1ec7t, h\u1ea1nh nh\u00e2n l\u00e1t Atlas Garden ho\u00e0n to\u00e0n kh\u00f4ng ch\u1ee9a ch\u1ea5t b\u1ea3o qu\u1ea3n, kh\u00f4ng bi\u1ebfn \u0111\u1ed5i gen (<b data-path-to-node=\"9\" data-index-in-node=\"425\">Non-GMO<\/b>) v\u00e0 thu\u1ea7n chay (<b data-path-to-node=\"9\" data-index-in-node=\"449\">Vegan<\/b>), l\u00e0 l\u1ef1a ch\u1ecdn tuy\u1ec7t v\u1eddi cho nh\u1eefng ai \u0111ang theo \u0111u\u1ed5i l\u1ed1i s\u1ed1ng Eat Clean, c\u1ea7n b\u1ed5 sung ngu\u1ed3n n\u0103ng l\u01b0\u1ee3ng s\u1ea1ch v\u00e0 an to\u00e0n cho c\u1ea3 gia \u0111\u00ecnh.<\/p>\n<p data-path-to-node=\"9\"><img loading=\"lazy\" decoding=\"async\" class=\"aligncenter\" src=\"https:\/\/www.bostonglobe.com\/resizer\/v2\/CJF5HFUC75AN7KUJ4PD22DLAVE.jpeg?auth=9fe61655a129e87e62d52ef5d1ddd5c1a8cc0688b49f42b67aea23c5e9c9a4bd\" alt=\"Giant Almond Shortbread Cookie\" width=\"801\" height=\"808\" \/><\/p>\n<p data-path-to-node=\"10\">H\u1ea1nh Nh\u00e2n L\u00e1t Kh\u00f4ng V\u1ecf Atlas Garden hi\u1ec7n \u0111ang \u0111\u01b0\u1ee3c ph\u00e2n ph\u1ed1i ch\u00ednh h\u00e3ng, cam k\u1ebft mang tr\u1ecdn v\u1eb9n s\u1ef1 tinh t\u00fay v\u00e0 ti\u00eau chu\u1ea9n ch\u1ea5t l\u01b0\u1ee3ng kh\u1eaft k\u00ea nh\u1ea5t t\u1eeb nh\u1eefng trang tr\u1ea1i Hoa K\u1ef3 \u0111\u1ebfn v\u1edbi h\u00e0nh tr\u00ecnh ch\u0103m s\u00f3c s\u1ee9c kh\u1ecfe v\u00e0 s\u1ef1 s\u00e1ng t\u1ea1o \u1ea9m th\u1ef1c c\u1ee7a b\u1ea1n.<\/p>","protected":false},"excerpt":{"rendered":"<p>TH\u00d4NG TIN S\u1ea2N PH\u1ea8M Th\u01b0\u01a1ng hi\u1ec7u Atlas Garden Xu\u1ea5t x\u1ee9 M\u1ef9 (USA) Th\u00e0nh ph\u1ea7n 100% h\u1ea1nh nh\u00e2n c\u1eaft l\u00e1t kh\u00f4ng<\/p>","protected":false},"featured_media":45512,"comment_status":"open","ping_status":"closed","template":"","meta":[],"product_brand":[],"product_cat":[720,134],"product_tag":[],"class_list":{"0":"post-45510","1":"product","2":"type-product","3":"status-publish","4":"has-post-thumbnail","6":"product_cat-nhap-khau-my","7":"product_cat-thucpham-saykho","9":"first","10":"instock","11":"sale","12":"shipping-taxable","13":"purchasable","14":"product-type-simple"},"_links":{"self":[{"href":"https:\/\/havamall.com\/en\/wp-json\/wp\/v2\/product\/45510","targetHints":{"allow":["GET"]}}],"collection":[{"href":"https:\/\/havamall.com\/en\/wp-json\/wp\/v2\/product"}],"about":[{"href":"https:\/\/havamall.com\/en\/wp-json\/wp\/v2\/types\/product"}],"replies":[{"embeddable":true,"href":"https:\/\/havamall.com\/en\/wp-json\/wp\/v2\/comments?post=45510"}],"version-history":[{"count":0,"href":"https:\/\/havamall.com\/en\/wp-json\/wp\/v2\/product\/45510\/revisions"}],"wp:featuredmedia":[{"embeddable":true,"href":"https:\/\/havamall.com\/en\/wp-json\/wp\/v2\/media\/45512"}],"wp:attachment":[{"href":"https:\/\/havamall.com\/en\/wp-json\/wp\/v2\/media?parent=45510"}],"wp:term":[{"taxonomy":"product_brand","embeddable":true,"href":"https:\/\/havamall.com\/en\/wp-json\/wp\/v2\/product_brand?post=45510"},{"taxonomy":"product_cat","embeddable":true,"href":"https:\/\/havamall.com\/en\/wp-json\/wp\/v2\/product_cat?post=45510"},{"taxonomy":"product_tag","embeddable":true,"href":"https:\/\/havamall.com\/en\/wp-json\/wp\/v2\/product_tag?post=45510"}],"curies":[{"name":"wp","href":"https:\/\/api.w.org\/{rel}","templated":true}]}}