{"id":45918,"date":"2026-04-17T15:34:15","date_gmt":"2026-04-17T08:34:15","guid":{"rendered":"https:\/\/havamall.com\/?post_type=product&#038;p=45918"},"modified":"2026-04-17T15:34:17","modified_gmt":"2026-04-17T08:34:17","slug":"com-da-trang-tri-nhieu-mau-chocrice-500g-1kg-chocrice-rainbow-stone-sprinkles","status":"publish","type":"product","link":"https:\/\/havamall.com\/en\/shop\/com-da-trang-tri-nhieu-mau-chocrice-500g-1kg-chocrice-rainbow-stone-sprinkles\/","title":{"rendered":"C\u1ed1m \u0110\u00e1 Trang Tr\u00ed Nhi\u1ec1u M\u00e0u Chocrice 500g\/1kg \u2013 Chocrice Rainbow Stone Sprinkles"},"content":{"rendered":"<h2 data-section-id=\"17ktl91\" data-start=\"165\" data-end=\"188\">TH\u00d4NG TIN S\u1ea2N PH\u1ea8M<\/h2>\n<table>\n<tbody>\n<tr>\n<td>Th\u01b0\u01a1ng hi\u1ec7u<\/td>\n<td>Chocrice<\/td>\n<\/tr>\n<tr>\n<td>Xu\u1ea5t x\u1ee9<\/td>\n<td>Th\u00e1i Lan<\/td>\n<\/tr>\n<tr>\n<td>Th\u00e0nh ph\u1ea7n<\/td>\n<td>\u0110\u01b0\u1eddng, tinh b\u1ed9t g\u1ea1o, ch\u1ea5t b\u00e9o th\u1ef1c v\u1eadt, m\u00e0u th\u1ef1c ph\u1ea9m t\u1ed5ng h\u1ee3p, h\u01b0\u01a1ng th\u1ef1c ph\u1ea9m t\u1ef1 nhi\u00ean<\/td>\n<\/tr>\n<tr>\n<td>H\u1ea1n s\u1eed d\u1ee5ng<\/td>\n<td>24 th\u00e1ng k\u1ec3 t\u1eeb ng\u00e0y s\u1ea3n xu\u1ea5t<\/td>\n<\/tr>\n<tr>\n<td>B\u1ea3o qu\u1ea3n<\/td>\n<td>N\u01a1i kh\u00f4 r\u00e1o, tho\u00e1ng m\u00e1t, tr\u00e1nh \u00e1nh n\u1eafng tr\u1ef1c ti\u1ebfp. \u0110\u1eady k\u00edn sau khi s\u1eed d\u1ee5ng \u0111\u1ec3 tr\u00e1nh \u1ea9m v\u00e0 ki\u1ebfn<\/td>\n<\/tr>\n<tr>\n<td>Kh\u1ed1i l\u01b0\u1ee3ng<\/td>\n<td>500g v\u00e0 1kg<\/td>\n<\/tr>\n<\/tbody>\n<\/table>\n<p data-path-to-node=\"4\">T\u1eeb nh\u1eefng ti\u1ec7m b\u00e1nh th\u1ee7 c\u00f4ng t\u1ea1i Ch\u00e2u \u00c2u cho \u0111\u1ebfn nh\u1eefng qu\u1ea7y kem r\u1ef1c r\u1ee1 t\u1ea1i Th\u00e1i Lan, c\u1ed1m g\u1ea1o trang tr\u00ed lu\u00f4n l\u00e0 l\u1ef1a ch\u1ecdn h\u00e0ng \u0111\u1ea7u \u0111\u1ec3 bi\u1ebfn m\u1ed9t m\u00f3n \u0103n \u0111\u01a1n gi\u1ea3n tr\u1edf n\u00ean s\u1ed1ng \u0111\u1ed9ng v\u00e0 \u0111\u1ea7y c\u1ea3m h\u1ee9ng. Th\u01b0\u01a1ng hi\u1ec7u Chocrice \u0111\u1ebfn t\u1eeb Th\u00e1i Lan \u0111\u00e3 n\u1eafm b\u1eaft tr\u1ecdn v\u1eb9n tinh th\u1ea7n \u1ea5y \u0111\u1ec3 t\u1ea1o ra d\u00f2ng c\u1ed1m g\u1ea1o trang tr\u00ed (Sprinkles) v\u1edbi \u0111a d\u1ea1ng h\u00ecnh th\u00e1i, t\u1eeb d\u1ea1ng h\u1ea1t bi tr\u00f2n m\u1ecbn m\u00e0ng \u0111\u1ebfn d\u1ea1ng thanh d\u00e0i (g\u1ea1o t\u1ebb) s\u1eafc n\u00e9t, mang \u0111\u1ebfn m\u1ed9t b\u00e0n ti\u1ec7c th\u1ecb gi\u00e1c \u0111\u00fang ngh\u0129a.<\/p>\n<p data-path-to-node=\"5\">\u0110\u01b0\u1ee3c s\u1ea3n xu\u1ea5t tr\u00ean d\u00e2y chuy\u1ec1n \u0111\u1ea1t ti\u00eau chu\u1ea9n GHP v\u00e0 HACCP t\u1ea1i Th\u00e1i Lan, Chocrice kh\u00f4ng ch\u1ec9 \u0111\u01a1n thu\u1ea7n l\u00e0 \u0111\u01b0\u1eddng v\u00e0 m\u00e0u th\u1ef1c ph\u1ea9m, l\u00e0 s\u1ef1 k\u1ebft h\u1ee3p tinh t\u1ebf gi\u1eefa tinh b\u1ed9t g\u1ea1o truy\u1ec1n th\u1ed1ng v\u00e0 c\u00f4ng ngh\u1ec7 t\u1ea1o m\u00e0u ti\u00ean ti\u1ebfn, gi\u00fap t\u1eebng h\u1ea1t c\u1ed1m gi\u1eef \u0111\u01b0\u1ee3c \u0111\u1ed9 c\u1ee9ng c\u00e1p v\u1eeba ph\u1ea3i, kh\u00f4ng b\u1ecb tan ch\u1ea3y qu\u00e1 nhanh khi ti\u1ebfp x\u00fac v\u1edbi kem hay c\u00e1c b\u1ec1 m\u1eb7t \u1ea9m.<\/p>\n<p data-path-to-node=\"5\"><img decoding=\"async\" src=\"https:\/\/havamall.com\/wp-content\/uploads\/2026\/04\/com-da-trang-tri-nhieu-mau-chocrice-500g-1kg-chocrice-rainbow-stone-sprinkles.webp\" alt=\"C\u1ed1m \u0110\u00e1 Trang Tr\u00ed Nhi\u1ec1u M\u00e0u Chocrice 500g\/1kg \u2013 Chocrice Rainbow Stone Sprinkles\"><\/p>\n<p data-path-to-node=\"7\">Kh\u00e1c v\u1edbi c\u00e1c lo\u1ea1i c\u1ed1m trang tr\u00ed r\u1ebb ti\u1ec1n th\u01b0\u1eddng c\u00f3 v\u1ecb n\u1ed3ng c\u1ee7a ph\u1ea9m m\u00e0u ho\u1eb7c qu\u00e1 c\u1ee9ng, c\u1ed1m Chocrice s\u1edf h\u1eefu h\u01b0\u01a1ng th\u01a1m d\u1ecbu nh\u1eb9 v\u00e0 v\u1ecb ng\u1ecdt thanh tao. Khi c\u1eafn nh\u1eb9, th\u1ef1c kh\u00e1ch s\u1ebd c\u1ea3m nh\u1eadn \u0111\u01b0\u1ee3c \u0111\u1ed9 gi\u00f2n tan th\u00fa v\u1ecb, t\u1ea1o n\u00ean s\u1ef1 t\u01b0\u01a1ng ph\u1ea3n ho\u00e0n h\u1ea3o v\u1edbi l\u1edbp kem m\u1ecbn m\u00e0ng hay c\u1ed1t b\u00e1nh m\u1ec1m x\u1ed1p. \u0110\u1eb7c bi\u1ec7t, s\u1ea3n ph\u1ea9m cam k\u1ebft kh\u00f4ng s\u1eed d\u1ee5ng ch\u1ea5t b\u1ea3o qu\u1ea3n, \u0111\u1ea3m b\u1ea3o an to\u00e0n cho s\u1ee9c kh\u1ecfe, nh\u1ea5t l\u00e0 \u0111\u1ed1i v\u1edbi tr\u1ebb nh\u1ecf \u2013 \u0111\u1ed1i t\u01b0\u1ee3ng kh\u00e1ch h\u00e0ng trung th\u00e0nh nh\u1ea5t c\u1ee7a nh\u1eefng s\u1eafc m\u00e0u r\u1ef1c r\u1ee1.<\/p>\n<p data-path-to-node=\"8\">V\u1ec1 h\u00ecnh th\u00e1i, Chocrice mang \u0111\u1ebfn ba l\u1ef1a ch\u1ecdn ph\u1ed5 bi\u1ebfn nh\u1ea5t hi\u1ec7n nay:<\/p>\n<p data-path-to-node=\"8\">\u2013 C\u1ed1m bi (h\u00ecnh tr\u00f2n nh\u1ecf): T\u1ea1o hi\u1ec7u \u1ee9ng l\u1ea5p l\u00e1nh, sang tr\u1ecdng, th\u01b0\u1eddng \u0111\u01b0\u1ee3c d\u00f9ng cho c\u00e1c d\u00f2ng b\u00e1nh cao c\u1ea5p ho\u1eb7c ph\u1ee7 tr\u00ean m\u1eb7t k\u1eb9o chocolate.<\/p>\n<p data-path-to-node=\"8\">\u2013 C\u1ed1m g\u1ea1o ng\u0169 s\u1eafc (thanh d\u00e0i): Mang l\u1ea1i v\u1ebb \u0111\u1eb9p hi\u1ec7n \u0111\u1ea1i, n\u0103ng \u0111\u1ed9ng, c\u1ef1c k\u1ef3 ph\u00f9 h\u1ee3p cho c\u00e1c d\u00f2ng kem ly, tr\u00e0 s\u1eefa ho\u1eb7c b\u00e1nh sinh nh\u1eadt truy\u1ec1n th\u1ed1ng.<\/p>\n<p data-path-to-node=\"8\">\u2013 C\u1ed1m g\u1ea1o t\u00f4ng m\u00e0u Pastel (h\u1ed3ng, v\u00e0ng, xanh d\u1ecbu): D\u00e0nh ri\u00eang cho nh\u1eefng ch\u1ee7 \u0111\u1ec1 trang tr\u00ed tinh t\u1ebf, nh\u1eb9 nh\u00e0ng nh\u01b0 ti\u1ec7c tr\u00e0 chi\u1ec1u hay qu\u00e0 t\u1eb7ng l\u00e3ng m\u1ea1n.<\/p>\n<p data-path-to-node=\"10\"><img decoding=\"async\" src=\"https:\/\/havamall.com\/wp-content\/uploads\/2026\/04\/com-da-trang-tri-nhieu-mau-chocrice-500g-1kg-chocrice-rainbow-stone-sprinkles-1.webp\" alt=\"C\u1ed1m \u0110\u00e1 Trang Tr\u00ed Nhi\u1ec1u M\u00e0u Chocrice 500g\/1kg \u2013 Chocrice Rainbow Stone Sprinkles\"><\/p>\n<p data-path-to-node=\"11\">C\u1ed1m g\u1ea1o Chocrice ch\u00ednh l\u00e0 \u201cph\u00e9p m\u00e0u\u201d gi\u00fap b\u1ea5t k\u1ef3 ai c\u0169ng c\u00f3 th\u1ec3 tr\u1edf th\u00e0nh ngh\u1ec7 nh\u00e2n trang tr\u00ed. M\u1ed9t xu h\u01b0\u1edbng \u0111ang r\u1ea5t th\u1ecbnh h\u00e0nh l\u00e0 m\u00f3n \u201cFunfetti Cake\u201d \u2013 n\u01a1i nh\u1eefng h\u1ea1t c\u1ed1m \u0111a s\u1eafc \u0111\u01b0\u1ee3c tr\u1ed9n tr\u1ef1c ti\u1ebfp v\u00e0o b\u1ed9t b\u00e1nh tr\u01b0\u1edbc khi n\u01b0\u1edbng, t\u1ea1o n\u00ean nh\u1eefng \u0111\u1ed1m m\u00e0u r\u1ef1c r\u1ee1 \u1ea9n hi\u1ec7n b\u00ean trong c\u1ed1t b\u00e1nh tr\u1eafng ng\u1ea7n. Khi c\u1eaft b\u00e1nh, s\u1ef1 b\u00f9ng n\u1ed5 c\u1ee7a m\u00e0u s\u1eafc ch\u1eafc ch\u1eafn s\u1ebd t\u1ea1o n\u00ean s\u1ef1 b\u1ea5t ng\u1edd th\u00fa v\u1ecb cho b\u1ea5t k\u1ef3 bu\u1ed5i ti\u1ec7c n\u00e0o.<\/p>\n<p data-path-to-node=\"11\"><img decoding=\"async\" src=\"https:\/\/havamall.com\/wp-content\/uploads\/2026\/04\/com-da-trang-tri-nhieu-mau-chocrice-500g-1kg-chocrice-rainbow-stone-sprinkles-2.webp\" alt=\"C\u1ed1m \u0110\u00e1 Trang Tr\u00ed Nhi\u1ec1u M\u00e0u Chocrice 500g\/1kg \u2013 Chocrice Rainbow Stone Sprinkles\"><\/p>\n<p data-path-to-node=\"12\">\u0110\u1ed1i v\u1edbi c\u00e1c t\u00edn \u0111\u1ed3 tr\u00e0 s\u1eefa hay kem t\u01b0\u01a1i, vi\u1ec7c ph\u1ee7 m\u1ed9t l\u1edbp c\u1ed1m g\u1ea1o l\u00ean tr\u00ean l\u1edbp kem cheese ho\u1eb7c whipping cream kh\u00f4ng ch\u1ec9 l\u00e0m t\u0103ng gi\u00e1 tr\u1ecb h\u00ecnh \u1ea3nh \u0111\u1ec3 \u201ccheck-in\u201d m\u00e0 c\u00f2n th\u00eam v\u00e0o m\u1ed9t ch\u00fat k\u1ebft c\u1ea5u gi\u00f2n tan cho th\u1ee9c u\u1ed1ng. Ngo\u00e0i ra, c\u00e1c m\u1eb9 c\u0169ng c\u00f3 th\u1ec3 c\u00f9ng b\u00e9 v\u00e0o b\u1ebfp trang tr\u00ed b\u00e1nh quy hay donut th\u1ee7 c\u00f4ng. M\u1ed9t m\u1eb9o nh\u1ecf \u0111\u1ec3 c\u1ed1m gi\u1eef m\u00e0u t\u1ed1t nh\u1ea5t l\u00e0 ch\u1ec9 n\u00ean r\u1eafc l\u00ean m\u1eb7t b\u00e1nh ho\u1eb7c kem ngay tr\u01b0\u1edbc khi th\u01b0\u1edfng th\u1ee9c ho\u1eb7c sau khi l\u1edbp ph\u1ee7 \u0111\u00e3 h\u01a1i se l\u1ea1i, tr\u00e1nh r\u1eafc khi b\u1ec1 m\u1eb7t c\u00f2n qu\u00e1 n\u00f3ng \u0111\u1ec3 b\u1ea3o to\u00e0n \u0111\u1ed9 gi\u00f2n v\u00e0 m\u00e0u s\u1eafc nguy\u00ean b\u1ea3n.<\/p>","protected":false},"excerpt":{"rendered":"<p>TH\u00d4NG TIN S\u1ea2N PH\u1ea8M Th\u01b0\u01a1ng hi\u1ec7u Chocrice Xu\u1ea5t x\u1ee9 Th\u00e1i Lan Th\u00e0nh ph\u1ea7n \u0110\u01b0\u1eddng, tinh b\u1ed9t g\u1ea1o, ch\u1ea5t b\u00e9o th\u1ef1c<\/p>","protected":false},"featured_media":45919,"comment_status":"open","ping_status":"closed","template":"","meta":[],"product_brand":[],"product_cat":[730,255,784],"product_tag":[],"class_list":{"0":"post-45918","1":"product","2":"type-product","3":"status-publish","4":"has-post-thumbnail","6":"product_cat-cac-nuoc-khac","7":"product_cat-nguyen-lieu-lam-banh","8":"product_cat-nguyen-lieu-trang-tri","10":"first","11":"instock","12":"sale","13":"shipping-taxable","14":"purchasable","15":"product-type-variable"},"_links":{"self":[{"href":"https:\/\/havamall.com\/en\/wp-json\/wp\/v2\/product\/45918","targetHints":{"allow":["GET"]}}],"collection":[{"href":"https:\/\/havamall.com\/en\/wp-json\/wp\/v2\/product"}],"about":[{"href":"https:\/\/havamall.com\/en\/wp-json\/wp\/v2\/types\/product"}],"replies":[{"embeddable":true,"href":"https:\/\/havamall.com\/en\/wp-json\/wp\/v2\/comments?post=45918"}],"version-history":[{"count":3,"href":"https:\/\/havamall.com\/en\/wp-json\/wp\/v2\/product\/45918\/revisions"}],"predecessor-version":[{"id":45927,"href":"https:\/\/havamall.com\/en\/wp-json\/wp\/v2\/product\/45918\/revisions\/45927"}],"wp:featuredmedia":[{"embeddable":true,"href":"https:\/\/havamall.com\/en\/wp-json\/wp\/v2\/media\/45919"}],"wp:attachment":[{"href":"https:\/\/havamall.com\/en\/wp-json\/wp\/v2\/media?parent=45918"}],"wp:term":[{"taxonomy":"product_brand","embeddable":true,"href":"https:\/\/havamall.com\/en\/wp-json\/wp\/v2\/product_brand?post=45918"},{"taxonomy":"product_cat","embeddable":true,"href":"https:\/\/havamall.com\/en\/wp-json\/wp\/v2\/product_cat?post=45918"},{"taxonomy":"product_tag","embeddable":true,"href":"https:\/\/havamall.com\/en\/wp-json\/wp\/v2\/product_tag?post=45918"}],"curies":[{"name":"wp","href":"https:\/\/api.w.org\/{rel}","templated":true}]}}