{"id":45929,"date":"2026-04-18T13:57:06","date_gmt":"2026-04-18T06:57:06","guid":{"rendered":"https:\/\/havamall.com\/?post_type=product&#038;p=45929"},"modified":"2026-04-18T13:58:50","modified_gmt":"2026-04-18T06:58:50","slug":"khuon-lam-gio-thu-inox-cao-cap-viet-nam-500g-1kg-vietnamese-ham-press-mold","status":"publish","type":"product","link":"https:\/\/havamall.com\/en\/shop\/khuon-lam-gio-thu-inox-cao-cap-viet-nam-500g-1kg-vietnamese-ham-press-mold\/","title":{"rendered":"Khu\u00f4n L\u00e0m Gi\u00f2 Th\u1ee7 Inox Cao C\u1ea5p Vi\u1ec7t Nam (500g\/ 1kg) \u2013 Vietnamese Ham Press Mold"},"content":{"rendered":"<h3 data-path-to-node=\"4\">TH\u00d4NG TIN S\u1ea2N PH\u1ea8M<\/h3>\n<div class=\"horizontal-scroll-wrapper\">\n<div class=\"table-block-component\">\n<div class=\"table-block has-export-button new-table-style is-at-scroll-start is-at-scroll-end\">\n<table style=\"width: 53.1263%;height: 208px\" data-path-to-node=\"5\">\n<tbody>\n<tr>\n<td><span data-path-to-node=\"5,1,0,0\"><b data-path-to-node=\"5,1,0,0\" data-index-in-node=\"0\">Th\u01b0\u01a1ng hi\u1ec7u<\/b><\/span><\/td>\n<td><span data-path-to-node=\"5,1,1,0\">Havamall<\/span><\/td>\n<\/tr>\n<tr>\n<td><span data-path-to-node=\"5,2,0,0\"><b data-path-to-node=\"5,2,0,0\" data-index-in-node=\"0\">Xu\u1ea5t x\u1ee9<\/b><\/span><\/td>\n<td><span data-path-to-node=\"5,2,1,0\">Vi\u1ec7t Nam<\/span><\/td>\n<\/tr>\n<tr>\n<td><span data-path-to-node=\"5,3,0,0\"><b data-path-to-node=\"5,3,0,0\" data-index-in-node=\"0\">Th\u00e0nh ph\u1ea7n<\/b><\/span><\/td>\n<td><span data-path-to-node=\"5,3,1,0\">Inox cao c\u1ea5p, ch\u1ed1ng g\u1ec9 s\u00e9t, an to\u00e0n th\u1ef1c ph\u1ea9m<\/span><\/td>\n<\/tr>\n<tr>\n<td><span data-path-to-node=\"5,4,0,0\"><b data-path-to-node=\"5,4,0,0\" data-index-in-node=\"0\">H\u1ea1n s\u1eed d\u1ee5ng<\/b><\/span><\/td>\n<td><span data-path-to-node=\"5,4,1,0\">S\u1eed d\u1ee5ng l\u00e2u d\u00e0i, b\u1ec1n b\u1ec9 theo th\u1eddi gian<\/span><\/td>\n<\/tr>\n<tr>\n<td><span data-path-to-node=\"5,5,0,0\"><b data-path-to-node=\"5,5,0,0\" data-index-in-node=\"0\">B\u1ea3o qu\u1ea3n<\/b><\/span><\/td>\n<td><span data-path-to-node=\"5,5,1,0\">R\u1eeda s\u1ea1ch v\u00e0 lau kh\u00f4 sau khi s\u1eed d\u1ee5ng, \u0111\u1ec3 n\u01a1i kh\u00f4 r\u00e1o<\/span><\/td>\n<\/tr>\n<tr>\n<td><span data-path-to-node=\"5,6,0,0\"><b data-path-to-node=\"5,6,0,0\" data-index-in-node=\"0\">Kh\u1ed1i l\u01b0\u1ee3ng\/K\u00edch th\u01b0\u1edbc<\/b><\/span><\/td>\n<td>\n<p data-path-to-node=\"5,6,1,0\">Lo\u1ea1i 500g: Cao 10.5cm x \u0110\u01b0\u1eddng k\u00ednh ~10cm<\/p>\n<p data-path-to-node=\"5,6,1,2\">Lo\u1ea1i 1kg: Cao 15cm x \u0110\u01b0\u1eddng k\u00ednh 10cm<\/p>\n<\/td>\n<\/tr>\n<\/tbody>\n<\/table>\n<p data-path-to-node=\"10\"><em><strong>Thi\u1ebft k\u1ebf h\u00ecnh tr\u1ee5<\/strong> <\/em>v\u1eefng ch\u00e3i t\u1eeb ch\u1ea5t li\u1ec7u <strong><em>inox s\u00e1ng b\u00f3ng<\/em><\/strong> kh\u00f4ng ch\u1ec9 mang l\u1ea1i v\u1ebb th\u1ea9m m\u1ef9 hi\u1ec7n \u0111\u1ea1i cho gian b\u1ebfp m\u00e0 c\u00f2n \u0111\u1ea3m b\u1ea3o tuy\u1ec7t \u0111\u1ed1i v\u1ec1 v\u1ec7 sinh an to\u00e0n th\u1ef1c ph\u1ea9m. Kh\u00e1c v\u1edbi nh\u1eefng lo\u1ea1i nh\u1ef1a hay kim lo\u1ea1i r\u1ebb ti\u1ec1n d\u1ec5 b\u1ecb oxy h\u00f3a khi ti\u1ebfp x\u00fac v\u1edbi mu\u1ed1i m\u1eafm v\u00e0 nhi\u1ec7t \u0111\u1ed9 cao, inox gi\u1eef cho mi\u1ebfng gi\u00f2 lu\u00f4n th\u01a1m ngon, kh\u00f4ng b\u1ecb \u00e1m m\u00f9i kim lo\u1ea1i.<\/p>\n<p data-path-to-node=\"10\"><em><strong>C\u1ea5u t\u1ea1o<\/strong> <\/em>c\u1ee7a khu\u00f4n g\u1ed3m c\u00e1c b\u1ed9 ph\u1eadn t\u00e1ch r\u1eddi th\u00f4ng minh: <em><strong>th\u00e2n khu\u00f4n, n\u1eafp \u00e9p, thanh c\u00e0i v\u00e0 \u0111\u1eb7c bi\u1ec7t l\u00e0 h\u1ec7 th\u1ed1ng v\u00edt n\u00e9n<\/strong><\/em>. Chi ti\u1ebft v\u00edt n\u00e9n ch\u00ednh l\u00e0 m\u1ea5u ch\u1ed1t c\u1ee7a b\u1ed9 d\u1ee5ng c\u1ee5 n\u00e0y, thay th\u1ebf ho\u00e0n to\u00e0n cho s\u1ee9c l\u1ef1c c\u1ee7a \u0111\u00f4i tay v\u00e0 s\u1ef1 l\u1ec9nh k\u1ec9nh c\u1ee7a d\u00e2y l\u1ea1t. B\u1eb1ng c\u00e1ch v\u1eb7n nh\u1eb9 tay c\u1ea7m, l\u1ef1c \u00e9p s\u1ebd \u0111\u01b0\u1ee3c ph\u00e2n b\u1ed5 \u0111\u1ec1u l\u00ean b\u1ec1 m\u1eb7t th\u1ecbt, \u0111\u1ea9y h\u1ebft b\u1ecdt kh\u00ed v\u00e0 m\u1ee1 th\u1eeba ra qua c\u00e1c l\u1ed7 tho\u00e1t \u1edf \u0111\u00e1y, t\u1ea1o n\u00ean m\u1ed9t kh\u1ed1i gi\u00f2 \u0111\u1eb7c, m\u1ecbn v\u00e0 c\u00f3 \u0111\u1ed9 gi\u00f2n s\u1ea7n s\u1eadt \u0111\u1eb7c tr\u01b0ng.<\/p>\n<p data-path-to-node=\"10\"><img decoding=\"async\" src=\"https:\/\/havamall.com\/wp-content\/uploads\/2026\/04\/havamall-com-17.webp\" alt=\"Khu\u00f4n L\u00e0m Gi\u00f2 Th\u1ee7 Inox 304 Cao C\u1ea5p Vi\u1ec7t Nam (500g\/ 1kg) \u2013 Vietnamese Ham Press Mold\"><\/p>\n<p data-path-to-node=\"10\"><img decoding=\"async\" src=\"https:\/\/havamall.com\/wp-content\/uploads\/2026\/04\/havamall-com-16.webp\" alt=\"Khu\u00f4n L\u00e0m Gi\u00f2 Th\u1ee7 Inox 304 Cao C\u1ea5p Vi\u1ec7t Nam (500g\/ 1kg) \u2013 Vietnamese Ham Press Mold\"><\/p>\n<p data-path-to-node=\"11\">Vi\u1ec7c chu\u1ea9n b\u1ecb m\u1ed9t c\u00e2y gi\u00f2 th\u1ee7 t\u1ea1i gia gi\u1edd \u0111\u00e2y kh\u00f4ng c\u00f2n l\u00e0 th\u1eed th\u00e1ch \u0111\u1ed1i v\u1edbi nh\u1eefng ng\u01b0\u1eddi tr\u1ebb b\u1eadn r\u1ed9n. <em><strong>Th\u1ecbt tai heo, m\u0169i heo sau khi \u0111\u01b0\u1ee3c l\u00e0m s\u1ea1ch, lu\u1ed9c s\u01a1 v\u1edbi g\u1eebng v\u00e0 h\u00e0nh t\u00edm \u0111\u1ec3 kh\u1eed m\u00f9i, s\u1ebd \u0111\u01b0\u1ee3c th\u00e1i mi\u1ebfng m\u1ecfng v\u1eeba \u0103n<\/strong>.<\/em> B\u00ed quy\u1ebft n\u1eb1m \u1edf kh\u00e2u x\u00e0o th\u1ecbt: ph\u1ea3i <strong><em>x\u00e0o th\u1eadt k\u1ef9 v\u1edbi m\u1ed9c nh\u0129, n\u1ea5m h\u01b0\u01a1ng v\u00e0 th\u1eadt nhi\u1ec1u ti\u00eau s\u1ecd cho \u0111\u1ebfn khi th\u1ecbt s\u0103n l\u1ea1i, nh\u1ef1a t\u1eeb b\u00ec ch\u1ea3y ra b\u00e1m \u0111\u1ec1u l\u00ean t\u1eebng mi\u1ebfng th\u1ecbt<\/em><\/strong>. Khi th\u1ecbt v\u1eabn c\u00f2n n\u00f3ng h\u1ed5i, to\u00e0n b\u1ed9 h\u1ed7n h\u1ee3p \u0111\u01b0\u1ee3c tr\u00fat v\u00e0o khu\u00f4n. L\u00fac n\u00e0y, h\u1ec7 th\u1ed1ng v\u00edt n\u00e9n s\u1ebd ph\u00e1t huy t\u00e1c d\u1ee5ng t\u1ed1i \u0111a, \u00e9p ch\u1eb7t nguy\u00ean li\u1ec7u th\u00e0nh m\u1ed9t kh\u1ed1i th\u1ed1ng nh\u1ea5t. <strong><em>Sau khi \u0111\u1ec3 ngu\u1ed9i v\u00e0 b\u1ea3o qu\u1ea3n trong ng\u0103n m\u00e1t t\u1ee7 l\u1ea1nh t\u1eeb 5 \u0111\u1ebfn 8 ti\u1ebfng<\/em><\/strong>, m\u1ed9t c\u00e2y gi\u00f2 ho\u00e0n m\u1ef9 s\u1ebd ra \u0111\u1eddi.<\/p>\n<p data-path-to-node=\"11\"><img decoding=\"async\" src=\"https:\/\/havamall.com\/wp-content\/uploads\/2026\/04\/havamall-com-18.webp\" alt=\"Khu\u00f4n L\u00e0m Gi\u00f2 Th\u1ee7 Inox 304 Cao C\u1ea5p Vi\u1ec7t Nam (500g\/ 1kg) \u2013 Vietnamese Ham Press Mold\"><\/p>\n<p data-path-to-node=\"12\">Khi th\u00e1o khu\u00f4n, mi\u1ebfng gi\u00f2 th\u1ee7 hi\u1ec7n ra v\u1edbi nh\u1eefng l\u1edbp v\u00e2n th\u1ecbt xen k\u1ebd m\u00e0u tr\u1eafng trong c\u1ee7a b\u00ec, m\u00e0u n\u00e2u c\u1ee7a m\u1ed9c nh\u0129 v\u00e0 nh\u1eefng ch\u1ea5m \u0111en li ti c\u1ee7a h\u1ea1t ti\u00eau. C\u1ea3m gi\u00e1c khi d\u00f9ng dao c\u1eaft t\u1eebng khoanh gi\u00f2 ch\u1eafc n\u1ecbch, kh\u00f4ng h\u1ec1 b\u1ecb v\u1ee5n, r\u1ed3i b\u00e0y l\u00ean \u0111\u0129a s\u1ee9 tr\u1eafng b\u00ean c\u1ea1nh b\u00e1t d\u01b0a h\u00e0nh mu\u1ed1i chua, ch\u00ednh l\u00e0 l\u00fac gi\u00e1 tr\u1ecb c\u1ee7a s\u1ef1 t\u1ec9 m\u1ec9 \u0111\u01b0\u1ee3c t\u00f4n vinh. Ngo\u00e0i gi\u00f2 th\u1ee7, khu\u00f4n c\u00f2n \u0111\u01b0\u1ee3c \u1ee9ng d\u1ee5ng \u0111a d\u1ea1ng \u0111\u1ec3 l\u00e0m d\u0103m b\u00f4ng, gi\u00f2 b\u00ec ho\u1eb7c c\u00e1c m\u00f3n th\u1ecbt \u00e9p l\u1ea1nh ki\u1ec3u \u00c2u, mang l\u1ea1i s\u1ef1 phong ph\u00fa cho th\u1ef1c \u0111\u01a1n gia \u0111\u00ecnh h\u00e0ng ng\u00e0y.<\/p>\n<p data-path-to-node=\"12\"><img decoding=\"async\" src=\"https:\/\/havamall.com\/wp-content\/uploads\/2026\/04\/khuon-lam-gio-thu-inox-304-cao-cap-viet-nam-500g-1kg-vietnamese-ham-press-mold.webp\" alt=\"Khu\u00f4n L\u00e0m Gi\u00f2 Th\u1ee7 Inox 304 Cao C\u1ea5p Vi\u1ec7t Nam (500g\/ 1kg) \u2013 Vietnamese Ham Press Mold\"><\/p>\n<p data-path-to-node=\"13\">K\u1ebft th\u00fac m\u1ed9t chu tr\u00ecnh ch\u1ebf bi\u1ebfn, vi\u1ec7c v\u1ec7 sinh c\u0169ng tr\u1edf n\u00ean v\u00f4 c\u00f9ng \u0111\u01a1n gi\u1ea3n nh\u1edd b\u1ec1 m\u1eb7t inox ch\u1ed1ng d\u00ednh t\u1ef1 nhi\u00ean, c\u00e1c b\u1ed9 ph\u1eadn th\u00e1o r\u1eddi gi\u00fap lo\u1ea1i b\u1ecf ho\u00e0n to\u00e0n v\u1ebft m\u1ee1 b\u00e1m trong c\u00e1c ng\u00f3c ng\u00e1ch.\u00a0Khu\u00f4n l\u00e0m gi\u00f2 th\u1ee7 inox cao c\u1ea5p hi\u1ec7n \u0111ang \u0111\u01b0\u1ee3c b\u00e1n t\u1ea1i Havamall, chuy\u00ean nh\u1eadp kh\u1ea9u v\u00e0 ph\u00e2n ph\u1ed1i c\u00e1c s\u1ea3n ph\u1ea9m gia d\u1ee5ng ch\u1ea5t l\u01b0\u1ee3ng cao, cam k\u1ebft h\u00e0ng ch\u00ednh h\u00e3ng \u0111\u1ebfn tay ng\u01b0\u1eddi ti\u00eau d\u00f9ng.<\/p>\n<\/div>\n<\/div>\n<\/div>","protected":false},"excerpt":{"rendered":"<p>TH\u00d4NG TIN S\u1ea2N PH\u1ea8M Th\u01b0\u01a1ng hi\u1ec7u Havamall Xu\u1ea5t x\u1ee9 Vi\u1ec7t Nam Th\u00e0nh ph\u1ea7n Inox cao c\u1ea5p, ch\u1ed1ng g\u1ec9 s\u00e9t, an<\/p>","protected":false},"featured_media":45931,"comment_status":"open","ping_status":"closed","template":"","meta":[],"product_brand":[],"product_cat":[393,730,35],"product_tag":[],"class_list":{"0":"post-45929","1":"product","2":"type-product","3":"status-publish","4":"has-post-thumbnail","6":"product_cat-bep-phong-an","7":"product_cat-cac-nuoc-khac","8":"product_cat-nha-cua-doi-song","10":"first","11":"instock","12":"shipping-taxable","13":"purchasable","14":"product-type-variable"},"_links":{"self":[{"href":"https:\/\/havamall.com\/en\/wp-json\/wp\/v2\/product\/45929","targetHints":{"allow":["GET"]}}],"collection":[{"href":"https:\/\/havamall.com\/en\/wp-json\/wp\/v2\/product"}],"about":[{"href":"https:\/\/havamall.com\/en\/wp-json\/wp\/v2\/types\/product"}],"replies":[{"embeddable":true,"href":"https:\/\/havamall.com\/en\/wp-json\/wp\/v2\/comments?post=45929"}],"version-history":[{"count":4,"href":"https:\/\/havamall.com\/en\/wp-json\/wp\/v2\/product\/45929\/revisions"}],"predecessor-version":[{"id":45943,"href":"https:\/\/havamall.com\/en\/wp-json\/wp\/v2\/product\/45929\/revisions\/45943"}],"wp:featuredmedia":[{"embeddable":true,"href":"https:\/\/havamall.com\/en\/wp-json\/wp\/v2\/media\/45931"}],"wp:attachment":[{"href":"https:\/\/havamall.com\/en\/wp-json\/wp\/v2\/media?parent=45929"}],"wp:term":[{"taxonomy":"product_brand","embeddable":true,"href":"https:\/\/havamall.com\/en\/wp-json\/wp\/v2\/product_brand?post=45929"},{"taxonomy":"product_cat","embeddable":true,"href":"https:\/\/havamall.com\/en\/wp-json\/wp\/v2\/product_cat?post=45929"},{"taxonomy":"product_tag","embeddable":true,"href":"https:\/\/havamall.com\/en\/wp-json\/wp\/v2\/product_tag?post=45929"}],"curies":[{"name":"wp","href":"https:\/\/api.w.org\/{rel}","templated":true}]}}