{"id":45993,"date":"2026-04-22T10:44:52","date_gmt":"2026-04-22T03:44:52","guid":{"rendered":"https:\/\/havamall.com\/?post_type=product&#038;p=45993"},"modified":"2026-04-22T10:44:53","modified_gmt":"2026-04-22T03:44:53","slug":"thach-no-pho-mai-heston-viet-nam-500g-heston-cheese-popping-boba-500g","status":"publish","type":"product","link":"https:\/\/havamall.com\/en\/shop\/thach-no-pho-mai-heston-viet-nam-500g-heston-cheese-popping-boba-500g\/","title":{"rendered":"Th\u1ea1ch N\u1ed5 Ph\u00f4 Mai Heston Vi\u1ec7t Nam 500g \u2013 Heston Cheese Popping Boba 500g"},"content":{"rendered":"<h3 data-path-to-node=\"3\">TH\u00d4NG TIN S\u1ea2N PH\u1ea8M<\/h3>\n<div class=\"horizontal-scroll-wrapper\">\n<div class=\"table-block-component\">\n<div class=\"table-block has-export-button new-table-style is-at-scroll-start is-at-scroll-end\">\n<table data-path-to-node=\"4\">\n<tbody>\n<tr>\n<td><span data-path-to-node=\"4,1,0,0\"><b data-path-to-node=\"4,1,0,0\" data-index-in-node=\"0\">Th\u01b0\u01a1ng hi\u1ec7u<\/b><\/span><\/td>\n<td><span data-path-to-node=\"4,1,1,0\">Heston<\/span><\/td>\n<\/tr>\n<tr>\n<td><span data-path-to-node=\"4,2,0,0\"><b data-path-to-node=\"4,2,0,0\" data-index-in-node=\"0\">Xu\u1ea5t x\u1ee9<\/b><\/span><\/td>\n<td><span data-path-to-node=\"4,2,1,0\">Vi\u1ec7t Nam<\/span><\/td>\n<\/tr>\n<tr>\n<td><span data-path-to-node=\"4,3,0,0\"><b data-path-to-node=\"4,3,0,0\" data-index-in-node=\"0\">Th\u00e0nh ph\u1ea7n<\/b><\/span><\/td>\n<td><span data-path-to-node=\"4,3,1,0\">N\u01b0\u1edbc, \u0111\u01b0\u1eddng, siro glucose, ch\u1ea5t b\u00e9o th\u1ef1c v\u1eadt, maltodextrin, calcium lactate, sodium alginate, b\u1ed9t ph\u00f4 mai, h\u01b0\u01a1ng ph\u00f4 mai t\u1ed5ng h\u1ee3p<\/span><\/td>\n<\/tr>\n<tr>\n<td><span data-path-to-node=\"4,4,0,0\"><b data-path-to-node=\"4,4,0,0\" data-index-in-node=\"0\">H\u1ea1n s\u1eed d\u1ee5ng<\/b><\/span><\/td>\n<td><span data-path-to-node=\"4,4,1,0\">12 th\u00e1ng k\u1ec3 t\u1eeb ng\u00e0y s\u1ea3n xu\u1ea5t<\/span><\/td>\n<\/tr>\n<tr>\n<td><span data-path-to-node=\"4,5,0,0\"><b data-path-to-node=\"4,5,0,0\" data-index-in-node=\"0\">B\u1ea3o qu\u1ea3n<\/b><\/span><\/td>\n<td><span data-path-to-node=\"4,5,1,0\">N\u01a1i kh\u00f4 r\u00e1o, tho\u00e1ng m\u00e1t, tr\u00e1nh \u00e1nh n\u1eafng. Sau khi m\u1edf bao b\u00ec, b\u1ea3o qu\u1ea3n l\u1ea1nh v\u00e0 s\u1eed d\u1ee5ng trong v\u00f2ng 7 ng\u00e0y<\/span><\/td>\n<\/tr>\n<tr>\n<td><span data-path-to-node=\"4,6,0,0\"><b data-path-to-node=\"4,6,0,0\" data-index-in-node=\"0\">Kh\u1ed1i l\u01b0\u1ee3ng<\/b><\/span><\/td>\n<td><span data-path-to-node=\"4,6,1,0\">500g<\/span><\/td>\n<\/tr>\n<\/tbody>\n<\/table>\n<p>Th\u1ea1ch n\u1ed5, hay c\u00f2n g\u1ecdi l\u00e0 Popping Boba, kh\u00e1c v\u1edbi nh\u1eefng lo\u1ea1i th\u1ea1ch truy\u1ec1n th\u1ed1ng c\u00f3 k\u1ebft c\u1ea5u d\u1ebbo dai c\u1ea7n ph\u1ea3i nhai k\u1ef9, m\u1ed7i vi\u00ean th\u1ea1ch l\u00e0 m\u1ed9t l\u1edbp m\u00e0ng m\u1ecfng bao b\u1ecdc l\u1ea5y ph\u1ea7n n\u01b0\u1edbc c\u1ed1t ph\u00f4 mai l\u1ecfng b\u00ean trong. Nh\u1eefng vi\u00ean th\u1ea1ch n\u1ed5 ph\u00f4 mai tr\u00f2n nh\u1ecf, \u0111\u1ec1u t\u0103m t\u1eafp v\u1edbi m\u00e0u v\u00e0ng nh\u1ea1t \u00f3ng \u1ea3, g\u1ee3i li\u00ean t\u01b0\u1edfng \u0111\u1ebfn nh\u1eefng vi\u00ean ng\u1ecdc trai hay nh\u1eefng gi\u1ecdt m\u1eadt ong thanh khi\u1ebft. Khi d\u00f9ng r\u0103ng \u00e9p nh\u1eb9, l\u1edbp m\u00e0ng m\u1ecfng manh s\u1ebd ngay l\u1eadp t\u1ee9c tan v\u1ee1 n\u01b0\u1edbc s\u1ed1t ph\u00f4 mai b\u00e9o ng\u1eady, th\u01a1m l\u1eebng lan t\u1ecfa kh\u1eafp khoang mi\u1ec7ng.<\/p>\n<p><img decoding=\"async\" src=\"https:\/\/scontent.fsgn19-1.fna.fbcdn.net\/v\/t39.30808-6\/500212969_1233178031682022_7344464995882589673_n.jpg?_nc_cat=107&amp;ccb=1-7&amp;_nc_sid=e06c5d&amp;_nc_eui2=AeHwupo4DWC-KcyzClMny5VMxBG6shWUBqvEEbqyFZQGqzDMnp-PApySMikptlak2tln-FPgBgQ_AwGuauT01laP&amp;_nc_ohc=zWM4liyVV6gQ7kNvwEl7DCe&amp;_nc_oc=AdqgqBDQFwAfYzSb3NDnWbeWef6ALCSY6UAUKpmfpPX4idiAmKH7rXrGhN0gobqoPolKKicZq-jKTP0BKc6fZbC8&amp;_nc_zt=23&amp;_nc_ht=scontent.fsgn19-1.fna&amp;_nc_gid=WFdc8ZmLrx9A95jfheKVRw&amp;_nc_ss=7a3a8&amp;oh=00_Af3hK-lHv9W3RLEyheCyGYBk1dJlSo3y3rN_pea0EieJRg&amp;oe=69EDFCD3\" alt=\"Th\u1ea1ch N\u1ed5 Ph\u00f4 Mai Heston Vi\u1ec7t Nam 500g \u2013 Heston Cheese Popping Boba 500g\"><\/p>\n<p>Th\u1ea1ch n\u1ed5 ph\u00f4 mai mang s\u1ef1 h\u00f2a quy\u1ec7n tinh t\u1ebf gi\u1eefa v\u1ecb ng\u1ecdt d\u1ecbu v\u00e0 h\u01b0\u01a1ng ph\u00f4 mai \u0111\u1eb7c tr\u01b0ng, kh\u00f4ng qu\u00e1 g\u1eaft, c\u1ea3m gi\u00e1c &#8220;n\u1ed5&#8221; vui tai v\u00e0 v\u1ecb b\u00e9o tan ch\u1ea3y. C\u1ea3m gi\u00e1c b\u00f9ng n\u1ed5 li\u00ean t\u1ee5c t\u1ea1o ra s\u1ef1 ph\u1ea5n kh\u00edch, khi\u1ebfn vi\u1ec7c th\u01b0\u1edfng th\u1ee9c m\u1ed9t ly tr\u00e0 s\u1eefa tr\u1edf n\u00ean th\u00fa v\u1ecb v\u00e0 mang t\u00ednh t\u01b0\u01a1ng t\u00e1c cao h\u01a1n. V\u1edbi th\u00e0nh ph\u1ea7n \u0111\u01b0\u1ee3c ki\u1ec3m so\u00e1t k\u1ef9 l\u01b0\u1ee1ng v\u00e0 s\u1ea3n xu\u1ea5t tr\u00ean d\u00e2y chuy\u1ec1n hi\u1ec7n \u0111\u1ea1i t\u1ea1i Vi\u1ec7t Nam, \u0111\u1ea3m b\u1ea3o s\u1ef1 an to\u00e0n v\u00e0 ph\u00f9 h\u1ee3p v\u1edbi kh\u1ea9u v\u1ecb c\u1ee7a m\u1ecdi l\u1ee9a tu\u1ed5i.<\/p>\n<p><img decoding=\"async\" src=\"https:\/\/havamall.com\/wp-content\/uploads\/2026\/04\/thach-no-pho-mai-heston-viet-nam-500g-heston-cheese-popping-boba-500g.webp\" alt=\"Th\u1ea1ch N\u1ed5 Ph\u00f4 Mai Heston Vi\u1ec7t Nam 500g \u2013 Heston Cheese Popping Boba 500g\"><\/p>\n<p data-path-to-node=\"11\">M\u00f3n \u0111\u1ed3 u\u1ed1ng &#8220;qu\u1ed1c d\u00e2n&#8221; tr\u00e0 s\u1eefa ph\u00f4 mai s\u1ebd tr\u1edf n\u00ean \u0111\u1eb3ng c\u1ea5p h\u01a1n g\u1ea5p b\u1ed9i khi \u0111\u01b0\u1ee3c nh\u1ea5n nh\u00e1 th\u00eam nh\u1eefng vi\u00ean th\u1ea1ch n\u1ed5 n\u00e0y. Thay v\u00ec ch\u1ec9 c\u00f3 v\u1ecb b\u00e9o t\u1eeb kem cheese b\u00ean tr\u00ean, th\u1ef1c kh\u00e1ch s\u1ebd \u0111\u01b0\u1ee3c t\u1eadn h\u01b0\u1edfng v\u1ecb b\u00e9o l\u1ed3ng b\u00e9o trong t\u1eebng ng\u1ee5m tr\u00e0.<\/p>\n<p data-path-to-node=\"11\">C\u00e1c m\u00f3n tr\u00e0 tr\u00e1i c\u00e2y hi\u1ec7n \u0111\u1ea1i nh\u01b0 tr\u00e0 xo\u00e0i, tr\u00e0 \u0111\u00e0o hay tr\u00e0 d\u00e2u t\u1eb1m c\u0169ng r\u1ea5t h\u1ee3p v\u1edbi th\u1ea1ch n\u1ed5 ph\u00f4 mai. V\u1ecb chua thanh c\u1ee7a tr\u00e1i c\u00e2y k\u1ebft h\u1ee3p v\u1edbi s\u1ef1 b\u00e9o ng\u1eady c\u1ee7a nh\u00e2n th\u1ea1ch t\u1ea1o n\u00ean m\u1ed9t s\u1ef1 t\u01b0\u01a1ng ph\u1ea3n v\u1ecb gi\u00e1c c\u1ef1c k\u1ef3 l\u00f4i cu\u1ed1n, gi\u00fap c\u00e2n b\u1eb1ng l\u1ea1i \u0111\u1ed9 ng\u1ecdt v\u00e0 k\u00edch th\u00edch v\u1ecb gi\u00e1c h\u01a1n.<\/p>\n<p data-path-to-node=\"11\">Ngo\u00e0i th\u1ee9c u\u1ed1ng, th\u1ea1ch n\u1ed5 c\u00f2n l\u00e0 m\u00f3n trang tr\u00ed ho\u00e0n h\u1ea3o cho c\u00e1c lo\u1ea1i b\u00e1nh kem, pudding ho\u1eb7c s\u1eefa chua hy l\u1ea1p. S\u1ef1 hi\u1ec7n di\u1ec7n c\u1ee7a nh\u1eefng vi\u00ean th\u1ea1ch v\u00e0ng \u00f3ng tr\u00ean m\u1eb7t b\u00e1nh kh\u00f4ng ch\u1ec9 l\u00e0m t\u0103ng t\u00ednh th\u1ea9m m\u1ef9 m\u00e0 c\u00f2n mang l\u1ea1i b\u1ea5t ng\u1edd cho th\u1ef1c kh\u00e1ch khi th\u01b0\u1edfng th\u1ee9c l\u1edbp nh\u00e2n tan ch\u1ea3y b\u00ean trong.<\/p>\n<p data-path-to-node=\"11\">M\u1ed9t \u1ee9ng d\u1ee5ng \u0111ang r\u1ea5t &#8220;hot&#8221; kh\u00e1c ch\u00ednh l\u00e0 k\u1ebft h\u1ee3p c\u00f9ng bingsu (kem tuy\u1ebft). Khi tr\u1ed9n c\u00f9ng l\u1edbp kem \u0111\u00e1 b\u00e0o m\u00e1t l\u1ea1nh, th\u1ea1ch n\u1ed5 ph\u00f4 mai gi\u1eef \u0111\u01b0\u1ee3c \u0111\u1ed9 gi\u00f2n c\u1ee7a l\u1edbp m\u00e0ng v\u00e0 l\u00e0m t\u0103ng th\u00eam \u0111\u1ed9 ng\u1eady cho m\u00f3n tr\u00e1ng mi\u1ec7ng m\u00f9a h\u00e8 n\u00e0y.<\/p>\n<p data-path-to-node=\"12\"><img decoding=\"async\" src=\"https:\/\/havamall.com\/wp-content\/uploads\/2026\/04\/havamall-com-28.webp\" alt=\"Th\u1ea1ch N\u1ed5 Ph\u00f4 Mai Heston Vi\u1ec7t Nam 500g \u2013 Heston Cheese Popping Boba 500g\"><\/p>\n<p data-path-to-node=\"13\">S\u1ea3n ph\u1ea9m Th\u1ea1ch n\u1ed5 ph\u00f4 mai Heston hi\u1ec7n \u0111ang \u0111\u01b0\u1ee3c b\u00e1n t\u1ea1i Havamall, chuy\u00ean ph\u00e2n ph\u1ed1i c\u00e1c lo\u1ea1i nguy\u00ean li\u1ec7u pha ch\u1ebf v\u00e0 th\u1ef1c ph\u1ea9m ch\u1ea5t l\u01b0\u1ee3ng cao, cam k\u1ebft ch\u00ednh h\u00e3ng v\u00e0 lu\u00f4n c\u1eadp nh\u1eadt nh\u1eefng xu h\u01b0\u1edbng \u1ea9m th\u1ef1c m\u1edbi nh\u1ea5t tr\u00ean th\u1ecb tr\u01b0\u1eddng.<\/p>\n<\/div>\n<\/div>\n<\/div>","protected":false},"excerpt":{"rendered":"<p>TH\u00d4NG TIN S\u1ea2N PH\u1ea8M Th\u01b0\u01a1ng hi\u1ec7u Heston Xu\u1ea5t x\u1ee9 Vi\u1ec7t Nam Th\u00e0nh ph\u1ea7n N\u01b0\u1edbc, \u0111\u01b0\u1eddng, siro glucose, ch\u1ea5t b\u00e9o th\u1ef1c<\/p>","protected":false},"featured_media":45994,"comment_status":"open","ping_status":"closed","template":"","meta":[],"product_brand":[],"product_cat":[730,131],"product_tag":[],"class_list":{"0":"post-45993","1":"product","2":"type-product","3":"status-publish","4":"has-post-thumbnail","6":"product_cat-cac-nuoc-khac","7":"product_cat-nguyen-lieu-lam-bep","9":"first","10":"instock","11":"sale","12":"shipping-taxable","13":"purchasable","14":"product-type-simple"},"_links":{"self":[{"href":"https:\/\/havamall.com\/en\/wp-json\/wp\/v2\/product\/45993","targetHints":{"allow":["GET"]}}],"collection":[{"href":"https:\/\/havamall.com\/en\/wp-json\/wp\/v2\/product"}],"about":[{"href":"https:\/\/havamall.com\/en\/wp-json\/wp\/v2\/types\/product"}],"replies":[{"embeddable":true,"href":"https:\/\/havamall.com\/en\/wp-json\/wp\/v2\/comments?post=45993"}],"version-history":[{"count":3,"href":"https:\/\/havamall.com\/en\/wp-json\/wp\/v2\/product\/45993\/revisions"}],"predecessor-version":[{"id":45999,"href":"https:\/\/havamall.com\/en\/wp-json\/wp\/v2\/product\/45993\/revisions\/45999"}],"wp:featuredmedia":[{"embeddable":true,"href":"https:\/\/havamall.com\/en\/wp-json\/wp\/v2\/media\/45994"}],"wp:attachment":[{"href":"https:\/\/havamall.com\/en\/wp-json\/wp\/v2\/media?parent=45993"}],"wp:term":[{"taxonomy":"product_brand","embeddable":true,"href":"https:\/\/havamall.com\/en\/wp-json\/wp\/v2\/product_brand?post=45993"},{"taxonomy":"product_cat","embeddable":true,"href":"https:\/\/havamall.com\/en\/wp-json\/wp\/v2\/product_cat?post=45993"},{"taxonomy":"product_tag","embeddable":true,"href":"https:\/\/havamall.com\/en\/wp-json\/wp\/v2\/product_tag?post=45993"}],"curies":[{"name":"wp","href":"https:\/\/api.w.org\/{rel}","templated":true}]}}