{"id":46001,"date":"2026-04-23T09:20:45","date_gmt":"2026-04-23T02:20:45","guid":{"rendered":"https:\/\/havamall.com\/?post_type=product&#038;p=46001"},"modified":"2026-04-23T09:20:46","modified_gmt":"2026-04-23T02:20:46","slug":"tra-den-vien-an-do-dotea-b471-500g-dotea-black-tea-b471-500g","status":"publish","type":"product","link":"https:\/\/havamall.com\/en\/shop\/tra-den-vien-an-do-dotea-b471-500g-dotea-black-tea-b471-500g\/","title":{"rendered":"Tr\u00e0 \u0110en Vi\u00ean \u1ea4n \u0110\u1ed9 Dotea B471 500g \u2013 Dotea Black Tea B471 500g"},"content":{"rendered":"<h3 data-path-to-node=\"3\">TH\u00d4NG TIN S\u1ea2N PH\u1ea8M<\/h3>\n<div class=\"horizontal-scroll-wrapper\">\n<div class=\"table-block-component\">\n<div class=\"table-block has-export-button new-table-style is-at-scroll-start is-at-scroll-end\">\n<table data-path-to-node=\"4\">\n<tbody>\n<tr>\n<td><span data-path-to-node=\"4,1,0,0\"><b data-path-to-node=\"4,1,0,0\" data-index-in-node=\"0\">Th\u01b0\u01a1ng hi\u1ec7u<\/b><\/span><\/td>\n<td><span data-path-to-node=\"4,1,1,0\">Dotea<\/span><\/td>\n<\/tr>\n<tr>\n<td><span data-path-to-node=\"4,2,0,0\"><b data-path-to-node=\"4,2,0,0\" data-index-in-node=\"0\">Xu\u1ea5t x\u1ee9<\/b><\/span><\/td>\n<td><span data-path-to-node=\"4,2,1,0\">Vi\u1ec7t Nam (Nguy\u00ean li\u1ec7u nh\u1eadp kh\u1ea9u \u1ea4n \u0110\u1ed9)<\/span><\/td>\n<\/tr>\n<tr>\n<td><span data-path-to-node=\"4,3,0,0\"><b data-path-to-node=\"4,3,0,0\" data-index-in-node=\"0\">Th\u00e0nh ph\u1ea7n<\/b><\/span><\/td>\n<td><span data-path-to-node=\"4,3,1,0\">100% l\u00e1 tr\u00e0 \u0111en nguy\u00ean ch\u1ea5t<\/span><\/td>\n<\/tr>\n<tr>\n<td><span data-path-to-node=\"4,4,0,0\"><b data-path-to-node=\"4,4,0,0\" data-index-in-node=\"0\">H\u1ea1n s\u1eed d\u1ee5ng<\/b><\/span><\/td>\n<td><span data-path-to-node=\"4,4,1,0\">24 th\u00e1ng k\u1ec3 t\u1eeb ng\u00e0y s\u1ea3n xu\u1ea5t<\/span><\/td>\n<\/tr>\n<tr>\n<td><span data-path-to-node=\"4,5,0,0\"><b data-path-to-node=\"4,5,0,0\" data-index-in-node=\"0\">B\u1ea3o qu\u1ea3n<\/b><\/span><\/td>\n<td><span data-path-to-node=\"4,5,1,0\">N\u01a1i kh\u00f4 r\u00e1o, tho\u00e1ng m\u00e1t, tr\u00e1nh \u00e1nh n\u1eafng tr\u1ef1c ti\u1ebfp. \u0110\u1eady k\u00edn mi\u1ec7ng t\u00fai sau khi s\u1eed d\u1ee5ng<\/span><\/td>\n<\/tr>\n<tr>\n<td><span data-path-to-node=\"4,6,0,0\"><b data-path-to-node=\"4,6,0,0\" data-index-in-node=\"0\">Kh\u1ed1i l\u01b0\u1ee3ng<\/b><\/span><\/td>\n<td><span data-path-to-node=\"4,6,1,0\">500g<\/span><\/td>\n<\/tr>\n<\/tbody>\n<\/table>\n<p data-path-to-node=\"7\">H\u00e0nh tr\u00ecnh c\u1ee7a d\u00f2ng tr\u00e0 \u0111en vi\u00ean B471 b\u1eaft \u0111\u1ea7u t\u1eeb nh\u1eefng \u0111\u1ed3i ch\u00e8 b\u1ea1t ng\u00e0n t\u1ea1i \u1ea4n \u0110\u1ed9 \u2013 qu\u1ed1c gia c\u00f3 l\u1ecbch s\u1eed tr\u1ed3ng tr\u00e0 h\u00e0ng tr\u0103m n\u0103m v\u1edbi nh\u1eefng b\u00ed quy\u1ebft l\u00ean men \u0111\u1ed9c \u0111\u00e1o. Khi nh\u1eefng b\u00fap tr\u00e0 xanh m\u01b0\u1edbt \u0111\u01b0\u1ee3c thu ho\u1ea1ch, ch\u00fang kh\u00f4ng \u0111\u01b0\u1ee3c \u0111\u1ec3 nguy\u00ean l\u00e1 m\u00e0 tr\u1ea3i qua m\u1ed9t quy tr\u00ecnh ch\u1ebf bi\u1ebfn \u0111\u1eb7c bi\u1ec7t mang t\u00ean CTC (Crush \u2013 Tear \u2013 Curl: Nghi\u1ec1n \u2013 X\u00e9 \u2013 Cu\u1ed9n). Ch\u00ednh quy tr\u00ecnh n\u00e0y \u0111\u00e3 bi\u1ebfn nh\u1eefng l\u00e1 tr\u00e0 th\u00f4 s\u01a1 th\u00e0nh nh\u1eefng vi\u00ean tr\u00e0 nh\u1ecf li ti, \u0111en b\u00f3ng, ch\u1ee9a \u0111\u1ef1ng s\u1ee9c m\u1ea1nh h\u01b0\u01a1ng v\u1ecb b\u00f9ng n\u1ed5 ngay khi ti\u1ebfp x\u00fac v\u1edbi d\u00f2ng n\u01b0\u1edbc n\u00f3ng.<\/p>\n<p data-path-to-node=\"8\"><img decoding=\"async\" src=\"https:\/\/havamall.com\/wp-content\/uploads\/2026\/04\/havamall-com-30.webp\" alt=\"Tr\u00e0 \u0110en Vi\u00ean \u1ea4n \u0110\u1ed9 Dotea B471 500g \u2013 Dotea Black Tea B471 500g\"><\/p>\n<p data-path-to-node=\"9\">\u0110\u1eb7c \u0111i\u1ec3m c\u1ee7a B471 l\u00e0 nh\u1eefng vi\u00ean tr\u00e0 nh\u1ecf, tr\u00f2n v\u00e0 ch\u1eafc n\u1ecbch. Khi pha, tr\u00e0 cho ra s\u1eafc n\u01b0\u1edbc \u0111\u1ecf n\u00e2u th\u1eabm, trong tr\u1ebbo v\u00e0 v\u00f4 c\u00f9ng b\u1eaft m\u1eaft. M\u00f9i th\u01a1m c\u1ee7a tr\u00e0 B471 kh\u00f4ng d\u1ecbu nh\u1eb9 nh\u01b0 tr\u00e0 xanh hay tr\u00e0 \u00f4 long m\u00e0 n\u1ed3ng n\u00e0n, mang \u0111\u1eadm h\u01a1i th\u1edf c\u1ee7a g\u1ed7 m\u1ee5c v\u00e0 h\u01b0\u01a1ng hoa c\u1ecf l\u00ean men s\u00e2u, t\u1ea1o n\u00ean m\u1ed9t c\u1ea3m gi\u00e1c \u1ea5m \u00e1p v\u00e0 tin c\u1eady. Khi k\u1ebft h\u1ee3p c\u00f9ng b\u1ed9t kem b\u00e9o ho\u1eb7c s\u1eefa t\u01b0\u01a1i, v\u1ecb tr\u00e0 kh\u00f4ng h\u1ec1 b\u1ecb l\u1ea5n \u00e1t m\u00e0 ng\u01b0\u1ee3c l\u1ea1i, n\u00f3 t\u1ea1o th\u00e0nh m\u1ed9t t\u1ea7ng h\u01b0\u01a1ng v\u1ecb v\u1eefng ch\u00e3i, gi\u00fap ly tr\u00e0 s\u1eefa c\u00f3 \u0111\u1ed9 s\u00e2u v\u00e0 l\u01b0u l\u1ea1i d\u01b0 v\u1ecb r\u1ea5t l\u00e2u n\u01a1i cu\u1ed1ng h\u1ecdng.<\/p>\n<p data-path-to-node=\"9\"><img decoding=\"async\" src=\"https:\/\/havamall.com\/wp-content\/uploads\/2026\/04\/tra-den-vien-an-do-dotea-b471-500g-dotea-black-tea-b471-500g.webp\" alt=\"Tr\u00e0 \u0110en Vi\u00ean \u1ea4n \u0110\u1ed9 Dotea B471 500g \u2013 Dotea Black Tea B471 500g\"><\/p>\n<p data-path-to-node=\"10\">V\u1ec1 kh\u00eda c\u1ea1nh dinh d\u01b0\u1ee1ng, tr\u00e0 \u0111en l\u00e0 m\u1ed9t ngu\u1ed3n cung c\u1ea5p ch\u1ea5t ch\u1ed1ng oxy h\u00f3a Polyphenol d\u1ed3i d\u00e0o, gi\u00fap c\u01a1 th\u1ec3 t\u0103ng c\u01b0\u1eddng h\u1ec7 mi\u1ec5n d\u1ecbch v\u00e0 b\u1ea3o v\u1ec7 tim m\u1ea1ch. \u0110\u1eb7c bi\u1ec7t, l\u01b0\u1ee3ng Caffeine t\u1ef1 nhi\u00ean trong tr\u00e0 \u0111en vi\u00ean \u0111\u01b0\u1ee3c chi\u1ebft xu\u1ea5t m\u1ed9t c\u00e1ch t\u1ed1i \u01b0u, mang l\u1ea1i s\u1ef1 t\u1ec9nh t\u00e1o, minh m\u1eabn cho tinh th\u1ea7n.<\/p>\n<p data-path-to-node=\"10\"><img decoding=\"async\" src=\"https:\/\/havamall.com\/wp-content\/uploads\/2026\/04\/havamall-com-31.webp\" alt=\"Tr\u00e0 \u0110en Vi\u00ean \u1ea4n \u0110\u1ed9 Dotea B471 500g \u2013 Dotea Black Tea B471 500g\"><\/p>\n<p data-path-to-node=\"11\">M\u00f3n tr\u00e0 s\u1eefa truy\u1ec1n th\u1ed1ng \u0111\u1eadm v\u1ecb ch\u00ednh l\u00e0 &#8220;v\u00f9ng \u0111\u1ea5t&#8221; \u0111\u1ec3 B471 t\u1ecfa s\u00e1ng nh\u1ea5t. B\u00ed quy\u1ebft c\u1ee7a c\u00e1c qu\u00e1n tr\u00e0 s\u1eefa n\u1ed5i ti\u1ebfng n\u1eb1m \u1edf vi\u1ec7c \u1ee7 tr\u00e0 \u1edf nhi\u1ec7t \u0111\u1ed9 90\u00b0C trong kho\u1ea3ng th\u1eddi gian v\u1eeba \u0111\u1ee7 \u0111\u1ec3 chi\u1ebft xu\u1ea5t h\u1ebft tinh t\u00fay, sau \u0111\u00f3 k\u1ebft h\u1ee3p v\u1edbi s\u1eefa \u0111\u1eb7c v\u00e0 b\u1ed9t b\u00e9o. V\u1ecb ch\u00e1t \u0111\u1eb7c tr\u01b0ng c\u1ee7a tr\u00e0 \u0111en vi\u00ean khi h\u00f2a quy\u1ec7n v\u1edbi v\u1ecb ng\u1ecdt ng\u1eady c\u1ee7a s\u1eefa s\u1ebd t\u1ea1o n\u00ean m\u1ed9t t\u1ed5ng th\u1ec3 h\u00e0i h\u00f2a, kh\u00f3 c\u01b0\u1ee1ng.<\/p>\n<p data-path-to-node=\"11\">\u0110\u1ed1i v\u1edbi nh\u1eefng ng\u01b0\u1eddi y\u00eau th\u00edch tr\u00e0 tr\u00e1i c\u00e2y, B471 c\u00f3 th\u1ec3 d\u00f9ng l\u00e0m n\u1ec1n cho c\u00e1c m\u00f3n nh\u01b0 tr\u00e0 cam s\u1ea3 ho\u1eb7c tr\u00e0 \u0111\u00e0o. M\u00e0u n\u01b0\u1edbc \u0111\u1ecf \u0111\u1eb9p m\u1eaft v\u00e0 h\u01b0\u01a1ng th\u01a1m \u0111\u1eadm c\u1ee7a tr\u00e0 \u0111en s\u1ebd l\u00e0m n\u1ed5i b\u1eadt v\u1ecb chua ng\u1ecdt c\u1ee7a tr\u00e1i c\u00e2y t\u01b0\u01a1i, t\u1ea1o n\u00ean m\u1ed9t th\u1ee9c u\u1ed1ng gi\u1ea3i nhi\u1ec7t \u0111\u1ea7y s\u1ea3ng kho\u00e1i.<\/p>\n<p data-path-to-node=\"11\">M\u1ed9t \u1ee9ng d\u1ee5ng s\u00e1ng t\u1ea1o kh\u00e1c l\u00e0 d\u00f9ng tr\u00e0 \u0111en vi\u00ean \u0111\u1ec3 l\u00e0m rau c\u00e2u tr\u00e0 \u0111en ho\u1eb7c c\u00e1c lo\u1ea1i b\u00e1nh mousse tr\u00e0. H\u01b0\u01a1ng tr\u00e0 \u0111\u1eadm \u0111\u1eb7c s\u1ebd th\u1ea5m s\u00e2u v\u00e0o t\u1eebng mi\u1ebfng rau c\u00e2u hay l\u1edbp kem b\u00e1nh, mang l\u1ea1i m\u1ed9t tr\u1ea3i nghi\u1ec7m \u1ea9m th\u1ef1c m\u1edbi l\u1ea1 v\u00e0 thanh tao. Vi\u1ec7c \u1ee7 l\u1ea1nh tr\u00e0 (Cold Brew) v\u1edbi d\u00f2ng B471 c\u0169ng mang l\u1ea1i k\u1ebft qu\u1ea3 b\u1ea5t ng\u1edd: n\u01b0\u1edbc tr\u00e0 trong h\u01a1n, v\u1ecb ch\u00e1t d\u1ecbu l\u1ea1i v\u00e0 h\u01b0\u01a1ng th\u01a1m g\u1ed7 tr\u1edf n\u00ean thanh tho\u00e1t, r\u1ea5t ph\u00f9 h\u1ee3p \u0111\u1ec3 th\u01b0\u1edfng th\u1ee9c nguy\u00ean b\u1ea3n trong nh\u1eefng ng\u00e0y h\u00e8 oi \u1ea3.<\/p>\n<p data-path-to-node=\"11\"><img decoding=\"async\" src=\"https:\/\/havamall.com\/wp-content\/uploads\/2026\/04\/havamall-com-32.webp\" alt=\"Tr\u00e0 \u0110en Vi\u00ean \u1ea4n \u0110\u1ed9 Dotea B471 500g \u2013 Dotea Black Tea B471 500g\"><\/p>\n<p data-path-to-node=\"13\">Tr\u00e0 \u0111en vi\u00ean B471 hi\u1ec7n \u0111ang \u0111\u01b0\u1ee3c b\u00e1n t\u1ea1i Havamall, chuy\u00ean nh\u1eadp kh\u1ea9u v\u00e0 cung c\u1ea5p c\u00e1c d\u00f2ng tr\u00e0, nguy\u00ean li\u1ec7u pha ch\u1ebf th\u01b0\u1ee3ng h\u1ea1ng, cam k\u1ebft h\u00e0ng ch\u00ednh h\u00e3ng v\u00e0 ch\u1ea5t l\u01b0\u1ee3ng tinh khi\u1ebft nh\u1ea5t.<\/p>\n<\/div>\n<\/div>\n<\/div>","protected":false},"excerpt":{"rendered":"<p>TH\u00d4NG TIN S\u1ea2N PH\u1ea8M Th\u01b0\u01a1ng hi\u1ec7u Dotea Xu\u1ea5t x\u1ee9 Vi\u1ec7t Nam (Nguy\u00ean li\u1ec7u nh\u1eadp kh\u1ea9u \u1ea4n \u0110\u1ed9) Th\u00e0nh ph\u1ea7n 100%<\/p>","protected":false},"featured_media":46002,"comment_status":"open","ping_status":"closed","template":"","meta":[],"product_brand":[],"product_cat":[730,131,700],"product_tag":[],"class_list":{"0":"post-46001","1":"product","2":"type-product","3":"status-publish","4":"has-post-thumbnail","6":"product_cat-cac-nuoc-khac","7":"product_cat-nguyen-lieu-lam-bep","8":"product_cat-thuc-uong-khong-con","10":"first","11":"instock","12":"sale","13":"shipping-taxable","14":"purchasable","15":"product-type-simple"},"_links":{"self":[{"href":"https:\/\/havamall.com\/en\/wp-json\/wp\/v2\/product\/46001","targetHints":{"allow":["GET"]}}],"collection":[{"href":"https:\/\/havamall.com\/en\/wp-json\/wp\/v2\/product"}],"about":[{"href":"https:\/\/havamall.com\/en\/wp-json\/wp\/v2\/types\/product"}],"replies":[{"embeddable":true,"href":"https:\/\/havamall.com\/en\/wp-json\/wp\/v2\/comments?post=46001"}],"version-history":[{"count":3,"href":"https:\/\/havamall.com\/en\/wp-json\/wp\/v2\/product\/46001\/revisions"}],"predecessor-version":[{"id":46009,"href":"https:\/\/havamall.com\/en\/wp-json\/wp\/v2\/product\/46001\/revisions\/46009"}],"wp:featuredmedia":[{"embeddable":true,"href":"https:\/\/havamall.com\/en\/wp-json\/wp\/v2\/media\/46002"}],"wp:attachment":[{"href":"https:\/\/havamall.com\/en\/wp-json\/wp\/v2\/media?parent=46001"}],"wp:term":[{"taxonomy":"product_brand","embeddable":true,"href":"https:\/\/havamall.com\/en\/wp-json\/wp\/v2\/product_brand?post=46001"},{"taxonomy":"product_cat","embeddable":true,"href":"https:\/\/havamall.com\/en\/wp-json\/wp\/v2\/product_cat?post=46001"},{"taxonomy":"product_tag","embeddable":true,"href":"https:\/\/havamall.com\/en\/wp-json\/wp\/v2\/product_tag?post=46001"}],"curies":[{"name":"wp","href":"https:\/\/api.w.org\/{rel}","templated":true}]}}