{"id":46063,"date":"2026-04-24T11:25:53","date_gmt":"2026-04-24T04:25:53","guid":{"rendered":"https:\/\/havamall.com\/?post_type=product&#038;p=46063"},"modified":"2026-04-24T11:29:58","modified_gmt":"2026-04-24T04:29:58","slug":"bot-tra-xanh-matcha-uji-thuong-hang-nhap-khau-nhat-ban-100g-uji-matcha-ceremonial-grade","status":"publish","type":"product","link":"https:\/\/havamall.com\/en\/shop\/bot-tra-xanh-matcha-uji-thuong-hang-nhap-khau-nhat-ban-100g-uji-matcha-ceremonial-grade\/","title":{"rendered":"B\u1ed9t Tr\u00e0 Xanh Matcha Uji Th\u01b0\u1ee3ng H\u1ea1ng Nh\u1eadp Kh\u1ea9u Nh\u1eadt B\u1ea3n 100g \u2013 Uji Matcha Ceremonial Grade"},"content":{"rendered":"<h1 data-start=\"445\" data-end=\"474\"><strong><span style=\"font-size: 20px\">TH\u00d4NG TIN S\u1ea2N PH\u1ea8M<\/span><\/strong><\/h1>\n<table style=\"width: 1349px\" data-path-to-node=\"3\">\n<tbody>\n<tr>\n<td style=\"width: 100px\"><span data-path-to-node=\"3,1,0,0\"><b data-path-to-node=\"3,1,0,0\" data-index-in-node=\"0\">Th\u01b0\u01a1ng hi\u1ec7u<\/b><\/span><\/td>\n<td style=\"width: 1249px\">Uji Matcha<\/td>\n<\/tr>\n<tr>\n<td style=\"width: 100px\"><span data-path-to-node=\"3,2,0,0\"><b data-path-to-node=\"3,2,0,0\" data-index-in-node=\"0\">Xu\u1ea5t x\u1ee9<\/b><\/span><\/td>\n<td style=\"width: 1249px\">Nh\u1eadt B\u1ea3n (V\u00f9ng Uji, Kyoto)<\/td>\n<\/tr>\n<tr>\n<td style=\"width: 100px\"><span data-path-to-node=\"3,3,0,0\"><b data-path-to-node=\"3,3,0,0\" data-index-in-node=\"0\">Th\u00e0nh ph\u1ea7n<\/b><\/span><\/td>\n<td style=\"width: 1249px\">100% B\u1ed9t tr\u00e0 xanh Matcha nguy\u00ean ch\u1ea5t (Ceremonial Grade)<\/td>\n<\/tr>\n<tr>\n<td style=\"width: 100px\"><span data-path-to-node=\"3,4,0,0\"><b data-path-to-node=\"3,4,0,0\" data-index-in-node=\"0\">H\u1ea1n s\u1eed d\u1ee5ng<\/b><\/span><\/td>\n<td style=\"width: 1249px\">12 th\u00e1ng k\u1ec3 t\u1eeb ng\u00e0y s\u1ea3n xu\u1ea5t<\/td>\n<\/tr>\n<tr>\n<td style=\"width: 100px\"><span data-path-to-node=\"3,5,0,0\"><b data-path-to-node=\"3,5,0,0\" data-index-in-node=\"0\">B\u1ea3o qu\u1ea3n<\/b><\/span><\/td>\n<td style=\"width: 1249px\"><span data-path-to-node=\"3,5,1,0\">N\u01a1i kh\u00f4 r\u00e1o, tho\u00e1ng m\u00e1t, tr\u00e1nh \u00e1nh s\u00e1ng tr\u1ef1c ti\u1ebfp v\u00e0 nhi\u1ec7t \u0111\u1ed9 cao. N\u00ean gi\u1eef trong t\u00fai zip k\u00edn ho\u1eb7c h\u0169 th\u1ee7y tinh s\u1eabm m\u00e0u, b\u1ea3o qu\u1ea3n ng\u0103n m\u00e1t t\u1ee7 l\u1ea1nh sau khi m\u1edf bao b\u00ec \u0111\u1ec3 gi\u1eef m\u00e0u s\u1eafc v\u00e0 h\u01b0\u01a1ng v\u1ecb<\/span><\/td>\n<\/tr>\n<tr>\n<td style=\"width: 100px\"><span data-path-to-node=\"3,6,0,0\"><b data-path-to-node=\"3,6,0,0\" data-index-in-node=\"0\">Th\u1ec3 t\u00edch<\/b><\/span><\/td>\n<td style=\"width: 1249px\">100g<\/td>\n<\/tr>\n<\/tbody>\n<\/table>\n<p data-path-to-node=\"5\">Nh\u1eafc \u0111\u1ebfn Matcha, nh\u1eefng ng\u01b0\u1eddi s\u00e0nh tr\u00e0 tr\u00ean to\u00e0n th\u1ebf gi\u1edbi \u0111\u1ec1u h\u01b0\u1edbng v\u1ec1 Uji \u2013 m\u1ed9t v\u00f9ng \u0111\u1ea5t nh\u1ecf n\u1eb1m \u1edf ph\u00eda Nam th\u00e0nh ph\u1ed1 Kyoto, Nh\u1eadt B\u1ea3n. N\u01a1i \u0111\u00e2y \u0111\u01b0\u1ee3c xem l\u00e0 c\u00e1i n\u00f4i c\u1ee7a v\u0103n h\u00f3a tr\u00e0 \u0111\u1ea1o v\u1edbi l\u1ecbch s\u1eed canh t\u00e1c tr\u00e0 b\u1eaft ngu\u1ed3n t\u1eeb th\u1ebf k\u1ef7 th\u1ee9 12. D\u00f2ng b\u1ed9t tr\u00e0 xanh Uji Matcha Ceremonial Grade ch\u00ednh l\u00e0 k\u1ebft tinh t\u1eeb s\u1ef1 \u01b0u \u00e1i c\u1ee7a thi\u00ean nhi\u00ean v\u00e0 b\u00e0n tay t\u00e0i hoa c\u1ee7a c\u00e1c ngh\u1ec7 nh\u00e2n tr\u00e0 Nh\u1eadt B\u1ea3n, mang \u0111\u1ebfn m\u1ed9t chu\u1ea9n m\u1ef1c cao c\u1ea5p nh\u1ea5t m\u00e0 m\u1ed9t ng\u01b0\u1eddi y\u00eau tr\u00e0 c\u00f3 th\u1ec3 t\u00ecm ki\u1ebfm.<\/p>\n<p data-path-to-node=\"6\"><img decoding=\"async\" src=\"https:\/\/havamall.com\/wp-content\/uploads\/2025\/11\/osasda_shade_sq.jpg\" alt=\"B\u1ed9t Tr\u00e0 Xanh Matcha Uji Th\u01b0\u1ee3ng H\u1ea1ng Nh\u1eadp Kh\u1ea9u Nh\u1eadt B\u1ea3n 100g \u2013 Uji Matcha Ceremonial Grade\"><\/p>\n<p data-path-to-node=\"6\">Kh\u00e1c v\u1edbi c\u00e1c d\u00f2ng Matcha d\u00f9ng trong n\u1ea5u \u0103n hay pha ch\u1ebf th\u00f4ng th\u01b0\u1eddng, tr\u00e0 h\u1ea1ng th\u01b0\u1ee3ng h\u1ea1ng (Ceremonial Grade) tr\u1ea3i qua m\u1ed9t quy tr\u00ecnh s\u1ea3n xu\u1ea5t v\u00f4 c\u00f9ng nghi\u00eam ng\u1eb7t. Tr\u01b0\u1edbc khi thu ho\u1ea1ch kho\u1ea3ng 3 tu\u1ea7n, nh\u1eefng c\u00e1nh \u0111\u1ed3ng tr\u00e0 t\u1ea1i Uji \u0111\u01b0\u1ee3c che ph\u1ee7 b\u1eb1ng l\u01b0\u1edbi \u0111en \u0111\u1ec3 tr\u00e1nh \u00e1nh n\u1eafng m\u1eb7t tr\u1eddi tr\u1ef1c ti\u1ebfp. Qu\u00e1 tr\u00ecnh n\u00e0y bu\u1ed9c c\u00e2y tr\u00e0 ph\u1ea3i s\u1ea3n sinh ra nhi\u1ec1u ch\u1ea5t di\u1ec7p l\u1ee5c v\u00e0 L-theanine h\u01a1n, gi\u00fap l\u00e1 tr\u00e0 c\u00f3 m\u00e0u xanh m\u01b0\u1edbt m\u1eaft v\u00e0 v\u1ecb ng\u1ecdt thanh \u0111\u1eb7c tr\u01b0ng thay v\u00ec v\u1ecb \u0111\u1eafng ch\u00e1t.<\/p>\n<p data-path-to-node=\"6\">Ch\u1ec9 nh\u1eefng l\u00e1 tr\u00e0 non nh\u1ea5t, xanh nh\u1ea5t \u1edf ph\u1ea7n b\u00fap \u0111\u01b0\u1ee3c thu ho\u1ea1ch th\u1ee7 c\u00f4ng v\u00e0o m\u00f9a xu\u00e2n m\u1edbi \u0111\u1ee7 ti\u00eau chu\u1ea9n \u0111\u1ec3 l\u00e0m n\u00ean d\u00f2ng s\u1ea3n ph\u1ea9m n\u00e0y. Sau khi \u0111\u01b0\u1ee3c h\u1ea5p, s\u1ea5y kh\u00f4 v\u00e0 t\u00e1ch g\u00e2n l\u00e1, nh\u1eefng ph\u1ea7n th\u1ecbt tr\u00e0 (g\u1ecdi l\u00e0 Tencha) s\u1ebd \u0111\u01b0\u1ee3c nghi\u1ec1n ch\u1eadm r\u00e3i b\u1eb1ng c\u1ed1i \u0111\u00e1 Granite \u0111\u1ec3 t\u1ea1o th\u00e0nh lo\u1ea1i b\u1ed9t m\u1ecbn m\u00e0ng nh\u01b0 t\u01a1, c\u00f3 kh\u1ea3 n\u0103ng tan \u0111\u1ec1u trong n\u01b0\u1edbc m\u00e0 kh\u00f4ng \u0111\u1ec3 l\u1ea1i c\u1ee3n.<\/p>\n<p data-path-to-node=\"6\"><img decoding=\"async\" src=\"https:\/\/havamall.com\/wp-content\/uploads\/2026\/04\/bot-tra-xanh-matcha-uji-thuong-hang-nhap-khau-nhat-ban-100g-uji-matcha-ceremonial-grade.webp\" alt=\"B\u1ed9t Tr\u00e0 Xanh Matcha Uji Th\u01b0\u1ee3ng H\u1ea1ng Nh\u1eadp Kh\u1ea9u Nh\u1eadt B\u1ea3n 100g \u2013 Uji Matcha Ceremonial Grade\"><\/p>\n<p data-path-to-node=\"7\">B\u1ed9t tr\u00e0 c\u00f3 m\u00e0u xanh l\u1ee5c b\u1ea3o r\u1ef1c r\u1ee1, t\u01b0\u01a1i m\u1edbi, kh\u00f4ng h\u1ec1 ng\u1ea3 v\u00e0ng hay x\u1ec9n m\u00e0u. \u0110\u1ed9 m\u1ecbn tuy\u1ec7t \u0111\u1ed1i gi\u00fap b\u1ed9t d\u1ec5 d\u00e0ng t\u1ea1o l\u1edbp b\u1ecdt m\u1ecbn (crema) d\u00e0y khi \u0111\u00e1nh b\u1eb1ng ch\u1ed5i Chasen. Khi th\u01b0\u1edfng th\u1ee9c, h\u01b0\u01a1ng th\u01a1m thanh khi\u1ebft c\u1ee7a c\u1ecf non t\u1ecfa ra d\u1ecbu nh\u1eb9. V\u1ecb tr\u00e0 b\u1eaft \u0111\u1ea7u b\u1eb1ng m\u1ed9t ch\u00fat nh\u1eb7ng \u0111\u1eafng r\u1ea5t kh\u1ebd, ngay sau \u0111\u00f3 l\u00e0 h\u1eadu v\u1ecb ng\u1ecdt s\u00e2u (Umami) k\u00e9o d\u00e0i n\u01a1i c\u1ed5 h\u1ecdng, mang l\u1ea1i c\u1ea3m gi\u00e1c th\u01b0 th\u00e1i tuy\u1ec7t \u0111\u1ed1i.<\/p>\n<p data-path-to-node=\"7\">V\u00ec \u0111\u01b0\u1ee3c nghi\u1ec1n t\u1eeb nguy\u00ean l\u00e1 tr\u00e0, vi\u1ec7c u\u1ed1ng m\u1ed9t t\u00e1ch Matcha t\u01b0\u01a1ng \u0111\u01b0\u01a1ng v\u1edbi vi\u1ec7c h\u1ea5p th\u1ee5 to\u00e0n b\u1ed9 d\u01b0\u1ee1ng ch\u1ea5t c\u1ee7a 10 t\u00e1ch tr\u00e0 xanh th\u00f4ng th\u01b0\u1eddng. S\u1ea3n ph\u1ea9m ch\u1ee9a h\u00e0m l\u01b0\u1ee3ng ch\u1ea5t ch\u1ed1ng oxy h\u00f3a EGCG c\u1ef1c cao, h\u1ed7 tr\u1ee3 qu\u00e1 tr\u00ecnh th\u1ea3i \u0111\u1ed9c, t\u0103ng c\u01b0\u1eddng trao \u0111\u1ed5i ch\u1ea5t v\u00e0 l\u00e0m ch\u1eadm qu\u00e1 tr\u00ecnh l\u00e3o h\u00f3a t\u1ebf b\u00e0o. \u0110\u1eb7c bi\u1ec7t, h\u1ee3p ch\u1ea5t L-theanine gi\u00fap tinh th\u1ea7n t\u1ec9nh t\u00e1o, t\u1eadp trung nh\u01b0ng l\u1ea1i r\u1ea5t \u0111i\u1ec1m t\u0129nh, kh\u00f4ng g\u00e2y h\u1ed3i h\u1ed9p nh\u01b0 khi s\u1eed d\u1ee5ng caffeine t\u1eeb c\u00e0 ph\u00ea.<\/p>\n<p data-path-to-node=\"7\"><img decoding=\"async\" src=\"https:\/\/havamall.com\/wp-content\/uploads\/2026\/04\/bot-tra-xanh-matcha-uji-thuong-hang-nhap-khau-nhat-ban-100g-uji-matcha-ceremonial-grade-1.webp\" alt=\"B\u1ed9t Tr\u00e0 Xanh Matcha Uji Th\u01b0\u1ee3ng H\u1ea1ng Nh\u1eadp Kh\u1ea9u Nh\u1eadt B\u1ea3n 100g \u2013 Uji Matcha Ceremonial Grade\"><\/p>\n<p data-path-to-node=\"8\"><span style=\"font-size: 20px\"><strong>NGH\u1ec6 THU\u1eacT TH\u01af\u1edeNG TH\u1ee8C V\u00c0 BI\u1ebeN T\u1ea4U HI\u1ec6N \u0110\u1ea0I<\/strong> <\/span><\/p>\n<p data-path-to-node=\"8\">\u2013 Nghi th\u1ee9c tr\u00e0 \u0111\u1ea1o truy\u1ec1n th\u1ed1ng: Cho kho\u1ea3ng 1.5g \u2013 2g b\u1ed9t tr\u00e0 v\u00e0o b\u00e1t (Chawan), th\u00eam 70ml n\u01b0\u1edbc n\u00f3ng (kho\u1ea3ng 80\u00b0C, kh\u00f4ng d\u00f9ng n\u01b0\u1edbc s\u00f4i v\u00ec s\u1ebd l\u00e0m ch\u00e1y tr\u00e0 v\u00e0 g\u00e2y \u0111\u1eafng). S\u1eed d\u1ee5ng ch\u1ed5i tre Chasen \u0111\u00e1nh nhanh tay theo h\u00ecnh ch\u1eef M cho \u0111\u1ebfn khi l\u1edbp b\u1ecdt m\u1ecbn n\u1ed5i l\u00ean \u0111\u1ec1u tr\u00ean b\u1ec1 m\u1eb7t. \u0110\u00e2y l\u00e0 c\u00e1ch t\u1ed1t nh\u1ea5t \u0111\u1ec3 c\u1ea3m nh\u1eadn tr\u1ecdn v\u1eb9n v\u1ecb Umami tinh t\u1ebf c\u1ee7a tr\u00e0 Uji.<\/p>\n<p data-path-to-node=\"8\">\u2013 Matcha Latte th\u01b0\u1ee3ng h\u1ea1ng: V\u1edbi nh\u1eefng ng\u01b0\u1eddi y\u00eau th\u00edch s\u1ef1 b\u00e9o ng\u1eady, m\u1ed9t ly Matcha Latte pha t\u1eeb d\u00f2ng Ceremonial s\u1ebd mang \u0111\u1ebfn h\u01b0\u01a1ng v\u1ecb \u0111\u1eb3ng c\u1ea5p kh\u00e1c bi\u1ec7t. V\u1ecb ch\u00e1t nh\u1eb9 c\u1ee7a tr\u00e0 h\u00f2a quy\u1ec7n ho\u00e0n h\u1ea3o v\u1edbi s\u1eefa t\u01b0\u01a1i h\u1ea1t ho\u1eb7c s\u1eefa b\u00f2, t\u1ea1o n\u00ean th\u1ee9c u\u1ed1ng b\u1ed5 d\u01b0\u1ee1ng v\u00e0 sang tr\u1ecdng.<\/p>\n<p data-path-to-node=\"8\">\u2013 Kh\u1edfi \u0111\u1ea7u ng\u00e0y m\u1edbi l\u00e0nh m\u1ea1nh: Vi\u1ec7c b\u1ed5 sung Matcha v\u00e0o kh\u1ea9u ph\u1ea7n \u0103n s\u00e1ng ho\u1eb7c tr\u01b0\u1edbc bu\u1ed5i t\u1eadp luy\u1ec7n kh\u00f4ng ch\u1ec9 cung c\u1ea5p n\u0103ng l\u01b0\u1ee3ng b\u1ec1n b\u1ec9 m\u00e0 c\u00f2n gi\u00fap c\u01a1 th\u1ec3 \u0111\u1ed1t ch\u00e1y calo hi\u1ec7u qu\u1ea3 h\u01a1n th\u00f4ng qua qu\u00e1 tr\u00ecnh sinh nhi\u1ec7t t\u1ef1 nhi\u00ean.<\/p>\n<p data-path-to-node=\"8\"><img decoding=\"async\" src=\"https:\/\/havamall.com\/wp-content\/uploads\/2026\/04\/bot-tra-xanh-matcha-uji-thuong-hang-nhap-khau-nhat-ban-100g-uji-matcha-ceremonial-grade.jpg\" alt=\"B\u1ed9t Tr\u00e0 Xanh Matcha Uji Th\u01b0\u1ee3ng H\u1ea1ng Nh\u1eadp Kh\u1ea9u Nh\u1eadt B\u1ea3n 100g \u2013 Uji Matcha Ceremonial Grade\"><\/p>\n<p data-path-to-node=\"9\">B\u1ed9t tr\u00e0 xanh Uji Matcha th\u01b0\u1ee3ng h\u1ea1ng hi\u1ec7n \u0111ang \u0111\u01b0\u1ee3c b\u00e0y b\u00e1n ch\u00ednh th\u1ee9c t\u1ea1i Havamall.<\/p>","protected":false},"excerpt":{"rendered":"<p>TH\u00d4NG TIN S\u1ea2N PH\u1ea8M Th\u01b0\u01a1ng hi\u1ec7u Uji Matcha Xu\u1ea5t x\u1ee9 Nh\u1eadt B\u1ea3n (V\u00f9ng Uji, Kyoto) Th\u00e0nh ph\u1ea7n 100% B\u1ed9t tr\u00e0<\/p>","protected":false},"featured_media":46065,"comment_status":"open","ping_status":"closed","template":"","meta":[],"product_brand":[],"product_cat":[409],"product_tag":[],"class_list":{"0":"post-46063","1":"product","2":"type-product","3":"status-publish","4":"has-post-thumbnail","6":"product_cat-hop-qua-set-qua","8":"first","9":"instock","10":"sale","11":"shipping-taxable","12":"purchasable","13":"product-type-simple"},"_links":{"self":[{"href":"https:\/\/havamall.com\/en\/wp-json\/wp\/v2\/product\/46063","targetHints":{"allow":["GET"]}}],"collection":[{"href":"https:\/\/havamall.com\/en\/wp-json\/wp\/v2\/product"}],"about":[{"href":"https:\/\/havamall.com\/en\/wp-json\/wp\/v2\/types\/product"}],"replies":[{"embeddable":true,"href":"https:\/\/havamall.com\/en\/wp-json\/wp\/v2\/comments?post=46063"}],"version-history":[{"count":2,"href":"https:\/\/havamall.com\/en\/wp-json\/wp\/v2\/product\/46063\/revisions"}],"predecessor-version":[{"id":46072,"href":"https:\/\/havamall.com\/en\/wp-json\/wp\/v2\/product\/46063\/revisions\/46072"}],"wp:featuredmedia":[{"embeddable":true,"href":"https:\/\/havamall.com\/en\/wp-json\/wp\/v2\/media\/46065"}],"wp:attachment":[{"href":"https:\/\/havamall.com\/en\/wp-json\/wp\/v2\/media?parent=46063"}],"wp:term":[{"taxonomy":"product_brand","embeddable":true,"href":"https:\/\/havamall.com\/en\/wp-json\/wp\/v2\/product_brand?post=46063"},{"taxonomy":"product_cat","embeddable":true,"href":"https:\/\/havamall.com\/en\/wp-json\/wp\/v2\/product_cat?post=46063"},{"taxonomy":"product_tag","embeddable":true,"href":"https:\/\/havamall.com\/en\/wp-json\/wp\/v2\/product_tag?post=46063"}],"curies":[{"name":"wp","href":"https:\/\/api.w.org\/{rel}","templated":true}]}}