{"id":46267,"date":"2026-05-16T15:04:30","date_gmt":"2026-05-16T08:04:30","guid":{"rendered":"https:\/\/havamall.com\/?post_type=product&#038;p=46267"},"modified":"2026-05-16T15:04:31","modified_gmt":"2026-05-16T08:04:31","slug":"mien-mi-soi-ngan-rang-san-bambino-150g-bambino-roasted-vermicelli","status":"publish","type":"product","link":"https:\/\/havamall.com\/en\/shop\/mien-mi-soi-ngan-rang-san-bambino-150g-bambino-roasted-vermicelli\/","title":{"rendered":"Mi\u1ebfn (M\u00ec) S\u1ee3i Ng\u1eafn Rang S\u1eb5n Bambino 150g \u2013 Bambino Roasted Vermicelli"},"content":{"rendered":"<p><span style=\"font-size: 24px\"><strong>TH\u00d4NG TIN S\u1ea2N PH\u1ea8M<\/strong><\/span><\/p>\n<table data-path-to-node=\"3\">\n<tbody>\n<tr>\n<td><span data-path-to-node=\"3,1,0,0\"><b data-path-to-node=\"3,1,0,0\" data-index-in-node=\"0\">Th\u01b0\u01a1ng hi\u1ec7u<\/b><\/span><\/td>\n<td>Bambino<\/td>\n<\/tr>\n<tr>\n<td><span data-path-to-node=\"3,2,0,0\"><b data-path-to-node=\"3,2,0,0\" data-index-in-node=\"0\">Xu\u1ea5t x\u1ee9<\/b><\/span><\/td>\n<td>\u1ea4n \u0110\u1ed9<\/td>\n<\/tr>\n<tr>\n<td><span data-path-to-node=\"3,3,0,0\"><b data-path-to-node=\"3,3,0,0\" data-index-in-node=\"0\">Th\u00e0nh ph\u1ea7n<\/b><\/span><\/td>\n<td>B\u1ed9t l\u00faa m\u00ec c\u1ee9ng Semolina (Suji) 100%.<\/td>\n<\/tr>\n<tr>\n<td><span data-path-to-node=\"3,4,0,0\"><b data-path-to-node=\"3,4,0,0\" data-index-in-node=\"0\">H\u1ea1n s\u1eed d\u1ee5ng<\/b><\/span><\/td>\n<td>24 th\u00e1ng k\u1ec3 t\u1eeb ng\u00e0y s\u1ea3n xu\u1ea5t<\/td>\n<\/tr>\n<tr>\n<td><span data-path-to-node=\"3,5,0,0\"><b data-path-to-node=\"3,5,0,0\" data-index-in-node=\"0\">B\u1ea3o qu\u1ea3n<\/b><\/span><\/td>\n<td>N\u01a1i kh\u00f4 r\u00e1o, tho\u00e1ng m\u00e1t, tr\u00e1nh \u1ea9m \u01b0\u1edbt v\u00e0 c\u00f4n tr\u00f9ng x\u00e2m nh\u1eadp.<\/td>\n<\/tr>\n<tr>\n<td><span data-path-to-node=\"3,6,0,0\"><b data-path-to-node=\"3,6,0,0\" data-index-in-node=\"0\">Kh\u1ed1i l\u01b0\u1ee3ng<\/b><\/span><\/td>\n<td>150g<\/td>\n<\/tr>\n<\/tbody>\n<\/table>\n<p data-path-to-node=\"4\">L\u1ecbch s\u1eed c\u1ee7a Vermicelli (hay c\u00f2n g\u1ecdi l\u00e0 Sewaiyan t\u1ea1i \u1ea4n \u0110\u1ed9) n\u00e0y g\u1eafn li\u1ec1n v\u1edbi nh\u1eefng m\u00f9a l\u1ec5 h\u1ed9i Eid r\u1ef1c r\u1ee1, n\u01a1i nh\u1eefng b\u00e1t ch\u00e8 m\u00ec ng\u1ecdt ng\u00e0o \u0111\u01b0\u1ee3c chia s\u1ebb gi\u1eefa nh\u1eefng ng\u01b0\u1eddi th\u00e2n th\u01b0\u01a1ng. Th\u01b0\u01a1ng hi\u1ec7u Bambino, ra \u0111\u1eddi t\u1eeb n\u0103m 1962, ch\u00ednh l\u00e0 c\u00e1i t\u00ean ti\u00ean phong \u0111\u01b0a lo\u1ea1i m\u00ec s\u1ee3i truy\u1ec1n th\u1ed1ng n\u00e0y v\u00e0o quy tr\u00ecnh s\u1ea3n xu\u1ea5t hi\u1ec7n \u0111\u1ea1i t\u1ea1i \u1ea4n \u0110\u1ed9. V\u1edbi h\u01a1n s\u00e1u th\u1eadp k\u1ef7 ph\u00e1t tri\u1ec3n, Bambino \u0111\u00e3 tr\u1edf th\u00e0nh m\u1ed9t ph\u1ea7n kh\u00f4ng th\u1ec3 thi\u1ebfu trong t\u1ee7 b\u1ebfp c\u1ee7a h\u00e0ng tri\u1ec7u gia \u0111\u00ecnh, mang theo l\u1eddi h\u1ee9a v\u1ec1 ch\u1ea5t l\u01b0\u1ee3ng v\u00e0 s\u1ef1 tinh khi\u1ebft trong t\u1eebng s\u1ee3i m\u00ec. \u0110i\u1ec3m \u0111\u1eb7c bi\u1ec7t l\u00e0 k\u1ef9 thu\u1eadt rang s\u1eb5n (roasted), gi\u00fap s\u1ee3i m\u00ec c\u00f3 m\u00e0u v\u00e0ng n\u00e2u \u0111\u1eb9p m\u1eaft v\u00e0 h\u01b0\u01a1ng th\u01a1m n\u1ed3ng n\u00e0n c\u1ee7a l\u00faa m\u00ec ch\u00edn t\u1edbi, s\u1eb5n s\u00e0ng \u0111\u1ec3 bi\u1ebfn h\u00f3a th\u00e0nh nh\u1eefng m\u00f3n \u0103n h\u1ea5p d\u1eabn m\u00e0 kh\u00f4ng t\u1ed1n qu\u00e1 nhi\u1ec1u th\u1eddi gian chu\u1ea9n b\u1ecb.<\/p>\n<p data-path-to-node=\"4\"><img decoding=\"async\" src=\"https:\/\/havamall.com\/wp-content\/uploads\/2026\/05\/mien-mi-soi-ngan-rang-san-bambino-150g-bambino-roasted-vermicelli.webp\" alt=\"Mi\u1ebfn (M\u00ec) S\u1ee3i Ng\u1eafn Rang S\u1eb5n Bambino 150g \u2013 Bambino Roasted Vermicelli\"><\/p>\n<p data-path-to-node=\"6\">Kh\u00e1c bi\u1ec7t ho\u00e0n to\u00e0n v\u1edbi c\u00e1c lo\u1ea1i m\u00ec s\u1ee3i l\u00e0m t\u1eeb b\u1ed9t m\u00ec th\u00f4ng th\u01b0\u1eddng, m\u00ec s\u1ee3i ng\u1eafn Bambino \u0111\u01b0\u1ee3c <strong>ch\u1ebf bi\u1ebfn t\u1eeb 100% b\u1ed9t l\u00faa m\u00ec c\u1ee9ng Semolina (hay c\u00f2n g\u1ecdi l\u00e0 Suji).<\/strong> \u0110\u00e2y l\u00e0 lo\u1ea1i b\u1ed9t \u0111\u01b0\u1ee3c xay t\u1eeb ph\u1ea7n l\u00f5i c\u1ee7a h\u1ea1t l\u00faa m\u00ec c\u1ee9ng, n\u1ed5i ti\u1ebfng v\u1edbi h\u00e0m l\u01b0\u1ee3ng protein cao v\u00e0 \u0111\u1ed9 \u0111\u00e0n h\u1ed3i tuy\u1ec7t v\u1eddi. Qu\u00e1 tr\u00ecnh s\u1ea3n xu\u1ea5t \u00e1p d\u1ee5ng c\u00f4ng ngh\u1ec7 &#8220;Untouched by hand&#8221; (kh\u00f4ng ch\u1ea1m tay tr\u1ef1c ti\u1ebfp), \u0111\u1ea3m b\u1ea3o ti\u00eau chu\u1ea9n v\u1ec7 sinh an to\u00e0n th\u1ef1c ph\u1ea9m kh\u1eaft khe nh\u1ea5t. Vi\u1ec7c \u0111\u01b0\u1ee3c rang s\u1eb5n b\u1eb1ng c\u00f4ng ngh\u1ec7 nhi\u1ec7t ti\u00ean ti\u1ebfn gi\u00fap s\u1ee3i m\u00ec gi\u1eef \u0111\u01b0\u1ee3c k\u1ebft c\u1ea5u ch\u1eafc ch\u1eafn, kh\u00f4ng b\u1ecb b\u1ebft d\u00ednh hay n\u00e1t v\u1ee5n khi n\u1ea5u. Khi th\u01b0\u1edfng th\u1ee9c, ng\u01b0\u1eddi ta s\u1ebd c\u1ea3m nh\u1eadn \u0111\u01b0\u1ee3c \u0111\u1ed9 dai nh\u1eb9 \u0111\u1eb7c tr\u01b0ng v\u00e0 v\u1ecb ng\u1ecdt thanh t\u1ef1 nhi\u00ean c\u1ee7a l\u00faa m\u00ec c\u1ee9ng, h\u00f2a quy\u1ec7n c\u00f9ng m\u00f9i th\u01a1m \u0111\u1eb7c tr\u01b0ng c\u1ee7a th\u1ef1c ph\u1ea9m v\u1eeba \u0111\u01b0\u1ee3c kh\u01a1i d\u1eady qua l\u1eeda.<\/p>\n<p data-path-to-node=\"7\"><img decoding=\"async\" src=\"https:\/\/havamall.com\/wp-content\/uploads\/2026\/05\/havamall-com-32.webp\" alt=\"Mi\u1ebfn (M\u00ec) S\u1ee3i Ng\u1eafn Rang S\u1eb5n Bambino 150g \u2013 Bambino Roasted Vermicelli\"><\/p>\n<p data-path-to-node=\"8\">M\u00ec s\u1ee3i ng\u1eafn l\u00e0m t\u1eeb Semolina l\u00e0 ngu\u1ed3n cung c\u1ea5p n\u0103ng l\u01b0\u1ee3ng b\u1ec1n b\u1ec9 nh\u1edd h\u00e0m l\u01b0\u1ee3ng carbohydrate ph\u1ee9c h\u1ee3p, gi\u00fap c\u01a1 th\u1ec3 no l\u00e2u v\u00e0 duy tr\u00ec ch\u1ec9 s\u1ed1 \u0111\u01b0\u1eddng huy\u1ebft \u1ed5n \u0111\u1ecbnh. S\u1ea3n ph\u1ea9m ch\u1ee9a nhi\u1ec1u ch\u1ea5t x\u01a1, h\u1ed7 tr\u1ee3 h\u1ec7 ti\u00eau h\u00f3a ho\u1ea1t \u0111\u1ed9ng hi\u1ec7u qu\u1ea3, \u0111\u1ed3ng th\u1eddi b\u1ed5 sung c\u00e1c vitamin nh\u00f3m B v\u00e0 kho\u00e1ng ch\u1ea5t nh\u01b0 s\u1eaft, magie c\u1ea7n thi\u1ebft cho qu\u00e1 tr\u00ecnh trao \u0111\u1ed5i ch\u1ea5t. \u0110\u1eb7c bi\u1ec7t, v\u1edbi \u0111\u1eb7c t\u00ednh kh\u00f4ng ch\u1ee9a cholesterol v\u00e0 r\u1ea5t \u00edt ch\u1ea5t b\u00e9o b\u00e3o h\u00f2a, \u0111\u00e2y l\u00e0 nguy\u00ean li\u1ec7u l\u00fd t\u01b0\u1edfng \u0111\u1ec3 x\u00e2y d\u1ef1ng nh\u1eefng th\u1ef1c \u0111\u01a1n \u0103n u\u1ed1ng khoa h\u1ecdc, ph\u00f9 h\u1ee3p cho c\u1ea3 tr\u1ebb nh\u1ecf \u0111ang tu\u1ed5i l\u1edbn v\u00e0 ng\u01b0\u1eddi tr\u01b0\u1edfng th\u00e0nh c\u1ea7n ki\u1ec3m so\u00e1t n\u0103ng l\u01b0\u1ee3ng. Vi\u1ec7c s\u1eed d\u1ee5ng m\u00ec rang s\u1eb5n c\u0169ng gi\u00fap gi\u1ea3m b\u1edbt l\u01b0\u1ee3ng d\u1ea7u m\u1ee1 trong kh\u00e2u ch\u1ebf bi\u1ebfn s\u01a1 b\u1ed9, gi\u1eef cho m\u00f3n \u0103n lu\u00f4n thanh \u0111\u1ea1m v\u00e0 gi\u1eef tr\u1ecdn d\u01b0\u1ee1ng ch\u1ea5t.<\/p>\n<p data-path-to-node=\"9\"><strong><span style=\"font-size: 20px\">NGH\u1ec6 THU\u1eacT BI\u1ebeN T\u1ea4U GI\u1eeeA V\u1eca NG\u1eccT V\u00c0 V\u1eca M\u1eb6N<\/span><\/strong><\/p>\n<p data-path-to-node=\"11\">\u2013 Trong th\u1ebf gi\u1edbi \u0111\u1ed3 tr\u00e1ng mi\u1ec7ng, m\u00f3n ch\u00e8 m\u00ec s\u1eefa Payasam (hay Kheer) l\u00e0 m\u1ed9t huy\u1ec1n tho\u1ea1i. S\u1ee3i m\u00ec \u0111\u01b0\u1ee3c n\u1ea5u m\u1ec1m trong s\u1eefa t\u01b0\u01a1i b\u00e9o ng\u1eady, th\u00eam ch\u00fat \u0111\u01b0\u1eddng ph\u00e8n, h\u1ea1t \u0111i\u1ec1u, nho kh\u00f4 v\u00e0 h\u01b0\u01a1ng th\u01a1m n\u1ed3ng n\u00e0n t\u1eeb th\u1ea3o qu\u1ea3 xanh. V\u1ecb ng\u1ecdt thanh tao c\u1ee7a s\u1eefa quy\u1ec7n c\u00f9ng s\u1ee3i m\u00ec dai m\u1ecbn t\u1ea1o n\u00ean m\u1ed9t c\u1ea3m gi\u00e1c th\u01b0 th\u00e1i l\u1ea1 k\u1ef3.<\/p>\n<p data-path-to-node=\"11\">\u2013 Chuy\u1ec3n sang th\u1ef1c \u0111\u01a1n m\u00f3n m\u1eb7n, m\u00f3n m\u00ec x\u00e0o rau c\u1ee7 (Upma) l\u00e0 l\u1ef1a ch\u1ecdn tuy\u1ec7t v\u1eddi cho b\u1eefa s\u00e1ng \u0111\u1ea7y n\u0103ng l\u01b0\u1ee3ng. S\u1ee3i m\u00ec rang s\u1eb5n ch\u1ec9 c\u1ea7n lu\u1ed9c s\u01a1 ho\u1eb7c h\u1ea5p ch\u00edn, sau \u0111\u00f3 x\u00e0o c\u00f9ng h\u00e0nh t\u00e2y, c\u00e0 r\u1ed1t, \u0111\u1eadu que v\u00e0 m\u1ed9t ch\u00fat h\u1ea1t m\u00f9 t\u1ea1t. \u0110\u1ed9 t\u01a1i x\u1ed1p, kh\u00f4ng b\u1ebft d\u00ednh c\u1ee7a m\u00ec Bambino gi\u00fap m\u00f3n x\u00e0o tr\u1edf n\u00ean b\u1eaft m\u1eaft v\u00e0 h\u1ea5p d\u1eabn h\u01a1n bao gi\u1edd h\u1ebft.<\/p>\n<p data-path-to-node=\"11\">\u2013 Ngo\u00e0i ra, m\u00ec s\u1ee3i ng\u1eafn c\u00f2n c\u00f3 th\u1ec3 d\u00f9ng l\u00e0m nguy\u00ean li\u1ec7u cho c\u00e1c lo\u1ea1i s\u00fap rau c\u1ee7 thanh \u0111\u1ea1m, gi\u00fap m\u00f3n s\u00fap c\u00f3 th\u00eam \u0111\u1ed9 s\u00e1nh v\u00e0 gi\u00e0u dinh d\u01b0\u1ee1ng h\u01a1n. Vi\u1ec7c l\u1ed3ng gh\u00e9p s\u1ee3i m\u00ec v\u00e0o c\u00e1c c\u00f4ng th\u1ee9c salad l\u1ea1nh theo phong c\u00e1ch \u0110\u1ecba Trung H\u1ea3i c\u00f9ng d\u1ea7u \u00f4 liu v\u00e0 l\u00e1 th\u01a1m c\u0169ng l\u00e0 m\u1ed9t xu h\u01b0\u1edbng \u1ea9m th\u1ef1c hi\u1ec7n \u0111\u1ea1i \u0111ang \u0111\u01b0\u1ee3c \u01b0a chu\u1ed9ng, mang l\u1ea1i tr\u1ea3i nghi\u1ec7m m\u1edbi m\u1ebb v\u1ec1 c\u1ea5u tr\u00fac v\u00e0 h\u01b0\u01a1ng v\u1ecb.<\/p>\n<p data-path-to-node=\"11\"><img decoding=\"async\" src=\"https:\/\/havamall.com\/wp-content\/uploads\/2026\/05\/havamall-com-33.webp\" alt=\"Mi\u1ebfn (M\u00ec) S\u1ee3i Ng\u1eafn Rang S\u1eb5n Bambino 150g \u2013 Bambino Roasted Vermicelli\"><\/p>\n<p data-path-to-node=\"13\">Hi\u1ec7n nay, M\u00ec S\u1ee3i Ng\u1eafn Rang S\u1eb5n Bambino \u0111ang \u0111\u01b0\u1ee3c ph\u00e2n ph\u1ed1i t\u1ea1i Havamall, cam k\u1ebft cung c\u1ea5p s\u1ea3n ph\u1ea9m ch\u00ednh h\u00e3ng, \u0111\u01b0\u1ee3c b\u1ea3o qu\u1ea3n trong \u0111i\u1ec1u ki\u1ec7n l\u00fd t\u01b0\u1edfng \u0111\u1ec3 gi\u1eef v\u1eefng \u0111\u1ed9 gi\u00f2n th\u01a1m v\u00e0 gi\u00e1 tr\u1ecb dinh d\u01b0\u1ee1ng.<\/p>","protected":false},"excerpt":{"rendered":"<p>TH\u00d4NG TIN S\u1ea2N PH\u1ea8M Th\u01b0\u01a1ng hi\u1ec7u Bambino Xu\u1ea5t x\u1ee9 \u1ea4n \u0110\u1ed9 Th\u00e0nh ph\u1ea7n B\u1ed9t l\u00faa m\u00ec c\u1ee9ng Semolina (Suji) 100%.<\/p>","protected":false},"featured_media":46268,"comment_status":"open","ping_status":"closed","template":"","meta":[],"product_brand":[],"product_cat":[154,595],"product_tag":[],"class_list":{"0":"post-46267","1":"product","2":"type-product","3":"status-publish","4":"has-post-thumbnail","6":"product_cat-gia-vi","7":"product_cat-gia-vi-va-che-bien","9":"first","10":"instock","11":"sale","12":"shipping-taxable","13":"purchasable","14":"product-type-simple"},"_links":{"self":[{"href":"https:\/\/havamall.com\/en\/wp-json\/wp\/v2\/product\/46267","targetHints":{"allow":["GET"]}}],"collection":[{"href":"https:\/\/havamall.com\/en\/wp-json\/wp\/v2\/product"}],"about":[{"href":"https:\/\/havamall.com\/en\/wp-json\/wp\/v2\/types\/product"}],"replies":[{"embeddable":true,"href":"https:\/\/havamall.com\/en\/wp-json\/wp\/v2\/comments?post=46267"}],"version-history":[{"count":2,"href":"https:\/\/havamall.com\/en\/wp-json\/wp\/v2\/product\/46267\/revisions"}],"predecessor-version":[{"id":46273,"href":"https:\/\/havamall.com\/en\/wp-json\/wp\/v2\/product\/46267\/revisions\/46273"}],"wp:featuredmedia":[{"embeddable":true,"href":"https:\/\/havamall.com\/en\/wp-json\/wp\/v2\/media\/46268"}],"wp:attachment":[{"href":"https:\/\/havamall.com\/en\/wp-json\/wp\/v2\/media?parent=46267"}],"wp:term":[{"taxonomy":"product_brand","embeddable":true,"href":"https:\/\/havamall.com\/en\/wp-json\/wp\/v2\/product_brand?post=46267"},{"taxonomy":"product_cat","embeddable":true,"href":"https:\/\/havamall.com\/en\/wp-json\/wp\/v2\/product_cat?post=46267"},{"taxonomy":"product_tag","embeddable":true,"href":"https:\/\/havamall.com\/en\/wp-json\/wp\/v2\/product_tag?post=46267"}],"curies":[{"name":"wp","href":"https:\/\/api.w.org\/{rel}","templated":true}]}}