{"id":46274,"date":"2026-05-17T09:39:35","date_gmt":"2026-05-17T02:39:35","guid":{"rendered":"https:\/\/havamall.com\/?post_type=product&#038;p=46274"},"modified":"2026-05-17T09:39:55","modified_gmt":"2026-05-17T02:39:55","slug":"bot-lam-banh-pizza-chuyen-dung-interflour-25kg-pizza-flour","status":"publish","type":"product","link":"https:\/\/havamall.com\/en\/shop\/bot-lam-banh-pizza-chuyen-dung-interflour-25kg-pizza-flour\/","title":{"rendered":"B\u1ed9t L\u00e0m B\u00e1nh Pizza Chuy\u00ean D\u1ee5ng Interflour 25kg \u2013 Pizza Flour"},"content":{"rendered":"<p><span style=\"font-size: 24px\"><strong>TH\u00d4NG TIN S\u1ea2N PH\u1ea8M<\/strong><\/span><\/p>\n<table data-path-to-node=\"3\">\n<tbody>\n<tr>\n<td><span data-path-to-node=\"3,1,0,0\"><b data-path-to-node=\"3,1,0,0\" data-index-in-node=\"0\">Th\u01b0\u01a1ng hi\u1ec7u<\/b><\/span><\/td>\n<td>Interflour<\/td>\n<\/tr>\n<tr>\n<td><span data-path-to-node=\"3,2,0,0\"><b data-path-to-node=\"3,2,0,0\" data-index-in-node=\"0\">Xu\u1ea5t x\u1ee9<\/b><\/span><\/td>\n<td>Vi\u1ec7t Nam<\/td>\n<\/tr>\n<tr>\n<td><span data-path-to-node=\"3,3,0,0\"><b data-path-to-node=\"3,3,0,0\" data-index-in-node=\"0\">Th\u00e0nh ph\u1ea7n<\/b><\/span><\/td>\n<td>B\u1ed9t m\u00ec (99%), Acid Ascorbic, Enzyme, vi ch\u1ea5t dinh d\u01b0\u1ee1ng (S\u1eaft, K\u1ebdm).<\/td>\n<\/tr>\n<tr>\n<td><span data-path-to-node=\"3,4,0,0\"><b data-path-to-node=\"3,4,0,0\" data-index-in-node=\"0\">H\u1ea1n s\u1eed d\u1ee5ng<\/b><\/span><\/td>\n<td>6 th\u00e1ng k\u1ec3 t\u1eeb ng\u00e0y s\u1ea3n xu\u1ea5t<\/td>\n<\/tr>\n<tr>\n<td><span data-path-to-node=\"3,5,0,0\"><b data-path-to-node=\"3,5,0,0\" data-index-in-node=\"0\">B\u1ea3o qu\u1ea3n<\/b><\/span><\/td>\n<td>N\u01a1i kh\u00f4 r\u00e1o, tho\u00e1ng m\u00e1t, s\u1ea1ch s\u1ebd v\u00e0 th\u00f4ng tho\u00e1ng. Tr\u00e1nh \u00e1nh n\u1eafng tr\u1ef1c ti\u1ebfp.<\/td>\n<\/tr>\n<tr>\n<td><span data-path-to-node=\"3,6,0,0\"><b data-path-to-node=\"3,6,0,0\" data-index-in-node=\"0\">Kh\u1ed1i l\u01b0\u1ee3ng<\/b><\/span><\/td>\n<td>25kg<\/td>\n<\/tr>\n<\/tbody>\n<\/table>\n<p>\u0110\u1ec3 \u0111\u01b0a Pizza tr\u1edf th\u00e0nh m\u1ed9t di s\u1ea3n v\u0103n h\u00f3a \u1ea9m th\u1ef1c to\u00e0n c\u1ea7u nh\u01b0 ng\u00e0y nay, y\u1ebfu t\u1ed1 ti\u00ean quy\u1ebft kh\u00f4ng n\u1eb1m \u1edf l\u1edbp ph\u1ee7 (topping) h\u00e0o nho\u00e1ng m\u00e0 ch\u00ednh l\u00e0 \u1edf c\u1ea5u tr\u00fac c\u1ee7a l\u1edbp \u0111\u1ebf b\u00e1nh. M\u1ed9t \u0111\u1ebf b\u00e1nh ho\u00e0n h\u1ea3o ph\u1ea3i c\u00f3 s\u1ef1 c\u00e2n b\u1eb1ng gi\u1eefa \u0111\u1ed9 gi\u00f2n tan b\u00ean ngo\u00e0i v\u00e0 \u0111\u1ed9 dai m\u1ec1m, x\u1ed1p nh\u1eb9 b\u00ean trong. Th\u1ea5u hi\u1ec3u tri\u1ebft l\u00fd \u0111\u00f3, t\u1eadp \u0111o\u00e0n Interflour \u2013 m\u1ed9t trong nh\u1eefng nh\u00e0 s\u1ea3n xu\u1ea5t b\u1ed9t m\u00ec h\u00e0ng \u0111\u1ea7u t\u1ea1i khu v\u1ef1c \u0110\u00f4ng Nam \u00c1 v\u1edbi m\u1ea1ng l\u01b0\u1edbi nh\u00e0 m\u00e1y hi\u1ec7n \u0111\u1ea1i xuy\u00ean qu\u1ed1c gia \u2013 \u0111\u00e3 nghi\u00ean c\u1ee9u v\u00e0 cho ra \u0111\u1eddi d\u00f2ng b\u1ed9t l\u00e0m b\u00e1nh Pizza chuy\u00ean d\u1ee5ng, l\u00e0 k\u1ebft qu\u1ea3 c\u1ee7a qu\u00e1 tr\u00ecnh k\u1ebft h\u1ee3p gi\u1eefa ngu\u1ed3n l\u00faa m\u00ec th\u01b0\u1ee3ng h\u1ea1ng v\u00e0 c\u00f4ng ngh\u1ec7 xay x\u00e1t ti\u00ean ti\u1ebfn, mang l\u1ea1i gi\u1ea3i ph\u00e1p t\u1ed1i \u01b0u cho nh\u1eefng ngh\u1ec7 nh\u00e2n l\u00e0m b\u00e1nh mu\u1ed1n t\u00e1i hi\u1ec7n h\u01b0\u01a1ng v\u1ecb Pizza \u00dd nguy\u00ean b\u1ea3n ngay t\u1ea1i Vi\u1ec7t Nam.<\/p>\n<p><img decoding=\"async\" src=\"https:\/\/scontent.fsgn5-21.fna.fbcdn.net\/v\/t39.30808-6\/666084612_1561211772678307_6920165559108361148_n.jpg?_nc_cat=109&amp;ccb=1-7&amp;_nc_sid=833d8c&amp;_nc_ohc=F6LYMwqj4kYQ7kNvwHXB4BC&amp;_nc_oc=AdrDiP2Pnj3leD-mxaJ9Y6D3aFPBDwb6G1IW87HR4orHKjKcjv8nlGMBuvNHtsQ1lcc&amp;_nc_zt=23&amp;_nc_ht=scontent.fsgn5-21.fna&amp;_nc_gid=9AbzXvX6CQ3ClSUaiDiOrg&amp;_nc_ss=7b2a8&amp;oh=00_Af4WNQQKxB-qZHo91HlkPAQqds4GlkjOcSDu7k-7o8TMVg&amp;oe=6A0EEB51\" alt=\"B\u1ed9t L\u00e0m B\u00e1nh Pizza Chuy\u00ean D\u1ee5ng Interflour 25kg \u2013 Pizza Flour\"><\/p>\n<p>\u0110i\u1ec3m c\u1ed1t l\u00f5i t\u1ea1o n\u00ean s\u1ef1 kh\u00e1c bi\u1ec7t c\u1ee7a d\u00f2ng b\u1ed9t n\u00e0y ch\u00ednh l\u00e0 h\u00e0m l\u01b0\u1ee3ng Protein c\u1ef1c cao, dao \u0111\u1ed9ng t\u1eeb 13.0% \u0111\u1ebfn 14.5% ch\u1ec9 s\u1ed1 n\u00e0y quy\u1ebft \u0111\u1ecbnh kh\u1ea3 n\u0103ng h\u00ecnh th\u00e0nh m\u1ea1ng l\u01b0\u1edbi Gluten gi\u00fap b\u1ed9t b\u00e1nh c\u00f3 \u0111\u1ed9 \u0111\u00e0n h\u1ed3i v\u00e0 kh\u1ea3 n\u0103ng ch\u1ecbu l\u1ef1c t\u1ed1t. V\u1edbi h\u00e0m l\u01b0\u1ee3ng Protein l\u00fd t\u01b0\u1edfng, kh\u1ed1i b\u1ed9t sau khi nh\u00e0o c\u00f3 th\u1ec3 k\u00e9o gi\u00e3n c\u1ef1c m\u1ecfng m\u00e0 kh\u00f4ng b\u1ecb r\u00e1ch, t\u1ea1o \u0111i\u1ec1u ki\u1ec7n cho qu\u00e1 tr\u00ecnh \u1ee7 men k\u00e9o d\u00e0i \u0111\u1ec3 gi\u1ea3i ph\u00f3ng h\u01b0\u01a1ng th\u01a1m t\u1ef1 nhi\u00ean c\u1ee7a l\u00faa m\u00ec. Khi n\u01b0\u1edbng \u1edf nhi\u1ec7t \u0111\u1ed9 cao, c\u1ea5u tr\u00fac n\u00e0y gi\u00fap b\u00e1nh n\u1edf ph\u1ed3ng, t\u1ea1o n\u00ean nh\u1eefng t\u00fai kh\u00ed nh\u1ecf b\u00ean trong l\u00f2ng b\u00e1nh, mang l\u1ea1i c\u1ea3m gi\u00e1c nh\u1eb9 t\u00eanh khi th\u01b0\u1edfng th\u1ee9c. T\u1eebng s\u1ee3i Gluten dai ch\u1eafc \u0111\u1ea3m b\u1ea3o \u0111\u1ebf b\u00e1nh kh\u00f4ng b\u1ecb m\u1ec1m nh\u0169n d\u01b0\u1edbi s\u1ee9c n\u1eb7ng c\u1ee7a s\u1ed1t c\u00e0 chua hay ph\u00f4 mai, gi\u1eef cho chi\u1ebfc b\u00e1nh lu\u00f4n \u0111\u1ee9ng d\u00e1ng v\u00e0 h\u1ea5p d\u1eabn.<\/p>\n<p><img decoding=\"async\" src=\"https:\/\/savorthebest.com\/wp-content\/uploads\/2024\/02\/pizza-made-with-pizza-flour-vs-bread-flour-1.jpg\" alt=\"B\u1ed9t L\u00e0m B\u00e1nh Pizza Chuy\u00ean D\u1ee5ng Interflour 25kg \u2013 Pizza Flour\"><\/p>\n<p>Kh\u00f4ng ch\u1ec9 d\u1eebng l\u1ea1i \u1edf vi\u1ec7c t\u1ea1o ra c\u1ea5u tr\u00fac b\u00e1nh \u0111\u1eb9p, d\u00f2ng b\u1ed9t m\u00ec Interflour c\u00f2n \u0111\u01b0\u1ee3c b\u1ed5 sung c\u00e1c vi ch\u1ea5t dinh d\u01b0\u1ee1ng thi\u1ebft y\u1ebfu nh\u01b0 S\u1eaft v\u00e0 K\u1ebdm, g\u00f3p ph\u1ea7n n\u00e2ng cao gi\u00e1 tr\u1ecb s\u1ee9c kh\u1ecfe trong t\u1eebng b\u1eefa \u0103n. S\u1ea3n ph\u1ea9m \u0111\u01b0\u1ee3c s\u1ea3n xu\u1ea5t tr\u00ean d\u00e2y chuy\u1ec1n \u0111\u1ea1t c\u00e1c ch\u1ee9ng nh\u1eadn qu\u1ed1c t\u1ebf kh\u1eaft khe nh\u01b0 HACCP, ISO 9001 v\u00e0 FSSC 22000, \u0111\u1ea3m b\u1ea3o m\u1ed7i h\u1ea1t b\u1ed9t \u0111\u1ec1u s\u1ea1ch v\u00e0 tinh khi\u1ebft tuy\u1ec7t \u0111\u1ed1i. Vi\u1ec7c s\u1eed d\u1ee5ng c\u00e1c enzyme t\u1ef1 nhi\u00ean v\u00e0 Acid Ascorbic trong th\u00e0nh ph\u1ea7n gi\u00fap t\u1ed1i \u01b0u h\u00f3a qu\u00e1 tr\u00ecnh l\u00ean men, gi\u00fap b\u1ed9t \u1ed5n \u0111\u1ecbnh h\u01a1n trong nhi\u1ec1u \u0111i\u1ec1u ki\u1ec7n m\u00f4i tr\u01b0\u1eddng kh\u00e1c nhau.<\/p>\n<p><img decoding=\"async\" src=\"https:\/\/havamall.com\/wp-content\/uploads\/2026\/05\/bot-lam-banh-pizza-chuyen-dung-interflour-25kg-pizza-flour.webp\" alt=\"B\u1ed9t L\u00e0m B\u00e1nh Pizza Chuy\u00ean D\u1ee5ng Interflour 25kg \u2013 Pizza Flour\"><\/p>\n<p>\u0110\u1ec3 t\u1ea1o ra m\u1ed9t kh\u1ed1i b\u1ed9t Pizza chu\u1ea9n, s\u1ef1 k\u1ebft h\u1ee3p gi\u1eefa b\u1ed9t, n\u01b0\u1edbc l\u1ecdc, men kh\u00f4 v\u00e0 m\u1ed9t ch\u00fat mu\u1ed1i bi\u1ec3n c\u1ea7n \u0111\u01b0\u1ee3c th\u1ef1c hi\u1ec7n t\u1ec9 m\u1ec9. Do h\u00e0m l\u01b0\u1ee3ng protein cao, b\u1ed9t c\u00f3 kh\u1ea3 n\u0103ng h\u00fat n\u01b0\u1edbc r\u1ea5t t\u1ed1t, gi\u00fap kh\u1ed1i b\u1ed9t m\u1ecbn m\u00e0ng v\u00e0 kh\u00f4ng b\u1ecb d\u00ednh tay sau khi nh\u00e0o k\u1ef9. Qu\u00e1 tr\u00ecnh \u1ee7 b\u1ed9t ch\u1eadm trong ng\u0103n m\u00e1t t\u1ee7 l\u1ea1nh t\u1eeb 24 \u0111\u1ebfn 48 ti\u1ebfng l\u00e0 b\u00ed quy\u1ebft \u0111\u1ec3 c\u00e1c enzyme ho\u1ea1t \u0111\u1ed9ng, chuy\u1ec3n h\u00f3a tinh b\u1ed9t th\u00e0nh \u0111\u01b0\u1eddng, t\u1ea1o n\u00ean l\u1edbp v\u1ecf b\u00e1nh v\u00e0ng n\u00e2u \u00f3ng \u1ea3 v\u00e0 m\u00f9i th\u01a1m n\u1ed3ng n\u00e0n sau khi n\u01b0\u1edbng. Khi t\u1ea1o h\u00ecnh, ng\u01b0\u1eddi n\u1ea5u kh\u00f4ng n\u00ean d\u00f9ng c\u00e2y c\u00e1n b\u1ed9t m\u00e0 h\u00e3y d\u00f9ng tay k\u00e9o gi\u00e3n nh\u1eb9 nh\u00e0ng \u0111\u1ec3 gi\u1eef l\u1ea1i c\u00e1c b\u1ecdt kh\u00ed b\u00ean trong, gi\u00fap vi\u1ec1n b\u00e1nh ph\u1ed3ng to v\u00e0 gi\u00f2n x\u1ed1p \u0111\u00fang phong c\u00e1ch Neapolitan.<\/p>\n<p><img decoding=\"async\" src=\"https:\/\/havamall.com\/wp-content\/uploads\/2026\/05\/bot-lam-banh-pizza-chuyen-dung-interflour-25kg-pizza-flour-1.webp\" alt=\"B\u1ed9t L\u00e0m B\u00e1nh Pizza Chuy\u00ean D\u1ee5ng Interflour 25kg \u2013 Pizza Flour\"><\/p>\n<p>Ngo\u00e0i Pizza, d\u00f2ng b\u1ed9t gi\u00e0u protein n\u00e0y c\u00f2n c\u1ef1c k\u1ef3 ph\u00f9 h\u1ee3p \u0111\u1ec3 ch\u1ebf bi\u1ebfn c\u00e1c lo\u1ea1i b\u00e1nh m\u00ec c\u1ea7n c\u1ea5u tr\u00fac dai ch\u1eafc nh\u01b0 b\u00e1nh m\u00ec Baguette ki\u1ec3u Ph\u00e1p, b\u00e1nh m\u00ec g\u1ed1i ho\u1eb7c c\u00e1c d\u00f2ng b\u00e1nh m\u00ec h\u1ea1t b\u1ed5 d\u01b0\u1ee1ng. B\u1ed9t L\u00e0m B\u00e1nh Pizza Chuy\u00ean D\u1ee5ng Interflour 25kg \u0111ang \u0111\u01b0\u1ee3c b\u00e1n ch\u00ednh th\u1ee9c t\u1ea1i Havamall.<\/p>","protected":false},"excerpt":{"rendered":"<p>TH\u00d4NG TIN S\u1ea2N PH\u1ea8M Th\u01b0\u01a1ng hi\u1ec7u Interflour Xu\u1ea5t x\u1ee9 Vi\u1ec7t Nam Th\u00e0nh ph\u1ea7n B\u1ed9t m\u00ec (99%), Acid Ascorbic, Enzyme, vi<\/p>","protected":false},"featured_media":46275,"comment_status":"open","ping_status":"closed","template":"","meta":[],"product_brand":[],"product_cat":[730,255,134],"product_tag":[],"class_list":{"0":"post-46274","1":"product","2":"type-product","3":"status-publish","4":"has-post-thumbnail","6":"product_cat-cac-nuoc-khac","7":"product_cat-nguyen-lieu-lam-banh","8":"product_cat-thucpham-saykho","10":"first","11":"instock","12":"sale","13":"shipping-taxable","14":"purchasable","15":"product-type-simple"},"_links":{"self":[{"href":"https:\/\/havamall.com\/en\/wp-json\/wp\/v2\/product\/46274","targetHints":{"allow":["GET"]}}],"collection":[{"href":"https:\/\/havamall.com\/en\/wp-json\/wp\/v2\/product"}],"about":[{"href":"https:\/\/havamall.com\/en\/wp-json\/wp\/v2\/types\/product"}],"replies":[{"embeddable":true,"href":"https:\/\/havamall.com\/en\/wp-json\/wp\/v2\/comments?post=46274"}],"version-history":[{"count":3,"href":"https:\/\/havamall.com\/en\/wp-json\/wp\/v2\/product\/46274\/revisions"}],"predecessor-version":[{"id":46287,"href":"https:\/\/havamall.com\/en\/wp-json\/wp\/v2\/product\/46274\/revisions\/46287"}],"wp:featuredmedia":[{"embeddable":true,"href":"https:\/\/havamall.com\/en\/wp-json\/wp\/v2\/media\/46275"}],"wp:attachment":[{"href":"https:\/\/havamall.com\/en\/wp-json\/wp\/v2\/media?parent=46274"}],"wp:term":[{"taxonomy":"product_brand","embeddable":true,"href":"https:\/\/havamall.com\/en\/wp-json\/wp\/v2\/product_brand?post=46274"},{"taxonomy":"product_cat","embeddable":true,"href":"https:\/\/havamall.com\/en\/wp-json\/wp\/v2\/product_cat?post=46274"},{"taxonomy":"product_tag","embeddable":true,"href":"https:\/\/havamall.com\/en\/wp-json\/wp\/v2\/product_tag?post=46274"}],"curies":[{"name":"wp","href":"https:\/\/api.w.org\/{rel}","templated":true}]}}