{"id":6462,"date":"2018-06-14T14:00:57","date_gmt":"2018-06-14T07:00:57","guid":{"rendered":"https:\/\/havamall.com\/?post_type=product&#038;p=6462"},"modified":"2025-03-24T10:59:47","modified_gmt":"2025-03-24T03:59:47","slug":"mi-y-linguine-balducci-so-4-500g","status":"publish","type":"product","link":"https:\/\/havamall.com\/en\/shop\/mi-y-linguine-balducci-so-4-500g\/","title":{"rendered":"M\u00ec \u00dd Spaghetti Balducci S\u1ed1 4 500G"},"content":{"rendered":"<table class=\"table table-striped-odd specification\">\n<tbody>\n<tr>\n<th class=\"display-name\" colspan=\"1\" rowspan=\"1\">Quy c\u00e1ch \u0111\u00f3ng g\u00f3i<\/th>\n<td colspan=\"1\" rowspan=\"1\">G\u00f3i<\/td>\n<\/tr>\n<tr>\n<th class=\"display-name\" colspan=\"1\" rowspan=\"1\">Xu\u1ea5t x\u1ee9<\/th>\n<td colspan=\"1\" rowspan=\"1\">\u00dac<\/td>\n<\/tr>\n<tr>\n<th class=\"display-name\" colspan=\"1\" rowspan=\"1\">N\u01a1i s\u1ea3n xu\u1ea5t<\/th>\n<td colspan=\"1\" rowspan=\"1\">Vi\u1ec7t Nam<\/td>\n<\/tr>\n<tr>\n<th class=\"display-name\" colspan=\"1\" rowspan=\"1\">H\u1ea1n s\u1eed d\u1ee5ng<\/th>\n<td colspan=\"1\" rowspan=\"1\">Xem tr\u00ean bao b\u00ec s\u1ea3n ph\u1ea9m<\/td>\n<\/tr>\n<tr>\n<th class=\"display-name\" colspan=\"1\" rowspan=\"1\">Th\u00e0nh ph\u1ea7n<\/th>\n<td colspan=\"1\" rowspan=\"1\">100% l\u00faa m\u00ec, c\u00f3 th\u1ec3 c\u00f3 m\u1ed9t \u00edt tr\u1ee9ng v\u00e0 \u0111\u1eadu n\u00e0nh.<\/td>\n<\/tr>\n<tr>\n<th class=\"display-name\" colspan=\"1\" rowspan=\"1\">Net WT<\/th>\n<td colspan=\"1\" rowspan=\"1\">500gr<\/td>\n<\/tr>\n<\/tbody>\n<\/table>\n<p>&nbsp;<\/p>\n<table class=\"data-description\">\n<tbody>\n<tr>\n<th>Th\u00f4ng s\u1ed1 s\u1ea3n ph\u1ea9m<\/th>\n<\/tr>\n<tr>\n<td><strong>M\u00ec \u00dd Linguine Balducci S\u1ed1 4 500G<\/strong>\u00a0\u0111em l\u1ea1i h\u01b0\u01a1ng v\u1ecb c\u00f9ng phong c\u00e1ch n\u1ea5u \u0103n t\u1eeb Ph\u00e1p v\u00e0o gian b\u1ebfp nh\u00e0 b\u1ea1n, c\u00f3 th\u1ec3 ch\u1ebf bi\u1ebfn th\u00e0nh nhi\u1ec1u m\u00f3n \u0103n kh\u00e1c nhau t\u00f9y s\u1edf th\u00edch \u0111\u1ec3 t\u0103ng th\u1ef1c \u0111\u01a1n cho b\u1eefa \u0103n gia \u0111\u00ecnh.<\/p>\n<h3><strong>\u0110\u1eb7c \u0111i\u1ec3m n\u1ed5i b\u1eadt:<\/strong><\/h3>\n<p>M\u00ec \u0111\u01b0\u1ee3c ch\u1ebf bi\u1ebfn t\u1eeb h\u1ea1t m\u00ec c\u1ee9ng v\u00e0 gia v\u1ecb qua quy tr\u00ecnh s\u1ea3n xu\u1ea5t kh\u00e9p k\u00edn d\u01b0\u1edbi s\u1ef1 gi\u00e1m s\u00e1t v\u00e0 ki\u1ec3m tra nghi\u00eam ng\u1eb7t \u0111\u1ec3 t\u1ea1o ra mi\u1ebfng nui dai, v\u00e0ng \u00f3ng.<\/p>\n<p>C\u00e1c nguy\u00ean li\u1ec7u \u0111\u1ec1u l\u1ea5y t\u1eeb t\u1ef1 nhi\u00ean, kh\u00f4ng ch\u1ee9a h\u00f3a ch\u1ea5t, kh\u00f4ng s\u1eed d\u1ee5ng ch\u1ea5t b\u1ea3o qu\u1ea3n, \u0111\u1ea1t y\u00eau c\u1ea7u an to\u00e0n v\u1ec7 sinh th\u1ef1c ph\u1ea9m.<\/p>\n<p>S\u1ea3n ph\u1ea9m cung c\u1ea5p h\u00e0m l\u01b0\u1ee3ng tinh b\u1ed9t, protein \u0111\u00e1ng k\u1ec3 v\u00e0 cung c\u1ea5p ngu\u1ed3n n\u0103ng l\u01b0\u1ee3ng d\u1ed3i d\u00e0o cho c\u01a1 th\u1ec3 su\u1ed1t ng\u00e0y d\u00e0i ho\u1ea1t \u0111\u1ed9ng.<\/p>\n<p>M\u00ec d\u1ea1ng \u1ed1ng dai, d\u1ec5 \u0103n, c\u00f3 th\u1ec3 ch\u1ebf bi\u1ebfn th\u00e0nh nhi\u1ec1u m\u00f3n \u0103n kh\u00e1c nhau t\u00f9y theo s\u1edf th\u00edch c\u1ee7a m\u1ed7i gia \u0111\u00ecnh<\/p>\n<p>S\u1ea3n ph\u1ea9m \u0111\u01b0\u1ee3c \u0111\u00f3ng g\u00f3i k\u1ef9 l\u01b0\u1ee1ng, thu\u1eadn l\u1ee3i cho b\u1ea1n mang \u0111i du l\u1ecbch hay d\u00e3 ngo\u1ea1i c\u00f9ng b\u1ea1n b\u00e8, ng\u01b0\u1eddi th\u00e2n.<\/p>\n<p>\u0110\u01b0\u1ee3c s\u1ea3n xu\u1ea5t v\u00e0 \u0111\u00f3ng g\u00f3i tr\u00ean d\u00e2y chuy\u1ec1n c\u00f4ng ngh\u1ec7 hi\u1ec7n \u0111\u1ea1i c\u1ee7a Ph\u00e1p.<\/p>\n<p><img fetchpriority=\"high\" decoding=\"async\" class=\"wp-image-25793 aligncenter\" src=\"https:\/\/havamall.com\/wp-content\/uploads\/2018\/06\/z3249726379495_841495a9470dff673be60d011f589d16-300x217.jpg\" alt=\"\" width=\"602\" height=\"435\" \/><\/p>\n<h3><strong>H\u01b0\u1edbng d\u1eabn s\u1eed d\u1ee5ng:<\/strong><\/h3>\n<p>Cho s\u1ed1 l\u01b0\u1ee3ng m\u00ec mu\u1ed1n \u0103n v\u00e0o n\u01b0\u1edbc \u0111ang s\u00f4i v\u1edbi m\u1ed9t \u00edt mu\u1ed1i \u0103n, n\u1ea5u kho\u1ea3ng 5 \u2013 6 ph\u00fat.<\/p>\n<p>Th\u1ec9nh tho\u1ea3ng \u0111\u00e1nh t\u01a1i nui cho ch\u00edn m\u1ec1m, v\u1edbt m\u00ec ra, b\u1ecf v\u00e0o n\u01b0\u1edbc l\u1ea1nh.<\/p>\n<p>\u0110\u00e1nh t\u01a1i m\u00ec r\u1ed3i v\u1edbt ra \u0111\u1ec3 r\u00e1o n\u01b0\u1edbc, tr\u1ed9n m\u1ed9t mu\u1ed7ng d\u1ea7u th\u1ef1c v\u1eadt \u0111\u1ec3 nui kh\u00f4ng d\u00ednh v\u00e0o nhau.<\/p>\n<p>X\u00e0o, n\u1ea5u m\u00ec t\u00f9y theo s\u1edf th\u00edch \u0103n c\u1ee7a m\u1ed7i ng\u01b0\u1eddi.<\/p>\n<h3><strong>Th\u00f4ng tin th\u01b0\u01a1ng hi\u1ec7u:<\/strong><\/h3>\n<p>Balducci l\u00e0 th\u01b0\u01a1ng hi\u1ec7u n\u1ed5i ti\u1ebfng c\u1ee7a \u00dac thu\u1ed9c c\u00f4ng ty Balducci Foods. Nh\u1eefng s\u1ea3n ph\u1ea9m c\u1ee7a Balducci lu\u00f4n \u0111\u01b0\u1ee3c l\u00e0m t\u1eeb nh\u1eefng nguy\u00ean li\u1ec7u h\u1ea3o h\u1ea1ng \u0111\u1ec3 mang \u0111\u1ebfn ch\u1ea5t l\u01b0\u1ee3ng cao nh\u1ea5t.<\/p>\n<p><img decoding=\"async\" class=\"wp-image-25795 aligncenter\" src=\"https:\/\/havamall.com\/wp-content\/uploads\/2018\/06\/z3249726347408_c256fdf5c26018cbcb0205a38ed1f02d-300x225.jpg\" alt=\"\" width=\"624\" height=\"468\" \/><\/td>\n<\/tr>\n<\/tbody>\n<\/table>","protected":false},"excerpt":{"rendered":"<p><strong>Th\u00f4ng tin th\u01b0\u01a1ng hi\u1ec7u:<\/strong><br \/>\nBalducci l\u00e0 th\u01b0\u01a1ng hi\u1ec7u n\u1ed5i ti\u1ebfng c\u1ee7a \u00dac thu\u1ed9c c\u00f4ng ty Balducci Foods. Nh\u1eefng s\u1ea3n ph\u1ea9m c\u1ee7a Balducci lu\u00f4n \u0111\u01b0\u1ee3c l\u00e0m t\u1eeb nh\u1eefng nguy\u00ean li\u1ec7u h\u1ea3o h\u1ea1ng \u0111\u1ec3 mang \u0111\u1ebfn ch\u1ea5t l\u01b0\u1ee3ng cao nh\u1ea5t.<\/p>","protected":false},"featured_media":6464,"comment_status":"open","ping_status":"closed","template":"","meta":[],"product_brand":[],"product_cat":[36,734],"product_tag":[],"class_list":{"0":"post-6462","1":"product","2":"type-product","3":"status-publish","4":"has-post-thumbnail","6":"product_cat-thuc-pham-tieu-dung","7":"product_cat-nhap-khau-uc","8":"pa_brand-balducci","10":"first","11":"instock","12":"sale","13":"shipping-taxable","14":"purchasable","15":"product-type-simple"},"_links":{"self":[{"href":"https:\/\/havamall.com\/en\/wp-json\/wp\/v2\/product\/6462","targetHints":{"allow":["GET"]}}],"collection":[{"href":"https:\/\/havamall.com\/en\/wp-json\/wp\/v2\/product"}],"about":[{"href":"https:\/\/havamall.com\/en\/wp-json\/wp\/v2\/types\/product"}],"replies":[{"embeddable":true,"href":"https:\/\/havamall.com\/en\/wp-json\/wp\/v2\/comments?post=6462"}],"version-history":[{"count":0,"href":"https:\/\/havamall.com\/en\/wp-json\/wp\/v2\/product\/6462\/revisions"}],"wp:featuredmedia":[{"embeddable":true,"href":"https:\/\/havamall.com\/en\/wp-json\/wp\/v2\/media\/6464"}],"wp:attachment":[{"href":"https:\/\/havamall.com\/en\/wp-json\/wp\/v2\/media?parent=6462"}],"wp:term":[{"taxonomy":"product_brand","embeddable":true,"href":"https:\/\/havamall.com\/en\/wp-json\/wp\/v2\/product_brand?post=6462"},{"taxonomy":"product_cat","embeddable":true,"href":"https:\/\/havamall.com\/en\/wp-json\/wp\/v2\/product_cat?post=6462"},{"taxonomy":"product_tag","embeddable":true,"href":"https:\/\/havamall.com\/en\/wp-json\/wp\/v2\/product_tag?post=6462"}],"curies":[{"name":"wp","href":"https:\/\/api.w.org\/{rel}","templated":true}]}}